{"id":1040,"date":"2011-11-03T09:37:34","date_gmt":"2011-11-03T09:37:34","guid":{"rendered":"http:\/\/imamkoy.com\/?page_id=1040"},"modified":"2026-04-03T12:24:47","modified_gmt":"2026-04-03T11:24:47","slug":"masallar-maniler-ve-halk-hikayeleri","status":"publish","type":"page","link":"http:\/\/imamkoy.com\/index.php\/masallar-maniler-ve-halk-hikayeleri\/","title":{"rendered":"Ayd\u0131n- \u0130mamk\u00f6y&#8217;den Maniler ve Bilmeceler"},"content":{"rendered":"<p><strong><a href=\"http:\/\/imamkoy.com\/wp-content\/uploads\/2011\/11\/48036980.jpg\"><img loading=\"lazy\" decoding=\"async\" class=\"alignleft size-medium wp-image-2944\" title=\"48036980\" src=\"http:\/\/imamkoy.com\/wp-content\/uploads\/2011\/11\/48036980-300x169.jpg\" alt=\"\" width=\"300\" height=\"169\" srcset=\"http:\/\/imamkoy.com\/wp-content\/uploads\/2011\/11\/48036980-300x169.jpg 300w, http:\/\/imamkoy.com\/wp-content\/uploads\/2011\/11\/48036980.jpg 471w\" sizes=\"auto, (max-width: 300px) 100vw, 300px\" \/><\/a><\/strong><\/p>\n<p><strong><span style=\"color: #ff0000;\">M<\/span>aniler ba\u015fta a\u015fk olmak \u00fczere her konuda yaz\u0131labilen bir halk edebiyat\u0131 naz\u0131m t\u00fcr\u00fcd\u00fcr. Maniler kar\u015f\u0131l\u0131kl\u0131 at\u0131ld\u0131klar\u0131 zaman daha g\u00fczel ve renkli olur.<\/strong><\/p>\n<p><span style=\"color: #003300; text-decoration: underline;\"><strong><span style=\"color: #000000; text-decoration: underline;\">\u0130mamk\u00f6y&#8217;den \u00d6rnek Maniler<\/span> :<\/strong><\/span><\/p>\n<ol>\n<li><span style=\"color: #008000;\"><strong>\u0130mamk\u00f6yd\u00fcr k\u00f6y\u00fcm\u00fcz<\/strong><\/span><\/li>\n<li><span style=\"color: #008000;\"><strong>Zemzem olur suyumuz<\/strong><\/span><\/li>\n<li><span style=\"color: #008000;\"><strong>Sevip sevip ayr\u0131lmak<\/strong><\/span><\/li>\n<li><span style=\"color: #008000;\"><strong>Dalga ge\u00e7mek huyumuz<\/strong><\/span><\/li>\n<\/ol>\n<p><span style=\"color: #3366ff;\"><strong><span style=\"color: #ff0000;\">\u00a0\u00a0 <span style=\"color: #99cc00;\">\u2663\u2663\u2663 \u2663\u2663\u2663 \u2663\u2663\u2663 \u2663\u2663\u2663 <\/span><\/span><\/strong><\/span><\/p>\n<ol>\n<li><span style=\"color: #339966;\"><strong>Geline bak geline<\/strong><\/span><\/li>\n<li><span style=\"color: #339966;\"><strong>K\u0131na yakm\u0131\u015f eline<\/strong><\/span><\/li>\n<li><span style=\"color: #339966;\"><strong>Ne mutlu bu geline<\/strong><\/span><\/li>\n<li><span style=\"color: #339966;\"><strong>Gidiyor sevdi\u011fine<\/strong><\/span><\/li>\n<\/ol>\n<p><span style=\"color: #99cc00;\">\u00a0 \u00a0\u2663\u2663 \u2663\u2663 \u2663\u2663 \u2663\u2663 \u2663\u2663\u2663<\/span><\/p>\n<ol>\n<li><span style=\"color: #000080;\"><strong>Havalarda kelebek <\/strong><\/span><\/li>\n<li><span style=\"color: #000080;\"><strong>Kanad\u0131 benek benek<\/strong><\/span><\/li>\n<li><span style=\"color: #000080;\"><strong>Beni yardan ay\u0131ran<\/strong><\/span><\/li>\n<li><span style=\"color: #000080;\"><strong>Kalbur sats\u0131n hem elek<\/strong><\/span><\/li>\n<\/ol>\n<p><span style=\"color: #ff9900;\">\u00a0 \u00a0\u2663\u2663 \u2663\u2663 \u2663\u2663 \u2663\u2663 \u2663\u2663\u00a0 \u2663\u2663<\/span><\/p>\n<ol>\n<li><strong><span style=\"color: #3366ff;\">\u0130\u00e7eride ara kap\u0131<\/span><\/strong><\/li>\n<li><strong><span style=\"color: #3366ff;\">S\u00fcrmesi \u00e7avdar sap\u0131<\/span><\/strong><\/li>\n<li><strong><span style=\"color: #3366ff;\">\u0130kimizi ay\u0131ran<\/span><\/strong><\/li>\n<li><strong><span style=\"color: #3366ff;\">Dilensin kap\u0131 kap\u0131<\/span><\/strong><\/li>\n<\/ol>\n<p><span style=\"color: #33cccc;\">\u00a0 \u2663\u2663 \u2663\u2663 \u2663\u2663 \u2663\u2663 \u2663\u2663\u00a0 \u2663\u2663<\/span><\/p>\n<ol>\n<li><strong><span style=\"color: #993300;\">Ey heceler heceler<\/span><\/strong><\/li>\n<li><strong><span style=\"color: #993300;\">Yuva yapm\u0131\u015f b\u00f6celer<\/span><\/strong><\/li>\n<li><strong><span style=\"color: #993300;\">Hi\u00e7 akl\u0131mdan \u00e7\u0131km\u0131yor<\/span><\/strong><\/li>\n<li><strong><span style=\"color: #993300;\">Konu\u015ftu\u015fumuz geceler<\/span><\/strong><\/li>\n<\/ol>\n<p><span style=\"color: #33cccc;\">\u00a0<span style=\"color: #ff9900;\"> \u00a0<strong>\u2663\u2663\u2663 \u2663\u2663\u2663 \u2663\u2663\u2663 \u2663\u2663\u2663 <\/strong><\/span><\/span><\/p>\n<ol>\n<li><strong><span style=\"color: #666699;\">Kahveyi pi\u015firmeden<\/span><\/strong><\/li>\n<li><strong><span style=\"color: #666699;\">Pi\u015firip ta\u015f\u0131rmadan<\/span><\/strong><\/li>\n<li><strong><span style=\"color: #666699;\">Meyil verme kimseye<\/span><\/strong><\/li>\n<li><strong><span style=\"color: #666699;\">D\u00fc\u015f\u00fcn\u00fcp ta\u015f\u0131nmadan<\/span><\/strong><\/li>\n<\/ol>\n<p><strong><span style=\"color: #666699;\">\u00a0\u2663\u2663 \u2663\u2663 \u2663\u2663 \u2663\u2663 \u2663\u2663\u00a0 \u2663\u2663<\/span><\/strong><\/p>\n<ol>\n<li><span style=\"color: #ff00ff;\"><strong>Trenin i\u00e7indeyim<\/strong><\/span><\/li>\n<li><span style=\"color: #ff00ff;\"><strong>Deryalar i\u00e7indeyim<\/strong><\/span><\/li>\n<li><span style=\"color: #ff00ff;\"><strong>K\u00fc\u00e7\u00fckten yar sevdim<\/strong><\/span><\/li>\n<li><span style=\"color: #ff00ff;\"><strong>Ate\u015fler i\u00e7indeyim<\/strong><\/span><\/li>\n<\/ol>\n<p><span style=\"color: #ff00ff;\">\u00a0<span style=\"color: #666699;\">\u2663\u2663 \u2663\u2663 \u2663\u2663 \u2663\u2663 \u2663\u2663\u00a0 \u2663\u2663<\/span><\/span><\/p>\n<ol>\n<li><strong><span style=\"color: #000080;\">Mendil verdim almazs\u0131n<\/span><\/strong><\/li>\n<li><strong><span style=\"color: #000080;\">Sen mendilsiz olmazs\u0131n<\/span><\/strong><\/li>\n<li><strong><span style=\"color: #000080;\">E\u011fil biyo \u00f6peyim<\/span><\/strong><\/li>\n<li><strong><span style=\"color: #000080;\">Sende aht\u0131m kalmas\u0131n<\/span><\/strong><\/li>\n<\/ol>\n<p><span style=\"color: #ff00ff;\"><span style=\"color: #ff99cc;\">\u00a0 <span style=\"color: #33cccc;\"><strong>\u2663\u2663\u2663 \u2663\u2663\u2663 \u2663\u2663\u2663 \u2663\u2663\u2663 <\/strong><\/span><\/span><\/span><\/p>\n<ol>\n<li><span style=\"color: #0000ff;\"><strong>Bah\u00e7elerde g\u00f6k biber<\/strong><\/span><\/li>\n<li><span style=\"color: #0000ff;\"><strong>\u015eimdi k\u0131zlar pek kibar<\/strong><\/span><\/li>\n<li><span style=\"color: #0000ff;\"><strong>Olsun vars\u0131n \u00e7ok kibar<\/strong><\/span><\/li>\n<li><span style=\"color: #0000ff;\"><strong>O\u011flanlara itibar<\/strong><\/span><\/li>\n<\/ol>\n<p><span style=\"color: #0000ff;\"><strong>\u00a0 <span style=\"color: #993300;\"><span style=\"color: #993366;\">\u00a0\u2663\u2663\u2663 \u2663\u2663\u2663 \u2663\u2663\u2663 \u2663\u2663\u2663 <\/span><\/span><\/strong><\/span><\/p>\n<ol>\n<li><span style=\"color: #0000ff;\"><strong><span style=\"color: #993300;\">Havuz ba\u015f\u0131 yemi\u015flik<\/span><\/strong><\/span><\/li>\n<li><span style=\"color: #0000ff;\"><strong><span style=\"color: #993300;\">Etraf\u0131 geni\u015flik<\/span><\/strong><\/span><\/li>\n<li><span style=\"color: #0000ff;\"><strong><span style=\"color: #993300;\">K\u0131z ben seni almazsam<\/span><\/strong><\/span><\/li>\n<li><span style=\"color: #0000ff;\"><strong><span style=\"color: #993300;\">Haram olsun \u015fu gen\u00e7lik<\/span><\/strong><\/span><\/li>\n<\/ol>\n<p><span style=\"color: #0000ff;\"><strong><span style=\"color: #993300;\">\u00a0 \u2663\u2663\u2663 \u2663\u2663\u2663 \u2663\u2663\u2663 \u2663\u2663\u2663 <\/span><\/strong><\/span><\/p>\n<ol>\n<li><span style=\"color: #000080;\"><strong>Hastay\u0131m kar isterim<\/strong><\/span><\/li>\n<li><span style=\"color: #000080;\"><strong>D\u00f6\u015fe\u011fimi dar isterim<\/strong><\/span><\/li>\n<li><span style=\"color: #000080;\"><strong>O d\u00f6\u015fe\u011fin i\u00e7inde<\/strong><\/span><\/li>\n<li><span style=\"color: #000080;\"><strong>Cilveli yar isterim<\/strong><\/span><\/li>\n<\/ol>\n<p><span style=\"color: #000080;\">\u00a0 <strong>\u2663\u2663\u2663 \u2663\u2663\u2663 \u2663\u2663\u2663 \u2663\u2663\u2663 <\/strong><\/span><\/p>\n<ol>\n<li><span style=\"color: #ff6600;\"><strong>Karanfilin Moruna <\/strong><\/span><\/li>\n<li><strong><span style=\"color: #ff6600;\">Yand\u0131m marul donuna <\/span><\/strong><\/li>\n<li><strong><span style=\"color: #ff6600;\">Bu kadar m\u0131 sevilir<\/span><\/strong><\/li>\n<li><strong><span style=\"color: #ff6600;\">\u00a0Elin bekar o\u011fluna<\/span><\/strong><\/li>\n<\/ol>\n<p><span style=\"color: #0000ff;\">\u00a0\u00a0 <strong>\u2663\u2663\u2663 \u2663\u2663\u2663 \u2663\u2663\u2663 \u2663\u2663\u2663 <\/strong><\/span><\/p>\n<ol>\n<li><strong><span style=\"color: #800080;\">Vi\u015fne dal\u0131 e\u011filmi\u015f<\/span><\/strong><\/li>\n<li><strong><span style=\"color: #800080;\">Vi\u015fneleri yenilmi\u015f <\/span><\/strong><\/li>\n<li><strong><span style=\"color: #800080;\">D\u00fcn ak\u015fam y\u00e2ri g\u00f6rd\u00fcm<\/span><\/strong><\/li>\n<li><strong><span style=\"color: #800080;\">Lacivetler Giyinmi\u015f<\/span><\/strong><\/li>\n<\/ol>\n<p><strong><span style=\"color: #0000ff;\">\u00a0 \u2663\u2663\u2663 \u2663\u2663\u2663 \u2663\u2663\u2663 \u2663\u2663\u2663 <\/span><\/strong><\/p>\n<ol>\n<li><strong><span style=\"color: #0000ff;\">Alat alat pamp\u0131r y\u00f6r\u00fcd\u00fc<\/span><\/strong><\/li>\n<li><strong><span style=\"color: #0000ff;\">Y\u00f6r\u00fcd\u00fc de gara duman b\u00fcr\u00fcd\u00fc<\/span><\/strong><\/li>\n<li><strong><span style=\"color: #0000ff;\">Dayanamam ac\u0131lara Raziyem<\/span><\/strong><\/li>\n<li><strong><span style=\"color: #0000ff;\">Ci\u011ferim Ayd\u0131n hastanesinde \u00e7\u00fcr\u00fcd\u00fc.<\/span><\/strong><\/li>\n<\/ol>\n<p>\u2663\u2663\u2663 \u2663\u2663\u2663 \u2663\u2663\u2663 \u2663\u2663\u2663<\/p>\n<ol>\n<li>Bostan bostan s\u0131k bostan<\/li>\n<li>Selam geldi nazl\u0131 dosttan<\/li>\n<li>Ge\u00e7inmek de\u011fil efkar\u0131m<\/li>\n<li>Nikahlan\u0131 goydum \u0131ngastan<\/li>\n<\/ol>\n<p>\u2014\u2014\u2014\u2014\u2014\u2014\u2014\u2014<\/p>\n<ol>\n<li>Tren gelir \u00f6te \u00f6te<\/li>\n<li>K\u00f6m\u00fcr\u00fcn\u00fc d\u00f6ke d\u00f6ke<\/li>\n<li>K\u0131z ben seni alcam<\/li>\n<li>Al yana\u011f\u0131ndan \u00f6pe \u00f6pe<\/li>\n<\/ol>\n<p><span style=\"color: #ff0000;\"><strong>B\u0130LMECELER<\/strong><\/span><\/p>\n<p style=\"text-align: justify;\"><strong>Yer Alt\u0131nda Ya\u011fl\u0131 Kay\u0131\u015f\u00a0\u00a0\u00a0\u00a0\u00a0 <span style=\"color: #ff0000;\">(Y\u0131lan)<\/span><\/strong><\/p>\n<p style=\"text-align: justify;\"><strong>Ben Giderim O Gider Arkamda T\u0130N T\u0130N Eder<\/strong> <strong><span style=\"color: #ff0000;\">( G\u00f6lge)<\/span><\/strong><\/p>\n<p style=\"text-align: justify;\"><strong>Pazardan Ald\u0131m Bir Tane Eve Geldim bin Tane <span style=\"color: #ff0000;\">(Nar)<\/span><\/strong><\/p>\n<p style=\"text-align: justify;\"><strong>Ye\u015fil Mantonun i\u00e7inde Siyah D\u00fc\u011fmeler <span style=\"color: #ff0000;\">(Karpuz)<\/span><\/strong><\/p>\n<p><strong>Yer Alt\u0131nda Sakall\u0131 Dede <span style=\"color: #ff0000;\">(P\u0131ransa)<\/span><\/strong><\/p>\n<p><strong>Bilmece Bildirmece Dil \u00dcst\u00fcnden Kayd\u0131rmaca <span style=\"color: #ff0000;\">(Dondurma)<\/span><\/strong><\/p>\n<p><strong>\u0130\u00e7i Odun D\u0131\u015f\u0131 Un <span style=\"color: #ff0000;\">(i\u011fde)<\/span><\/strong><\/p>\n<p style=\"text-align: justify;\">\n<p style=\"text-align: justify;\">\u00a0<strong>\u00a0<\/strong>\u00a0<span style=\"color: #0000ff;\"><strong>Derleyen ve Haz\u0131rlayan<\/strong>:<\/span> <strong>Nermin KARABULUT<\/strong><\/p>\n<p>nkarabulut@adu.edu.tr<\/p>\n<p style=\"text-align: justify;\">\n","protected":false},"excerpt":{"rendered":"<p>Maniler ba\u015fta a\u015fk olmak \u00fczere her konuda yaz\u0131labilen bir halk edebiyat\u0131 naz\u0131m t\u00fcr\u00fcd\u00fcr. Maniler kar\u015f\u0131l\u0131kl\u0131 at\u0131ld\u0131klar\u0131 zaman daha g\u00fczel ve renkli olur. \u0130mamk\u00f6y&#8217;den \u00d6rnek Maniler : \u0130mamk\u00f6yd\u00fcr k\u00f6y\u00fcm\u00fcz Zemzem olur suyumuz Sevip sevip ayr\u0131lmak Dalga ge\u00e7mek huyumuz \u00a0\u00a0 \u2663\u2663\u2663 \u2663\u2663\u2663 \u2663\u2663\u2663 \u2663\u2663\u2663 Geline bak geline K\u0131na yakm\u0131\u015f eline Ne mutlu bu geline Gidiyor sevdi\u011fine \u00a0 &hellip; <a href=\"http:\/\/imamkoy.com\/index.php\/masallar-maniler-ve-halk-hikayeleri\/\" class=\"more-link\">Okumaya devam et <span class=\"screen-reader-text\">Ayd\u0131n- \u0130mamk\u00f6y&#8217;den Maniler ve Bilmeceler<\/span><\/a><\/p>\n","protected":false},"author":1,"featured_media":0,"parent":0,"menu_order":0,"comment_status":"open","ping_status":"open","template":"","meta":{"footnotes":""},"class_list":["post-1040","page","type-page","status-publish","hentry"],"_links":{"self":[{"href":"http:\/\/imamkoy.com\/index.php\/wp-json\/wp\/v2\/pages\/1040","targetHints":{"allow":["GET"]}}],"collection":[{"href":"http:\/\/imamkoy.com\/index.php\/wp-json\/wp\/v2\/pages"}],"about":[{"href":"http:\/\/imamkoy.com\/index.php\/wp-json\/wp\/v2\/types\/page"}],"author":[{"embeddable":true,"href":"http:\/\/imamkoy.com\/index.php\/wp-json\/wp\/v2\/users\/1"}],"replies":[{"embeddable":true,"href":"http:\/\/imamkoy.com\/index.php\/wp-json\/wp\/v2\/comments?post=1040"}],"version-history":[{"count":116,"href":"http:\/\/imamkoy.com\/index.php\/wp-json\/wp\/v2\/pages\/1040\/revisions"}],"predecessor-version":[{"id":9723,"href":"http:\/\/imamkoy.com\/index.php\/wp-json\/wp\/v2\/pages\/1040\/revisions\/9723"}],"wp:attachment":[{"href":"http:\/\/imamkoy.com\/index.php\/wp-json\/wp\/v2\/media?parent=1040"}],"curies":[{"name":"wp","href":"https:\/\/api.w.org\/{rel}","templated":true}]}}