{"id":1314,"date":"2011-11-23T08:28:48","date_gmt":"2011-11-23T08:28:48","guid":{"rendered":"http:\/\/imamkoy.com\/?page_id=1314"},"modified":"2026-04-03T19:10:02","modified_gmt":"2026-04-03T18:10:02","slug":"imamkoy-tren-istasyonu-ve-iskele-kahveleri","status":"publish","type":"page","link":"http:\/\/imamkoy.com\/index.php\/imamkoy-tren-istasyonu-ve-iskele-kahveleri\/","title":{"rendered":"\u0130mamk\u00f6y Tren \u0130stasyonu ve \u0130skele Kahveleri"},"content":{"rendered":"<p style=\"text-align: justify;\"><a href=\"http:\/\/imamkoy.com\/wp-content\/uploads\/2011\/11\/PICT1351.jpg\"><img loading=\"lazy\" decoding=\"async\" class=\"aligncenter size-large wp-image-1536\" title=\"PICT1351\" src=\"http:\/\/imamkoy.com\/wp-content\/uploads\/2011\/11\/PICT1351-1024x669.jpg\" alt=\"\" width=\"584\" height=\"381\" srcset=\"http:\/\/imamkoy.com\/wp-content\/uploads\/2011\/11\/PICT1351-1024x669.jpg 1024w, http:\/\/imamkoy.com\/wp-content\/uploads\/2011\/11\/PICT1351-300x196.jpg 300w, http:\/\/imamkoy.com\/wp-content\/uploads\/2011\/11\/PICT1351-459x300.jpg 459w\" sizes=\"auto, (max-width: 584px) 100vw, 584px\" \/><\/a><\/p>\n<p><b>Eski tren istasyonu ara\u00e7 say\u0131s\u0131n\u0131n az oldu\u011fundan tren yolcu ve y\u00fck ta\u015f\u0131mad\u0131\u011f\u0131nda \u00f6nemi\u00a0 yer te\u015fkil ediyormu\u015f, u<\/b><strong>la\u015f\u0131m genelde<\/strong> <b>trenle sa\u011flan\u0131yormu\u015f, her g\u00fcn bir veya iki defa otob\u00fcs kalk\u0131yormu\u015f, k\u00f6yde Uyaro\u011flu&#8217;nun otob\u00fcs\u00fc ile Otomobilci Hasan&#8217;\u0131n taksisi olmak \u00fczere iki ara\u00e7 varm\u0131\u015f, Tren ta\u015f\u0131mac\u0131l\u0131\u011f\u0131 da yayg\u0131nm\u0131\u015f, askere gidenler Ayd\u0131n&#8217;da i\u015fi olanlar \u00f6\u011frenciler trenle giderlermi\u015f, trenin durup kalkt\u0131\u011f\u0131 dura\u011fa iskele (istasyon) ad\u0131n\u0131 vermi\u015fler. Orada bilet\u00e7i bulunmaz, muavin gibi bilet trende kesilirdi. Uza\u011fa giden gelinler de trenle giderlermi\u015f,\u00a0 Denizli Buldan&#8217;a gelin giden dokumac\u0131 S\u00fcleyman&#8217;\u0131n e\u015fi\u00a0 M\u00fcr\u00fcvvet teyzenin trenle gitti\u011fi s\u00f6ylenmektedir. Asker u\u011furlamalar\u0131nda akraba, h\u0131s\u0131m, e\u015f dosttan olu\u015fan b\u00fcy\u00fck bir topluluk askeri u\u011furlamaya iskeleye gidermi\u015f, Kara tren d\u00fcd\u00fc\u011f\u00fcn\u00fc ac\u0131 ac\u0131 \u00e7alar, anay\u0131, babay\u0131 evlad\u0131n&#8217;dan; sevgiliyi, ni\u015fanl\u0131y\u0131 y\u00e2rinden ay\u0131r\u0131r, istasyondan uzakla\u015f\u0131rm\u0131\u015f, herkesin y\u00fcre\u011fine ac\u0131tan bu durum ayr\u0131l\u0131k ya\u015fayanlar\u0131n dillerine t\u00fcrk\u00fc dolan\u0131rm\u0131\u015f, <\/b><\/p>\n<p><b>Kara tren gelmez mola d\u00fcd\u00fc\u011f\u00fcn\u00fc \u00e7almaz mola<br \/>Kara tren gelmez mola d\u00fcd\u00fc\u011f\u00fcn\u00fc \u00e7almaz mola<br \/>Gurbet ele yar yollad\u0131m metkubumu almaz ola<br \/>Gurbet ele yar yollad\u0131m metkubumu almaz ola <\/b><\/p>\n<p><b>Daha sonra\u00a0 minib\u00fcsler \u00e7\u0131km\u0131\u015f s\u0131ras\u0131 ile thames minib\u00fcs rahmetli Celal ECE&#8217;nin, ford minib\u00fcsler v.s gibi<\/b><\/p>\n<p><b>Tren ve Meyan k\u00f6k\u00fc ticareti\u00a0<\/b><\/p>\n<p><strong>Meyan k\u00f6k\u00fc ticaretinde Ayd\u0131n- \u0130zmir demiryolu kullan\u0131l\u0131rm\u0131\u015f, Forbes Ayd\u0131n ovalar\u0131ndan meyan k\u00f6k\u00fcn\u00fc kazd\u0131r\u0131p, tren yolu vas\u0131tas\u0131yla \u0130zmir liman\u0131na g\u00f6nderir ve oradan da yurt d\u0131\u015f\u0131na sevkiyat\u0131 yap\u0131l\u0131rm\u0131\u015f ve bu ticaretten \u00e7ok gelir elde edilir \u00fclke ekonomisine katk\u0131 saplan\u0131rm\u0131\u015f,<\/strong><\/p>\n<p><strong>Forbes \u00f6nce \u0130ngiltere akabinde ise di\u011fer Avrupa \u00fclkelerinde ve Amerika\u2019da birbiri ard\u0131na meyan k\u00f6k\u00fc ticareti ve imalat\u0131 yapan anonim \u015firketler kurarak, b\u00fcy\u00fcm\u00fc\u015ft\u00fcr.<\/strong><\/p>\n<figure id=\"attachment_9214\" aria-describedby=\"caption-attachment-9214\" style=\"width: 300px\" class=\"wp-caption aligncenter\"><a href=\"http:\/\/imamkoy.com\/wp-content\/uploads\/2024\/03\/meyan.jpg\"><img loading=\"lazy\" decoding=\"async\" class=\" wp-image-9214\" src=\"http:\/\/imamkoy.com\/wp-content\/uploads\/2024\/03\/meyan-300x211.jpg\" alt=\"\" width=\"300\" height=\"211\" srcset=\"http:\/\/imamkoy.com\/wp-content\/uploads\/2024\/03\/meyan-300x211.jpg 300w, http:\/\/imamkoy.com\/wp-content\/uploads\/2024\/03\/meyan.jpg 720w\" sizes=\"auto, (max-width: 300px) 100vw, 300px\" \/><\/a><figcaption id=\"caption-attachment-9214\" class=\"wp-caption-text\">Ayd\u0131n &#8211; Forbes ailesinin meyan k\u00f6k\u00fc fabrikas\u0131 deposu 1906 (BUG\u00dcNK\u00dc NEVZAT B\u0130\u00c7ER PARKI-AYDIN )<\/figcaption><\/figure>\n<p>1875\u2019te Abac\u0131o\u011flu ad\u0131nda bir Ermeni tacir, Ayd\u0131n ve S\u00f6ke\u2019de iki meyan<br \/>k\u00f6k\u00fc i\u015fleme fabrikas\u0131 kurunca durum de\u011fi\u015fti<\/p>\n<p>\u00a0<\/p>\n<p style=\"text-align: justify;\"><strong><span style=\"color: #000000;\"><span style=\"font-size: small;\"><a href=\"http:\/\/imamkoy.com\/wp-content\/uploads\/2011\/11\/APDC10874.jpg\"><img loading=\"lazy\" decoding=\"async\" class=\"alignleft  wp-image-1563\" title=\"APDC1087\" src=\"http:\/\/imamkoy.com\/wp-content\/uploads\/2011\/11\/APDC10874-300x223.jpg\" alt=\"\" width=\"309\" height=\"230\" srcset=\"http:\/\/imamkoy.com\/wp-content\/uploads\/2011\/11\/APDC10874-300x223.jpg 300w, http:\/\/imamkoy.com\/wp-content\/uploads\/2011\/11\/APDC10874-1024x762.jpg 1024w, http:\/\/imamkoy.com\/wp-content\/uploads\/2011\/11\/APDC10874-403x300.jpg 403w\" sizes=\"auto, (max-width: 309px) 100vw, 309px\" \/><\/a><\/span><\/span><\/strong><\/p>\n<p>\u00a0 <strong style=\"font-size: inherit;\"><span style=\"font-family: Times New Roman;\"><span style=\"font-size: small;\"><span style=\"color: #000000;\">\u00a0 \u00a0<\/span><\/span><\/span><\/strong><span style=\"font-size: inherit;\">\u00a0\u00a0<\/span><strong style=\"font-size: inherit;\">\u00a0<\/strong><span style=\"font-size: inherit;\">\u00a0 \u00a0<\/span><a href=\"http:\/\/imamkoy.com\/wp-content\/uploads\/2011\/11\/tren1.jpg\"><img loading=\"lazy\" decoding=\"async\" class=\"alignleft  wp-image-2484\" title=\"tren\" src=\"http:\/\/imamkoy.com\/wp-content\/uploads\/2011\/11\/tren1-300x224.jpg\" alt=\"\" width=\"287\" height=\"214\" srcset=\"http:\/\/imamkoy.com\/wp-content\/uploads\/2011\/11\/tren1-300x224.jpg 300w, http:\/\/imamkoy.com\/wp-content\/uploads\/2011\/11\/tren1.jpg 363w\" sizes=\"auto, (max-width: 287px) 100vw, 287px\" \/><\/a><\/p>\n<p style=\"text-align: justify;\"><strong><span style=\"font-family: 'Arial',sans-serif;\">Tu\u011fla Fabrikas\u0131n\u0131 Mehmet\u00a0 G\u00f6cen adl\u0131 bir i\u015f adam\u0131\u00a0 tu\u011fla fabrikas\u0131 kurdu. Sonra isim de\u011fi\u015ftirdi Co\u015fkuner Tu\u011fla Fabrikas\u0131 oldu. \u015eu anda\u00a0 bir\u00e7ok ki\u015finin ekmek kap\u0131s\u0131 olan k\u00f6y\u00fcm\u00fczden \u00e7o\u011fu ki\u015fiye emeklilik hakk\u0131 sa\u011flayan tu\u011fla ve kiremit fabrikas\u0131 y\u0131k\u0131ld\u0131. \u015eu anda G\u00fcnayd\u0131n lojistik uluslararas\u0131 ta\u015f\u0131mac\u0131l\u0131k turizm san. ve ticaret ltd. \u015fti\u00a0 ta\u015f\u0131mac\u0131l\u0131k i\u015fletmecili\u011fini yapmaktad\u0131r.<\/span><\/strong><\/p>\n<p style=\"text-align: justify;\"><strong><span style=\"font-family: 'Arial',sans-serif; color: #993366;\">\u00a0 \u0130SKELE KAHVELER\u0130:<\/span><\/strong> <span style=\"font-family: 'Arial',sans-serif;\"><span style=\"font-family: Arial, sans-serif;\"><b>Eskiden\u00a0 \u0130mamk\u00f6y iskele Kahvesi Ayd\u0131n y\u00f6resinin en g\u00f6zde kahvelerindenmi\u015f \u0130stasyon kahvesi\u00a0diye de ge\u00e7er. K<\/b><\/span><\/span><span style=\"font-family: 'Arial',sans-serif;\"><b style=\"font-family: Arial, sans-serif;\">ahve Ana asfalt kenar\u0131nda b\u00fcy\u00fck kar\u0131nge\u00e7 a\u011fa\u00e7lar\u0131n\u0131n g\u00f6lgesinde \u00f6n\u00fcnde kuyu olan bir k\u0131r kahvesiymi\u015f,\u00a0 en \u00e7ok kuyu tand\u0131r\u0131 ile me\u015fhurmu\u015f, \u00f6zel ziyafetler burada verilirmi\u015f e\u011flenceler yap\u0131l\u0131rm\u0131\u015f, yani anlayaca\u011f\u0131n\u0131z o zamanlarda \u00e7ok pop\u00fcler bir yermi\u015f, yani \u015fu andaki l\u00fcx <\/b><span style=\"font-family: Arial, sans-serif;\"><b>restoranlar<\/b><\/span><b style=\"font-family: Arial, sans-serif;\"> gibi d\u00fc\u015f\u00fcn\u00fcn. K\u00f6y\u00fcn giri\u015finde sa\u011f tarafta fotografta g\u00f6r\u00fclen yer<\/b><\/span><\/p>\n<p style=\"text-align: justify;\"><strong><span style=\"color: #000000; font-family: Times New Roman; font-size: small;\"><a href=\"http:\/\/imamkoy.com\/wp-content\/uploads\/2011\/11\/APDC09911.jpg\"><img loading=\"lazy\" decoding=\"async\" class=\"alignright size-medium wp-image-2453\" title=\"APDC0991\" src=\"http:\/\/imamkoy.com\/wp-content\/uploads\/2011\/11\/APDC09911-300x171.jpg\" alt=\"\" width=\"300\" height=\"171\" srcset=\"http:\/\/imamkoy.com\/wp-content\/uploads\/2011\/11\/APDC09911-300x171.jpg 300w, http:\/\/imamkoy.com\/wp-content\/uploads\/2011\/11\/APDC09911-500x285.jpg 500w, http:\/\/imamkoy.com\/wp-content\/uploads\/2011\/11\/APDC09911.jpg 552w\" sizes=\"auto, (max-width: 300px) 100vw, 300px\" \/><\/a>\u00a0<\/span><\/strong><strong><span style=\"color: #000000; font-family: Times New Roman; font-size: small;\"> \u0130<\/span><\/strong><span style=\"color: #000000;\"><b style=\"color: #000000;\">skele <\/b><span style=\"color: #000000;\"><b>Kahvesi&#8217;nde<\/b><\/span><b style=\"color: #000000;\"> kasapl\u0131k yapan k\u00f6y\u00fcm\u00fcz kasab\u0131 Sinamettin Bozkurt anlatt\u0131. 1962-1963 y\u0131llar\u0131nda iskele <\/b><span style=\"color: #000000;\"><b>Kahvesi&#8217;nde<\/b><\/span><b style=\"color: #000000;\"> kasapl\u0131k yapt\u0131m. O zaman Kasap Mehmet Ali AYVAZ, Emin MUT (K\u00f6remin) ve ben birlikte \u00e7al\u0131\u015ft\u0131k ben daha kasapl\u0131k mesle\u011finin ba\u015f\u0131ndayd\u0131m. G\u00fcnde 15-20 tane o\u011flak kesilirdi. Tand\u0131r yap\u0131l\u0131r veya etler m\u00fc\u015fterilere sat\u0131l\u0131rd\u0131. \u0130skele Kahvesinin i\u015fletmesini K\u00f6y\u00fcm\u00fczden H\u00fcseyin KARA (Cin\u00fcsen) ve o\u011flu \u0130lhan KARA yap\u0131yordu.<\/b><\/span><\/p>\n<p><a href=\"http:\/\/imamkoy.com\/wp-content\/uploads\/2022\/02\/iskele.jpg\"><img loading=\"lazy\" decoding=\"async\" class=\"aligncenter size-full wp-image-7083\" src=\"http:\/\/imamkoy.com\/wp-content\/uploads\/2022\/02\/iskele.jpg\" alt=\"\" width=\"498\" height=\"446\" srcset=\"http:\/\/imamkoy.com\/wp-content\/uploads\/2022\/02\/iskele.jpg 498w, http:\/\/imamkoy.com\/wp-content\/uploads\/2022\/02\/iskele-300x269.jpg 300w\" sizes=\"auto, (max-width: 498px) 100vw, 498px\" \/><\/a><\/p>\n<p style=\"text-align: justify;\"><span style=\"color: #000000;\"><a href=\"http:\/\/imamkoy.com\/wp-content\/uploads\/2011\/11\/APDC0396.jpg\"><img loading=\"lazy\" decoding=\"async\" class=\"alignleft size-medium wp-image-2465\" title=\"APDC0396\" src=\"http:\/\/imamkoy.com\/wp-content\/uploads\/2011\/11\/APDC0396-300x163.jpg\" alt=\"\" width=\"300\" height=\"163\" srcset=\"http:\/\/imamkoy.com\/wp-content\/uploads\/2011\/11\/APDC0396-300x163.jpg 300w, http:\/\/imamkoy.com\/wp-content\/uploads\/2011\/11\/APDC0396-500x271.jpg 500w, http:\/\/imamkoy.com\/wp-content\/uploads\/2011\/11\/APDC0396.jpg 552w\" sizes=\"auto, (max-width: 300px) 100vw, 300px\" \/><\/a><\/span><\/p>\n<p style=\"text-align: justify;\">\u00a0\u0130<strong>mamk\u00f6y, iskele kahveleri Ayd\u0131n\u0131n en me\u015fhur dinlenme yeri imi\u015f, i\u015f yemekleri \u00f6zel toplant\u0131lar ve bunun yan\u0131 s\u0131ra, ana asfalttan gelen arabalar\u0131n mola yeri,\u00a0 tren dura\u011f\u0131 da oldu\u011fundan yolcular\u0131n \u00e7ay, kahve i\u00e7tikleri\u00a0 g\u00fczel bir mola verme yeriymi\u015f, eskiler \u00f6vg\u00fcyle bahsediyor.<\/strong><\/p>\n<p style=\"text-align: justify;\"><strong><a href=\"http:\/\/imamkoy.com\/wp-content\/uploads\/2022\/03\/xxxx.jpg\"><img loading=\"lazy\" decoding=\"async\" class=\"aligncenter  wp-image-7103\" src=\"http:\/\/imamkoy.com\/wp-content\/uploads\/2022\/03\/xxxx.jpg\" alt=\"\" width=\"430\" height=\"479\" srcset=\"http:\/\/imamkoy.com\/wp-content\/uploads\/2022\/03\/xxxx.jpg 528w, http:\/\/imamkoy.com\/wp-content\/uploads\/2022\/03\/xxxx-270x300.jpg 270w\" sizes=\"auto, (max-width: 430px) 100vw, 430px\" \/><\/a>K\u00f6y\u00fcm\u00fczden Nihat G\u0130RG\u0130N: Yorumda anlatm\u0131\u015f: \u0130stasyon kahvesi ama Restaurant gibiydi ilhan kara abimiz \u00e7al\u0131\u015ft\u0131r\u0131rd\u0131 1968 y\u0131l\u0131 mart ay\u0131 sonunda askerden geldim bo\u015ftayd\u0131m. Nissan ay\u0131nda ilhan abim beni yan\u0131na ald\u0131 May\u0131s ay\u0131 i\u00e7inde bir pazar g\u00fcn\u00fc Konyal\u0131 Mustafa isminde biri geldi arkada\u015flar\u0131yla eylenmek i\u00e7in ortam\u0131 g\u00f6r\u00fcnce hayran kald\u0131 ilhan abime ortakl\u0131k teklif etti oda kabul etti haftalar ge\u00e7tik\u00e7e m\u00fc\u015fteri \u00e7o\u011fald\u0131 hi\u00e7 unutmam hafta sonlar\u0131 3 tane 4 tane Konya otob\u00fcsleri asfalt\u0131n kenar\u0131na Park ederdi hafta sonlar\u0131 i\u00e7in yard\u0131mc\u0131 \u00e7al\u0131\u015f\u0131rd\u0131 ve eyl\u00fcl ay\u0131na kadar b\u00f6yle ful \u00e7al\u0131\u015ft\u0131k ekim ay\u0131nda ayr\u0131ld\u0131m kas\u0131m ay\u0131nda Almanya&#8217;ya geldim y\u0131l 1968 benim i\u00e7in istasyon kahvesinin hikayesi ger\u00e7ek olarak b\u00f6ylece bitmi\u015f oldu. kahvelerinde s\u00f6yle oldu b\u00f6yle oldu diye<\/strong><\/p>\n<p>\u00a0<\/p>\n\n\n<p><\/p>\n","protected":false},"excerpt":{"rendered":"<p>Eski tren istasyonu ara\u00e7 say\u0131s\u0131n\u0131n az oldu\u011fundan tren yolcu ve y\u00fck ta\u015f\u0131mad\u0131\u011f\u0131nda \u00f6nemi\u00a0 yer te\u015fkil ediyormu\u015f, ula\u015f\u0131m genelde trenle sa\u011flan\u0131yormu\u015f, her g\u00fcn bir veya iki defa otob\u00fcs kalk\u0131yormu\u015f, k\u00f6yde Uyaro\u011flu&#8217;nun otob\u00fcs\u00fc ile Otomobilci Hasan&#8217;\u0131n taksisi olmak \u00fczere iki ara\u00e7 varm\u0131\u015f, Tren ta\u015f\u0131mac\u0131l\u0131\u011f\u0131 da yayg\u0131nm\u0131\u015f, askere gidenler Ayd\u0131n&#8217;da i\u015fi olanlar \u00f6\u011frenciler trenle giderlermi\u015f, trenin durup kalkt\u0131\u011f\u0131 &hellip; <a href=\"http:\/\/imamkoy.com\/index.php\/imamkoy-tren-istasyonu-ve-iskele-kahveleri\/\" class=\"more-link\">Okumaya devam et <span class=\"screen-reader-text\">\u0130mamk\u00f6y Tren \u0130stasyonu ve \u0130skele Kahveleri<\/span><\/a><\/p>\n","protected":false},"author":1,"featured_media":0,"parent":0,"menu_order":0,"comment_status":"open","ping_status":"open","template":"","meta":{"footnotes":""},"class_list":["post-1314","page","type-page","status-publish","hentry"],"_links":{"self":[{"href":"http:\/\/imamkoy.com\/index.php\/wp-json\/wp\/v2\/pages\/1314","targetHints":{"allow":["GET"]}}],"collection":[{"href":"http:\/\/imamkoy.com\/index.php\/wp-json\/wp\/v2\/pages"}],"about":[{"href":"http:\/\/imamkoy.com\/index.php\/wp-json\/wp\/v2\/types\/page"}],"author":[{"embeddable":true,"href":"http:\/\/imamkoy.com\/index.php\/wp-json\/wp\/v2\/users\/1"}],"replies":[{"embeddable":true,"href":"http:\/\/imamkoy.com\/index.php\/wp-json\/wp\/v2\/comments?post=1314"}],"version-history":[{"count":118,"href":"http:\/\/imamkoy.com\/index.php\/wp-json\/wp\/v2\/pages\/1314\/revisions"}],"predecessor-version":[{"id":9227,"href":"http:\/\/imamkoy.com\/index.php\/wp-json\/wp\/v2\/pages\/1314\/revisions\/9227"}],"wp:attachment":[{"href":"http:\/\/imamkoy.com\/index.php\/wp-json\/wp\/v2\/media?parent=1314"}],"curies":[{"name":"wp","href":"https:\/\/api.w.org\/{rel}","templated":true}]}}