{"id":19,"date":"2011-08-24T08:10:38","date_gmt":"2011-08-24T08:10:38","guid":{"rendered":"http:\/\/imamkoy.com\/?page_id=19"},"modified":"2025-10-21T08:06:38","modified_gmt":"2025-10-21T07:06:38","slug":"bekciler-destiman","status":"publish","type":"page","link":"http:\/\/imamkoy.com\/index.php\/bekciler-destiman\/","title":{"rendered":"Ge\u00e7mi\u015f Tarihten Bu G\u00fcne  \u0130mamk\u00f6y Y\u00f6netimi( Muhtarlar ve Bek\u00e7iler)"},"content":{"rendered":"<p><strong>\u00a0\u00a0\u00a0\u00a0\u00a0\u00a0\u00a0\u00a0\u00a0\u00a0\u00a0\u00a0\u00a0\u00a0\u00a0\u00a0\u00a0\u00a0\u00a0\u00a0\u00a0\u00a0\u00a0 <!-- x-tinymce\/html --><a href=\"http:\/\/imamkoy.com\/wp-content\/uploads\/2021\/04\/80648618_611516063002306_4414676405430779904_n-1.jpg\"><img loading=\"lazy\" decoding=\"async\" class=\"wp-image-6052 alignleft\" src=\"http:\/\/imamkoy.com\/wp-content\/uploads\/2021\/04\/80648618_611516063002306_4414676405430779904_n-1.jpg\" alt=\"\" width=\"107\" height=\"116\" \/><br \/>\n<\/a> <a href=\"http:\/\/imamkoy.com\/wp-content\/uploads\/2021\/04\/19149311_1565635443510755_3251406445502976121_n.jpg\"><img loading=\"lazy\" decoding=\"async\" class=\"wp-image-6044 alignleft\" src=\"http:\/\/imamkoy.com\/wp-content\/uploads\/2021\/04\/19149311_1565635443510755_3251406445502976121_n.jpg\" alt=\"\" width=\"83\" height=\"116\" \/><\/a><a href=\"http:\/\/imamkoy.com\/wp-content\/uploads\/2021\/04\/80232715_164886834869219_4436326416446914560_n.jpg\"><img loading=\"lazy\" decoding=\"async\" class=\"wp-image-6050 alignleft\" src=\"http:\/\/imamkoy.com\/wp-content\/uploads\/2021\/04\/80232715_164886834869219_4436326416446914560_n.jpg\" alt=\"\" width=\"76\" height=\"118\" srcset=\"http:\/\/imamkoy.com\/wp-content\/uploads\/2021\/04\/80232715_164886834869219_4436326416446914560_n.jpg 246w, http:\/\/imamkoy.com\/wp-content\/uploads\/2021\/04\/80232715_164886834869219_4436326416446914560_n-191x300.jpg 191w\" sizes=\"auto, (max-width: 76px) 100vw, 76px\" \/><\/a><a href=\"http:\/\/imamkoy.com\/wp-content\/uploads\/2021\/04\/20201225_123003.jpg\"><img loading=\"lazy\" decoding=\"async\" class=\"wp-image-6045 alignleft\" src=\"http:\/\/imamkoy.com\/wp-content\/uploads\/2021\/04\/20201225_123003.jpg\" alt=\"\" width=\"108\" height=\"116\" srcset=\"http:\/\/imamkoy.com\/wp-content\/uploads\/2021\/04\/20201225_123003.jpg 1514w, http:\/\/imamkoy.com\/wp-content\/uploads\/2021\/04\/20201225_123003-280x300.jpg 280w, http:\/\/imamkoy.com\/wp-content\/uploads\/2021\/04\/20201225_123003-955x1024.jpg 955w, http:\/\/imamkoy.com\/wp-content\/uploads\/2021\/04\/20201225_123003-768x824.jpg 768w, http:\/\/imamkoy.com\/wp-content\/uploads\/2021\/04\/20201225_123003-1432x1536.jpg 1432w\" sizes=\"auto, (max-width: 108px) 100vw, 108px\" \/><\/a>\u00a0\u00a0\u00a0\u00a0\u00a0<\/strong><\/p>\n<div class=\"kvgmc6g5 cxmmr5t8 oygrvhab hcukyx3x c1et5uql ii04i59q\" style=\"margin: 0px; text-align: left; color: #050505; text-transform: none; text-indent: 0px; letter-spacing: normal; font-family: 'Segoe UI Historic', 'Segoe UI', Helvetica, Arial, sans-serif; font-size: 15px; font-style: normal; font-weight: 400; word-spacing: 0px; white-space: pre-wrap; orphans: 2; widows: 2; background-color: #ffffff; overflow-wrap: break-word; font-variant-ligatures: normal; font-variant-caps: normal; -webkit-text-stroke-width: 0px; text-decoration-thickness: initial; text-decoration-style: initial; text-decoration-color: initial;\">\n<div dir=\"auto\"><\/div>\n<div dir=\"auto\"><\/div>\n<div dir=\"auto\"><\/div>\n<\/div>\n<div dir=\"auto\"><\/div>\n<div dir=\"auto\"><\/div>\n<div dir=\"auto\"><a href=\"http:\/\/imamkoy.com\/wp-content\/uploads\/2021\/04\/20210319_112422.jpg\"><img loading=\"lazy\" decoding=\"async\" class=\"wp-image-6070 alignleft\" src=\"http:\/\/imamkoy.com\/wp-content\/uploads\/2021\/04\/20210319_112422.jpg\" alt=\"\" width=\"111\" height=\"150\" srcset=\"http:\/\/imamkoy.com\/wp-content\/uploads\/2021\/04\/20210319_112422.jpg 1166w, http:\/\/imamkoy.com\/wp-content\/uploads\/2021\/04\/20210319_112422-223x300.jpg 223w, http:\/\/imamkoy.com\/wp-content\/uploads\/2021\/04\/20210319_112422-762x1024.jpg 762w, http:\/\/imamkoy.com\/wp-content\/uploads\/2021\/04\/20210319_112422-768x1032.jpg 768w, http:\/\/imamkoy.com\/wp-content\/uploads\/2021\/04\/20210319_112422-1143x1536.jpg 1143w\" sizes=\"auto, (max-width: 111px) 100vw, 111px\" \/><\/a><\/div>\n<div dir=\"auto\"><!-- x-tinymce\/html --><strong><a href=\"http:\/\/imamkoy.com\/wp-content\/uploads\/2021\/04\/10415553_1051122664927918_6566473189415848534_n.jpg\"><img loading=\"lazy\" decoding=\"async\" class=\"wp-image-6054 alignnone\" src=\"http:\/\/imamkoy.com\/wp-content\/uploads\/2021\/04\/10415553_1051122664927918_6566473189415848534_n.jpg\" alt=\"\" width=\"172\" height=\"153\" \/><\/a><\/strong><\/div>\n<div dir=\"auto\"><\/div>\n<div dir=\"auto\"><\/div>\n<div dir=\"auto\"><\/div>\n<div dir=\"auto\"><a href=\"http:\/\/imamkoy.com\/wp-content\/uploads\/2024\/04\/434209291_1864208057374798_7869593166429995858_n.jpg\"><img loading=\"lazy\" decoding=\"async\" class=\" wp-image-9282 alignleft\" src=\"http:\/\/imamkoy.com\/wp-content\/uploads\/2024\/04\/434209291_1864208057374798_7869593166429995858_n.jpg\" alt=\"\" width=\"167\" height=\"197\" \/><\/a><\/div>\n<div class=\"kvgmc6g5 cxmmr5t8 oygrvhab hcukyx3x c1et5uql ii04i59q\" style=\"margin: 0px; text-align: left; color: #050505; text-transform: none; text-indent: 0px; letter-spacing: normal; font-family: 'Segoe UI Historic', 'Segoe UI', Helvetica, Arial, sans-serif; font-size: 15px; font-style: normal; font-weight: 400; word-spacing: 0px; white-space: pre-wrap; orphans: 2; widows: 2; background-color: #ffffff; overflow-wrap: break-word; font-variant-ligatures: normal; font-variant-caps: normal; -webkit-text-stroke-width: 0px; text-decoration-thickness: initial; text-decoration-style: initial; text-decoration-color: initial;\">\n<div dir=\"auto\"><\/div>\n<div dir=\"auto\"><\/div>\n<div dir=\"auto\"><\/div>\n<div dir=\"auto\"><\/div>\n<div dir=\"auto\"><\/div>\n<div dir=\"auto\"><\/div>\n<div dir=\"auto\"><\/div>\n<div dir=\"auto\"><\/div>\n<div dir=\"auto\"><\/div>\n<div dir=\"auto\"><\/div>\n<div dir=\"auto\"><\/div>\n<div dir=\"auto\"><\/div>\n<div dir=\"auto\"><strong><span style=\"color: #ff0000;\">GE\u00c7M\u0130\u015eTEN G\u00dcN\u00dcM\u00dcZE \u0130MAMK\u00d6Y MUHTARLARI<\/span><\/strong><\/div>\n<div dir=\"auto\"><strong>Y\u0131l\u0131\u00a0\u00a0\u00a0\u00a0\u00a0\u00a0\u00a0\u00a0\u00a0\u00a0\u00a0\u00a0\u00a0\u00a0\u00a0\u00a0\u00a0\u00a0 Ad\u0131 Soyad\u0131<\/strong><\/div>\n<div dir=\"auto\"><strong>&#8230;&#8230;&#8230;..\u00a0\u00a0\u00a0\u00a0\u00a0\u00a0\u00a0\u00a0\u00a0\u00a0\u00a0\u00a0\u00a0 Mehmet KARAO\u011eLAN (Ataylar\u0131n Dedesi)<\/strong><\/div>\n<div dir=\"auto\"><strong>1942\u00a0\u00a0\u00a0\u00a0\u00a0\u00a0\u00a0\u00a0\u00a0\u00a0\u00a0\u00a0\u00a0\u00a0\u00a0 Mustafa BIYIK (Mustabe)<\/strong><\/div>\n<div dir=\"auto\"><strong>&#8230;&#8230;&#8230;.\u00a0\u00a0\u00a0\u00a0\u00a0\u00a0\u00a0\u00a0\u00a0\u00a0\u00a0\u00a0\u00a0\u00a0 Akif KIBRISLI<\/strong><\/div>\n<div dir=\"auto\"><strong>1951\u00a0\u00a0\u00a0\u00a0\u00a0\u00a0\u00a0\u00a0\u00a0\u00a0\u00a0\u00a0\u00a0\u00a0\u00a0 Halil AVCI (Y\u00f6r\u00fck Halil)<\/strong><\/div>\n<div dir=\"auto\"><strong>&#8230;&#8230;..\u00a0\u00a0\u00a0\u00a0\u00a0\u00a0\u00a0\u00a0\u00a0\u00a0\u00a0\u00a0\u00a0\u00a0\u00a0\u00a0 \u0130smailBUDAK (G\u00f6zl\u00fckl\u00fc)<\/strong><\/div>\n<div dir=\"auto\"><strong>1956\u00a0\u00a0\u00a0\u00a0\u00a0\u00a0\u00a0\u00a0\u00a0\u00a0\u00a0\u00a0\u00a0\u00a0\u00a0\u00a0Mehmet KIBRISLI ( Bakkal)\u00a0 (k\u0131sa d\u00f6nem)<\/strong><\/div>\n<div dir=\"auto\"><strong>\u2026\u2026\u00a0\u00a0\u00a0\u00a0\u00a0\u00a0\u00a0\u00a0\u00a0\u00a0\u00a0\u00a0\u00a0\u00a0\u00a0\u00a0\u00a0 Sabri SARIAYDIN\u00a0\u00a0 (Vekaleten)<\/strong><\/div>\n<div dir=\"auto\"><strong>1958\u00a0\u00a0\u00a0\u00a0\u00a0\u00a0\u00a0\u00a0\u00a0\u00a0\u00a0\u00a0\u00a0\u00a0\u00a0 Mustafa KAYA\u00a0\u00a0\u00a0\u00a0\u00a0\u00a0\u00a0\u00a0 (Hac\u0131 Mustafa)<\/strong><\/div>\n<div dir=\"auto\"><strong>1960\u00a0\u00a0\u00a0\u00a0\u00a0\u00a0\u00a0\u00a0\u00a0\u00a0\u00a0\u00a0\u00a0\u00a0\u00a0 Ali BALTALI<\/strong><\/div>\n<div dir=\"auto\"><strong>&#8230;&#8230;&#8230;&#8230;.\u00a0\u00a0\u00a0\u00a0\u00a0\u00a0\u00a0\u00a0\u00a0\u00a0\u00a0\u00a0Mehmet KIZIL<\/strong><\/div>\n<div dir=\"auto\"><strong>1975\u00a0\u00a0\u00a0\u00a0\u00a0\u00a0\u00a0\u00a0\u00a0\u00a0\u00a0\u00a0\u00a0\u00a0\u00a0\u00a0 Nail Sabuncu\u00a0\u00a0\u00a0 (Se\u00e7imle)<\/strong><\/div>\n<div dir=\"auto\"><strong>1977\u00a0\u00a0\u00a0\u00a0\u00a0\u00a0\u00a0\u00a0\u00a0\u00a0\u00a0\u00a0\u00a0\u00a0\u00a0\u00a0 Mehmet T\u00dcKER\u00a0 (Muhtar\u0131n istifas\u0131 ile ilk aza otomatik olarak geldi.\u00a0 (iki d\u00f6nem se\u00e7ildi)<\/strong><\/div>\n<div dir=\"auto\"><strong>1984\u00a0\u00a0\u00a0\u00a0\u00a0\u00a0\u00a0\u00a0\u00a0\u00a0\u00a0\u00a0\u00a0\u00a0\u00a0\u00a0 Mehmet T\u00dcKER<\/strong><\/div>\n<div dir=\"auto\"><strong>1989\u00a0\u00a0\u00a0\u00a0\u00a0\u00a0\u00a0\u00a0\u00a0\u00a0\u00a0\u00a0\u00a0\u00a0\u00a0\u00a0 Mahmut ASLAN<\/strong><\/div>\n<div dir=\"auto\"><strong>1994\u00a0\u00a0\u00a0\u00a0\u00a0\u00a0\u00a0\u00a0\u00a0\u00a0\u00a0\u00a0\u00a0\u00a0\u00a0\u00a0 Mahmut ASLAN<\/strong><\/div>\n<div dir=\"auto\"><strong>1999\u00a0\u00a0\u00a0\u00a0\u00a0\u00a0\u00a0\u00a0\u00a0\u00a0\u00a0\u00a0\u00a0\u00a0\u00a0\u00a0 Mahmut ASLAN<\/strong><\/div>\n<div dir=\"auto\"><strong>2004\u00a0\u00a0\u00a0\u00a0\u00a0\u00a0\u00a0\u00a0\u00a0\u00a0\u00a0\u00a0\u00a0\u00a0\u00a0\u00a0 Celal ECE<\/strong><\/div>\n<div dir=\"auto\"><strong>2009\u00a0\u00a0\u00a0\u00a0\u00a0\u00a0\u00a0\u00a0\u00a0\u00a0\u00a0\u00a0\u00a0\u00a0\u00a0\u00a0 Celal ECE<\/strong><\/div>\n<div dir=\"auto\"><strong>2014-2019\u00a0\u00a0\u00a0\u00a0\u00a0\u00a0\u00a0\u00a0Ahmet D\u0130REK<\/strong><\/div>\n<div dir=\"auto\"><strong>2024&#8230;&#8230;&#8230;.. \u015eahin EVRAN<\/strong><\/div>\n<div dir=\"auto\"><strong><a href=\"http:\/\/imamkoy.com\/wp-content\/uploads\/2021\/04\/bekci-polis-kol-gorev-armasi-gorev-uc-boyutlu-3231_1.jpg\"><img loading=\"lazy\" decoding=\"async\" class=\"wp-image-6078 alignleft\" src=\"http:\/\/imamkoy.com\/wp-content\/uploads\/2021\/04\/bekci-polis-kol-gorev-armasi-gorev-uc-boyutlu-3231_1.jpg\" alt=\"\" width=\"200\" height=\"279\" srcset=\"http:\/\/imamkoy.com\/wp-content\/uploads\/2021\/04\/bekci-polis-kol-gorev-armasi-gorev-uc-boyutlu-3231_1.jpg 500w, http:\/\/imamkoy.com\/wp-content\/uploads\/2021\/04\/bekci-polis-kol-gorev-armasi-gorev-uc-boyutlu-3231_1-215x300.jpg 215w\" sizes=\"auto, (max-width: 200px) 100vw, 200px\" \/><\/a><\/strong><\/div>\n<div dir=\"auto\"><\/div>\n<\/div>\n<p><strong><span style=\"color: #800000;\">\u0130MAMK\u00d6Y K\u00d6Y BEK\u00c7\u0130LER\u0130 (DE\u015eT\u0130MAN)\u00a0\u00a0\u00a0\u00a0\u00a0<\/span>\u00a0\u00a0\u00a0\u00a0\u00a0\u00a0\u00a0<\/strong><\/p>\n<p><!-- x-tinymce\/html --><\/p>\n<p style=\"text-align: left;\"><strong>Nazmi TET\u0130K (1941-1943),Nazmi \u00d6DEM\u0130\u015e, Ha\u015fmet SAKAL, Mehmet SARIAYDIN, Durmu\u015f KARAATLI (Koca k\u00fclah), \u015eerif Ali H\u00fcseyin ACAR, Kaz\u0131m AYDO\u011eDU, Ali Abi (Soyad\u0131n\u0131 bilmiyorum), Mehmet ACAR (\u015eeytan Mehmet), Ahmet Y\u00d6R\u00dcK<\/strong><\/p>\n<p><strong>\u00a0\u00a0\u00a0\u00a0\u00a0\u00a0\u00a0\u00a0\u00a0\u00a0\u00a0\u00a0\u00a0\u00a0\u00a0\u00a0\u00a0\u00a0\u00a0\u00a0\u00a0<\/strong><strong><span style=\"color: #993300;\"><span style=\"color: #3366ff;\">\u00a0\u00a0\u00a0\u00a0\u00a0\u00a0\u00a0\u00a0\u00a0\u00a0\u00a0\u00a0\u00a0\u00a0\u00a0\u00a0\u00a0\u00a0\u00a0\u00a0\u00a0\u00a0\u00a0<\/span><\/span><\/strong><\/p>\n<p><strong>\u00a0\u00a0\u00a0\u00a0\u00a0\u00a0\u00a0\u00a0\u00a0\u00a0\u00a0\u00a0\u00a0\u00a0\u00a0\u00a0\u00a0\u00a0\u00a0\u00a0\u00a0\u00a0\u00a0\u00a0\u00a0\u00a0\u00a0\u00a0\u00a0\u00a0\u00a0<\/strong><strong><span style=\"color: #0000ff;\">\u00a0<\/span><\/strong><\/p>\n<p><strong>\u00a0\u00a0\u00a0\u00a0\u00a0\u00a0\u00a0\u00a0\u00a0\u00a0\u00a0\u00a0\u00a0\u00a0\u00a0\u00a0\u00a0\u00a0\u00a0\u00a0\u00a0\u00a0\u00a0 \u00a0\u00a0\u00a0\u00a0\u00a0\u00a0\u00a0\u00a0 \u00a0\u00a0\u00a0\u00a0 <\/strong><\/p>\n","protected":false},"excerpt":{"rendered":"<p>\u00a0\u00a0\u00a0\u00a0\u00a0\u00a0\u00a0\u00a0\u00a0\u00a0\u00a0\u00a0\u00a0\u00a0\u00a0\u00a0\u00a0\u00a0\u00a0\u00a0\u00a0\u00a0\u00a0 \u00a0\u00a0\u00a0\u00a0\u00a0 GE\u00c7M\u0130\u015eTEN G\u00dcN\u00dcM\u00dcZE \u0130MAMK\u00d6Y MUHTARLARI Y\u0131l\u0131\u00a0\u00a0\u00a0\u00a0\u00a0\u00a0\u00a0\u00a0\u00a0\u00a0\u00a0\u00a0\u00a0\u00a0\u00a0\u00a0\u00a0\u00a0 Ad\u0131 Soyad\u0131 &#8230;&#8230;&#8230;..\u00a0\u00a0\u00a0\u00a0\u00a0\u00a0\u00a0\u00a0\u00a0\u00a0\u00a0\u00a0\u00a0 Mehmet KARAO\u011eLAN (Ataylar\u0131n Dedesi) 1942\u00a0\u00a0\u00a0\u00a0\u00a0\u00a0\u00a0\u00a0\u00a0\u00a0\u00a0\u00a0\u00a0\u00a0\u00a0 Mustafa BIYIK (Mustabe) &#8230;&#8230;&#8230;.\u00a0\u00a0\u00a0\u00a0\u00a0\u00a0\u00a0\u00a0\u00a0\u00a0\u00a0\u00a0\u00a0\u00a0 Akif KIBRISLI 1951\u00a0\u00a0\u00a0\u00a0\u00a0\u00a0\u00a0\u00a0\u00a0\u00a0\u00a0\u00a0\u00a0\u00a0\u00a0 Halil AVCI (Y\u00f6r\u00fck Halil) &#8230;&#8230;..\u00a0\u00a0\u00a0\u00a0\u00a0\u00a0\u00a0\u00a0\u00a0\u00a0\u00a0\u00a0\u00a0\u00a0\u00a0\u00a0 \u0130smailBUDAK (G\u00f6zl\u00fckl\u00fc) 1956\u00a0\u00a0\u00a0\u00a0\u00a0\u00a0\u00a0\u00a0\u00a0\u00a0\u00a0\u00a0\u00a0\u00a0\u00a0\u00a0Mehmet KIBRISLI ( Bakkal)\u00a0 (k\u0131sa d\u00f6nem) \u2026\u2026\u00a0\u00a0\u00a0\u00a0\u00a0\u00a0\u00a0\u00a0\u00a0\u00a0\u00a0\u00a0\u00a0\u00a0\u00a0\u00a0\u00a0 Sabri SARIAYDIN\u00a0\u00a0 (Vekaleten) 1958\u00a0\u00a0\u00a0\u00a0\u00a0\u00a0\u00a0\u00a0\u00a0\u00a0\u00a0\u00a0\u00a0\u00a0\u00a0 Mustafa KAYA\u00a0\u00a0\u00a0\u00a0\u00a0\u00a0\u00a0\u00a0 (Hac\u0131 Mustafa) 1960\u00a0\u00a0\u00a0\u00a0\u00a0\u00a0\u00a0\u00a0\u00a0\u00a0\u00a0\u00a0\u00a0\u00a0\u00a0 Ali BALTALI &#8230;&#8230;&#8230;&#8230;.\u00a0\u00a0\u00a0\u00a0\u00a0\u00a0\u00a0\u00a0\u00a0\u00a0\u00a0\u00a0Mehmet KIZIL 1975\u00a0\u00a0\u00a0\u00a0\u00a0\u00a0\u00a0\u00a0\u00a0\u00a0\u00a0\u00a0\u00a0\u00a0\u00a0\u00a0 Nail Sabuncu\u00a0\u00a0\u00a0 (Se\u00e7imle) 1977\u00a0\u00a0\u00a0\u00a0\u00a0\u00a0\u00a0\u00a0\u00a0\u00a0\u00a0\u00a0\u00a0\u00a0\u00a0\u00a0 Mehmet &hellip; <a href=\"http:\/\/imamkoy.com\/index.php\/bekciler-destiman\/\" class=\"more-link\">Okumaya devam et <span class=\"screen-reader-text\">Ge\u00e7mi\u015f Tarihten Bu G\u00fcne  \u0130mamk\u00f6y Y\u00f6netimi( Muhtarlar ve Bek\u00e7iler)<\/span><\/a><\/p>\n","protected":false},"author":1,"featured_media":0,"parent":0,"menu_order":0,"comment_status":"open","ping_status":"open","template":"","meta":{"footnotes":""},"class_list":["post-19","page","type-page","status-publish","hentry"],"_links":{"self":[{"href":"http:\/\/imamkoy.com\/index.php\/wp-json\/wp\/v2\/pages\/19","targetHints":{"allow":["GET"]}}],"collection":[{"href":"http:\/\/imamkoy.com\/index.php\/wp-json\/wp\/v2\/pages"}],"about":[{"href":"http:\/\/imamkoy.com\/index.php\/wp-json\/wp\/v2\/types\/page"}],"author":[{"embeddable":true,"href":"http:\/\/imamkoy.com\/index.php\/wp-json\/wp\/v2\/users\/1"}],"replies":[{"embeddable":true,"href":"http:\/\/imamkoy.com\/index.php\/wp-json\/wp\/v2\/comments?post=19"}],"version-history":[{"count":70,"href":"http:\/\/imamkoy.com\/index.php\/wp-json\/wp\/v2\/pages\/19\/revisions"}],"predecessor-version":[{"id":9522,"href":"http:\/\/imamkoy.com\/index.php\/wp-json\/wp\/v2\/pages\/19\/revisions\/9522"}],"wp:attachment":[{"href":"http:\/\/imamkoy.com\/index.php\/wp-json\/wp\/v2\/media?parent=19"}],"curies":[{"name":"wp","href":"https:\/\/api.w.org\/{rel}","templated":true}]}}