{"id":2002,"date":"2012-02-27T17:29:32","date_gmt":"2012-02-27T17:29:32","guid":{"rendered":"http:\/\/imamkoy.com\/?page_id=2002"},"modified":"2026-05-01T07:55:16","modified_gmt":"2026-05-01T06:55:16","slug":"eski-aydin-yolu-ulu-yol","status":"publish","type":"page","link":"http:\/\/imamkoy.com\/index.php\/eski-aydin-yolu-ulu-yol\/","title":{"rendered":"\u0130mamk\u00f6y-Ayd\u0131n Aras\u0131 Eski Ulu Yol) Yaya Trafi\u011fi Olan ve Ta\u015f\u0131t Kullan\u0131m\u0131 1954-&#8230;. ve Sonras\u0131"},"content":{"rendered":"<p><a href=\"http:\/\/imamkoy.com\/wp-content\/uploads\/2012\/02\/PICT1721.jpg\"><img loading=\"lazy\" decoding=\"async\" class=\"aligncenter size-large wp-image-2003\" title=\"PICT1721\" src=\"http:\/\/imamkoy.com\/wp-content\/uploads\/2012\/02\/PICT1721-1024x696.jpg\" alt=\"\" width=\"584\" height=\"396\" srcset=\"http:\/\/imamkoy.com\/wp-content\/uploads\/2012\/02\/PICT1721-1024x696.jpg 1024w, http:\/\/imamkoy.com\/wp-content\/uploads\/2012\/02\/PICT1721-300x204.jpg 300w, http:\/\/imamkoy.com\/wp-content\/uploads\/2012\/02\/PICT1721-441x300.jpg 441w\" sizes=\"auto, (max-width: 584px) 100vw, 584px\" \/><\/a><\/p>\n<p style=\"text-align: justify;\"><span style=\"color: #000000;\"><strong>1954 y\u0131l\u0131ndan \u00f6nce\u00a0 \u0130mamk\u00f6y&#8217;den Ayd\u0131n&#8217;a gitmek i\u00e7in kullan\u0131lan asfaltlanmam\u0131\u015f yolmu\u015f, bu yol g\u00fczergah\u0131 \u00fczerinde kahveler \u00e7okmu\u015f bu resimde g\u00f6r\u00fclen yerde ad\u0131ndan da belli oldu\u011fu \u00fczerine, Kavakl\u0131 kahve varm\u0131\u015f, Kahveye g\u00f6lge eden b\u00fcy\u00fck kavak a\u011fa\u00e7lar\u0131 \u00f6n\u00fcnde so\u011fuk suyu olan kuyu\u00a0 varm\u0131\u015f,<\/strong><\/span><\/p>\n<p style=\"text-align: justify;\"><a href=\"http:\/\/imamkoy.com\/wp-content\/uploads\/2012\/02\/PICT17241.jpg\"><img loading=\"lazy\" decoding=\"async\" class=\"aligncenter size-large wp-image-2010\" title=\"PICT1724\" src=\"http:\/\/imamkoy.com\/wp-content\/uploads\/2012\/02\/PICT17241-1024x724.jpg\" alt=\"\" width=\"584\" height=\"412\" srcset=\"http:\/\/imamkoy.com\/wp-content\/uploads\/2012\/02\/PICT17241-1024x724.jpg 1024w, http:\/\/imamkoy.com\/wp-content\/uploads\/2012\/02\/PICT17241-300x212.jpg 300w, http:\/\/imamkoy.com\/wp-content\/uploads\/2012\/02\/PICT17241.jpg 1880w\" sizes=\"auto, (max-width: 584px) 100vw, 584px\" \/><\/a><\/p>\n<p><a href=\"http:\/\/imamkoy.com\/wp-content\/uploads\/2023\/10\/musluk-1.jpg\"><img loading=\"lazy\" decoding=\"async\" class=\"aligncenter wp-image-8855 \" src=\"http:\/\/imamkoy.com\/wp-content\/uploads\/2023\/10\/musluk-1-280x300.jpg\" alt=\"\" width=\"402\" height=\"430\" srcset=\"http:\/\/imamkoy.com\/wp-content\/uploads\/2023\/10\/musluk-1-280x300.jpg 280w, http:\/\/imamkoy.com\/wp-content\/uploads\/2023\/10\/musluk-1.jpg 350w\" sizes=\"auto, (max-width: 402px) 100vw, 402px\" \/><\/a><\/p>\n<p><b>Yaya yolcular\u00a0 olarak veya\u00a0 e\u015fek, at gibi binek ara\u00e7larla ge\u00e7en yolcular\u0131n su i\u00e7mesi i\u00e7in yol kenar\u0131na yap\u0131lan ve hay\u0131r sahibi taraf\u0131ndan suyu temin edilen hayratlard\u0131r. Temizli\u011fi ve suyu hayratc\u0131ya aittir. Musluklar \u00fczerine karg\u0131dan veya kiremitten g\u00f6lgelik yap\u0131l\u0131r suyun serin tutulmas\u0131 sa\u011flan\u0131r. Muslukta su toprak testi veya toprak k\u00fcp i\u00e7erisine su konur. \u00dczeri kapakla kapat\u0131l\u0131r. Masrafa (su i\u00e7ecek kap) Musluk\u00a0 i\u00e7erisinde y\u00fcksek bir yere as\u0131l\u0131r veya k\u00fcp \u00fczerine konur\u00a0 su i\u00e7ilirdi.<\/b><\/p>\n<figure id=\"attachment_8107\" aria-describedby=\"caption-attachment-8107\" style=\"width: 402px\" class=\"wp-caption aligncenter\"><a href=\"http:\/\/imamkoy.com\/wp-content\/uploads\/2023\/03\/xxxx.jpg\"><img loading=\"lazy\" decoding=\"async\" class=\"wp-image-8107\" src=\"http:\/\/imamkoy.com\/wp-content\/uploads\/2023\/03\/xxxx-300x178.jpg\" alt=\"\" width=\"402\" height=\"239\" srcset=\"http:\/\/imamkoy.com\/wp-content\/uploads\/2023\/03\/xxxx-300x178.jpg 300w, http:\/\/imamkoy.com\/wp-content\/uploads\/2023\/03\/xxxx-1024x607.jpg 1024w, http:\/\/imamkoy.com\/wp-content\/uploads\/2023\/03\/xxxx-768x455.jpg 768w, http:\/\/imamkoy.com\/wp-content\/uploads\/2023\/03\/xxxx-1536x910.jpg 1536w, http:\/\/imamkoy.com\/wp-content\/uploads\/2023\/03\/xxxx-2048x1213.jpg 2048w\" sizes=\"auto, (max-width: 402px) 100vw, 402px\" \/><\/a><figcaption id=\"caption-attachment-8107\" class=\"wp-caption-text\">ULU YOL (ESK\u0130 AYDIN YOLU)<\/figcaption><\/figure>\n<p>\u015eimdi ulu yol (eski Ayd\u0131n yolu) asfaltlanm\u0131\u015f k\u0131sa Ayd\u0131n yoludur.<\/p>\n","protected":false},"excerpt":{"rendered":"<p>1954 y\u0131l\u0131ndan \u00f6nce\u00a0 \u0130mamk\u00f6y&#8217;den Ayd\u0131n&#8217;a gitmek i\u00e7in kullan\u0131lan asfaltlanmam\u0131\u015f yolmu\u015f, bu yol g\u00fczergah\u0131 \u00fczerinde kahveler \u00e7okmu\u015f bu resimde g\u00f6r\u00fclen yerde ad\u0131ndan da belli oldu\u011fu \u00fczerine, Kavakl\u0131 kahve varm\u0131\u015f, Kahveye g\u00f6lge eden b\u00fcy\u00fck kavak a\u011fa\u00e7lar\u0131 \u00f6n\u00fcnde so\u011fuk suyu olan kuyu\u00a0 varm\u0131\u015f, Yaya yolcular\u00a0 olarak veya\u00a0 e\u015fek, at gibi binek ara\u00e7larla ge\u00e7en yolcular\u0131n su i\u00e7mesi i\u00e7in yol &hellip; <a href=\"http:\/\/imamkoy.com\/index.php\/eski-aydin-yolu-ulu-yol\/\" class=\"more-link\">Okumaya devam et <span class=\"screen-reader-text\">\u0130mamk\u00f6y-Ayd\u0131n Aras\u0131 Eski Ulu Yol) Yaya Trafi\u011fi Olan ve Ta\u015f\u0131t Kullan\u0131m\u0131 1954-&#8230;. ve Sonras\u0131<\/span><\/a><\/p>\n","protected":false},"author":1,"featured_media":0,"parent":0,"menu_order":0,"comment_status":"open","ping_status":"open","template":"","meta":{"footnotes":""},"class_list":["post-2002","page","type-page","status-publish","hentry"],"_links":{"self":[{"href":"http:\/\/imamkoy.com\/index.php\/wp-json\/wp\/v2\/pages\/2002","targetHints":{"allow":["GET"]}}],"collection":[{"href":"http:\/\/imamkoy.com\/index.php\/wp-json\/wp\/v2\/pages"}],"about":[{"href":"http:\/\/imamkoy.com\/index.php\/wp-json\/wp\/v2\/types\/page"}],"author":[{"embeddable":true,"href":"http:\/\/imamkoy.com\/index.php\/wp-json\/wp\/v2\/users\/1"}],"replies":[{"embeddable":true,"href":"http:\/\/imamkoy.com\/index.php\/wp-json\/wp\/v2\/comments?post=2002"}],"version-history":[{"count":34,"href":"http:\/\/imamkoy.com\/index.php\/wp-json\/wp\/v2\/pages\/2002\/revisions"}],"predecessor-version":[{"id":9975,"href":"http:\/\/imamkoy.com\/index.php\/wp-json\/wp\/v2\/pages\/2002\/revisions\/9975"}],"wp:attachment":[{"href":"http:\/\/imamkoy.com\/index.php\/wp-json\/wp\/v2\/media?parent=2002"}],"curies":[{"name":"wp","href":"https:\/\/api.w.org\/{rel}","templated":true}]}}