{"id":225,"date":"2011-09-03T15:28:11","date_gmt":"2011-09-03T15:28:11","guid":{"rendered":"http:\/\/imamkoy.com\/?page_id=225"},"modified":"2025-10-20T07:13:18","modified_gmt":"2025-10-20T06:13:18","slug":"225-2","status":"publish","type":"page","link":"http:\/\/imamkoy.com\/index.php\/225-2\/","title":{"rendered":"\u0130mamk\u00f6y- Ayd\u0131n Eski E\u011flence K\u00fclt\u00fcr\u00fc Yazl\u0131k Sinamalar, \u0130p Cambazlar\u0131, D\u00fcmbek \u00c7almak,  Radyolar (Arkas\u0131 Yar\u0131n) Piyesler ve Televizyonlar"},"content":{"rendered":"\n<p><\/p>\n\n\n<p><strong>Mustafa YAVA\u015e (Deveci Mustafa)&#8217;\u0131n 1945-1950 y\u0131llar\u0131 aras\u0131nda, k\u00f6y\u00fcm\u00fcz erkeklerince d\u00fczenlenen e\u011flencelerde d\u00fcmbek\u00a0 \u00e7ald\u0131\u011f\u0131n\u0131 \u00f6\u011frendim.\u00a0 Alimo\u011flu da buna\u00a0 kabak kemane ile e\u015flik edermi\u015f, g\u00fczel e\u011flenceler ger\u00e7ekle\u015ftirilirmi\u015f.\u00a0<\/strong><\/p>\n<p style=\"text-align: justify;\"><strong><a href=\"http:\/\/imamkoy.com\/wp-content\/uploads\/2011\/09\/24314xj1.jpg\"><img loading=\"lazy\" decoding=\"async\" class=\"alignleft size-thumbnail wp-image-239\" title=\"24314xj[1]\" src=\"http:\/\/imamkoy.com\/wp-content\/uploads\/2011\/09\/24314xj1-150x150.jpg\" alt=\"\" width=\"150\" height=\"150\" \/><\/a>1950&#8217;den sonra Ayd\u0131n&#8217;a sinema k\u00fclt\u00fcr\u00fc gelmi\u015ftir. K\u00f6yden film izlemek isteyenler Ayd\u0131n&#8217;a yazl\u0131k sinemalara giderlermi\u015f g\u00fcn\u00fcn yorgunlu\u011funu veya y\u0131l\u0131n yorgunlu\u011funu b\u00f6yle atarlarm\u0131\u015f,<\/strong><\/p>\n<p style=\"text-align: justify;\"><strong> \u0130p Cambazlar\u0131n\u0131 bilmem hat\u0131rlayan varm\u0131?1967 y\u0131llar\u0131ndan sonra yaz aylar\u0131nda, y\u00f6re halk\u0131,\u00a0 Ayd\u0131n P\u0131narba\u015f\u0131\u0092nda oynat\u0131lan ip cambazlar\u0131na merak salm\u0131\u015f ve minib\u00fcsler, ak\u015fam saatlerinde\u00a0 g\u00f6sterilerini yapan ip cambazlar\u0131n\u0131\u00a0\u00a0\u00a0seyretmek i\u00e7in giden merakl\u0131 izleyicileri ta\u015f\u0131m\u0131\u015flar. \u0130p cambazlar\u0131n\u0131n nefes kesen g\u00f6sterilerini y\u00fcrekleri a\u011f\u0131zlar\u0131na gelerek seyretmi\u015fler, ayn\u0131 anda yer g\u00f6sterisi olarak yerde ba\u015f taraf\u0131 k\u0131z ayak taraf\u0131 y\u0131lan olan y\u0131lan k\u0131z da g\u00f6steriye kat\u0131lm\u0131\u015f, buda b\u00fcy\u00fck heyecan ve merak konusu olmu\u015ftur. Ben gitmedim ama s\u00fcrekli k\u00f6y halk\u0131 bundan s\u00f6z ediyordu. Cambazlar\u0131n g\u00f6sterisi\u00a0 iki-\u00fc\u00e7 \u00a0y\u0131l s\u00fcrd\u00fckten sonra \u0130mamk\u00f6y \u0130lkokulu&#8217;nun bah\u00e7esinde yazl\u0131k sinemalar g\u00f6sterime girmi\u015ftir.<\/strong><\/p>\n<p><a href=\"http:\/\/imamkoy.com\/wp-content\/uploads\/2021\/07\/210184184_3590334727734856_8649935100049892571_n.jpg\"><img loading=\"lazy\" decoding=\"async\" class=\"aligncenter size-full wp-image-6110\" src=\"http:\/\/imamkoy.com\/wp-content\/uploads\/2021\/07\/210184184_3590334727734856_8649935100049892571_n.jpg\" alt=\"\" width=\"512\" height=\"402\" srcset=\"http:\/\/imamkoy.com\/wp-content\/uploads\/2021\/07\/210184184_3590334727734856_8649935100049892571_n.jpg 512w, http:\/\/imamkoy.com\/wp-content\/uploads\/2021\/07\/210184184_3590334727734856_8649935100049892571_n-300x236.jpg 300w\" sizes=\"auto, (max-width: 512px) 100vw, 512px\" \/><\/a><\/p>\n<p style=\"text-align: justify;\"><strong>1967-1973 y\u0131llar\u0131 aras\u0131, k\u00f6y\u00fcm\u00fczde,\u00a0 sinema g\u00f6sterimlerinin reva\u00e7ta oldu\u011fu y\u0131llard\u0131. G\u00fcnd\u00fcz tarla- bah\u00e7e i\u015fleriyle ilgilenen insanlar, ak\u015fam\u0131 iple \u00e7eker ve g\u00f6sterimdeki filmi merakla beklerlerdi.\u00a0 Ak\u015fam \u00fcst\u00fcnden ba\u015flamak \u00fczere g\u00fcn\u00fcn reva\u00e7ta olan m\u00fczikleri hoparl\u00f6rden\u00a0\u00a0 sesi sonuna kadar a\u00e7\u0131l\u0131r, okul bah\u00e7esinin kap\u0131s\u0131nda g\u00f6sterilecek olan filmin afi\u015fi as\u0131l\u0131r. Okul bah\u00e7esine sandalyeler konur \u00a0gerilmi\u015f olan beyaz perdeden g\u00f6sterim yap\u0131l\u0131r, k\u00f6y farkl\u0131 bir havaya b\u00fcr\u00fcn\u00fcrd\u00fc. Herkes oturaca\u011f\u0131 sandalyeyi, kilimi\u00a0 \u00a0evinden g\u00f6t\u00fcr\u00fcr, kap\u0131 \u00f6n\u00fcnde sat\u0131lan biletlerden alarak okulun bah\u00e7esine girerdi. Yak\u0131n evlerde oturanlar ise filmleri duvar \u00fcstlerinden ya da \u00e7it kovuklar\u0131ndan izlerdi. Bah\u00e7enin \u00f6n taraf\u0131na kad\u0131nlar,\u00a0 arka tarafa erkekler otururdu, kar\u0131\u015f\u0131k oturulmazd\u0131. Filmdeki kahramanlar alk\u0131\u015flarla, \u0131sl\u0131klarla kutlan\u0131rd\u0131. Filmin yar\u0131s\u0131nda verilen 5 dakikal\u0131k aralarda m\u00fczik a\u00e7\u0131l\u0131r vi\u015fne suyu, zafer gazozu i\u00e7ilir, film seyrederken de \u00e7ekirdek yenirdi.<a href=\"http:\/\/imamkoy.com\/wp-content\/uploads\/2021\/07\/19894533_1099028000198887_5762093544929315619_n.jpg\"><img loading=\"lazy\" decoding=\"async\" class=\"wp-image-6123 alignleft\" src=\"http:\/\/imamkoy.com\/wp-content\/uploads\/2021\/07\/19894533_1099028000198887_5762093544929315619_n.jpg\" alt=\"\" width=\"334\" height=\"451\" \/><\/a> <\/strong><\/p>\n<p>\u00a0<\/p>\n<p style=\"text-align: justify;\"><strong>Her film, ertesi g\u00fcn\u00fcn konu\u015fma konusu olur, filme\u00a0 gitmeyen varsa ona b\u00fct\u00fcn senaryo ayr\u0131nt\u0131lar\u0131yla\u00a0 anlat\u0131l\u0131rd\u0131. Herkes \u00e7ok g\u00fczel zaman ge\u00e7irirdi.<\/strong><\/p>\n<p><a href=\"http:\/\/imamkoy.com\/wp-content\/uploads\/2011\/09\/eski-artistler.jpg\"><img loading=\"lazy\" decoding=\"async\" class=\"aligncenter size-full wp-image-229\" title=\"eski artistler\" src=\"http:\/\/imamkoy.com\/wp-content\/uploads\/2011\/09\/eski-artistler.jpg\" alt=\"\" width=\"875\" height=\"190\" srcset=\"http:\/\/imamkoy.com\/wp-content\/uploads\/2011\/09\/eski-artistler.jpg 875w, http:\/\/imamkoy.com\/wp-content\/uploads\/2011\/09\/eski-artistler-300x65.jpg 300w, http:\/\/imamkoy.com\/wp-content\/uploads\/2011\/09\/eski-artistler-500x108.jpg 500w\" sizes=\"auto, (max-width: 875px) 100vw, 875px\" \/><\/a><\/p>\n<h2>\u00a0DOKUZ\u00a0 DA\u011eIN\u00a0 EFES\u0130\u00a0 F\u0130KRET HAKAN<strong><a href=\"http:\/\/imamkoy.com\/wp-content\/uploads\/2021\/07\/19959418_1099025706865783_1397309044818496069_n.jpg\"><img loading=\"lazy\" decoding=\"async\" class=\"aligncenter  wp-image-6115\" src=\"http:\/\/imamkoy.com\/wp-content\/uploads\/2021\/07\/19959418_1099025706865783_1397309044818496069_n.jpg\" alt=\"\" width=\"462\" height=\"462\" srcset=\"http:\/\/imamkoy.com\/wp-content\/uploads\/2021\/07\/19959418_1099025706865783_1397309044818496069_n.jpg 206w, http:\/\/imamkoy.com\/wp-content\/uploads\/2021\/07\/19959418_1099025706865783_1397309044818496069_n-150x150.jpg 150w\" sizes=\"auto, (max-width: 462px) 100vw, 462px\" \/><\/a>\u00a0\u00a0K\u00f6y\u00fcm\u00fczde \u00e7ekilen flimler : \u00c7ak\u0131c\u0131 Geliyor (Dokuz Da\u011f\u0131n Efesi) imamk\u00f6y sekelerinde \u00e7ekilmi\u015f k\u00f6y halk\u0131ndan ekmek\u00e7i k\u0131z\u0131na bu filmde yas etme gibi k\u00fc\u00e7\u00fck rol verildi\u011fi s\u00f6ylenmektedir.\u00a0<\/strong><\/h2>\n<p style=\"text-align: justify;\"><span style=\"color: #008000;\"><strong><a href=\"http:\/\/imamkoy.com\/wp-content\/uploads\/2011\/09\/radyo22.jpg\"><img loading=\"lazy\" decoding=\"async\" class=\"alignleft size-full wp-image-3729\" title=\"radyo2\" src=\"http:\/\/imamkoy.com\/wp-content\/uploads\/2011\/09\/radyo22.jpg\" alt=\"\" width=\"124\" height=\"93\" \/><\/a><span style=\"color: #ff0000;\">RADYOLAR: <\/span><\/strong><span style=\"color: #000000;\">Y\u0131l 1955-1973 y\u0131llar\u0131 aras\u0131<\/span><\/span><strong><span style=\"color: #000000;\">\u00a0e<\/span><\/strong>ski e\u011flencelerden radyonun pay\u0131n\u0131 da unutmamak gerekir. Radyo d\u0131\u015fa a\u00e7\u0131lan pencere demektir. Haberler, yorumlar, \u00e7ocuk saati, radyo tiyatrolar\u0131 arkas\u0131 yar\u0131nlar hep radyodan dinlenirdi. Saat g\u00fcnd\u00fcz 10.30 da \u00e7ocuk saati, arkas\u0131 yar\u0131n gibi s\u00fcr\u00fckleyici oyunlar ve radyo tiyatrosu genelde Agatha christie&#8217;nin\u00a0 cinayet konulu eserleri insan\u0131 s\u00fcr\u00fckler heyecan i\u00e7inde b\u0131rak\u0131rd\u0131. Seslendirme yapan oyuncular Can G\u00fcrzap iyi bir seslendirmediydi. M\u00fczik programlar\u0131 t\u00fcrk pop m\u00fczi\u011fini aranjman olarak konu\u015fulurdu. Bunlardan \u00f6rnekler Tanju Okan \u00f6yle sarho\u015f olsam ki, Fikret K\u0131z\u0131lok a leyli leyli s\u00f6zleri gibi \u00f6rnekler verebiliriz. \u00c7ift\u00e7i tarlas\u0131na radyosunu g\u00f6t\u00fcr\u00fcr i\u015fi zor olsada m\u00fczikle daha t\u00fcrk\u00fc dinleye dinleye \u00e7al\u0131\u015farak daha verimli bir \u00e7al\u0131\u015fma yapard\u0131.<\/p>\n<p><strong><span style=\"color: #ff0000;\">Televizyon: <\/span><\/strong><strong>\u00a0K\u00f6y\u00fcm\u00fcze geli\u015fi ise\u00a0 1970&#8242; \u0092li\u00a0 y\u0131llard\u0131r. TV siyah beyaz renkte idi.\u00a0\u00a0\u0130lk zamanlar k\u00f6yde s\u0131n\u0131rl\u0131 say\u0131da insan\u0131n evinde bulunurmu\u015f (Uzun Emir Ay\u015fe, G\u00fcm\u00fc\u015f\u00fcn Karaali\u0085)&#8217;in evinde vard\u0131.Televizyon program\u0131 saat 8.00\u0092de An\u0131tkabirde n\u00f6bet tutan\u00a0 askerlerin \u0130stiklal Mar\u015f\u0131 okumas\u0131yla\u00a0 a\u00e7\u0131l\u0131r 24. 00&#8217;\u0092te\u00a0 ayn\u0131 \u015fekilde kapan\u0131rd\u0131. 1973\u0092&#8217; teki\u00a0 K\u0131br\u0131s harbi geli\u015fmelerinden de k\u00f6ydeki\u00a0\u00a0\u00a0 Uzun Emiray\u015fe\u0092&#8217;nin evindeki televizyondan geli\u015fmeler takip edilirmi\u015f, Sava\u015f\u00a0 hakk\u0131nda bilgi verilirmi\u015f,\u00a0 sonraki y\u0131llarda ise k\u00f6yde\u00a0 televizyonsuz ev kalmam\u0131\u015ft\u0131r. \u015eimdilerde k\u00f6y\u00fcm\u00fcz uydu, internet vb. gibi teknolojinin hemen b\u00fct\u00fcn imk\u00e2nlar\u0131ndan faydalanabilmektedir<\/strong>.<strong>\u00a0<\/strong><\/p>\n<p><span style=\"color: #ff0000;\"><strong>D\u00fcmbek \u00c7almak: <span style=\"color: #000000;\">Eski k\u00f6y kad\u0131nlar\u0131 e\u011flence olarak kom\u015fular\u0131na gezmeye giderlermi\u015f, kom\u015fuluk ili\u015fkileri iyiymi\u015f birka\u00e7 kad\u0131n bir araya toplan\u0131r \u00e7ocuklar\u0131 da kendi hallerinde ellerindeki oyuncakla oynarlar yeni oyunlar icat ederlermi\u015f, kad\u0131nlar biraz oturduktan sonra o t\u00fcmbe\u011fi getirin biraz \u00e7alal\u0131m derlermi\u015f t\u00fcrk\u00fc s\u00f6yler solo olarak oynarlarm\u0131\u015f bu oyunlar \u0130nce Memet, G\u00fcd\u00fc\u015fl\u00fcn\u00fcn \u00c7e\u015fmesi, Kerimo\u011flu, Pembe G\u0131rebimin Oyas\u0131 Ya\u015f Pinar K\u00f6klenirmi? bunlardan baz\u0131lar\u0131ym\u0131\u015f, D\u00fcmbe\u011fi genelde G\u00fcs\u00fcn Teyze ve \u0130mine teyze \u00e7alarm\u0131\u015f b\u00f6ylece geceyi de\u011ferlendirirlermi\u015f\u00a0 eh eski e\u011flenceler i\u015fte ne g\u00fczelmi\u015f o zamanlar.<\/span><\/strong><\/span><\/p>\n\n\n<p><\/p>\n","protected":false},"excerpt":{"rendered":"<p>Mustafa YAVA\u015e (Deveci Mustafa)&#8217;\u0131n 1945-1950 y\u0131llar\u0131 aras\u0131nda, k\u00f6y\u00fcm\u00fcz erkeklerince d\u00fczenlenen e\u011flencelerde d\u00fcmbek\u00a0 \u00e7ald\u0131\u011f\u0131n\u0131 \u00f6\u011frendim.\u00a0 Alimo\u011flu da buna\u00a0 kabak kemane ile e\u015flik edermi\u015f, g\u00fczel e\u011flenceler ger\u00e7ekle\u015ftirilirmi\u015f.\u00a0 1950&#8217;den sonra Ayd\u0131n&#8217;a sinema k\u00fclt\u00fcr\u00fc gelmi\u015ftir. K\u00f6yden film izlemek isteyenler Ayd\u0131n&#8217;a yazl\u0131k sinemalara giderlermi\u015f g\u00fcn\u00fcn yorgunlu\u011funu veya y\u0131l\u0131n yorgunlu\u011funu b\u00f6yle atarlarm\u0131\u015f, \u0130p Cambazlar\u0131n\u0131 bilmem hat\u0131rlayan varm\u0131?1967 y\u0131llar\u0131ndan sonra yaz aylar\u0131nda, &hellip; <a href=\"http:\/\/imamkoy.com\/index.php\/225-2\/\" class=\"more-link\">Okumaya devam et <span class=\"screen-reader-text\">\u0130mamk\u00f6y- Ayd\u0131n Eski E\u011flence K\u00fclt\u00fcr\u00fc Yazl\u0131k Sinamalar, \u0130p Cambazlar\u0131, D\u00fcmbek \u00c7almak,  Radyolar (Arkas\u0131 Yar\u0131n) Piyesler ve Televizyonlar<\/span><\/a><\/p>\n","protected":false},"author":1,"featured_media":0,"parent":0,"menu_order":0,"comment_status":"open","ping_status":"open","template":"","meta":{"footnotes":""},"class_list":["post-225","page","type-page","status-publish","hentry"],"_links":{"self":[{"href":"http:\/\/imamkoy.com\/index.php\/wp-json\/wp\/v2\/pages\/225","targetHints":{"allow":["GET"]}}],"collection":[{"href":"http:\/\/imamkoy.com\/index.php\/wp-json\/wp\/v2\/pages"}],"about":[{"href":"http:\/\/imamkoy.com\/index.php\/wp-json\/wp\/v2\/types\/page"}],"author":[{"embeddable":true,"href":"http:\/\/imamkoy.com\/index.php\/wp-json\/wp\/v2\/users\/1"}],"replies":[{"embeddable":true,"href":"http:\/\/imamkoy.com\/index.php\/wp-json\/wp\/v2\/comments?post=225"}],"version-history":[{"count":57,"href":"http:\/\/imamkoy.com\/index.php\/wp-json\/wp\/v2\/pages\/225\/revisions"}],"predecessor-version":[{"id":9958,"href":"http:\/\/imamkoy.com\/index.php\/wp-json\/wp\/v2\/pages\/225\/revisions\/9958"}],"wp:attachment":[{"href":"http:\/\/imamkoy.com\/index.php\/wp-json\/wp\/v2\/media?parent=225"}],"curies":[{"name":"wp","href":"https:\/\/api.w.org\/{rel}","templated":true}]}}