{"id":2381,"date":"2012-03-30T11:59:07","date_gmt":"2012-03-30T11:59:07","guid":{"rendered":"http:\/\/imamkoy.com\/?page_id=2381"},"modified":"2026-04-09T21:56:37","modified_gmt":"2026-04-09T20:56:37","slug":"koyumuzun-savaslarda-yer-alan-isimsiz-erkek-kahramanlari","status":"publish","type":"page","link":"http:\/\/imamkoy.com\/index.php\/koyumuzun-savaslarda-yer-alan-isimsiz-erkek-kahramanlari\/","title":{"rendered":"\u0130mamk\u00f6y&#8217;den \u00c7ete Ay\u015fe Gibi  Sava\u015flara Kat\u0131lan  \u0130simsiz Erkek Kahramanlar\u0131n&#8217;dan Sad\u0131k Efendi Kimdir?"},"content":{"rendered":"<p style=\"text-align: justify;\"><span style=\"color: #ff0000;\">\u00a0<\/span><a href=\"http:\/\/imamkoy.com\/wp-content\/uploads\/2012\/03\/suat2.bmp\">\u0130<img decoding=\"async\" class=\"alignleft size-full wp-image-2385\" title=\"suat2\" src=\"http:\/\/imamkoy.com\/wp-content\/uploads\/2012\/03\/suat2.bmp\" alt=\"\" \/><\/a>mamk\u00f6y&#8217;l\u00fc Sadik Erkan (Sad\u0131k Efendi) k\u00fc\u00e7\u00fck ya\u015fta \u0130stanbul&#8217;da tahsildeyken<strong> I. D\u00fcnya<\/strong> <strong>Savas\u0131<\/strong> \u00e7\u0131km\u0131\u015f ve yedek subay olarak Osmanl\u0131 ordusuna kat\u0131lm\u0131\u015ft\u0131r. <strong>Filistin cephesinde<\/strong> \u0130ngilizlerle sava\u015fm\u0131\u015f, esir olarak Hindistan&#8217;a g\u00f6t\u00fcr\u00fclm\u00fc\u015ft\u00fcr. Esaret d\u00f6n\u00fc\u015f\u00fcnde Kurtulu\u015f Sava\u015f\u0131&#8217;na kat\u0131lmak i\u00e7in kat\u0131r s\u0131rt\u0131nda Sinop&#8217;tan Ankara&#8217;ya gelmi\u015f. 22 g\u00fcnl\u00fck <strong>Sakarya<\/strong>\u00a0<b>Sava\u015flar\u0131<\/b>, <b>26 A\u011fustos&#8217;ta\u00a0ba\u015flayan B\u00fcy\u00fck Taarruz&#8217;<\/b>da da m<span style=\"color: #000000;\">akineli t\u00fcfek subay\u0131<\/span> olarak bu sava\u015fta yer alm\u0131\u015ft\u0131r. Zaferden sonra tayin oldu\u011fu Ayval\u0131k&#8217;ta\u00a0 \u015e\u00fck\u00fcfe han\u0131m ile evlenmi\u015f ve askerlikten ayr\u0131larak do\u011fdu\u011fu k\u00f6y olan \u0130mamk\u00f6y&#8217;e yerle\u015fmi\u015ftir. <strong>II. D\u00fcnya Sava\u015f\u0131n<\/strong>da tekrar askere al\u0131nm\u0131\u015f, Sava\u015f sonuna kadar Gelibolu&#8217;da yer alm\u0131\u015ft\u0131r.<\/p>\n<p><a href=\"http:\/\/imamkoy.com\/wp-content\/uploads\/2021\/07\/sadik-efendi-x.jpg\"><img loading=\"lazy\" decoding=\"async\" class=\"size-full wp-image-6139 alignleft\" src=\"http:\/\/imamkoy.com\/wp-content\/uploads\/2021\/07\/sadik-efendi-x.jpg\" alt=\"\" width=\"254\" height=\"171\" \/><\/a><\/p>\n<p style=\"text-align: justify;\"><a href=\"http:\/\/imamkoy.com\/wp-content\/uploads\/2012\/03\/suat3.bmp\"><img decoding=\"async\" class=\"alignnone size-full wp-image-2405\" title=\"suat3\" src=\"http:\/\/imamkoy.com\/wp-content\/uploads\/2012\/03\/suat3.bmp\" alt=\"\" \/><\/a><a href=\"http:\/\/imamkoy.com\/wp-content\/uploads\/2012\/03\/100_0267.jpg\"><img loading=\"lazy\" decoding=\"async\" class=\"alignnone size-thumbnail wp-image-2562\" title=\"100_0267\" src=\"http:\/\/imamkoy.com\/wp-content\/uploads\/2012\/03\/100_0267-150x150.jpg\" alt=\"\" width=\"150\" height=\"150\" \/><\/a><\/p>\n<p style=\"text-align: justify;\">\n<p style=\"text-align: justify;\"><strong>Tekrar askerlikten istifa ederek k\u00f6ye yerle\u015fmi\u015f ve 1962&#8217;de ge\u00e7irdi\u011fi kalp krizinden \u00f6lene kadar \u0130mamk\u00f6y&#8217;de ya\u015fam\u0131\u015ft\u0131r.<\/strong><\/p>\n<p><a href=\"http:\/\/imamkoy.com\/wp-content\/uploads\/2021\/07\/212227528_846218209623892_7012858950243387090_n.jpg\"><img loading=\"lazy\" decoding=\"async\" class=\"size-full wp-image-6143 alignleft\" src=\"http:\/\/imamkoy.com\/wp-content\/uploads\/2021\/07\/212227528_846218209623892_7012858950243387090_n.jpg\" alt=\"\" width=\"156\" height=\"280\" \/><\/a><\/p>\n<p style=\"text-align: justify;\">\u00a0Sad\u0131k Efendi \u0130mamk\u00f6y&#8217;de\u00a0 tek katl\u0131 m\u00fcstakil \u00f6n\u00fc bah\u00e7eli\u00a0 \u00f6n\u00fcnde havuzu olan b\u00fcy\u00fck portakal bah\u00e7esi i\u00e7indeki bu evde ya\u015fam\u0131\u015ft\u0131r. \u00fc\u00e7 o\u011flundan ayr\u0131 birde k\u0131z\u0131 varm\u0131\u015f, Onu da k\u00f6y\u00fcm\u00fcz\u00fcn say\u0131l\u0131 ailelerinden Karahay\u0131t hocan\u0131n o\u011fluyla evlendirdi\u011fi s\u00f6ylenmektedir.<\/p>\n<p style=\"text-align: justify;\">\u00a0\u00a0Ev sat\u0131lm\u0131\u015f yeni sahibi bu yeni binay\u0131 yapt\u0131rm\u0131\u015ft\u0131r. Portakallar meyvalar ayn\u0131 \u015fekilde bulunmaktad\u0131r.<\/p>\n<p style=\"text-align: justify;\"><a href=\"http:\/\/imamkoy.com\/wp-content\/uploads\/2012\/03\/esir_edilen_turkler.jpg\"><img loading=\"lazy\" decoding=\"async\" class=\"alignleft size-medium wp-image-3156\" title=\"esir_edilen_turkler\" src=\"http:\/\/imamkoy.com\/wp-content\/uploads\/2012\/03\/esir_edilen_turkler-300x200.jpg\" alt=\"\" width=\"300\" height=\"200\" srcset=\"http:\/\/imamkoy.com\/wp-content\/uploads\/2012\/03\/esir_edilen_turkler-300x200.jpg 300w, http:\/\/imamkoy.com\/wp-content\/uploads\/2012\/03\/esir_edilen_turkler-448x300.jpg 448w, http:\/\/imamkoy.com\/wp-content\/uploads\/2012\/03\/esir_edilen_turkler.jpg 450w\" sizes=\"auto, (max-width: 300px) 100vw, 300px\" \/><\/a><\/p>\n<p style=\"text-align: justify;\">Dedem Osman KARABULUT I. D\u00fcnya \u015favas\u0131nda (1918-1819) y\u0131llar\u0131nda Suriye-Filistin cephelerinde sava\u015fa kat\u0131lm\u0131\u015f bu sava\u015fta \u0130ngilizlere esir d\u00fc\u015fm\u00fc\u015f M\u0131s\u0131rda esir kamplar\u0131nda ya\u015fam\u0131\u015ft\u0131r. Esaret d\u00f6n\u00fc\u015f\u00fc \u0130mamk\u00f6y&#8217;e gelmi\u015f ve orada ya\u015fananlar\u0131 \u015f\u00f6yle dile getirmi\u015ftir.<\/p>\n<p style=\"text-align: justify;\">\u0130ngilizler bizi g\u00f6stermelik iyi davrand\u0131lar \u00e7ok a\u00e7 ve sefil hayat ya\u015fad\u0131k sofraya konulan nimetlerin de\u011ferini bilin biz esirlikte olmam\u0131\u015f dar\u0131lar\u0131n kevseklerini kaynat\u0131p yiyerek karn\u0131m\u0131z\u0131 doyurduk ayakta kald\u0131k dermi\u015f, bir ba?ka an?s?n? da s\u00f6yle anlatm??;<\/p>\n<p style=\"text-align: justify;\"><strong><a href=\"http:\/\/imamkoy.com\/wp-content\/uploads\/2012\/03\/APDC2245.jpg\"><img loading=\"lazy\" decoding=\"async\" class=\"alignleft size-thumbnail wp-image-3179\" title=\"APDC2245\" src=\"http:\/\/imamkoy.com\/wp-content\/uploads\/2012\/03\/APDC2245-150x150.jpg\" alt=\"\" width=\"150\" height=\"150\" \/><\/a>&#8220;Yolda giderken bir tane \u00f6l\u00fc ke\u00e7i kellesi buldum ald?m onu al?rken ba?ka askerler g\u00f6rd\u00fc onlardan utand?m ne yapaca??m? ?a??rd?m atsam birt\u00fcrl\u00fc atmasam birt\u00fcrl\u00fc ve sonunda att?m, atmamla o bakan askerler daha yere d\u00fc?meden ald?lar ate? yak?p bir g\u00fczel k?zart?p yediler ben ki o \u00f6l\u00fc kokmu? kellenin arkas?ndan saatlerce pi\u015fmanl?k duydum. \u00e7\u00fcnk\u00fc ac?m, susuzum<\/strong>&#8221;\u00a0 diye g\u00f6zleri dolarak anlat?rm??, yandaki\u00a0k\u00fc\u00e7\u00fck \u00a0resim Osman KARABULUT&#8217;ur<\/p>\n<p style=\"text-align: justify;\">\u00a0Bu esirlik d\u00f6neminden ba\u015fka bir an\u0131ya\u00a0\u00a0k\u00f6y\u00fcm\u00fczden b\u00fcy\u00fck day\u0131m G\u00f6zl\u00fckl\u00fc Mehmet anlatm\u0131\u015f, Mehmet G\u00f6zl\u00fckl\u00fc \u0130mamk\u00f6y&#8217;de Ahmet G\u00f6k\u00e7i&#8217;nin ve \u0130brahim Y\u00f6r\u00fck&#8217;\u00fcn evinin bulundu\u011fu yerde oturuyormu\u015f, Lakaplar\u0131 G\u00f6zl\u00fckl\u00fclermi\u015f;<\/p>\n<p style=\"text-align: justify;\">\u00a028 Haziran 1337 (1919) \u00a0tarihinde \u0130ngilizlere 150 bin\u00a0\u00a0\u00a0asker esir d\u00fc?m\u00fc?t\u00fck, bizi M\u0131s\u0131rdaki kamplara g\u00f6t\u00fcrd\u00fcler orada \u00e7ok i\u015fkence g\u00f6rd\u00fck. Esir d\u00fc\u015fmeden \u00f6nce g\u00f6zlerim iyiydi orada i\u015fkence ile g\u00f6zlerimizi k\u00f6r ettiler. Esaret d\u00f6n\u00fc\u015f\u00fc k\u00f6ye geldim art\u0131k g\u00f6zlerim g\u00f6rm\u00fcyordu. G\u00f6zl\u00fck tak\u0131nmaya ba\u015flad\u0131m, bundan sonra lakab\u0131m g\u00f6zl\u00fckl\u00fc olarak kald\u0131 demi\u015f,\u00a0\u00a0\u00a0\u00a0\u00a0\u00a0\u00a0\u00a0\u00a0\u00a0\u00a0\u00a0\u00a0\u00a0\u00a0\u00a0\u00a0\u00a0\u00a0\u00a0\u00a0\u00a0\u00a0\u00a0\u00a0\u00a0\u00a0\u00a0\u00a0\u00a0\u00a0\u00a0\u00a0\u00a0\u00a0\u00a0\u00a0\u00a0\u00a0\u00a0\u00a0\u00a0\u00a0\u00a0\u00a0\u00a0\u00a0\u00a0\u00a0\u00a0\u00a0\u00a0\u00a0\u00a0\u00a0\u00a0\u00a0\u00a0\u00a0\u00a0\u00a0\u00a0\u00a0\u00a0\u00a0\u00a0\u00a0\u00a0\u00a0\u00a0\u00a0\u00a0\u00a0\u00a0\u00a0\u00a0\u00a0\u00a0\u00a0\u00a0\u00a0\u00a0\u00a0\u00a0\u00a0 K\u00f6y\u00fcm\u00fczden bir ba?ka Gazi Abdullah Irmak (Bakkal Abdullah) Abdullah amca \u00c7anakkale ?ava??na kat?lm?? Gazilerdendir. Kendisine Gazilik Madalyas? verilmi?tir. Benim \u00e7ocuklu?umda O Madalyay? \u015ferefle ta\u015f\u0131yordu.<\/p>\n<p style=\"text-align: justify;\">\n","protected":false},"excerpt":{"rendered":"<p>\u00a0\u0130mamk\u00f6y&#8217;l\u00fc Sadik Erkan (Sad\u0131k Efendi) k\u00fc\u00e7\u00fck ya\u015fta \u0130stanbul&#8217;da tahsildeyken I. D\u00fcnya Savas\u0131 \u00e7\u0131km\u0131\u015f ve yedek subay olarak Osmanl\u0131 ordusuna kat\u0131lm\u0131\u015ft\u0131r. Filistin cephesinde \u0130ngilizlerle sava\u015fm\u0131\u015f, esir olarak Hindistan&#8217;a g\u00f6t\u00fcr\u00fclm\u00fc\u015ft\u00fcr. Esaret d\u00f6n\u00fc\u015f\u00fcnde Kurtulu\u015f Sava\u015f\u0131&#8217;na kat\u0131lmak i\u00e7in kat\u0131r s\u0131rt\u0131nda Sinop&#8217;tan Ankara&#8217;ya gelmi\u015f. 22 g\u00fcnl\u00fck Sakarya\u00a0Sava\u015flar\u0131, 26 A\u011fustos&#8217;ta\u00a0ba\u015flayan B\u00fcy\u00fck Taarruz&#8217;da da makineli t\u00fcfek subay\u0131 olarak bu sava\u015fta yer alm\u0131\u015ft\u0131r. &hellip; <a href=\"http:\/\/imamkoy.com\/index.php\/koyumuzun-savaslarda-yer-alan-isimsiz-erkek-kahramanlari\/\" class=\"more-link\">Okumaya devam et <span class=\"screen-reader-text\">\u0130mamk\u00f6y&#8217;den \u00c7ete Ay\u015fe Gibi  Sava\u015flara Kat\u0131lan  \u0130simsiz Erkek Kahramanlar\u0131n&#8217;dan Sad\u0131k Efendi Kimdir?<\/span><\/a><\/p>\n","protected":false},"author":2,"featured_media":0,"parent":0,"menu_order":0,"comment_status":"open","ping_status":"open","template":"","meta":{"footnotes":""},"class_list":["post-2381","page","type-page","status-publish","hentry"],"_links":{"self":[{"href":"http:\/\/imamkoy.com\/index.php\/wp-json\/wp\/v2\/pages\/2381","targetHints":{"allow":["GET"]}}],"collection":[{"href":"http:\/\/imamkoy.com\/index.php\/wp-json\/wp\/v2\/pages"}],"about":[{"href":"http:\/\/imamkoy.com\/index.php\/wp-json\/wp\/v2\/types\/page"}],"author":[{"embeddable":true,"href":"http:\/\/imamkoy.com\/index.php\/wp-json\/wp\/v2\/users\/2"}],"replies":[{"embeddable":true,"href":"http:\/\/imamkoy.com\/index.php\/wp-json\/wp\/v2\/comments?post=2381"}],"version-history":[{"count":76,"href":"http:\/\/imamkoy.com\/index.php\/wp-json\/wp\/v2\/pages\/2381\/revisions"}],"predecessor-version":[{"id":7220,"href":"http:\/\/imamkoy.com\/index.php\/wp-json\/wp\/v2\/pages\/2381\/revisions\/7220"}],"wp:attachment":[{"href":"http:\/\/imamkoy.com\/index.php\/wp-json\/wp\/v2\/media?parent=2381"}],"curies":[{"name":"wp","href":"https:\/\/api.w.org\/{rel}","templated":true}]}}