{"id":24,"date":"2011-08-24T08:10:38","date_gmt":"2011-08-24T08:10:38","guid":{"rendered":"http:\/\/imamkoy.com\/?page_id=24"},"modified":"2026-04-04T18:04:19","modified_gmt":"2026-04-04T17:04:19","slug":"imamkoy-kaplicalari-eski-yeni","status":"publish","type":"page","link":"http:\/\/imamkoy.com\/index.php\/imamkoy-kaplicalari-eski-yeni\/","title":{"rendered":"\u015eahane G\u00fczellikleri ile \u0130mamk\u00f6y  Kapl\u0131cas\u0131 (\u0131l\u0131ca)  Mesire Alan\u0131, \u0130mamk\u00f6y Do\u011fa Oteli (Tarihi ve G\u00f6r\u00fcnt\u00fcleri)  yeni ve eski foto\u011fraflar\u0131 ile Hz: Nermin KARABULUT"},"content":{"rendered":"\n<p><\/p>\n\n\n<p style=\"text-align: left;\"><span style=\"color: #ff0000;\"><strong>\u00a0\u00a0\u00a0\u00a0\u00a0\u00a0\u00a0\u00a0\u00a0\u00a0<\/strong><\/span> <span style=\"font-size: inherit;\">\u00a0<\/span><span style=\"color: #ff0000;\"><strong>\u00a0<\/strong><\/span><span style=\"color: #ff0000;\"><strong>\u00a0 Imamk\u00f6y Il\u0131cas\u0131\u00a0 Eski Do\u011fal Hali<\/strong><\/span><a href=\"http:\/\/imamkoy.com\/wp-content\/uploads\/2022\/02\/ilica1-scaled.jpg\"><img loading=\"lazy\" decoding=\"async\" class=\"aligncenter size-full wp-image-7042\" src=\"http:\/\/imamkoy.com\/wp-content\/uploads\/2022\/02\/ilica1-scaled.jpg\" alt=\"\" width=\"2560\" height=\"1440\" srcset=\"http:\/\/imamkoy.com\/wp-content\/uploads\/2022\/02\/ilica1-scaled.jpg 2560w, http:\/\/imamkoy.com\/wp-content\/uploads\/2022\/02\/ilica1-300x169.jpg 300w, http:\/\/imamkoy.com\/wp-content\/uploads\/2022\/02\/ilica1-1024x576.jpg 1024w, http:\/\/imamkoy.com\/wp-content\/uploads\/2022\/02\/ilica1-768x432.jpg 768w, http:\/\/imamkoy.com\/wp-content\/uploads\/2022\/02\/ilica1-1536x864.jpg 1536w, http:\/\/imamkoy.com\/wp-content\/uploads\/2022\/02\/ilica1-2048x1152.jpg 2048w\" sizes=\"auto, (max-width: 2560px) 100vw, 2560px\" \/><\/a><\/p>\n<p><span style=\"font-size: small;\"><span style=\"font-family: Times New Roman;\"><strong>\u00a0<\/strong><\/span><\/span><strong>K\u00f6y merkezine 1 km uzakl\u0131kta y\u00fcr\u00fcyerek veya otomobille gidilebilir, Dere kenar\u0131ndan ye\u015fillikler aras\u0131nda mis gibi temiz havay\u0131 i\u00e7imize \u00e7ekerek y\u00fcr\u00fcmek, hem de spor yapmak \u00e7ok keyif vericidir. Ama tercih ki\u015fiye aittir.<\/strong><\/p>\n<figure id=\"attachment_8794\" aria-describedby=\"caption-attachment-8794\" style=\"width: 493px\" class=\"wp-caption aligncenter\"><a href=\"http:\/\/imamkoy.com\/wp-content\/uploads\/2023\/10\/manzara-2.jpg\"><img loading=\"lazy\" decoding=\"async\" class=\" wp-image-8794\" src=\"http:\/\/imamkoy.com\/wp-content\/uploads\/2023\/10\/manzara-2-300x225.jpg\" alt=\"\" width=\"493\" height=\"370\" srcset=\"http:\/\/imamkoy.com\/wp-content\/uploads\/2023\/10\/manzara-2-300x225.jpg 300w, http:\/\/imamkoy.com\/wp-content\/uploads\/2023\/10\/manzara-2-1024x768.jpg 1024w, http:\/\/imamkoy.com\/wp-content\/uploads\/2023\/10\/manzara-2-768x576.jpg 768w, http:\/\/imamkoy.com\/wp-content\/uploads\/2023\/10\/manzara-2-1536x1152.jpg 1536w, http:\/\/imamkoy.com\/wp-content\/uploads\/2023\/10\/manzara-2.jpg 1600w\" sizes=\"auto, (max-width: 493px) 100vw, 493px\" \/><\/a><figcaption id=\"caption-attachment-8794\" class=\"wp-caption-text\">Il\u0131ca \u0130mamk\u00f6y \u00e7ay\u0131<\/figcaption><\/figure>\n<p><b>\u00a0 \u00a0 \u00a0\u0130mamk\u00f6y Il\u0131cas\u0131 hakk\u0131nda bilinmeyenler, \u0131l\u0131ca \u00f6nceleri \u015fifal\u0131 su olarak kullan\u0131l\u0131rd\u0131. Herkes derdine \u00e7are bulay\u0131m diye gelirdi. \u00c7evre k\u00f6ylerden, ilden ve il\u00e7elerden gelirler, kapl\u0131caya (\u0131l\u0131ca) havuzlar\u0131na\u00a0 girerler hem banyo al\u0131rlar, hem de hastal\u0131klar\u0131na derman bulurlard\u0131. Il\u0131ca d\u0131\u015far\u0131 ak\u0131t\u0131lan\u00a0 \u00a0\u00e7e\u015fmeden akan su i\u00e7ilir bunun \u00a0i\u00e7 organlar\u0131n temizlenmesinde yard\u0131mc\u0131 oldu\u011fu s\u00f6ylenmektedir. \u0130\u00e7mesi ac\u0131 ve yavand\u0131r. Yeralt\u0131ndan iki farkl\u0131 su \u00e7\u0131kmaktayd\u0131. Birisi olduk\u00e7a s\u0131cak, di\u011feri \u0131l\u0131k olarak \u00e7\u0131kard\u0131. Bunlar i\u00e7in iki farkl\u0131 oda tanzim edilmi\u015f, soldaki odadaki su s\u0131cak akar daha \u00e7ok romatizmal hastal\u0131klar i\u00e7in kullan\u0131l\u0131r.\u00a0 Di\u011fer odada su \u0131l\u0131k olarak akar. Bu \u00a0su cilt hastal\u0131klar\u0131na iyi gelirdi. \u00c7\u0131ban, mayas\u0131l, basur gibi hastal\u0131\u011f\u0131 olanlar banyoya girenler birka\u00e7 g\u00fcn kal\u0131rlar.\u00a0 Banyo \u00e7\u0131k\u0131\u015flar\u0131nda mutlaka kendilerine \u00e7ad\u0131rda veya baraka tipi odalarda r\u00fczgardan korumaya \u00e7al\u0131\u015f\u0131rlar, \u015fifal\u0131 suyun faydas\u0131n\u0131 g\u00f6r\u00fcrlerdi. \u00a0Il\u0131cay\u0131 \u00e7al\u0131\u015ft\u0131ranlar genelde aile olurdu. temizli\u011fi ile ailenin bayanlar ilgilenirdi. Havuzlar her banyodan sonra temizlenirdi. Di\u011fer banyoya girecekler i\u00e7in haz\u0131r vaziyette b\u0131rak\u0131l\u0131rd\u0131. Fiyatlar\u0131 da c\u00fcz\u00fc bir miktarda\u00a0 olup, tam bir kapl\u0131ca g\u00f6r\u00fcn\u00fcm\u00fcnde idi.\u00a0 Bah\u00e7enin her taraf\u0131 temizlenir, \u00e7al\u0131 s\u00fcp\u00fcrge ile s\u00fcp\u00fcr\u00fcl\u00fcrd\u00fc. Sade bak\u0131ml\u0131 do\u011fall\u0131\u011f\u0131 bozulmam\u0131\u015f bir yerdi.\u00a0 \u00c7ocuklu\u011fumuzda giderdik, mahalle olarak banyolara girilir yemekler yenir \u00e7ok g\u00fczel g\u00fcn ge\u00e7irilmi\u015f olurdu. \u015eimdi yirmi y\u0131ld\u0131r kapl\u0131ca piknik yeri olarak kullan\u0131lmakta \u015fehrin kalabal\u0131k havas\u0131ndan ka\u00e7anlar serin yer olan \u0131l\u0131cada\u00a0 ve mesire alan\u0131nda ailece piknik yapmaktad\u0131rlar. Mesire alan\u0131 olarak kullan\u0131lan eski ad\u0131yla \u0131l\u0131calar\u0131n tam ortas\u0131nda ortas\u0131ndan akan \u0130mamk\u00f6y \u00e7ay\u0131 \u00a0buraya m\u00fcthi\u015f \u00a0bir manzara olu\u015fturmaktad\u0131r. Hele sonbaharda kavak a\u011fa\u00e7lar\u0131n\u0131n aras\u0131nda g\u00f6r\u00fclmeye de\u011fer bir manzara sergilenmektedir. Metin yazar\u0131 : N. Karabulut<\/b><\/p>\n<p><a href=\"http:\/\/imamkoy.com\/wp-content\/uploads\/2022\/02\/ilica3-scaled.jpg\"><img loading=\"lazy\" decoding=\"async\" class=\"aligncenter size-full wp-image-7047\" src=\"http:\/\/imamkoy.com\/wp-content\/uploads\/2022\/02\/ilica3-scaled.jpg\" alt=\"\" width=\"2560\" height=\"1440\" srcset=\"http:\/\/imamkoy.com\/wp-content\/uploads\/2022\/02\/ilica3-scaled.jpg 2560w, http:\/\/imamkoy.com\/wp-content\/uploads\/2022\/02\/ilica3-300x169.jpg 300w, http:\/\/imamkoy.com\/wp-content\/uploads\/2022\/02\/ilica3-1024x576.jpg 1024w, http:\/\/imamkoy.com\/wp-content\/uploads\/2022\/02\/ilica3-768x432.jpg 768w, http:\/\/imamkoy.com\/wp-content\/uploads\/2022\/02\/ilica3-1536x864.jpg 1536w, http:\/\/imamkoy.com\/wp-content\/uploads\/2022\/02\/ilica3-2048x1152.jpg 2048w\" sizes=\"auto, (max-width: 2560px) 100vw, 2560px\" \/><\/a><\/p>\n<figure id=\"attachment_28\" aria-describedby=\"caption-attachment-28\" style=\"width: 318px\" class=\"wp-caption aligncenter\"><a href=\"http:\/\/imamkoy.com\/wp-content\/uploads\/2011\/08\/SUNP0228.jpg\"><img loading=\"lazy\" decoding=\"async\" class=\"wp-image-28\" title=\"SUNP0228\" src=\"http:\/\/imamkoy.com\/wp-content\/uploads\/2011\/08\/SUNP0228-150x150.jpg\" alt=\"\" width=\"318\" height=\"318\" \/><\/a><figcaption id=\"caption-attachment-28\" class=\"wp-caption-text\">\u0130mamk\u00f6yl\u00fc \u00dclker CESUR (rahmetli)<\/figcaption><\/figure>\n<p><strong>1967 Y\u0131l\u0131nda e\u015fiyle birlikte \u0131l\u0131ca tesislerini i\u015fleten \u00dclker Cesur elli iki\u00a0 y\u0131l \u00f6nceki \u0131l\u0131cay\u0131 anlat\u0131yor. 2011 y\u0131l\u0131nda \u0130mamk\u00f6y \u0131l\u0131cas\u0131 hakk\u0131nda\u00a0 r\u00f6portaj yapm\u0131\u015ft\u0131m. Bildiklerini anlatt\u0131.<\/strong><\/p>\n<p><strong>\u0130ki Oda\u00a0 olan \u0131l\u0131cay\u0131 kendi imkanlar\u0131m\u0131zla \u00fc\u00e7 oda yapt\u0131k. iki oda banyo bir odas\u0131 dinlenme odas\u0131 olarak kullan\u0131l\u0131rd\u0131. Banyo olarak kullan\u0131lan odalarda havuzlar temizlenir, havuz dolar su s\u00fcrekli a\u00e7\u0131k kal\u0131rd\u0131. Ki\u015fi banyo havuzlar\u0131na girer. ilk olarak k\u00fck\u00fcrtl\u00fc olan suya girilir bu daha \u00e7ok cilt hastal\u0131klar\u0131na iyi gelir. Sonra sodal\u0131 su olan\u00a0 di\u011fer havuza girilir. Bu sodal\u0131 su kar\u0131n \u015fi\u015fmelerine iyi gelir. Bu sudan da i\u00e7ilir i\u00e7 organlar\u0131n temizli\u011fi a\u00e7\u0131s\u0131ndan, \u00c7ocu\u011fu olmayan kad\u0131nlar da \u00e7ocuk olmas\u0131 i\u00e7in buraya gelirlerdi sonra tekrar gelirler \u00e7ocuk sahibi olduklar\u0131n\u0131 s\u00f6ylerlerdi. Romatizmal hastal\u0131klara, cilt hastal\u0131klar\u0131na iyi geldi\u011fi s\u00f6ylenirdi. Her banyodan sonra havuzlar bo\u015falt\u0131l\u0131r. Temizlenir odalar s\u00fcp\u00fcr\u00fcl\u00fcr havuz dolar tekrar di\u011fer m\u00fc\u015fterilere \u00a0sunulurdu.<\/strong><\/p>\n<p><strong>\u00a0T\u00fcrkiye&#8217;nin her k\u00f6\u015fesinden m\u00fc\u015fterilerimiz vard\u0131. Umurlu, Aydin, K\u00f6\u015fk hatta \u0130stanbul&#8217;dan bile m\u00fc\u015fterilerimiz vard\u0131. Biz i\u015fletmeci oldu\u011fumuz d\u00f6nemlerde \u00e7evre temizli\u011fine de \u00e7ok \u00f6nem verirdik. Bah\u00e7eler her g\u00fcn s\u00fcp\u00fcr\u00fcl\u00fcrd\u00fc. iki tane tuvalet yapt\u0131k. (bayan, erkek) i\u00e7me suyunu b\u00fcy\u00fck toprak k\u00fcp veya testilerde ilerideki da\u011fdan \u00e7\u0131kan p\u0131nardan\u00a0\u00a0su doldurarak m\u00fc\u015fteriye sunard\u0131k \u015fimdiki gibi pet \u015fi\u015felerde su yoktu sat\u0131lmazd\u0131.\u00a0\u00a0Her \u015fey katk\u0131s\u0131z\u00a0 ve do\u011fald\u0131.<\/strong><\/p>\n<p><strong>\u0130steyen banyo sonras\u0131 mesire yerimizde evlerinden getirdikleri malzemelerle yemek yap\u0131p\u00a0 yerler, \u00e7ay, kahve i\u00e7erdi. Bizden m\u00fc\u015fteriler \u00e7ok memnun kal\u0131rlard\u0131. Tekrar ertesi y\u0131l gelirlerdi. Tesislerimizde i\u00e7ki i\u00e7ilmez mesire yeri daha \u00e7ok \u015fifa i\u00e7in hizmet verirdik. Il\u0131ca ge\u00e7mi\u015fi hakk\u0131ndaki y<b>az\u0131m\u00a0 2011 y\u0131l\u0131nda taraf\u0131mdan \u00dclker teyze ile\u00a0 s\u00f6yle\u015fi derleme olarak yap\u0131lm\u0131\u015ft\u0131r.<\/b><\/strong><\/p>\n<p><span style=\"color: #ff0000;\"><strong>\u00dclker teyzeye<\/strong> <strong>Eski \u0131l\u0131ca hakk\u0131nda ne biliyorsun<\/strong><strong>\u00a0diye sordum.<\/strong><\/span><\/p>\n<p><strong>\u00a0Oraya gitmedi\u011fini ve pek bilgisi olmad\u0131\u011f\u0131n\u0131 s\u00f6yledi. \u015eu anda vefat etti Allah rahmet eylesin.<\/strong><\/p>\n<p><strong>Il\u0131cay\u0131 daha sonra i\u015fleten i\u015fletmecilerden\u00a0 edindi\u011fimiz bilgilere g\u00f6re 2007 y\u0131l\u0131nda Ayd\u0131n \u0130l \u00d6zel \u0130dare kapl\u0131 suyunun i\u015fletilmesi ile ilgili olarak K\u00f6y Muhtarl\u0131\u011f\u0131na yaz\u0131 yazm\u0131\u015f yaz\u0131 Muhtarl\u0131k cevap vermeyince kapl\u0131ca suyunun i\u015fletimi MTA\u2019ya devredilmi\u015f oldu\u011funu s\u00f6ylediler.\u00a0<\/strong><\/p>\n<figure id=\"attachment_8791\" aria-describedby=\"caption-attachment-8791\" style=\"width: 407px\" class=\"wp-caption aligncenter\"><a href=\"http:\/\/imamkoy.com\/wp-content\/uploads\/2023\/10\/sifali-su.jpg\"><img loading=\"lazy\" decoding=\"async\" class=\"wp-image-8791\" src=\"http:\/\/imamkoy.com\/wp-content\/uploads\/2023\/10\/sifali-su-300x225.jpg\" alt=\"\" width=\"407\" height=\"305\" srcset=\"http:\/\/imamkoy.com\/wp-content\/uploads\/2023\/10\/sifali-su-300x225.jpg 300w, http:\/\/imamkoy.com\/wp-content\/uploads\/2023\/10\/sifali-su-1024x768.jpg 1024w, http:\/\/imamkoy.com\/wp-content\/uploads\/2023\/10\/sifali-su-768x576.jpg 768w, http:\/\/imamkoy.com\/wp-content\/uploads\/2023\/10\/sifali-su-1536x1152.jpg 1536w, http:\/\/imamkoy.com\/wp-content\/uploads\/2023\/10\/sifali-su.jpg 1600w\" sizes=\"auto, (max-width: 407px) 100vw, 407px\" \/><\/a><figcaption id=\"caption-attachment-8791\" class=\"wp-caption-text\">Sonra yap\u0131lan \u015fifal\u0131 su havuzu \u0130mamk\u00f6y<\/figcaption><\/figure>\n<p><strong><span style=\"font-size: small;\">\u00a0\u00a0\u00a0<span style=\"color: #993300;\">ILICA D\u00dcZENLEME YAPILMADAN \u00d6NCEK\u0130 HALiYLE<\/span><\/span><\/strong><\/p>\n<p><strong><span style=\"font-size: small;\"><a href=\"http:\/\/imamkoy.com\/wp-content\/uploads\/2011\/08\/APDC0112.jpg\"><img loading=\"lazy\" decoding=\"async\" class=\"aligncenter size-large wp-image-36\" title=\"APDC0112\" src=\"http:\/\/imamkoy.com\/wp-content\/uploads\/2011\/08\/APDC0112-1024x672.jpg\" alt=\"\" width=\"584\" height=\"383\" srcset=\"http:\/\/imamkoy.com\/wp-content\/uploads\/2011\/08\/APDC0112-1024x672.jpg 1024w, http:\/\/imamkoy.com\/wp-content\/uploads\/2011\/08\/APDC0112-300x196.jpg 300w, http:\/\/imamkoy.com\/wp-content\/uploads\/2011\/08\/APDC0112-457x300.jpg 457w\" sizes=\"auto, (max-width: 584px) 100vw, 584px\" \/><\/a><\/span><\/strong><\/p>\n<p><a href=\"http:\/\/imamkoy.com\/wp-content\/uploads\/2011\/08\/APDC03541.jpg\"><img loading=\"lazy\" decoding=\"async\" class=\"aligncenter size-large wp-image-330\" title=\"APDC0354\" src=\"http:\/\/imamkoy.com\/wp-content\/uploads\/2011\/08\/APDC03541-1024x552.jpg\" alt=\"\" width=\"584\" height=\"314\" srcset=\"http:\/\/imamkoy.com\/wp-content\/uploads\/2011\/08\/APDC03541-1024x552.jpg 1024w, http:\/\/imamkoy.com\/wp-content\/uploads\/2011\/08\/APDC03541-300x161.jpg 300w, http:\/\/imamkoy.com\/wp-content\/uploads\/2011\/08\/APDC03541-500x269.jpg 500w\" sizes=\"auto, (max-width: 584px) 100vw, 584px\" \/><\/a><\/p>\n<p><span style=\"color: #008000;\"><strong>ILICA Y\u00dcR\u00dcY\u00dc\u015e YOLU<\/strong><\/span><\/p>\n<p><a href=\"http:\/\/imamkoy.com\/wp-content\/uploads\/2011\/08\/APDC01221.jpg\"><img loading=\"lazy\" decoding=\"async\" class=\"aligncenter size-large wp-image-377\" title=\"APDC0122\" src=\"http:\/\/imamkoy.com\/wp-content\/uploads\/2011\/08\/APDC01221-1024x725.jpg\" alt=\"\" width=\"584\" height=\"413\" srcset=\"http:\/\/imamkoy.com\/wp-content\/uploads\/2011\/08\/APDC01221-1024x725.jpg 1024w, http:\/\/imamkoy.com\/wp-content\/uploads\/2011\/08\/APDC01221-300x212.jpg 300w, http:\/\/imamkoy.com\/wp-content\/uploads\/2011\/08\/APDC01221-423x300.jpg 423w\" sizes=\"auto, (max-width: 584px) 100vw, 584px\" \/><\/a><\/p>\n<p><span style=\"color: #008000;\"><strong>ILICADAN G\u00d6R\u00dcN\u00dcM<\/strong><\/span><\/p>\n<p><a href=\"http:\/\/imamkoy.com\/wp-content\/uploads\/2011\/08\/DSCN2283.jpg\"><img loading=\"lazy\" decoding=\"async\" class=\"aligncenter size-large wp-image-540\" title=\"DSCN2283\" src=\"http:\/\/imamkoy.com\/wp-content\/uploads\/2011\/08\/DSCN2283-1024x701.jpg\" alt=\"\" width=\"584\" height=\"399\" srcset=\"http:\/\/imamkoy.com\/wp-content\/uploads\/2011\/08\/DSCN2283-1024x701.jpg 1024w, http:\/\/imamkoy.com\/wp-content\/uploads\/2011\/08\/DSCN2283-300x205.jpg 300w, http:\/\/imamkoy.com\/wp-content\/uploads\/2011\/08\/DSCN2283-437x300.jpg 437w, http:\/\/imamkoy.com\/wp-content\/uploads\/2011\/08\/DSCN2283.jpg 1166w\" sizes=\"auto, (max-width: 584px) 100vw, 584px\" \/><\/a><\/p>\n<p><span style=\"color: #993300;\">\u00a0<strong>AD\u00dc \u00d6\u011fretim g\u00f6revlisi M\u00fckerrem K\u00dcR\u00dcM \u0130mamk\u00f6y&#8217;de bulunan baz\u0131 evlerin ve binalar\u0131n ve\u00a0 mimari yap\u0131s\u0131 \u00fczerinde incelemelerde bulunarak, \u0130mamk\u00f6y \u0131l\u0131cas\u0131 hakk\u0131nda g\u00f6r\u00fc\u015fleri bildirdi.<\/strong><\/span><\/p>\n<p><span style=\"color: #008000;\"><a href=\"http:\/\/imamkoy.com\/wp-content\/uploads\/2011\/08\/PICT17881.jpg\"><img loading=\"lazy\" decoding=\"async\" class=\"aligncenter size-large wp-image-2089\" title=\"PICT1788\" src=\"http:\/\/imamkoy.com\/wp-content\/uploads\/2011\/08\/PICT17881-1024x574.jpg\" alt=\"\" width=\"584\" height=\"327\" srcset=\"http:\/\/imamkoy.com\/wp-content\/uploads\/2011\/08\/PICT17881-1024x574.jpg 1024w, http:\/\/imamkoy.com\/wp-content\/uploads\/2011\/08\/PICT17881-300x168.jpg 300w, http:\/\/imamkoy.com\/wp-content\/uploads\/2011\/08\/PICT17881-500x280.jpg 500w\" sizes=\"auto, (max-width: 584px) 100vw, 584px\" \/><\/a><\/span><\/p>\n<p style=\"text-align: justify;\"><strong><span style=\"color: #993300;\">\u00a0\u00a0\u00a0<span style=\"color: #003300;\">\u00a0<\/span><\/span><\/strong><strong>Yeni Il\u0131ca (Mesire alan\u0131) Eski Il\u0131ca&#8217;n\u0131n suyunun bir kolu da buradan akmaktad\u0131r. \u015eu anda eskiden yap\u0131lan odalar y\u0131k\u0131lm\u0131\u015f, yenisi daha faaliyete ge\u00e7memi\u015ftir. \u015eu anda boru ile su d\u0131\u015far\u0131 ak\u0131t\u0131lmaktad\u0131r.<\/strong><\/p>\n<p style=\"text-align: justify;\"><strong>\u00a0\u00a0\u00a0\u00a0\u00a0\u00a0\u00a0\u00a0\u00a0\u00a0\u00a0 Alt\u0131 d\u00f6n\u00fcml\u00fck bir araziyi kapsayan \u0130mamk\u00f6y mesire alan\u0131 do\u011fal g\u00fczellikleri y\u00fczy\u0131ll\u0131k \u00e7\u0131nar a\u011fa\u00e7lar\u0131n\u0131n ortas\u0131ndan derenin akmas\u0131, ye\u015filli bol insan\u0131 dinlendiren dere suyunun sesiyle g\u00fczel keyifli bir g\u00fcn ge\u00e7irece\u011finiz bir yerdir. \u00c7ocuklar\u0131n do\u011fal ortamda oynayabilece\u011fi alanlar da mevcuttur.<\/strong><strong>\u00a0<\/strong><\/p>\n<figure id=\"attachment_3882\" aria-describedby=\"caption-attachment-3882\" style=\"width: 412px\" class=\"wp-caption aligncenter\"><a href=\"http:\/\/imamkoy.com\/wp-content\/uploads\/2015\/06\/APDC2419.jpg\"><img loading=\"lazy\" decoding=\"async\" class=\"wp-image-3882\" src=\"http:\/\/imamkoy.com\/wp-content\/uploads\/2015\/06\/APDC2419-300x225.jpg\" alt=\"\" width=\"412\" height=\"309\" srcset=\"http:\/\/imamkoy.com\/wp-content\/uploads\/2015\/06\/APDC2419-300x225.jpg 300w, http:\/\/imamkoy.com\/wp-content\/uploads\/2015\/06\/APDC2419-399x300.jpg 399w, http:\/\/imamkoy.com\/wp-content\/uploads\/2015\/06\/APDC2419.jpg 550w\" sizes=\"auto, (max-width: 412px) 100vw, 412px\" \/><\/a><figcaption id=\"caption-attachment-3882\" class=\"wp-caption-text\">\u0130mamk\u00f6y yukar\u0131 \u0131l\u0131ca N. karabulut<\/figcaption><\/figure>\n<p><strong><span style=\"color: #993300;\"><span style=\"color: #003300;\">\u0130mamk\u00f6y Eski Il\u0131cas\u0131 (Yukar\u0131 Il\u0131ca) Roma ve Bizans d\u00f6neminden \u00e7ok \u00f6nemli eserlerin var oldu\u011fu bir yerdir. Ge\u00e7mi\u015fte \u0131l\u0131ca olarak kullan\u0131lan k\u00fck\u00fcrtl\u00fc suyunun i\u00e7erisinde \u00e7e\u015fitli yararl\u0131 mineraller bulunmaktad\u0131r ve kad\u0131n hastal\u0131klar\u0131, cilt hastal\u0131klar\u0131 ba\u011f\u0131rsak hastal\u0131klar\u0131 gibi bir\u00e7ok hastal\u0131\u011fa iyi gelmektedir. Fakat buran\u0131n \u015fu an i\u00e7in gerekli bak\u0131mlar\u0131 yap\u0131lmam\u0131\u015ft\u0131r.<\/span><\/span><\/strong><\/p>\n<p><strong> <a href=\"http:\/\/imamkoy.com\/wp-content\/uploads\/2024\/04\/otel18-scaled.jpg\"><img loading=\"lazy\" decoding=\"async\" class=\"aligncenter size-full wp-image-9324\" src=\"http:\/\/imamkoy.com\/wp-content\/uploads\/2024\/04\/otel18-scaled.jpg\" alt=\"\" width=\"2560\" height=\"1152\" srcset=\"http:\/\/imamkoy.com\/wp-content\/uploads\/2024\/04\/otel18-scaled.jpg 2560w, http:\/\/imamkoy.com\/wp-content\/uploads\/2024\/04\/otel18-300x135.jpg 300w, http:\/\/imamkoy.com\/wp-content\/uploads\/2024\/04\/otel18-1024x461.jpg 1024w, http:\/\/imamkoy.com\/wp-content\/uploads\/2024\/04\/otel18-768x346.jpg 768w, http:\/\/imamkoy.com\/wp-content\/uploads\/2024\/04\/otel18-1536x691.jpg 1536w, http:\/\/imamkoy.com\/wp-content\/uploads\/2024\/04\/otel18-2048x922.jpg 2048w\" sizes=\"auto, (max-width: 2560px) 100vw, 2560px\" \/><\/a><\/strong><\/p>\n<p>Yeni Restore Edilen \u0130mamk\u00f6y Il\u0131cas\u0131, Do\u011fa\u00a0 Otel\u00a0 ve Restoran yeni g\u00f6r\u00fcnt\u00fcs\u00fc ile<\/p>\n<p><a href=\"http:\/\/imamkoy.com\/wp-content\/uploads\/2024\/04\/otel2-scaled.jpg\"><img loading=\"lazy\" decoding=\"async\" class=\"aligncenter size-large wp-image-9309\" src=\"http:\/\/imamkoy.com\/wp-content\/uploads\/2024\/04\/otel2-1024x461.jpg\" alt=\"\" width=\"660\" height=\"297\" srcset=\"http:\/\/imamkoy.com\/wp-content\/uploads\/2024\/04\/otel2-1024x461.jpg 1024w, http:\/\/imamkoy.com\/wp-content\/uploads\/2024\/04\/otel2-300x135.jpg 300w, http:\/\/imamkoy.com\/wp-content\/uploads\/2024\/04\/otel2-768x346.jpg 768w, http:\/\/imamkoy.com\/wp-content\/uploads\/2024\/04\/otel2-1536x691.jpg 1536w, http:\/\/imamkoy.com\/wp-content\/uploads\/2024\/04\/otel2-2048x922.jpg 2048w\" sizes=\"auto, (max-width: 660px) 100vw, 660px\" \/><\/a><\/p>\n<p><a href=\"http:\/\/imamkoy.com\/wp-content\/uploads\/2024\/04\/otel12-scaled.jpg\"><img loading=\"lazy\" decoding=\"async\" class=\"aligncenter size-full wp-image-9317\" src=\"http:\/\/imamkoy.com\/wp-content\/uploads\/2024\/04\/otel12-scaled.jpg\" alt=\"\" width=\"2560\" height=\"1152\" srcset=\"http:\/\/imamkoy.com\/wp-content\/uploads\/2024\/04\/otel12-scaled.jpg 2560w, http:\/\/imamkoy.com\/wp-content\/uploads\/2024\/04\/otel12-300x135.jpg 300w, http:\/\/imamkoy.com\/wp-content\/uploads\/2024\/04\/otel12-1024x461.jpg 1024w, http:\/\/imamkoy.com\/wp-content\/uploads\/2024\/04\/otel12-768x346.jpg 768w, http:\/\/imamkoy.com\/wp-content\/uploads\/2024\/04\/otel12-1536x691.jpg 1536w, http:\/\/imamkoy.com\/wp-content\/uploads\/2024\/04\/otel12-2048x922.jpg 2048w\" sizes=\"auto, (max-width: 2560px) 100vw, 2560px\" \/><\/a><\/p>\n<p>Do\u011fa Oteli \u0130mamk\u00f6y&#8217;de 25 Eyl\u00fclde a\u00e7\u0131l\u0131\u015f\u0131 ger\u00e7ekle\u015fti.\u00a0Hz: Nermin KARABULUT<\/p>\n<p><a href=\"http:\/\/imamkoy.com\/wp-content\/uploads\/2024\/04\/ana-sayfa-scaled.jpg\"><img loading=\"lazy\" decoding=\"async\" class=\"aligncenter size-full wp-image-9424\" src=\"http:\/\/imamkoy.com\/wp-content\/uploads\/2024\/04\/ana-sayfa-scaled.jpg\" alt=\"\" width=\"2560\" height=\"1152\" srcset=\"http:\/\/imamkoy.com\/wp-content\/uploads\/2024\/04\/ana-sayfa-scaled.jpg 2560w, http:\/\/imamkoy.com\/wp-content\/uploads\/2024\/04\/ana-sayfa-300x135.jpg 300w, http:\/\/imamkoy.com\/wp-content\/uploads\/2024\/04\/ana-sayfa-1024x461.jpg 1024w, http:\/\/imamkoy.com\/wp-content\/uploads\/2024\/04\/ana-sayfa-768x346.jpg 768w, http:\/\/imamkoy.com\/wp-content\/uploads\/2024\/04\/ana-sayfa-1536x691.jpg 1536w, http:\/\/imamkoy.com\/wp-content\/uploads\/2024\/04\/ana-sayfa-2048x922.jpg 2048w\" sizes=\"auto, (max-width: 2560px) 100vw, 2560px\" \/><\/a><img loading=\"lazy\" decoding=\"async\" class=\"aligncenter size-large wp-image-9304\" src=\"http:\/\/imamkoy.com\/wp-content\/uploads\/2024\/04\/otel-1024x461.jpg\" alt=\"\" width=\"660\" height=\"297\" srcset=\"http:\/\/imamkoy.com\/wp-content\/uploads\/2024\/04\/otel-1024x461.jpg 1024w, http:\/\/imamkoy.com\/wp-content\/uploads\/2024\/04\/otel-300x135.jpg 300w, http:\/\/imamkoy.com\/wp-content\/uploads\/2024\/04\/otel-768x346.jpg 768w, http:\/\/imamkoy.com\/wp-content\/uploads\/2024\/04\/otel-1536x691.jpg 1536w, http:\/\/imamkoy.com\/wp-content\/uploads\/2024\/04\/otel-2048x922.jpg 2048w\" sizes=\"auto, (max-width: 660px) 100vw, 660px\" \/><a href=\"http:\/\/imamkoy.com\/wp-content\/uploads\/2024\/04\/otel11-1-scaled.jpg\"><img loading=\"lazy\" decoding=\"async\" class=\"aligncenter size-full wp-image-9439\" src=\"http:\/\/imamkoy.com\/wp-content\/uploads\/2024\/04\/otel11-1-scaled.jpg\" alt=\"\" width=\"2560\" height=\"1152\" srcset=\"http:\/\/imamkoy.com\/wp-content\/uploads\/2024\/04\/otel11-1-scaled.jpg 2560w, http:\/\/imamkoy.com\/wp-content\/uploads\/2024\/04\/otel11-1-300x135.jpg 300w, http:\/\/imamkoy.com\/wp-content\/uploads\/2024\/04\/otel11-1-1024x461.jpg 1024w, http:\/\/imamkoy.com\/wp-content\/uploads\/2024\/04\/otel11-1-768x346.jpg 768w, http:\/\/imamkoy.com\/wp-content\/uploads\/2024\/04\/otel11-1-1536x691.jpg 1536w, http:\/\/imamkoy.com\/wp-content\/uploads\/2024\/04\/otel11-1-2048x922.jpg 2048w\" sizes=\"auto, (max-width: 2560px) 100vw, 2560px\" \/><\/a><\/p>\n<p><a href=\"http:\/\/imamkoy.com\/wp-content\/uploads\/2024\/04\/nnnn-scaled.jpg\"><img loading=\"lazy\" decoding=\"async\" class=\"aligncenter size-full wp-image-9443\" src=\"http:\/\/imamkoy.com\/wp-content\/uploads\/2024\/04\/nnnn-scaled.jpg\" alt=\"\" width=\"2560\" height=\"1152\" srcset=\"http:\/\/imamkoy.com\/wp-content\/uploads\/2024\/04\/nnnn-scaled.jpg 2560w, http:\/\/imamkoy.com\/wp-content\/uploads\/2024\/04\/nnnn-300x135.jpg 300w, http:\/\/imamkoy.com\/wp-content\/uploads\/2024\/04\/nnnn-1024x461.jpg 1024w, http:\/\/imamkoy.com\/wp-content\/uploads\/2024\/04\/nnnn-768x346.jpg 768w, http:\/\/imamkoy.com\/wp-content\/uploads\/2024\/04\/nnnn-1536x691.jpg 1536w, http:\/\/imamkoy.com\/wp-content\/uploads\/2024\/04\/nnnn-2048x922.jpg 2048w\" sizes=\"auto, (max-width: 2560px) 100vw, 2560px\" \/><\/a><\/p>\n<p>nkarabulut@adu.edu.tr<\/p>\n<p>Yaz\u0131m\u0131z ve foto\u011fraflar\u0131m\u0131z \u0130mamk\u00f6y Il\u0131cas\u0131, mesira alan\u0131 ve sonra d\u00fczenlenen Do\u011fa otel ve Restorant olarak siz okuyucular\u0131m\u0131za sunulmu\u015ftur.<\/p>\n<p>Ayd\u0131nda gezilecek ve G\u00f6r\u00fclecek yerler. \u0130mamk\u00f6y Il\u0131cas\u0131 Do\u011fa otel<\/p>\n<p>Be\u011fenmeden ge\u00e7meyelim l\u00fctfen. \ud83d\ude42 be\u011fen be\u011fen verelim gayri<\/p>\n\n\n<p><\/p>\n","protected":false},"excerpt":{"rendered":"<p>\u00a0\u00a0\u00a0\u00a0\u00a0\u00a0\u00a0\u00a0\u00a0\u00a0 \u00a0\u00a0\u00a0 Imamk\u00f6y Il\u0131cas\u0131\u00a0 Eski Do\u011fal Hali \u00a0K\u00f6y merkezine 1 km uzakl\u0131kta y\u00fcr\u00fcyerek veya otomobille gidilebilir, Dere kenar\u0131ndan ye\u015fillikler aras\u0131nda mis gibi temiz havay\u0131 i\u00e7imize \u00e7ekerek y\u00fcr\u00fcmek, hem de spor yapmak \u00e7ok keyif vericidir. Ama tercih ki\u015fiye aittir. \u00a0 \u00a0 \u00a0\u0130mamk\u00f6y Il\u0131cas\u0131 hakk\u0131nda bilinmeyenler, \u0131l\u0131ca \u00f6nceleri \u015fifal\u0131 su olarak kullan\u0131l\u0131rd\u0131. Herkes derdine \u00e7are bulay\u0131m diye &hellip; <a href=\"http:\/\/imamkoy.com\/index.php\/imamkoy-kaplicalari-eski-yeni\/\" class=\"more-link\">Okumaya devam et <span class=\"screen-reader-text\">\u015eahane G\u00fczellikleri ile \u0130mamk\u00f6y  Kapl\u0131cas\u0131 (\u0131l\u0131ca)  Mesire Alan\u0131, \u0130mamk\u00f6y Do\u011fa Oteli (Tarihi ve G\u00f6r\u00fcnt\u00fcleri)  yeni ve eski foto\u011fraflar\u0131 ile Hz: Nermin KARABULUT<\/span><\/a><\/p>\n","protected":false},"author":1,"featured_media":9309,"parent":0,"menu_order":0,"comment_status":"open","ping_status":"open","template":"","meta":{"footnotes":""},"class_list":["post-24","page","type-page","status-publish","has-post-thumbnail","hentry"],"_links":{"self":[{"href":"http:\/\/imamkoy.com\/index.php\/wp-json\/wp\/v2\/pages\/24","targetHints":{"allow":["GET"]}}],"collection":[{"href":"http:\/\/imamkoy.com\/index.php\/wp-json\/wp\/v2\/pages"}],"about":[{"href":"http:\/\/imamkoy.com\/index.php\/wp-json\/wp\/v2\/types\/page"}],"author":[{"embeddable":true,"href":"http:\/\/imamkoy.com\/index.php\/wp-json\/wp\/v2\/users\/1"}],"replies":[{"embeddable":true,"href":"http:\/\/imamkoy.com\/index.php\/wp-json\/wp\/v2\/comments?post=24"}],"version-history":[{"count":221,"href":"http:\/\/imamkoy.com\/index.php\/wp-json\/wp\/v2\/pages\/24\/revisions"}],"predecessor-version":[{"id":9475,"href":"http:\/\/imamkoy.com\/index.php\/wp-json\/wp\/v2\/pages\/24\/revisions\/9475"}],"wp:featuredmedia":[{"embeddable":true,"href":"http:\/\/imamkoy.com\/index.php\/wp-json\/wp\/v2\/media\/9309"}],"wp:attachment":[{"href":"http:\/\/imamkoy.com\/index.php\/wp-json\/wp\/v2\/media?parent=24"}],"curies":[{"name":"wp","href":"https:\/\/api.w.org\/{rel}","templated":true}]}}