{"id":2990,"date":"2012-10-23T12:18:38","date_gmt":"2012-10-23T12:18:38","guid":{"rendered":"http:\/\/imamkoy.com\/?page_id=2990"},"modified":"2025-10-26T21:02:23","modified_gmt":"2025-10-26T20:02:23","slug":"resimlerle-imamkoy-mahalleleri","status":"publish","type":"page","link":"http:\/\/imamkoy.com\/index.php\/resimlerle-imamkoy-mahalleleri\/","title":{"rendered":"Resimlerle \u0130mamk\u00f6y Mahalleleri"},"content":{"rendered":"<p><strong>\u00a0ANA ASFALT<\/strong><\/p>\n<p><a href=\"http:\/\/imamkoy.com\/wp-content\/uploads\/2012\/10\/APDC2031.jpg\"><img loading=\"lazy\" decoding=\"async\" class=\"aligncenter size-full wp-image-3000\" title=\"APDC2031\" src=\"http:\/\/imamkoy.com\/wp-content\/uploads\/2012\/10\/APDC2031.jpg\" alt=\"\" width=\"660\" height=\"395\" srcset=\"http:\/\/imamkoy.com\/wp-content\/uploads\/2012\/10\/APDC2031.jpg 660w, http:\/\/imamkoy.com\/wp-content\/uploads\/2012\/10\/APDC2031-300x179.jpg 300w, http:\/\/imamkoy.com\/wp-content\/uploads\/2012\/10\/APDC2031-500x300.jpg 500w\" sizes=\"auto, (max-width: 660px) 100vw, 660px\" \/><\/a><\/p>\n<p>\u0130<strong>mamk\u00f6y Bulvar\u0131 da Say\u0131l\u0131r.<\/strong><\/p>\n<p><a href=\"http:\/\/imamkoy.com\/wp-content\/uploads\/2012\/10\/APDC1366.jpg\"><img loading=\"lazy\" decoding=\"async\" class=\"aligncenter size-full wp-image-3002\" title=\"APDC1366\" src=\"http:\/\/imamkoy.com\/wp-content\/uploads\/2012\/10\/APDC1366.jpg\" alt=\"\" width=\"650\" height=\"400\" srcset=\"http:\/\/imamkoy.com\/wp-content\/uploads\/2012\/10\/APDC1366.jpg 650w, http:\/\/imamkoy.com\/wp-content\/uploads\/2012\/10\/APDC1366-300x184.jpg 300w, http:\/\/imamkoy.com\/wp-content\/uploads\/2012\/10\/APDC1366-487x300.jpg 487w\" sizes=\"auto, (max-width: 650px) 100vw, 650px\" \/><\/a><\/p>\n<p><strong>S\u0131\u011f\u0131r Here\u011fi Mahallesine gidi\u015f yolu<\/strong><\/p>\n<p><a href=\"http:\/\/imamkoy.com\/wp-content\/uploads\/2012\/10\/APDC1368.jpg\"><img loading=\"lazy\" decoding=\"async\" class=\"aligncenter size-full wp-image-3006\" title=\"APDC1368\" src=\"http:\/\/imamkoy.com\/wp-content\/uploads\/2012\/10\/APDC1368.jpg\" alt=\"\" width=\"576\" height=\"301\" srcset=\"http:\/\/imamkoy.com\/wp-content\/uploads\/2012\/10\/APDC1368.jpg 576w, http:\/\/imamkoy.com\/wp-content\/uploads\/2012\/10\/APDC1368-300x156.jpg 300w, http:\/\/imamkoy.com\/wp-content\/uploads\/2012\/10\/APDC1368-500x261.jpg 500w\" sizes=\"auto, (max-width: 576px) 100vw, 576px\" \/><\/a><\/p>\n<p><span style=\"color: #008000;\"><strong>\u00a0\u00c7\u0131kmaz Sokak ( irim)<\/strong><\/span><\/p>\n<p><span style=\"color: #008000;\"><a href=\"http:\/\/imamkoy.com\/wp-content\/uploads\/2012\/10\/APDC1937.jpg\"><img loading=\"lazy\" decoding=\"async\" class=\"aligncenter size-full wp-image-3010\" title=\"APDC1937\" src=\"http:\/\/imamkoy.com\/wp-content\/uploads\/2012\/10\/APDC1937.jpg\" alt=\"\" width=\"603\" height=\"414\" srcset=\"http:\/\/imamkoy.com\/wp-content\/uploads\/2012\/10\/APDC1937.jpg 603w, http:\/\/imamkoy.com\/wp-content\/uploads\/2012\/10\/APDC1937-300x205.jpg 300w, http:\/\/imamkoy.com\/wp-content\/uploads\/2012\/10\/APDC1937-436x300.jpg 436w\" sizes=\"auto, (max-width: 603px) 100vw, 603px\" \/><\/a><\/span><\/p>\n<p><span style=\"color: #008000;\">\u00a0Ana yoldan kesit<\/span><\/p>\n<p><span style=\"color: #008000;\"><a href=\"http:\/\/imamkoy.com\/wp-content\/uploads\/2012\/10\/APDC1953.jpg\"><img loading=\"lazy\" decoding=\"async\" class=\"aligncenter size-full wp-image-3015\" title=\"APDC1953\" src=\"http:\/\/imamkoy.com\/wp-content\/uploads\/2012\/10\/APDC1953.jpg\" alt=\"\" width=\"327\" height=\"255\" srcset=\"http:\/\/imamkoy.com\/wp-content\/uploads\/2012\/10\/APDC1953.jpg 327w, http:\/\/imamkoy.com\/wp-content\/uploads\/2012\/10\/APDC1953-300x233.jpg 300w\" sizes=\"auto, (max-width: 327px) 100vw, 327px\" \/><\/a><\/span><\/p>\n<p><strong>\u00a0<em><span style=\"color: #993366;\">Benim Mahallem<\/span><\/em><\/strong><\/p>\n<p><strong><em><span style=\"color: #993366;\"><a href=\"http:\/\/imamkoy.com\/wp-content\/uploads\/2012\/10\/zaide.jpg\"><img loading=\"lazy\" decoding=\"async\" class=\"aligncenter size-full wp-image-3019\" title=\"zaide\" src=\"http:\/\/imamkoy.com\/wp-content\/uploads\/2012\/10\/zaide.jpg\" alt=\"\" width=\"603\" height=\"399\" srcset=\"http:\/\/imamkoy.com\/wp-content\/uploads\/2012\/10\/zaide.jpg 603w, http:\/\/imamkoy.com\/wp-content\/uploads\/2012\/10\/zaide-300x198.jpg 300w, http:\/\/imamkoy.com\/wp-content\/uploads\/2012\/10\/zaide-453x300.jpg 453w\" sizes=\"auto, (max-width: 603px) 100vw, 603px\" \/><\/a><\/span><\/em><\/strong><\/p>\n<p><strong>\u00a0Karao\u011flan Soka\u011f\u0131 (\u00e7\u0131kmaz sokak) (irim)<\/strong><\/p>\n<p><a href=\"http:\/\/imamkoy.com\/wp-content\/uploads\/2012\/10\/APDC2065.jpg\"><img loading=\"lazy\" decoding=\"async\" class=\"aligncenter size-full wp-image-3046\" title=\"APDC2065\" src=\"http:\/\/imamkoy.com\/wp-content\/uploads\/2012\/10\/APDC2065.jpg\" alt=\"\" width=\"650\" height=\"433\" srcset=\"http:\/\/imamkoy.com\/wp-content\/uploads\/2012\/10\/APDC2065.jpg 650w, http:\/\/imamkoy.com\/wp-content\/uploads\/2012\/10\/APDC2065-300x199.jpg 300w, http:\/\/imamkoy.com\/wp-content\/uploads\/2012\/10\/APDC2065-450x300.jpg 450w\" sizes=\"auto, (max-width: 650px) 100vw, 650px\" \/><\/a><\/p>\n<p><strong><span style=\"color: #990033;\">\u00a0\u00c7ayy\u00fcz\u00fc Mahallesi<\/span><\/strong><\/p>\n<p><strong><span style=\"color: #990033;\"><a href=\"http:\/\/imamkoy.com\/wp-content\/uploads\/2012\/10\/APDC2060.jpg\"><img loading=\"lazy\" decoding=\"async\" class=\"aligncenter size-full wp-image-3049\" title=\"APDC2060\" src=\"http:\/\/imamkoy.com\/wp-content\/uploads\/2012\/10\/APDC2060.jpg\" alt=\"\" width=\"627\" height=\"347\" srcset=\"http:\/\/imamkoy.com\/wp-content\/uploads\/2012\/10\/APDC2060.jpg 627w, http:\/\/imamkoy.com\/wp-content\/uploads\/2012\/10\/APDC2060-300x166.jpg 300w, http:\/\/imamkoy.com\/wp-content\/uploads\/2012\/10\/APDC2060-500x276.jpg 500w\" sizes=\"auto, (max-width: 627px) 100vw, 627px\" \/><\/a><\/span><\/strong><\/p>\n<p><span style=\"color: #993333;\">\u00a0<strong>\u00c7ayy\u00fcz\u00fc Dokumac\u0131lar Soka\u011f\u0131<\/strong><\/span><\/p>\n<p><span style=\"color: #993333;\"><a href=\"http:\/\/imamkoy.com\/wp-content\/uploads\/2012\/10\/APDC2041.jpg\"><img loading=\"lazy\" decoding=\"async\" class=\"aligncenter size-full wp-image-3052\" title=\"APDC2041\" src=\"http:\/\/imamkoy.com\/wp-content\/uploads\/2012\/10\/APDC2041.jpg\" alt=\"\" width=\"651\" height=\"530\" srcset=\"http:\/\/imamkoy.com\/wp-content\/uploads\/2012\/10\/APDC2041.jpg 651w, http:\/\/imamkoy.com\/wp-content\/uploads\/2012\/10\/APDC2041-300x244.jpg 300w, http:\/\/imamkoy.com\/wp-content\/uploads\/2012\/10\/APDC2041-368x300.jpg 368w\" sizes=\"auto, (max-width: 651px) 100vw, 651px\" \/><\/a><\/span><\/p>\n<p><a href=\"http:\/\/imamkoy.com\/wp-content\/uploads\/2012\/10\/APDC1788.jpg\"><img loading=\"lazy\" decoding=\"async\" class=\"aligncenter size-full wp-image-3061\" title=\"APDC1788\" src=\"http:\/\/imamkoy.com\/wp-content\/uploads\/2012\/10\/APDC1788.jpg\" alt=\"\" width=\"650\" height=\"488\" srcset=\"http:\/\/imamkoy.com\/wp-content\/uploads\/2012\/10\/APDC1788.jpg 650w, http:\/\/imamkoy.com\/wp-content\/uploads\/2012\/10\/APDC1788-300x225.jpg 300w, http:\/\/imamkoy.com\/wp-content\/uploads\/2012\/10\/APDC1788-399x300.jpg 399w\" sizes=\"auto, (max-width: 650px) 100vw, 650px\" \/><\/a><\/p>\n<p><a href=\"http:\/\/imamkoy.com\/wp-content\/uploads\/2012\/10\/APDC0933.jpg\"><img loading=\"lazy\" decoding=\"async\" class=\"aligncenter size-full wp-image-3082\" title=\"APDC0933\" src=\"http:\/\/imamkoy.com\/wp-content\/uploads\/2012\/10\/APDC0933.jpg\" alt=\"\" width=\"650\" height=\"425\" srcset=\"http:\/\/imamkoy.com\/wp-content\/uploads\/2012\/10\/APDC0933.jpg 650w, http:\/\/imamkoy.com\/wp-content\/uploads\/2012\/10\/APDC0933-300x196.jpg 300w, http:\/\/imamkoy.com\/wp-content\/uploads\/2012\/10\/APDC0933-458x300.jpg 458w\" sizes=\"auto, (max-width: 650px) 100vw, 650px\" \/><\/a><\/p>\n<p><strong>Ana Asfalt\u00a0 merhum Recep \u00c7avu\u015f Ay\u015fe&#8217;nin evinin yan\u0131<\/strong><\/p>\n<p><strong>\u00a0<\/strong><\/p>\n","protected":false},"excerpt":{"rendered":"<p>\u00a0ANA ASFALT \u0130mamk\u00f6y Bulvar\u0131 da Say\u0131l\u0131r. S\u0131\u011f\u0131r Here\u011fi Mahallesine gidi\u015f yolu \u00a0\u00c7\u0131kmaz Sokak ( irim) \u00a0Ana yoldan kesit \u00a0Benim Mahallem \u00a0Karao\u011flan Soka\u011f\u0131 (\u00e7\u0131kmaz sokak) (irim) \u00a0\u00c7ayy\u00fcz\u00fc Mahallesi \u00a0\u00c7ayy\u00fcz\u00fc Dokumac\u0131lar Soka\u011f\u0131 Ana Asfalt\u00a0 merhum Recep \u00c7avu\u015f Ay\u015fe&#8217;nin evinin yan\u0131 \u00a0<\/p>\n","protected":false},"author":1,"featured_media":0,"parent":0,"menu_order":0,"comment_status":"open","ping_status":"open","template":"","meta":{"footnotes":""},"class_list":["post-2990","page","type-page","status-publish","hentry"],"_links":{"self":[{"href":"http:\/\/imamkoy.com\/index.php\/wp-json\/wp\/v2\/pages\/2990","targetHints":{"allow":["GET"]}}],"collection":[{"href":"http:\/\/imamkoy.com\/index.php\/wp-json\/wp\/v2\/pages"}],"about":[{"href":"http:\/\/imamkoy.com\/index.php\/wp-json\/wp\/v2\/types\/page"}],"author":[{"embeddable":true,"href":"http:\/\/imamkoy.com\/index.php\/wp-json\/wp\/v2\/users\/1"}],"replies":[{"embeddable":true,"href":"http:\/\/imamkoy.com\/index.php\/wp-json\/wp\/v2\/comments?post=2990"}],"version-history":[{"count":43,"href":"http:\/\/imamkoy.com\/index.php\/wp-json\/wp\/v2\/pages\/2990\/revisions"}],"predecessor-version":[{"id":9089,"href":"http:\/\/imamkoy.com\/index.php\/wp-json\/wp\/v2\/pages\/2990\/revisions\/9089"}],"wp:attachment":[{"href":"http:\/\/imamkoy.com\/index.php\/wp-json\/wp\/v2\/media?parent=2990"}],"curies":[{"name":"wp","href":"https:\/\/api.w.org\/{rel}","templated":true}]}}