{"id":3280,"date":"2013-04-24T08:07:36","date_gmt":"2013-04-24T08:07:36","guid":{"rendered":"http:\/\/imamkoy.com\/?page_id=3280"},"modified":"2020-01-10T06:08:54","modified_gmt":"2020-01-10T05:08:54","slug":"imamkoyde-23-nisan-kutlamalari","status":"publish","type":"page","link":"http:\/\/imamkoy.com\/index.php\/imamkoyde-23-nisan-kutlamalari\/","title":{"rendered":"\u0130MAMK\u00d6Y&#8217;DE 23 N\u0130SAN KUTLAMALARI"},"content":{"rendered":"<p><a href=\"http:\/\/imamkoy.com\/wp-content\/uploads\/2013\/04\/APDC25601.jpg\"><img loading=\"lazy\" decoding=\"async\" class=\"aligncenter size-full wp-image-3307\" title=\"APDC2560\" src=\"http:\/\/imamkoy.com\/wp-content\/uploads\/2013\/04\/APDC25601.jpg\" alt=\"\" width=\"650\" height=\"284\" srcset=\"http:\/\/imamkoy.com\/wp-content\/uploads\/2013\/04\/APDC25601.jpg 650w, http:\/\/imamkoy.com\/wp-content\/uploads\/2013\/04\/APDC25601-300x131.jpg 300w, http:\/\/imamkoy.com\/wp-content\/uploads\/2013\/04\/APDC25601-500x218.jpg 500w\" sizes=\"auto, (max-width: 650px) 100vw, 650px\" \/><\/a><\/p>\n<p><span style=\"color: #3366ff;\">\u00a0<\/span><span style=\"color: #e11de1;\"><span style=\"color: #3366ff;\">Ana<\/span> s\u0131n\u0131f\u0131 <span style=\"color: #0000ff;\">\u00f6\u011frencilerinin<\/span> <span style=\"color: #ff0000;\">halk<\/span> <span style=\"color: #008000;\">oyunu<\/span> <span style=\"color: #ff00ff;\">g\u00f6sterileri<\/span><\/span><\/p>\n<p><span style=\"color: #000000;\">\u00a0<\/span><span style=\"color: #000000;\">Kutlama Program\u0131 Sayg\u0131 Duru\u015fu ve \u0130stiklal Mar\u015f\u0131n\u0131n okunmas\u0131 ile ba\u015flad\u0131. \u0130lk\u00f6\u011fretim Okulu \u00f6\u011frencileri taraf\u0131ndan \u015fiirler okundu.<\/span><\/p>\n<p><a href=\"http:\/\/imamkoy.com\/wp-content\/uploads\/2013\/04\/20160423_094601.jpg\"><img loading=\"lazy\" decoding=\"async\" class=\"aligncenter wp-image-3965\" src=\"http:\/\/imamkoy.com\/wp-content\/uploads\/2013\/04\/20160423_094601-300x169.jpg\" alt=\"20160423_094601\" width=\"500\" height=\"282\" srcset=\"http:\/\/imamkoy.com\/wp-content\/uploads\/2013\/04\/20160423_094601-300x169.jpg 300w, http:\/\/imamkoy.com\/wp-content\/uploads\/2013\/04\/20160423_094601-624x351.jpg 624w, http:\/\/imamkoy.com\/wp-content\/uploads\/2013\/04\/20160423_094601.jpg 650w\" sizes=\"auto, (max-width: 500px) 100vw, 500px\" \/><\/a><\/p>\n<p style=\"text-align: justify;\"><span style=\"color: #000000;\">2015-2016 E\u011fitim \u00f6\u011fretim y\u0131l\u0131nda \u0130mamk\u00f6y ilkokulun\u00a0\u00a0 23 Nisan ?enlikleri\u00a0\u00a0di?er y?llardan biraz daha farkl? yap?ld?. ?enlik yar??ma ,?iir ve g\u00f6steriler ?eklinde olmu?tur. \u00d6?renciler, \u00f6?retmenler ?mamk\u00f6y ve G\u00f6lc\u00fck mahallesi vatanda?lar?n?n ger\u00e7ekle?tirdi?i \u00e7ok say?da kat?l?m ile ger\u00e7ekle?tirilmi?tir.<\/span><\/p>\n<p><a href=\"http:\/\/imamkoy.com\/wp-content\/uploads\/2013\/04\/APDC25641.jpg\"><img loading=\"lazy\" decoding=\"async\" class=\"aligncenter size-full wp-image-3310\" title=\"APDC2564\" src=\"http:\/\/imamkoy.com\/wp-content\/uploads\/2013\/04\/APDC25641.jpg\" alt=\"\" width=\"650\" height=\"386\" srcset=\"http:\/\/imamkoy.com\/wp-content\/uploads\/2013\/04\/APDC25641.jpg 650w, http:\/\/imamkoy.com\/wp-content\/uploads\/2013\/04\/APDC25641-300x178.jpg 300w, http:\/\/imamkoy.com\/wp-content\/uploads\/2013\/04\/APDC25641-500x296.jpg 500w\" sizes=\"auto, (max-width: 650px) 100vw, 650px\" \/><\/a><\/p>\n<p>Anas?n?f? \u00f6?rencileri halk oyunlar? e?li?inde \u00f6?renci hangi y\u00f6renin oyununu oynad?ysa T\u00fcrkiye haritas? \u00fczerinde o b\u00f6lgenin resmini haritaya yap??t?rd?.<\/p>\n<p><a href=\"http:\/\/imamkoy.com\/wp-content\/uploads\/2013\/04\/20160423_100501.jpg\"><img loading=\"lazy\" decoding=\"async\" class=\" wp-image-3971 alignleft\" src=\"http:\/\/imamkoy.com\/wp-content\/uploads\/2013\/04\/20160423_100501-238x300.jpg\" alt=\"20160423_100501\" width=\"380\" height=\"479\" srcset=\"http:\/\/imamkoy.com\/wp-content\/uploads\/2013\/04\/20160423_100501-238x300.jpg 238w, http:\/\/imamkoy.com\/wp-content\/uploads\/2013\/04\/20160423_100501.jpg 524w\" sizes=\"auto, (max-width: 380px) 100vw, 380px\" \/><br \/>\n<\/a><\/p>\n<p><span style=\"color: #0000ff;\">Ana s?n?f \u00f6?rencilerinin g\u00f6sterileri<\/span><\/p>\n<p><span style=\"color: #0000ff;\">b\u00fcy\u00fck ilgiyle izlendi<\/span><\/p>\n<p><a href=\"http:\/\/imamkoy.com\/wp-content\/uploads\/2013\/04\/20160423_102133.jpg\"><img loading=\"lazy\" decoding=\"async\" class=\"aligncenter wp-image-3985\" src=\"http:\/\/imamkoy.com\/wp-content\/uploads\/2013\/04\/20160423_102133-235x300.jpg\" alt=\"20160423_102133\" width=\"423\" height=\"539\" srcset=\"http:\/\/imamkoy.com\/wp-content\/uploads\/2013\/04\/20160423_102133-235x300.jpg 235w, http:\/\/imamkoy.com\/wp-content\/uploads\/2013\/04\/20160423_102133.jpg 450w\" sizes=\"auto, (max-width: 423px) 100vw, 423px\" \/><\/a><\/p>\n<p><strong><span style=\"color: #3366ff;\">Yumurtal\u0131 \u0131<span style=\"color: #999999;\">spanak adl\u0131 g\u00f6steri<\/span> b\u00fcy\u00fck ilgi toplad\u0131.<\/span><\/strong><\/p>\n","protected":false},"excerpt":{"rendered":"<p>\u00a0Ana s\u0131n\u0131f\u0131 \u00f6\u011frencilerinin halk oyunu g\u00f6sterileri \u00a0Kutlama Program\u0131 Sayg\u0131 Duru\u015fu ve \u0130stiklal Mar\u015f\u0131n\u0131n okunmas\u0131 ile ba\u015flad\u0131. \u0130lk\u00f6\u011fretim Okulu \u00f6\u011frencileri taraf\u0131ndan \u015fiirler okundu. 2015-2016 E\u011fitim \u00f6\u011fretim y\u0131l\u0131nda \u0130mamk\u00f6y ilkokulun\u00a0\u00a0 23 Nisan ?enlikleri\u00a0\u00a0di?er y?llardan biraz daha farkl? yap?ld?. ?enlik yar??ma ,?iir ve g\u00f6steriler ?eklinde olmu?tur. \u00d6?renciler, \u00f6?retmenler ?mamk\u00f6y ve G\u00f6lc\u00fck mahallesi vatanda?lar?n?n ger\u00e7ekle?tirdi?i \u00e7ok say?da kat?l?m ile &hellip; <a href=\"http:\/\/imamkoy.com\/index.php\/imamkoyde-23-nisan-kutlamalari\/\" class=\"more-link\">Okumaya devam et <span class=\"screen-reader-text\">\u0130MAMK\u00d6Y&#8217;DE 23 N\u0130SAN KUTLAMALARI<\/span><\/a><\/p>\n","protected":false},"author":2,"featured_media":0,"parent":0,"menu_order":0,"comment_status":"open","ping_status":"open","template":"","meta":{"footnotes":""},"class_list":["post-3280","page","type-page","status-publish","hentry"],"_links":{"self":[{"href":"http:\/\/imamkoy.com\/index.php\/wp-json\/wp\/v2\/pages\/3280","targetHints":{"allow":["GET"]}}],"collection":[{"href":"http:\/\/imamkoy.com\/index.php\/wp-json\/wp\/v2\/pages"}],"about":[{"href":"http:\/\/imamkoy.com\/index.php\/wp-json\/wp\/v2\/types\/page"}],"author":[{"embeddable":true,"href":"http:\/\/imamkoy.com\/index.php\/wp-json\/wp\/v2\/users\/2"}],"replies":[{"embeddable":true,"href":"http:\/\/imamkoy.com\/index.php\/wp-json\/wp\/v2\/comments?post=3280"}],"version-history":[{"count":70,"href":"http:\/\/imamkoy.com\/index.php\/wp-json\/wp\/v2\/pages\/3280\/revisions"}],"predecessor-version":[{"id":8066,"href":"http:\/\/imamkoy.com\/index.php\/wp-json\/wp\/v2\/pages\/3280\/revisions\/8066"}],"wp:attachment":[{"href":"http:\/\/imamkoy.com\/index.php\/wp-json\/wp\/v2\/media?parent=3280"}],"curies":[{"name":"wp","href":"https:\/\/api.w.org\/{rel}","templated":true}]}}