{"id":349,"date":"2011-09-28T14:54:32","date_gmt":"2011-09-28T14:54:32","guid":{"rendered":"http:\/\/imamkoy.com\/?page_id=349"},"modified":"2025-11-19T09:18:23","modified_gmt":"2025-11-19T08:18:23","slug":"saglik","status":"publish","type":"page","link":"http:\/\/imamkoy.com\/index.php\/saglik\/","title":{"rendered":"Sa\u011fl\u0131k (\u0130mamk\u00f6y Sa\u011fl\u0131k Oca\u011f\u0131 ve \u00c7ocuk park\u0131) \u0130mamk\u00f6y D\u00fc\u011f\u00fcn Salonu Nere"},"content":{"rendered":"<p><a href=\"http:\/\/imamkoy.com\/wp-content\/uploads\/2011\/09\/DSCN22222.jpg\"><img loading=\"lazy\" decoding=\"async\" class=\"aligncenter size-large wp-image-354\" title=\"DSCN2222\" src=\"http:\/\/imamkoy.com\/wp-content\/uploads\/2011\/09\/DSCN22222-1024x670.jpg\" alt=\"\" width=\"584\" height=\"382\" srcset=\"http:\/\/imamkoy.com\/wp-content\/uploads\/2011\/09\/DSCN22222-1024x670.jpg 1024w, http:\/\/imamkoy.com\/wp-content\/uploads\/2011\/09\/DSCN22222-300x196.jpg 300w, http:\/\/imamkoy.com\/wp-content\/uploads\/2011\/09\/DSCN22222-458x300.jpg 458w, http:\/\/imamkoy.com\/wp-content\/uploads\/2011\/09\/DSCN22222.jpg 1155w\" sizes=\"auto, (max-width: 584px) 100vw, 584px\" \/><\/a><\/p>\n<p><strong>K\u00f6yde bir ebe vard\u0131r. K\u00f6yde ikamet etmekte olup, k\u00f6y odas\u0131 kendilerine lojman tahsis etmi\u015ftir. Lojman \u00c7ayy\u00fcz\u00fc mahallesinde olup bir odas\u0131 halka hizmet vermek i\u00e7in kullan\u0131lm\u0131\u015ft\u0131r. \u015eu anda i\u015f yeri veya ev olarak kiraya verilecektir.<\/strong><\/p>\n<p><b>\u011f<\/b><\/p>\n<p><a href=\"http:\/\/imamkoy.com\/wp-content\/uploads\/2011\/09\/PICT10391.jpg\"><img loading=\"lazy\" decoding=\"async\" class=\"aligncenter size-large wp-image-355\" title=\"PICT1039\" src=\"http:\/\/imamkoy.com\/wp-content\/uploads\/2011\/09\/PICT10391-1024x590.jpg\" alt=\"\" width=\"584\" height=\"336\" srcset=\"http:\/\/imamkoy.com\/wp-content\/uploads\/2011\/09\/PICT10391-1024x590.jpg 1024w, http:\/\/imamkoy.com\/wp-content\/uploads\/2011\/09\/PICT10391-300x173.jpg 300w, http:\/\/imamkoy.com\/wp-content\/uploads\/2011\/09\/PICT10391-500x288.jpg 500w\" sizes=\"auto, (max-width: 584px) 100vw, 584px\" \/><\/a><\/p>\n<p><strong>Sa\u011fl\u0131k evi in\u015faat\u0131 daha \u00f6nce d\u00fc\u011f\u00fcn salonu i\u00e7in yap\u0131m\u0131 ba\u015flanm\u0131\u015f fakat d\u00fc\u011f\u00fcn salonu i\u00e7in kapasitesinin yeterli olmamas\u0131ndan dolay\u0131 bu in\u015faat sa?l?k evi in?aat?na d\u00f6n\u00fc?t\u00fcr\u00fclm\u00fc?t\u00fcr.<\/strong><\/p>\n<p><strong><a href=\"http:\/\/imamkoy.com\/wp-content\/uploads\/2011\/09\/PICT11614.jpg\"><img loading=\"lazy\" decoding=\"async\" title=\"PICT1161\" src=\"http:\/\/imamkoy.com\/wp-content\/uploads\/2011\/09\/PICT11614-1024x655.jpg\" alt=\"\" width=\"584\" height=\"373\"><\/a><\/strong><\/p>\n<p><strong>27 May?s 2011 tarihinde Ba?bakan Tayip ERDO?AN\u0092?n Ayd?na gelmesi ile sa?l?k evi&nbsp;a\u00e7?l??? yap?lm??t?r.<\/strong><\/p>\n<p><strong>Di?er g\u00fcnler Aile hekimimiz &nbsp;Umurlu Buca??nda g\u00f6revini s\u00fcrd\u00fcrmektedir. <\/strong><\/p>\n<p><strong><a href=\"http:\/\/imamkoy.com\/wp-content\/uploads\/2011\/09\/APDC05101.jpg\"><img loading=\"lazy\" decoding=\"async\" class=\"alignleft size-medium wp-image-360\" title=\"APDC0510\" src=\"http:\/\/imamkoy.com\/wp-content\/uploads\/2011\/09\/APDC05101-300x222.jpg\" alt=\"\" width=\"300\" height=\"222\" srcset=\"http:\/\/imamkoy.com\/wp-content\/uploads\/2011\/09\/APDC05101-300x222.jpg 300w, http:\/\/imamkoy.com\/wp-content\/uploads\/2011\/09\/APDC05101-1024x760.jpg 1024w, http:\/\/imamkoy.com\/wp-content\/uploads\/2011\/09\/APDC05101-403x300.jpg 403w\" sizes=\"auto, (max-width: 300px) 100vw, 300px\" \/><\/a>Aile Sa?l??? Eleman? Ebe Yasemin YORULMAZ , Per?embe g\u00fcn\u00fc Aile hekimi ile g\u00f6revini s\u00fcrd\u00fcrmektedir. A?? hizmeti v.b b\u00fct\u00fcn sa?l?k problemlerinde yard?mc? olmaktad?r. Yasemin ebe ayn? zamanda k\u00f6y\u00fcm\u00fcz\u00fcn yeti?tirdi?i gen\u00e7lerdendir.<\/strong><\/p>\n<p><strong>&nbsp;K\u00f6y\u00fcm\u00fczden hastalar bekleme salonunda s?ra beklerken<\/strong><\/p>\n<p style=\"text-align: justify;\">&nbsp;<a href=\"http:\/\/imamkoy.com\/wp-content\/uploads\/2011\/09\/APDC05155.jpg\"><img loading=\"lazy\" decoding=\"async\" class=\"alignleft size-medium wp-image-372\" title=\"APDC0515\" src=\"http:\/\/imamkoy.com\/wp-content\/uploads\/2011\/09\/APDC05155-300x194.jpg\" alt=\"\" width=\"300\" height=\"194\" srcset=\"http:\/\/imamkoy.com\/wp-content\/uploads\/2011\/09\/APDC05155-300x194.jpg 300w, http:\/\/imamkoy.com\/wp-content\/uploads\/2011\/09\/APDC05155-463x300.jpg 463w, http:\/\/imamkoy.com\/wp-content\/uploads\/2011\/09\/APDC05155.jpg 510w\" sizes=\"auto, (max-width: 300px) 100vw, 300px\" \/><\/a><strong>&nbsp;&nbsp;&nbsp;&nbsp;&nbsp;&nbsp;<\/strong><strong>Ay?e UYAR k\u00f6y\u00fcm\u00fcz sa?l?k evi ebesidir. Per?embe g\u00fcn\u00fc hari\u00e7 di?er g\u00fcnlerde k\u00f6y\u00fcm\u00fczde tek ba??na hizmet vermektedir. Sa?l?k evi lojman?nda kalmaktad?r. <\/strong><strong>Hizmet alan?: \u00d6ncelikli olarak Hamile kad?nlar , bebek ve \u00e7ocuklar?n sa?l?k sorunlar? gelmektedir. Pans\u00fcman, tansiyon \u00f6l\u00e7me, i?ne yapma serum takma gibi g\u00f6revleri de yerine getirmektedir. Ayr?ca k\u00f6yl\u00fcye sa?l?k problemlerinde ilgili yerlere y\u00f6nlendirme bir neyi&nbsp; sa?l?kla ilgili dan??manl?k hizmeti vermektedir.<\/strong><\/p>\n<p><strong>&nbsp;&nbsp;<\/strong>&nbsp;&nbsp;<a href=\"http:\/\/imamkoy.com\/wp-content\/uploads\/2011\/09\/APDC09391.jpg\"><img loading=\"lazy\" decoding=\"async\" class=\"aligncenter size-large wp-image-1193\" title=\"APDC0939\" src=\"http:\/\/imamkoy.com\/wp-content\/uploads\/2011\/09\/APDC09391-1024x609.jpg\" alt=\"\" width=\"584\" height=\"347\" srcset=\"http:\/\/imamkoy.com\/wp-content\/uploads\/2011\/09\/APDC09391-1024x609.jpg 1024w, http:\/\/imamkoy.com\/wp-content\/uploads\/2011\/09\/APDC09391-300x178.jpg 300w, http:\/\/imamkoy.com\/wp-content\/uploads\/2011\/09\/APDC09391-500x297.jpg 500w\" sizes=\"auto, (max-width: 584px) 100vw, 584px\" \/><\/a><\/p>\n<p><strong>Sa?l?k evi bah\u00e7esi \u00e7ocuk oyun park? eski&nbsp;Ayd?n Valisi Mustafa Malay taraf?ndan t\u00f6renle a\u00e7?lm??t?r<\/strong>.<\/p>\n<p><a href=\"http:\/\/imamkoy.com\/wp-content\/uploads\/2011\/09\/00001501.jpg\"><img loading=\"lazy\" decoding=\"async\" class=\"alignleft  wp-image-1198\" title=\"00001501\" src=\"http:\/\/imamkoy.com\/wp-content\/uploads\/2011\/09\/00001501-150x150.jpg\" alt=\"\" width=\"158\" height=\"158\"><\/a>&nbsp;<strong>?mamk\u00f6y \u00e7ocuklar? parkta oynayacak<\/strong><\/p>\n<div>\n<div>&nbsp;<strong>Ayd?n Belediyesi taraf?ndan merkez ?mamk\u00f6y&#8217;e yapt?r?lan \u00e7ocuk park? t\u00f6renle hizmete a\u00e7?ld?.<\/strong><\/div>\n<div>\n<p style=\"text-align: justify;\"><strong>A\u00e7?l??a Vali Mustafa Malay, Belediye Ba?kan? ?lhami Ortekin, Alay Komutan? Albay Murat Kavas, k\u00f6yl\u00fcler ve davetliler kat?ld?. \u00d6rnek k\u00f6y \u00e7al??malar? kapsam?nda k?sa s\u00fcrede k\u00f6y\u00fcn \u00e7ehresinin de?i?ti?ini belirten k\u00f6y muhtar? Celal Ece, park?n ve k\u00f6y i\u00e7i d\u00fczenlemesinin yap?lmas?nda eme?i ge\u00e7en herkese te?ekk\u00fcr etti. Park?n a\u00e7?l???, Vali Malay&#8217;?n s?k s?k ziyaret etti?i k\u00f6y\u00fcn maskotu haline gelen ve \u00f6zel g\u00fcnlerde s\u00fcrekli Vali Malay taraf?ndan hediye edilen y\u00f6resel efe k?yafetleriyle dola?an Muhammet Aydo?du taraf?ndan yap?ld?. 65 ya??nda olmas?na ra?men bir \u00e7ocuk gibi sevilen Aydo?du, a\u00e7?l??? yapt?ktan sonra sal?ncaklara bindi. Vali Mustafa Malay, Muhammet Aydo?du&#8217;yu bir s\u00fcre sallad?ktan sonra park?n bak?m ve koruma i?lerini de kendisine verdi. <\/strong><\/p>\n<p style=\"text-align: justify;\"><strong>25 Nisan 2006 kent haber yay?n?<\/strong><\/p>\n<p style=\"text-align: justify;\">&nbsp;&nbsp;<a href=\"http:\/\/imamkoy.com\/wp-content\/uploads\/2011\/09\/APDC09781.jpg\"><img loading=\"lazy\" decoding=\"async\" class=\"aligncenter size-large wp-image-1308\" title=\"APDC0978\" src=\"http:\/\/imamkoy.com\/wp-content\/uploads\/2011\/09\/APDC09781-1024x641.jpg\" alt=\"\" width=\"584\" height=\"365\" srcset=\"http:\/\/imamkoy.com\/wp-content\/uploads\/2011\/09\/APDC09781-1024x641.jpg 1024w, http:\/\/imamkoy.com\/wp-content\/uploads\/2011\/09\/APDC09781-300x187.jpg 300w, http:\/\/imamkoy.com\/wp-content\/uploads\/2011\/09\/APDC09781-479x300.jpg 479w\" sizes=\"auto, (max-width: 584px) 100vw, 584px\" \/><\/a><\/p>\n<\/div>\n<\/div>\n<p>\u0130MAMK\u00d6Y D\u00dc\u011e\u00dcN SALONU<\/p>\n","protected":false},"excerpt":{"rendered":"<p>K\u00f6yde bir ebe vard\u0131r. K\u00f6yde ikamet etmekte olup, k\u00f6y odas\u0131 kendilerine lojman tahsis etmi\u015ftir. Lojman \u00c7ayy\u00fcz\u00fc mahallesinde olup bir odas\u0131 halka hizmet vermek i\u00e7in kullan\u0131lm\u0131\u015ft\u0131r. \u015eu anda i\u015f yeri veya ev olarak kiraya verilecektir. \u011f Sa\u011fl\u0131k evi in\u015faat\u0131 daha \u00f6nce d\u00fc\u011f\u00fcn salonu i\u00e7in yap\u0131m\u0131 ba\u015flanm\u0131\u015f fakat d\u00fc\u011f\u00fcn salonu i\u00e7in kapasitesinin yeterli olmamas\u0131ndan dolay\u0131 bu in\u015faat &hellip; <a href=\"http:\/\/imamkoy.com\/index.php\/saglik\/\" class=\"more-link\">Okumaya devam et <span class=\"screen-reader-text\">Sa\u011fl\u0131k (\u0130mamk\u00f6y Sa\u011fl\u0131k Oca\u011f\u0131 ve \u00c7ocuk park\u0131) \u0130mamk\u00f6y D\u00fc\u011f\u00fcn Salonu Nere<\/span><\/a><\/p>\n","protected":false},"author":1,"featured_media":0,"parent":0,"menu_order":0,"comment_status":"open","ping_status":"open","template":"","meta":{"footnotes":""},"class_list":["post-349","page","type-page","status-publish","hentry"],"_links":{"self":[{"href":"http:\/\/imamkoy.com\/index.php\/wp-json\/wp\/v2\/pages\/349","targetHints":{"allow":["GET"]}}],"collection":[{"href":"http:\/\/imamkoy.com\/index.php\/wp-json\/wp\/v2\/pages"}],"about":[{"href":"http:\/\/imamkoy.com\/index.php\/wp-json\/wp\/v2\/types\/page"}],"author":[{"embeddable":true,"href":"http:\/\/imamkoy.com\/index.php\/wp-json\/wp\/v2\/users\/1"}],"replies":[{"embeddable":true,"href":"http:\/\/imamkoy.com\/index.php\/wp-json\/wp\/v2\/comments?post=349"}],"version-history":[{"count":57,"href":"http:\/\/imamkoy.com\/index.php\/wp-json\/wp\/v2\/pages\/349\/revisions"}],"predecessor-version":[{"id":9845,"href":"http:\/\/imamkoy.com\/index.php\/wp-json\/wp\/v2\/pages\/349\/revisions\/9845"}],"wp:attachment":[{"href":"http:\/\/imamkoy.com\/index.php\/wp-json\/wp\/v2\/media?parent=349"}],"curies":[{"name":"wp","href":"https:\/\/api.w.org\/{rel}","templated":true}]}}