{"id":3820,"date":"2015-03-19T10:47:01","date_gmt":"2015-03-19T10:47:01","guid":{"rendered":"http:\/\/imamkoy.com\/?page_id=3820"},"modified":"2026-04-03T12:25:25","modified_gmt":"2026-04-03T11:25:25","slug":"imamkoyun-eski-cocuk-oyunlari","status":"publish","type":"page","link":"http:\/\/imamkoy.com\/index.php\/imamkoyun-eski-cocuk-oyunlari\/","title":{"rendered":"Basit Gere\u00e7lerle Fiziksel ve Beyinsel olarak sokaklarda ve evlerde oynanan \u0130mamk\u00f6y&#8217;\u00fcn Eski \u00c7ocuk oyunlar\u0131 (\u0130nternetsiz ya\u015fam,)"},"content":{"rendered":"\n<p><strong>\u0130NTERNETS\u0130Z \u00c7OCUKLUK<\/strong><\/p>\n\n\n\n<p><\/p>\n\n\n<p style=\"text-align: justify;\"><a href=\"http:\/\/imamkoy.com\/wp-content\/uploads\/2015\/03\/oyunlar.jpg\"><img loading=\"lazy\" decoding=\"async\" class=\"aligncenter size-full wp-image-3852\" title=\"oyunlar\" src=\"http:\/\/imamkoy.com\/wp-content\/uploads\/2015\/03\/oyunlar.jpg\" alt=\"\" width=\"480\" height=\"372\" srcset=\"http:\/\/imamkoy.com\/wp-content\/uploads\/2015\/03\/oyunlar.jpg 480w, http:\/\/imamkoy.com\/wp-content\/uploads\/2015\/03\/oyunlar-300x232.jpg 300w, http:\/\/imamkoy.com\/wp-content\/uploads\/2015\/03\/oyunlar-387x300.jpg 387w\" sizes=\"auto, (max-width: 480px) 100vw, 480px\" \/><\/a> \u00a0 Teknolojinin bu kadar yayg\u0131nla\u015fmad\u0131\u011f\u0131 (bilgisayar, cep telefonu)&#8217;nun\u00a0 olmad\u0131\u011f\u0131 d\u00f6nemler tek e\u011flence kayna\u011f\u0131 televizyondur.\u00a0\u00a0\u00a0Oda her evde yok se\u00e7enekler az I. veya II kanal oda aile b\u00fcy\u00fcklerini hitap eder klasik t\u00fcrk filmleri sans\u00fcrl\u00fc haber ve diziler\u00a0 \u00e7ocuklar\u0131n bakabilece\u0131i programlar Bar\u0131\u015f Man\u00e7o&#8217;nun Adam Olacak \u00c7ocuk program\u0131,\u00a0 Ta\u015f Devri Heidi v.b \u00e7ocuklar i\u00e7in fazla se\u00e7enek yoktu. \u00c7ocuklar okuldan gelince derslerini yaparlar kalan zamanlar\u0131nda aileye yard\u0131m ederler. Daha sonra geni\u015f bah\u00e7ede veya sokakta oyun oynarlard\u0131. Bunlardan baz\u0131 \u00f6rnekler verelim. Eski \u00e7ocuk oyunlar\u0131n\u0131n Malzemeleri Top, \u0130p, Ta\u015f, Mendil, Sopa, Kremit,<\/p>\n<p style=\"text-align: justify;\"><span style=\"color: #ff0000;\"><strong>\u00a0\u00a0\u00a0\u00a0\u00a0\u00a0\u00a0\u00a0\u00a0\u00a0\u00a0\u00a0\u00a0\u00a0\u00a0 <\/strong><\/span><span style=\"color: #ff0000;\"><strong>TOPA\u00c7 \u00c7EViRMEK (F\u0131\u00e7\u0131)<\/strong><\/span><\/p>\n<p><a href=\"http:\/\/imamkoy.com\/wp-content\/uploads\/2023\/06\/topac.jpg\"><img loading=\"lazy\" decoding=\"async\" class=\"size-full wp-image-8287 alignleft\" src=\"http:\/\/imamkoy.com\/wp-content\/uploads\/2023\/06\/topac.jpg\" alt=\"\" width=\"244\" height=\"130\" \/><\/a><\/p>\n<p style=\"text-align: justify;\">\u00a0\u00a0 Topac\u0131 (f\u0131\u00e7\u0131y\u0131) u\u00e7tan ba\u015flamak \u00fczere\u00a0 ip s\u0131k\u0131ca sar\u0131l\u0131yor. Kaytan\u0131n bir ucu ise sa\u011f elin orta parma\u011f\u0131na s\u0131k\u0131ca ba\u011flanm\u0131\u015f durumda. Bu olmad\u0131\u011f\u0131 takdirde ipin elden f\u0131rlamas\u0131, topac\u0131n da f\u0131rlamas\u0131na neden oluyor.<\/p>\n<p style=\"text-align: justify;\">Topac\u0131n e\u011fer kaytan sar\u0131lacak b\u00f6l\u00fcm\u00fc varsa buraya sar\u0131l\u0131yor. Sonra topa\u00e7 sivri ucu yere do\u011fru olmak \u00fczere h\u0131zla yere f\u0131rlat\u0131l\u0131yor ve bu arada kaytan geriye do\u011fru \u00e7ekiliyor. Bu \u00e7ekme s\u0131ras\u0131nda topa\u00e7 d\u00f6nme kazan\u0131yor ve bunu yere \u00e7arpar \u00e7arpmaz s\u00fcrd\u00fcr\u00fcyor. En h\u0131zl\u0131 s\u00fcrede topac\u0131 d\u00f6nen topac\u0131 ayakta kalan\u00a0 ki\u015fi oyunun galibi\u00a0 say\u0131l\u0131yor.<\/p>\n<p style=\"text-align: justify;\"><span style=\"color: #ff0000;\"><strong>KAYDIRAK OYUNU<\/strong><\/span><\/p>\n<p style=\"text-align: justify;\">\u00a0Kayd\u0131rak bir Sekme oyunudur.\u00a0 Yere \u00e7izilen \u00e7izgiler \u00fczerinde yass\u0131 bir ta\u015f gezdirerek oynanan kayd\u0131rak oyunu olu\u015fturur. Ta\u015f\u0131 \u00e7izginin ortas\u0131na gelen ki\u015fi yanm\u0131\u015f olur. oynayan ki\u015fi tek aya\u011f\u0131 ile ta\u015f\u0131 s\u00fcrekli gezdirerek \u00e7izilen karelerin i\u00e7inde gezdirir. \u00e7izimim \u00e7ok iyi de\u011fil ke\u015fke \u00e7izerek anlatabilsem siz \u00e7ocuklar\u0131m\u0131za<\/p>\n<p><a href=\"http:\/\/imamkoy.com\/wp-content\/uploads\/2021\/11\/bes-tas.jpg\"><img loading=\"lazy\" decoding=\"async\" class=\"aligncenter  wp-image-6481\" src=\"http:\/\/imamkoy.com\/wp-content\/uploads\/2021\/11\/bes-tas.jpg\" alt=\"\" width=\"431\" height=\"560\" srcset=\"http:\/\/imamkoy.com\/wp-content\/uploads\/2021\/11\/bes-tas.jpg 526w, http:\/\/imamkoy.com\/wp-content\/uploads\/2021\/11\/bes-tas-231x300.jpg 231w\" sizes=\"auto, (max-width: 431px) 100vw, 431px\" \/><\/a><\/p>\n<p><span style=\"color: #ff0000;\"><strong>BE\u015e TA\u015e :Y<span style=\"color: #003300;\">uvarlak d\u00fczg\u00fcn ta\u015flardan be\u015f tane ayarlan\u0131r. Foto\u011frafta g\u00f6r\u00fcld\u00fc\u011f\u00fc gibi el k\u00f6pr\u00fc yap\u0131l\u0131r. Elimize ald\u0131\u011f\u0131m\u0131z ta\u015f z\u0131plat\u0131larak yerdeki ta\u015f k\u00f6pr\u00fc alt\u0131ndan ge\u00e7irilir. Bunlar\u0131n da o zamanlar levelleri vard\u0131. <\/span><\/strong><\/span><strong>Oyun k\u0131z ve erkek \u00e7ocuklar\u0131 taraf\u0131ndan oynan\u0131r. Oyun iki oyuncu taraf\u0131ndan oynan\u0131r. Ta\u015flar (be\u015f adet) yere at\u0131l\u0131r. \u0130lk \u00f6nce birler oynan\u0131r. Birlerde; oyuncu bir ta\u015f\u0131 ba\u015f hizas\u0131na kadar havaya atar. Havaya att\u0131\u011f\u0131 ta\u015f yere d\u00fc\u015fene kadar ta\u015f\u0131 havaya att\u0131\u011f\u0131 elle yerden bir ta\u015f al\u0131p havaya att\u0131\u011f\u0131 ta\u015f\u0131 tutmak zorundad\u0131r tutamazsa yanar. \u0130kilerde; yine havaya bir ta\u015f at\u0131p ayn\u0131 elle yerden iki ta\u015f almak, \u00fc\u00e7lerde; \u00fc\u00e7 ta\u015f almak, d\u00f6rtlerde havaya att\u0131\u011f\u0131 ta\u015f yere d\u00fc\u015fene kadar d\u00f6rt ta\u015f\u0131 da almak ve havadan d\u00fc\u015fen ta\u015f\u0131 tutmak zorundad\u0131r.<\/strong> <b>Daha sonra i\u015faret parma\u011f\u0131n\u0131 (sol el) orta parma\u011f\u0131n\u0131n \u00fcst\u00fcne koyup yere dayayarak k\u00f6pr\u00fc olu\u015fturur. Sa\u011f elle de bir ta\u015f yukar\u0131 at\u0131l\u0131r. D\u00f6rt ta\u015f\u0131 da birbirine de\u011fmeyecek \u015fekilde k\u00f6pr\u00fc kurdu\u011fu parmaklar\u0131n\u0131n kar\u015f\u0131s\u0131na yere atar. Havaya att\u0131\u011f\u0131 ta\u015f yere d\u00fc\u015fmeden bir ta\u015f\u0131 k\u00f6pr\u00fcn\u00fcn i\u00e7inden ge\u00e7irir ve yukar\u0131ya att\u0131\u011f\u0131 ta\u015f\u0131 yere d\u00fc\u015fmeden tutar. D\u00f6rt ta\u015f\u0131 birer birer k\u00f6pr\u00fcn\u00fcn i\u00e7inden ge\u00e7irilir. Bu b\u00f6l\u00fcm bitmi\u015f olur. Sonra be\u015f ta\u015f\u0131 sa\u011f elle havaya at\u0131p birlerde en az bir ta\u015f elinin \u00fcst\u00fcnde kalacak \u015fekilde ta\u015flar\u0131 yakalar, elinin \u00fcst\u00fcndeki (tersindeki) ta\u015f\u0131 tekrar eliyle yukar\u0131 atar ve avucuyla yere d\u00fc\u015fmeden yakalar. Bu hareket ikilerde iki ta\u015f, \u00fc\u00e7lerde \u00fc\u00e7 ta\u015f, d\u00f6rtlerde d\u00f6rt ta\u015f ve be\u015flerde be\u015f ta\u015f olmak \u00fczere elinin \u00fcst\u00fcnde (tersindeki) tutulup avucuyla yakalayacak bi\u00e7imde devam eder. Oyuncunun elinin \u00fczeriyle yakalamas\u0131 gereken ta\u015flar eksik olursa veya elinin \u00fczerindeki ta\u015flar\u0131 avucuyla tutamazsa,\u00a0 yanar ve oyun s\u0131ras\u0131\u00a0 rakibine \u00a0ge\u00e7er. Yukar\u0131daki t\u00fcm bu hareketleri yanmadan yap\u0131p tamamlarsa, oyunu kazanm\u0131\u015f olur. Zafer onundur. Foto\u011fraftaki el k\u00f6pr\u00fc yap\u0131l\u0131r. alttan ge\u00e7irilir.<\/b><\/p>\n<p><a href=\"http:\/\/imamkoy.com\/wp-content\/uploads\/2022\/04\/misket.jpg\"><img loading=\"lazy\" decoding=\"async\" class=\"aligncenter  wp-image-7231\" src=\"http:\/\/imamkoy.com\/wp-content\/uploads\/2022\/04\/misket.jpg\" alt=\"\" width=\"575\" height=\"376\" srcset=\"http:\/\/imamkoy.com\/wp-content\/uploads\/2022\/04\/misket.jpg 827w, http:\/\/imamkoy.com\/wp-content\/uploads\/2022\/04\/misket-300x196.jpg 300w, http:\/\/imamkoy.com\/wp-content\/uploads\/2022\/04\/misket-768x501.jpg 768w\" sizes=\"auto, (max-width: 575px) 100vw, 575px\" \/><\/a><\/p>\n<p><strong>YA\u011e SATARIM:<\/strong><\/p>\n<p>8-10 \u00e7ocuk daire \u015feklinde yere otururlar veya \u00e7\u00f6melirler . \u0130\u00e7erlerinden 1 (tanesini ebe se\u00e7erler ) Ebe daire etraf\u0131nda \u00e7ocuklar\u0131n arkas\u0131ndan d\u00f6nmeye ba\u015flar., ve \u015fu s\u00f6zleri ; s\u00f6yler<\/p>\n<p>\u201cYa\u011f satar\u0131m bal satar\u0131m. Ustam \u00f6lm\u00fc\u015f ben satar\u0131m. Zam-bak Zum-bak. D\u00f6n, arkana iyi bak!\u201d der ve kimseyi \u00e7akt\u0131rmadan birisinin arkas\u0131na b\u0131rak\u0131r. D\u00f6nmeye devam eder. Ebe, kimseye \u00e7akt\u0131rmadan mendili birinin arkas\u0131na b\u0131rak\u0131r ve d\u00f6nmeye devam eder.<\/p>\n<p><a href=\"http:\/\/imamkoy.com\/wp-content\/uploads\/2023\/06\/celik-comak-1.jpg\"><img loading=\"lazy\" decoding=\"async\" class=\"size-medium wp-image-8289 alignleft\" src=\"http:\/\/imamkoy.com\/wp-content\/uploads\/2023\/06\/celik-comak-1-292x300.jpg\" alt=\"\" width=\"292\" height=\"300\" srcset=\"http:\/\/imamkoy.com\/wp-content\/uploads\/2023\/06\/celik-comak-1-292x300.jpg 292w, http:\/\/imamkoy.com\/wp-content\/uploads\/2023\/06\/celik-comak-1.jpg 525w\" sizes=\"auto, (max-width: 292px) 100vw, 292px\" \/><\/a><\/p>\n<p>\u00c7elik \u00c7OMAK<\/p>\n<p>Be\u015fta\u015f oynayan \u00e7ocuklar Firdevs Posac\u0131&#8217;n\u0131n\u00a0 resmi<\/p>\n<p>iki ta\u015f \u00fczerine konulan a\u011fa\u00e7 par\u00e7as\u0131, \u00e7omakla\u00a0 ittirilerek havaland\u0131r\u0131l\u0131r. ve sopayla\u00a0 vurulur. Ne kadar uza\u011fa giderse birinci odur.<\/p>\n<p><a href=\"http:\/\/imamkoy.com\/wp-content\/uploads\/2023\/03\/122900991_4075937562437425_4401261839361923636_n.jpg\"><img loading=\"lazy\" decoding=\"async\" class=\"aligncenter  wp-image-8022\" src=\"http:\/\/imamkoy.com\/wp-content\/uploads\/2023\/03\/122900991_4075937562437425_4401261839361923636_n-300x218.jpg\" alt=\"\" width=\"424\" height=\"308\" srcset=\"http:\/\/imamkoy.com\/wp-content\/uploads\/2023\/03\/122900991_4075937562437425_4401261839361923636_n-300x218.jpg 300w, http:\/\/imamkoy.com\/wp-content\/uploads\/2023\/03\/122900991_4075937562437425_4401261839361923636_n.jpg 720w\" sizes=\"auto, (max-width: 424px) 100vw, 424px\" \/><\/a><a href=\"http:\/\/imamkoy.com\/wp-content\/uploads\/2023\/08\/yag-satarim.jpg\"><img loading=\"lazy\" decoding=\"async\" class=\"aligncenter size-medium wp-image-8387\" src=\"http:\/\/imamkoy.com\/wp-content\/uploads\/2023\/08\/yag-satarim-300x293.jpg\" alt=\"\" width=\"300\" height=\"293\" srcset=\"http:\/\/imamkoy.com\/wp-content\/uploads\/2023\/08\/yag-satarim-300x293.jpg 300w, http:\/\/imamkoy.com\/wp-content\/uploads\/2023\/08\/yag-satarim.jpg 472w\" sizes=\"auto, (max-width: 300px) 100vw, 300px\" \/><\/a><\/p>\n<p>Ya\u011f satar\u0131m bal satar\u0131m ustam olmu\u015f ben satar\u0131m.<\/p>\n<p>Zambak zumbak d\u00f6n arkana iyi bak deyip tekerleme s\u00f6ylenir.<\/p>\n<p>Dokuz Kiremit Oyunu<br \/>Oyun k\u0131z ve erkek \u00e7ocuklar\u0131 taraf\u0131ndan oynan\u0131r. Oyun i\u00e7in farkl\u0131 boyutlarda dokuz kiremit par\u00e7as\u0131yla ve topla oynan\u0131r. Farkl\u0131 b\u00fcy\u00fckl\u00fckteki dokuz kiremit par\u00e7as\u0131 (eski kiremitlerden) \u00fcst \u00fcste konulur. Bir grup kiremitleri bekler, di\u011fer grubun oyuncular\u0131 s\u0131ra ile topu atarak kiremitleri devirmeye \u00e7al\u0131\u015f\u0131r. Kiremitleri y\u0131kt\u0131klar\u0131\u00a0 zaman grubun b\u00fct\u00fcn \u00fcyeleri ka\u00e7ar. Kiremitleri bekleyen grubun oyuncular\u0131 topu birbirlerine atarak ka\u00e7anlar\u0131 vurmaya \u00e7al\u0131\u015f\u0131rlar. Vurulan oyuncu oyundan \u00e7\u0131kar. Ka\u00e7an gruptaki<br \/>oyuncular, topla vurulmadan kiremitlerin hepsini el \u00e7abuklu\u011fu ile dizerlerse yine ka\u00e7an grup olurlar;<br \/>fakat vurulurlarsa kiremitlerin ba\u015f\u0131nda bekleyen grup olurlar.<\/p>\n<p><a href=\"http:\/\/imamkoy.com\/wp-content\/uploads\/2025\/01\/image1.webp\"><img loading=\"lazy\" decoding=\"async\" class=\"alignleft size-full wp-image-9667\" src=\"http:\/\/imamkoy.com\/wp-content\/uploads\/2025\/01\/image1.webp\" alt=\"\" width=\"800\" height=\"533\" srcset=\"http:\/\/imamkoy.com\/wp-content\/uploads\/2025\/01\/image1.webp 800w, http:\/\/imamkoy.com\/wp-content\/uploads\/2025\/01\/image1-300x200.webp 300w, http:\/\/imamkoy.com\/wp-content\/uploads\/2025\/01\/image1-768x512.webp 768w\" sizes=\"auto, (max-width: 800px) 100vw, 800px\" \/><\/a><\/p>\n<p><strong><span style=\"color: #ff0000;\">UZUN E\u015eEK:<\/span><\/strong> Oyun genelde erkek\u00a0 \u00e7ocuklar taraf\u0131ndan oynan\u0131r. Bir ki\u015fi duvara veya a\u011faca yaslan\u0131r. Di\u011fer\u00a0 \u00e7ocuk bu yaslan\u0131n ki\u015finin ayaklar\u0131n\u0131n aras\u0131na kafas\u0131na sokar e\u011filir. Di\u011fer \u00e7ocuklar da ayn\u0131 \u015fekilde dizilir foto\u011fraftaki gibi e\u015fek pozisyonunda olurlar. Rakipler atlayarak bunlar\u0131 y\u0131kmaya \u00e7al\u0131\u015f\u0131rlar. b\u00f6ylece oyun ne\u015feli bir \u015fekilde devam eder.<\/p>\n<p><a href=\"http:\/\/imamkoy.com\/wp-content\/uploads\/2024\/10\/cocuk-oyuny-uz..jpg\"><img loading=\"lazy\" decoding=\"async\" class=\"alignleft size-full wp-image-9618\" src=\"http:\/\/imamkoy.com\/wp-content\/uploads\/2024\/10\/cocuk-oyuny-uz..jpg\" alt=\"\" width=\"800\" height=\"444\" srcset=\"http:\/\/imamkoy.com\/wp-content\/uploads\/2024\/10\/cocuk-oyuny-uz..jpg 800w, http:\/\/imamkoy.com\/wp-content\/uploads\/2024\/10\/cocuk-oyuny-uz.-300x167.jpg 300w, http:\/\/imamkoy.com\/wp-content\/uploads\/2024\/10\/cocuk-oyuny-uz.-768x426.jpg 768w\" sizes=\"auto, (max-width: 800px) 100vw, 800px\" \/><\/a><\/p>\n<\/p>\n<p>B\u0130RD\u0130R B\u0130R<\/p>\n<p>E\u015eEK SOPACI<\/p>\n<p>Zeka oyunlar\u0131ndan \u015fehir ismi bulma<\/p>\n<p>Ayr\u0131ca k\u0131z \u00e7ocuklar\u0131n\u0131n oynad\u0131\u011f\u0131 evlecik, gibi<\/p>\n<p><a href=\"http:\/\/imamkoy.com\/wp-content\/uploads\/2024\/11\/20241121_143557.jpg\"><img loading=\"lazy\" decoding=\"async\" class=\"wp-image-9650 aligncenter\" src=\"http:\/\/imamkoy.com\/wp-content\/uploads\/2024\/11\/20241121_143557.jpg\" alt=\"\" width=\"361\" height=\"447\" srcset=\"http:\/\/imamkoy.com\/wp-content\/uploads\/2024\/11\/20241121_143557.jpg 1836w, http:\/\/imamkoy.com\/wp-content\/uploads\/2024\/11\/20241121_143557-242x300.jpg 242w, http:\/\/imamkoy.com\/wp-content\/uploads\/2024\/11\/20241121_143557-827x1024.jpg 827w, http:\/\/imamkoy.com\/wp-content\/uploads\/2024\/11\/20241121_143557-768x950.jpg 768w, http:\/\/imamkoy.com\/wp-content\/uploads\/2024\/11\/20241121_143557-1241x1536.jpg 1241w, http:\/\/imamkoy.com\/wp-content\/uploads\/2024\/11\/20241121_143557-1655x2048.jpg 1655w\" sizes=\"auto, (max-width: 361px) 100vw, 361px\" \/>Oyun malzemeleri\u00a0 :Budakl\u0131 a\u011fa\u00e7, Dal, lastik ve ta\u015f sapan, kiremit ve ta\u015f par\u00e7alar\u0131\u00a0<\/a><\/p>\n<p>A\u011fa\u00e7\u0131n \u00e7atall\u0131 dal\u0131ndan kesilen dala lastik ile yap\u0131l\u0131r. Buna araba lasti\u011finden kesilen par\u00e7a\u00a0<\/p>\n<p>Bunlar\u0131 f\u0131rsat bulduk\u00e7a yay\u0131nlayaca\u011f\u0131m.<\/p>\n\n<p><a href=\"http:\/\/imamkoy.com\/wp-content\/uploads\/2025\/10\/cocuk-oyunu.jpg\"><img loading=\"lazy\" decoding=\"async\" class=\"alignleft size-full wp-image-9963\" src=\"http:\/\/imamkoy.com\/wp-content\/uploads\/2025\/10\/cocuk-oyunu.jpg\" alt=\"\" width=\"599\" height=\"398\" srcset=\"http:\/\/imamkoy.com\/wp-content\/uploads\/2025\/10\/cocuk-oyunu.jpg 599w, http:\/\/imamkoy.com\/wp-content\/uploads\/2025\/10\/cocuk-oyunu-300x199.jpg 300w\" sizes=\"auto, (max-width: 599px) 100vw, 599px\" \/><\/a><\/p>\n\n\n<p><\/p>\n","protected":false},"excerpt":{"rendered":"<p>\u0130NTERNETS\u0130Z \u00c7OCUKLUK \u00a0 Teknolojinin bu kadar yayg\u0131nla\u015fmad\u0131\u011f\u0131 (bilgisayar, cep telefonu)&#8217;nun\u00a0 olmad\u0131\u011f\u0131 d\u00f6nemler tek e\u011flence kayna\u011f\u0131 televizyondur.\u00a0\u00a0\u00a0Oda her evde yok se\u00e7enekler az I. veya II kanal oda aile b\u00fcy\u00fcklerini hitap eder klasik t\u00fcrk filmleri sans\u00fcrl\u00fc haber ve diziler\u00a0 \u00e7ocuklar\u0131n bakabilece\u0131i programlar Bar\u0131\u015f Man\u00e7o&#8217;nun Adam Olacak \u00c7ocuk program\u0131,\u00a0 Ta\u015f Devri Heidi v.b \u00e7ocuklar i\u00e7in fazla se\u00e7enek yoktu. &hellip; <a href=\"http:\/\/imamkoy.com\/index.php\/imamkoyun-eski-cocuk-oyunlari\/\" class=\"more-link\">Okumaya devam et <span class=\"screen-reader-text\">Basit Gere\u00e7lerle Fiziksel ve Beyinsel olarak sokaklarda ve evlerde oynanan \u0130mamk\u00f6y&#8217;\u00fcn Eski \u00c7ocuk oyunlar\u0131 (\u0130nternetsiz ya\u015fam,)<\/span><\/a><\/p>\n","protected":false},"author":1,"featured_media":0,"parent":0,"menu_order":0,"comment_status":"open","ping_status":"open","template":"","meta":{"footnotes":""},"class_list":["post-3820","page","type-page","status-publish","hentry"],"_links":{"self":[{"href":"http:\/\/imamkoy.com\/index.php\/wp-json\/wp\/v2\/pages\/3820","targetHints":{"allow":["GET"]}}],"collection":[{"href":"http:\/\/imamkoy.com\/index.php\/wp-json\/wp\/v2\/pages"}],"about":[{"href":"http:\/\/imamkoy.com\/index.php\/wp-json\/wp\/v2\/types\/page"}],"author":[{"embeddable":true,"href":"http:\/\/imamkoy.com\/index.php\/wp-json\/wp\/v2\/users\/1"}],"replies":[{"embeddable":true,"href":"http:\/\/imamkoy.com\/index.php\/wp-json\/wp\/v2\/comments?post=3820"}],"version-history":[{"count":69,"href":"http:\/\/imamkoy.com\/index.php\/wp-json\/wp\/v2\/pages\/3820\/revisions"}],"predecessor-version":[{"id":9964,"href":"http:\/\/imamkoy.com\/index.php\/wp-json\/wp\/v2\/pages\/3820\/revisions\/9964"}],"wp:attachment":[{"href":"http:\/\/imamkoy.com\/index.php\/wp-json\/wp\/v2\/media?parent=3820"}],"curies":[{"name":"wp","href":"https:\/\/api.w.org\/{rel}","templated":true}]}}