{"id":4183,"date":"2021-11-11T12:12:34","date_gmt":"2021-11-11T11:12:34","guid":{"rendered":"http:\/\/imamkoy.com\/?page_id=4183"},"modified":"2026-04-03T19:12:55","modified_gmt":"2026-04-03T18:12:55","slug":"masallar-buyuklere-cocuklara","status":"publish","type":"page","link":"http:\/\/imamkoy.com\/index.php\/masallar-buyuklere-cocuklara\/","title":{"rendered":"Masallar\u0131n B\u00fcy\u00fcl\u00fc D\u00fcnyas\u0131na Ho\u015f Geldiniz. Masallarla Hayal D\u00fcnyan\u0131z\u0131 Geni\u015fletin, \u0130lk Defa Duyaca\u011f\u0131n\u0131z (Tan Tan Kabac\u0131k, Ay\u0131 Masal\u0131, Ke\u00e7i K\u0131z\u0131 Ay\u015fe)"},"content":{"rendered":"<p style=\"text-align: justify;\"><span style=\"color: #ff0000;\"><strong>MASAL: <\/strong><span style=\"color: #000000;\"><strong>Ola\u011fan\u00fcst\u00fc \u00f6te, kahraman ve olaylara yer veren \u00f6yk\u00fclerdir. Masal halk dilinde anlat\u0131larak olu\u015fan s\u00f6zl\u00fc edebiyat \u00fcr\u00fcn\u00fcd\u00fcr. Masallarda olaylar tamamen hayal \u00fcr\u00fcn\u00fcd\u00fcr. Yer ve zaman belli de\u011fildir. Kahramanlar insan \u00fcst\u00fc \u00f6zellikler g\u00f6sterir. \u0130yiler hep iyi, k\u00f6t\u00fcler hep k\u00f6t\u00fcd\u00fcr. \u0130yiler \u00f6d\u00fcllendirilir, k\u00f6t\u00fcler cezaland\u0131r\u0131l\u0131r. Halk masallar\u0131 4 temel grupta toplan\u0131r: Hayvan masallar\u0131, ola\u011fan\u00fcst\u00fc ve ger\u00e7ek\u00e7i masallar, g\u00fcld\u00fcr\u00fcc\u00fc \u00f6yk\u00fcler, zincirlemeli masallar. Genelde masallarda film gibi zengin k\u0131z fakir o\u011flan veya tam tersi, \u00fcvey anne veya baba, yaramaz evlat sad\u0131k k\u00f6pek cad\u0131lar periler \u015feytanlar gibi \u00f6rnekler \u00e7o\u011falt\u0131labilir. Masal dinlenen zemin iyi haz\u0131rlan\u0131rsa ocak ba\u015flar\u0131 gibi insan dinlemekten \u00e7ok keyif al\u0131r. Adeta o masal\u0131 ya\u015far.\u00a0 \u015eimdi bu masallardan \u00f6rnekler. Birde \u00e7ocuk iken \u015fu tekerleme hep kula\u011f\u0131mda kalm\u0131\u015f, <\/strong><\/span><\/span><\/p>\n<p style=\"text-align: justify;\"><span style=\"color: #ff0000;\"><span style=\"color: #000000;\"><strong><span style=\"color: #ff0000;\">M<\/span><span style=\"color: #000000;\">asal, masal maliki,<\/span><span style=\"color: #ff0000;\"> T<\/span><span style=\"color: #000000;\">\u0131rna\u011f\u0131 varm\u0131\u015f oniki, <\/span><span style=\"color: #ff0000;\">O<\/span><span style=\"color: #000000;\">nikinin yar\u0131s\u0131, <span style=\"color: #ff0000;\">H<\/span>ac\u0131 amcan\u0131n kar\u0131s\u0131<\/span><br \/><\/strong><\/span><\/span><\/p>\n<p>\u00a0<\/p>\n<p style=\"text-align: center;\"><span style=\"color: #339966;\"><a href=\"http:\/\/imamkoy.com\/wp-content\/uploads\/2011\/11\/kahverengi_ayi_yuvrulari.jpg\"><strong><img loading=\"lazy\" decoding=\"async\" class=\"aligncenter size-full wp-image-1706\" title=\"kahverengi_ayi_yuvrulari\" src=\"http:\/\/imamkoy.com\/wp-content\/uploads\/2011\/11\/kahverengi_ayi_yuvrulari.jpg\" alt=\"\" width=\"507\" height=\"339\" srcset=\"http:\/\/imamkoy.com\/wp-content\/uploads\/2011\/11\/kahverengi_ayi_yuvrulari.jpg 507w, http:\/\/imamkoy.com\/wp-content\/uploads\/2011\/11\/kahverengi_ayi_yuvrulari-300x200.jpg 300w, http:\/\/imamkoy.com\/wp-content\/uploads\/2011\/11\/kahverengi_ayi_yuvrulari-448x300.jpg 448w\" sizes=\"auto, (max-width: 507px) 100vw, 507px\" \/><\/strong><\/a><strong>AYI MASALI<\/strong><\/span><\/p>\n<p style=\"text-align: justify;\"><span style=\"color: #000000;\"><span style=\"color: #993300;\"><span style=\"color: #000080;\"><span style=\"color: #000000;\">B<\/span><b style=\"color: #000080;\">ir varm\u0131\u015f bir yokmu\u015f evvel zaman i\u00e7inde kalbur zaman i\u00e7inde develer tellal iken pireler berber iken ben anam\u0131n be\u015fi\u011fini t\u0131ng\u0131r m\u0131ng\u0131r sallarken; k\u00f6y\u00fcn birinde k\u00f6yl\u00fc kad\u0131nlar toplanarak da\u011fa oduna gitmeye karar vermi\u015fler. G\u00fcle oynaya ne\u015feli bir \u015fekilde t\u00fcrk\u00fcler s\u00f6yleyerek da\u011fa \u00e7\u0131km\u0131\u015flar. \u00c7\u00fcnk\u00fc yapacaklar\u0131 i\u015f zor oldu kadar g\u00fc\u00e7 isteyen bir i\u015fmi\u015f, ne\u015felerini bozmam\u0131\u015flar.<\/b><\/span><\/span><\/span><\/p>\n<p style=\"text-align: right;\"><a href=\"http:\/\/imamkoy.com\/wp-content\/uploads\/2021\/10\/803490_detay.jpg\"><img loading=\"lazy\" decoding=\"async\" class=\"alignleft wp-image-6304\" src=\"http:\/\/imamkoy.com\/wp-content\/uploads\/2021\/10\/803490_detay.jpg\" alt=\"\" width=\"301\" height=\"309\" \/><\/a><\/p>\n<p style=\"text-align: justify;\"><span style=\"color: #000000;\"><span style=\"color: #993300;\"><span style=\"color: #000080;\"><b style=\"color: #000080;\">Bu esnada ormanda \u00e7al\u0131l\u0131klar\u0131n arkas\u0131ndan bir ay\u0131 onlara g\u00f6zetliyormu\u015f, oduna gelen en g\u00fczel k\u0131z\u0131 g\u00f6z\u00fcne kestirmi\u015f yava\u015f\u00e7a onu oradan ka\u00e7\u0131rm\u0131\u015f, Ma\u011faras\u0131'(in)na g\u00f6t\u00fcrm\u00fc\u015f,\u00a0 k\u0131z\u0131 burada\u00a0\u00a0bakmaya ba\u015flam\u0131\u015f karn\u0131n\u0131 doyurmak i\u00e7in, petekle bal \u00e7alm\u0131\u015f getirmi\u015f, armutlar\u0131n en iyilerinden yap\u0131lan tarhanalar\u0131 kurutmak i\u00e7in serdikleri yerden \u00e7al\u0131p getirmi\u015f,\u00a0 k\u0131z bundan \u00e7orbalar pi\u015firmi\u015f, derken k\u0131z\u0131n ay\u0131dan \u00fc\u00e7 tane \u00e7ocu\u011fu olmu\u015f, ve\u00a0 adlar\u0131n\u0131 adlar\u0131n\u0131 K\u0131ll\u0131ca, Y\u00fcnl\u00fcce, Yumo\u015f koymu\u015f, bunlarda g\u00fcnden g\u00fcne b\u00fcy\u00fcmeye ba\u015flam\u0131\u015flar. Art\u0131k k\u0131z ay\u0131yla \u00e7ocuklar\u0131 ile b\u00fcy\u00fck bir hane olu\u015fturmu\u015f, erke\u011fi d\u0131\u015far\u0131dan yiyecek getiriyor o evde yavrular\u0131 ile\u00a0 kocas\u0131 ay\u0131y\u0131 bekliyor. Mutlu bir \u015fekilde ya\u015famaya ba\u015flam\u0131\u015flar. Gel zaman git zaman k\u0131z\u0131n abileri k\u0131zdan hi\u00e7 haber yok diye bunu k\u0131z\u0131\u00a0 tekrar aramaya ba\u015flam\u0131\u015flar.<\/b><\/span><\/span><\/span><span style=\"color: #000000;\"><span style=\"color: #993300;\"><span style=\"color: #000080;\"><b style=\"color: #000080;\"> Derken <\/b><span style=\"color: #000080;\"><b>Ma\u011faran\u0131n<\/b><\/span><b style=\"color: #000080;\"> \u00f6n\u00fcne geldiklerinde birde ne g\u00f6rs\u00fcnler karde\u015finin bo\u011faz\u0131ndaki boncuk kolye ka\u00e7\u0131rma s\u0131ras\u0131nda k\u0131r\u0131lm\u0131\u015f ma\u011faran\u0131n \u00f6n\u00fcnde taneleri d\u00f6k\u00fclm\u00fc\u015f, ha bulduk demi\u015fler ma\u011faran\u0131n \u00f6n\u00fcnde pusuya yatm\u0131\u015flar, beklerken ay\u0131 yavrular\u0131ndan \u00f6nce Yumo\u015f \u00e7\u0131km\u0131\u015f onu \u00f6ld\u00fcrm\u00fc\u015fler, arkadan Y\u00fcnl\u00fcce, onun arkas\u0131ndan da K\u0131ll\u0131ca \u00e7\u0131km\u0131\u015f onu da \u00f6ld\u00fcrm\u00fc\u015fler sonra ay\u0131 d\u0131\u015far\u0131dan yiyecek bulmaya gitmi\u015f\u00a0 onu da\u00a0 gelirken ma\u011faran\u0131n \u00f6n\u00fcnde \u00a0\u00f6ld\u00fcrm\u00fc\u015fler, ve ma\u011fra&#8217; (in)\u00a0 ya girmi\u015fler.<a href=\"http:\/\/imamkoy.com\/wp-content\/uploads\/2021\/10\/AYI.jpg\"><img loading=\"lazy\" decoding=\"async\" class=\"aligncenter  wp-image-6309\" src=\"http:\/\/imamkoy.com\/wp-content\/uploads\/2021\/10\/AYI.jpg\" alt=\"\" width=\"446\" height=\"320\" \/><\/a><\/b><\/span><\/span><\/span><\/p>\n<p style=\"text-align: justify;\"><span style=\"color: #000000;\"><span style=\"color: #993300;\"><span style=\"color: #000080;\"><b style=\"color: #000080;\">K\u0131z karde\u015fi, yavrular\u0131 ve ay\u0131 kocas\u0131 i\u00e7in tarhana \u00e7orbas\u0131 pi\u015firiyormu\u015f, hemen oca\u011f\u0131 y\u0131k\u0131p k\u0131z\u0131 kolundan tutarak oradan uzakla\u015ft\u0131rm\u0131\u015flar. K\u0131z\u0131 evlerine getirmi\u015fler k\u0131z evde \u00a0hasta olmu\u015f g\u00fcnden g\u00fcne zay\u0131flamaya ba\u015flam\u0131\u015f, abileri k\u0131z\u0131n halinden ku\u015fkulanm\u0131\u015flar neden b\u00f6yle bu diye saklanm\u0131\u015flar bakal\u0131m demi\u015fler acaba bu k\u0131z\u0131n bir derdi mi var acaba \u00f6\u011frenelim demi\u015fler. O ne k\u0131z\u00a0 kendi kendine a\u011f\u0131t yak\u0131yormu\u015f (yas ediyor) a\u011fl\u0131yormu\u015f dikkatlice dinlemi\u015fler.<\/b><\/span><\/span><\/span><\/p>\n<p style=\"text-align: center;\"><a href=\"http:\/\/imamkoy.com\/wp-content\/uploads\/2011\/11\/17078_1210423102363_1282317897_30494984_7299151_n-copy.jpg\"><img loading=\"lazy\" decoding=\"async\" class=\"aligncenter size-full wp-image-1704\" title=\"17078_1210423102363_1282317897_30494984_7299151_n copy\" src=\"http:\/\/imamkoy.com\/wp-content\/uploads\/2011\/11\/17078_1210423102363_1282317897_30494984_7299151_n-copy.jpg\" alt=\"\" width=\"499\" height=\"282\" srcset=\"http:\/\/imamkoy.com\/wp-content\/uploads\/2011\/11\/17078_1210423102363_1282317897_30494984_7299151_n-copy.jpg 499w, http:\/\/imamkoy.com\/wp-content\/uploads\/2011\/11\/17078_1210423102363_1282317897_30494984_7299151_n-copy-300x169.jpg 300w\" sizes=\"auto, (max-width: 499px) 100vw, 499px\" \/><\/a><\/p>\n<p style=\"text-align: justify;\"><span style=\"color: #000000;\"><span style=\"color: #993300;\"><strong><span style=\"color: #000080;\">Tarhana \u00e7orbam\u0131 d\u00f6kt\u00fcler ta\u015ftan oca\u011f\u0131m\u0131 y\u0131kt\u0131lar. Armudu saps\u0131z \u00fcz\u00fcm\u00fc \u00e7\u00f6ps\u00fcz getiren benim k\u0131ll\u0131 ay\u0131m, K\u0131ll\u0131cam\u0131, Yumo\u015fumu, Y\u00fcnl\u00fccemi \u00f6ld\u00fcrd\u00fcler\u00a0 ben bu d\u00fcnyay\u0131 onlars\u0131z neyliyeyim\u00a0 demi\u015f a\u011flam\u0131\u015f, abileri d\u00fc\u015f\u00fcnm\u00fc\u015fler ki bir yuva y\u0131kt\u0131klar\u0131n\u0131 karde\u015flerini b\u00fcy\u00fck bir k\u00f6t\u00fcl\u00fck yapt\u0131klar\u0131n\u0131 \u00f6\u011frenmi\u015fler.\u00a0 Ana fikir insan kendisini ho\u015f tutan\u0131 ay\u0131 da olsa sevebiliyormu\u015f\u00a0 N.Karabulut<\/span><\/strong><\/span><\/span><\/p>\n<p style=\"text-align: justify;\"><strong><span style=\"color: #008000;\">TAN TAN GABAC\u0131K<\/span><\/strong><\/p>\n<p style=\"text-align: justify;\"><strong><a href=\"http:\/\/imamkoy.com\/wp-content\/uploads\/2011\/11\/kabak-copy.jpg\"><img loading=\"lazy\" decoding=\"async\" class=\"alignleft  wp-image-1715\" title=\"kabak copy\" src=\"http:\/\/imamkoy.com\/wp-content\/uploads\/2011\/11\/kabak-copy.jpg\" alt=\"\" width=\"373\" height=\"484\" srcset=\"http:\/\/imamkoy.com\/wp-content\/uploads\/2011\/11\/kabak-copy.jpg 393w, http:\/\/imamkoy.com\/wp-content\/uploads\/2011\/11\/kabak-copy-231x300.jpg 231w\" sizes=\"auto, (max-width: 373px) 100vw, 373px\" \/><\/a>Bir varm\u0131\u015f bir yokmu\u015f evvel zaman i\u00e7inde kalbur saman i\u00e7inde develer tellal iken pireler berber iken ben anam\u0131n be\u015fi\u011fini t\u0131ng\u0131r m\u0131ng\u0131r sallarken, k\u00f6y\u00fcn birisinde adam\u0131n birinin kar\u0131s\u0131 gen\u00e7 ya\u015fta \u00f6lm\u00fc\u015f adamca\u011f\u0131z \u00fc\u00e7 \u00e7ocu\u011fu ile hayatta kalakalm\u0131\u015f ne yaps\u0131n gel zaman git zaman adam \u00e7ocuklar\u0131 bakamaz hale gelmi\u015f evlenmeye karar vermi\u015f, gen\u00e7 g\u00fczel bir kad\u0131nla evlenmi\u015f, fakat i\u015fler umdu\u011fu gibi olmam\u0131\u015f, \u00fcvey anne \u00e7ocuklar\u0131 zamanla istememi\u015f, y\u00fcks\u00fcnm\u00fc\u015f, \u00a0bunlar\u0131 at gel istemiyorum demi\u015f adamca\u011f\u0131z ne yaps\u0131n geceleri uykular\u0131 ka\u00e7m\u0131\u015f, sigara \u00fcst\u00fcne sigara i\u00e7mi\u015f yapacak bir \u015fey yok \u00fcz\u00fclerek \u00a0\u00e7ocuklara ormana atmaya karar vermi\u015f,<\/strong> <strong>Bir\u00a0 g\u00fcn \u00e7ocuklar kalk\u0131n hep beraber da\u011fa oduna gidece\u011fiz demi\u015f, \u00e7ocuklar\u0131\u00a0 taras\u0131n\u0131, (odun kesmek i\u00e7in kullan\u0131lan alet) baltas\u0131na alm\u0131\u015f \u00e7\u0131km\u0131\u015f\u00a0 yola da\u011fa vard\u0131\u011f\u0131nda \u00e7ocuklar siz burada oturun kendi kendinize oynay\u0131n da ben bir s\u00f6yle odun bak\u0131p geleyim demi\u015f, gitmi\u015f a\u011fac\u0131n birisine kabak asarak, oray\u0131 terk etmi\u015f, r\u00fczgar ile kabak salland\u0131k\u00e7a kabak a\u011faca vurmu\u015f tak tak diye \u00e7\u0131karm\u0131\u015f\u00a0\u00a0\u00e7ocuklar babam\u0131z odun ediyor demi\u015fler\u00a0 ak\u015fam olmu\u015f karanl\u0131k basm\u0131\u015f babalar\u0131 gelmiyor\u00a0 tak\u0131nt\u0131n\u0131n oldu\u011fu yere do\u011fru gitmi\u015fler. Bir de ne g\u00f6rs\u00fcnler tak\u0131lt\u0131 odun yapmadan dolay\u0131 de\u011fil de kaba\u011f\u0131n r\u00fczgarla \u00e7\u0131kard\u0131\u011f\u0131 ses oldu\u011funu anlam\u0131\u015flar.\u00a0 Hep beraber \u015funu m\u0131r\u0131ldam\u0131\u015flar; TAN TAN Gabecik bizi aldatan bubecik demi\u015fler deyip d\u00fc\u015f\u00fcnmeye ba\u015flam\u0131\u015flar.<\/strong><\/p>\n<p style=\"text-align: justify;\"><b>Ne yapal\u0131m demi\u015fler\u00a0\u00a0korkmu\u015flar\u00a0 \u00fcrkm\u00fc\u015fler bakm\u0131\u015flar etrafa horoz \u00f6ten yere mi duman t\u00fcten yere mi gidelim demi\u015fler, duman t\u00fcten yere gitmeye karar vermi\u015fler. <\/b><b style=\"font-size: inherit;\">Hi\u00e7 olmazsa karn\u0131m\u0131z\u0131\u00a0<\/b><\/p>\n<p style=\"text-align: justify;\"><b><a href=\"http:\/\/imamkoy.com\/wp-content\/uploads\/2021\/11\/APDC0931-150x150-1.jpg\"><img loading=\"lazy\" decoding=\"async\" class=\"wp-image-6380 alignleft\" src=\"http:\/\/imamkoy.com\/wp-content\/uploads\/2021\/11\/APDC0931-150x150-1.jpg\" alt=\"\" width=\"157\" height=\"157\" \/><\/a>doyururuz demi\u015fler. Duman t\u00fcten yere gitmi\u015fler, birde ne g\u00f6rs\u00fcnler evin \u00f6n\u00fcnde bir kazan i\u00e7inde bir \u015fey kayn\u0131yor. Kad\u0131n k\u0131z\u0131 ile konu\u015furken kulak misafiri olmu\u015flar, o ne! duyduklar\u0131n\u0131 inanamam\u0131\u015flar, me\u011ferse gittikleri ev div kar\u0131s\u0131n\u0131n eviymi\u015f,\u00a0 (heybetli, \u00e7irkin koca di\u015fleri olan)\u00a0 \u00e7ocuklar\u0131 kesip bu b\u00fcy\u00fck tencerede etlerini pi\u015firiyormu\u015f, s\u00f6ylenenleri \u00e7ocuklar\u0131n duymas\u0131 ile oradan uzakla\u015fmas\u0131 bir olmu\u015f, ka\u00e7m\u0131\u015flar oradan sonra bir k\u00f6ye s\u0131\u011f\u0131nm\u0131\u015flar \u00fc\u00e7 karde\u015f hayatlar\u0131n\u0131 devam etmi\u015fler. Yar\u0131n kap\u0131n\u0131z\u0131n \u00f6n\u00fcnden gelecekler\u00a0 derlerdi eskiler. N.Karabulut<\/b><\/p>\n<p><strong><span style=\"color: #ff0000;\">KE\u00c7\u0130 KIZI AY\u015eE<\/span><\/strong><\/p>\n<p><a href=\"http:\/\/imamkoy.com\/wp-content\/uploads\/2011\/11\/PICT1398.jpg\"><img loading=\"lazy\" decoding=\"async\" class=\"alignleft size-thumbnail wp-image-2532\" title=\"PICT1398\" src=\"http:\/\/imamkoy.com\/wp-content\/uploads\/2011\/11\/PICT1398-150x150.jpg\" alt=\"\" width=\"150\" height=\"150\" \/><\/a><strong>Bir varm\u0131\u015f bir yokmu\u015f evvel zaman i\u00e7inde kalbur saman i\u00e7inde develer tellal iken pireler berber iken ben anam\u0131n be\u015fi\u011fini t\u0131ng\u0131r m\u0131ng\u0131r sallarken, K\u00f6y\u00fcn birisinde bir kad\u0131n ya\u015farm\u0131\u015f bu kad\u0131nca\u011f\u0131z\u0131n b\u00fcy\u00fck bir \u00fcz\u00fcnt\u00fcs\u00fc varm\u0131\u015f, Allah bununu evlat sevgisi tatt\u0131rmam\u0131\u015f, kad\u0131nca\u011f\u0131z \u00e7ocuksuz oldu\u011fu i\u00e7in \u00e7ok \u00fcz\u00fcl\u00fcyormu\u015f, Bir g\u00fcn \u00e7ok bunalm\u0131\u015f ba\u015flam\u0131\u015f Allah&#8217;a dua etmeye, Ey g\u00fczel Allah&#8217;\u0131m bana bir evlat nasip eyle, neden olursa olsun kabul\u00fcm kediden, k\u00f6pekten ke\u00e7iden, koyundan veya canl\u0131 olarak bana yolda\u015f olacak\u00a0 \u00a0bir evlat ver demi\u015f, duas\u0131 ge\u00e7mi\u015f Allah ona ke\u00e7iden bir evlat vermi\u015f, Ad\u0131n\u0131 Ay\u015fe koymu\u015f, fakat bu ke\u00e7i t\u0131ls\u0131ml\u0131 imi\u015f, Bir g\u00fcn k\u00f6y kad\u0131nlar\u0131 dere kenar\u0131na \u00e7ama\u015f\u0131r y\u0131kamaya gidiyorlarm\u0131\u015f, bu ke\u00e7i k\u0131z\u0131 Ay\u015fe de de bunlardan \u00f6zenmi\u015f, anneci\u011fim bende gitsem dere kenar\u0131na demi\u015f, k\u0131z\u0131m nas\u0131l gideceksin, senin \u00e7ama\u015f\u0131r y\u0131kamak i\u00e7in elin aya\u011f\u0131n yok demi\u015f, ne \u00e7are s\u00f6z dinletememi\u015f, ve\u00a0 Ke\u00e7i k\u0131z\u0131 Ay\u015fe \u00e7ama\u015f\u0131r teknesine s\u0131rt\u0131na alm\u0131\u015f,<\/strong><\/p>\n<p><a href=\"http:\/\/imamkoy.com\/wp-content\/uploads\/2021\/11\/derede-camasir-yikamak.jpg\"><img loading=\"lazy\" decoding=\"async\" class=\"aligncenter  wp-image-6346\" src=\"http:\/\/imamkoy.com\/wp-content\/uploads\/2021\/11\/derede-camasir-yikamak.jpg\" alt=\"\" width=\"495\" height=\"632\" srcset=\"http:\/\/imamkoy.com\/wp-content\/uploads\/2021\/11\/derede-camasir-yikamak.jpg 558w, http:\/\/imamkoy.com\/wp-content\/uploads\/2021\/11\/derede-camasir-yikamak-235x300.jpg 235w\" sizes=\"auto, (max-width: 495px) 100vw, 495px\" \/><\/a><\/p>\n<p><strong>bir boynuzuna \u00e7ama\u015f\u0131r kazan\u0131na asm\u0131\u015f, di\u011fer boynuzuna da kirli \u00e7ama\u015f\u0131r boh\u00e7as\u0131na ge\u00e7irmi\u015f,\u00a0 \u00e7ama\u015f\u0131r y\u0131kamak i\u00e7in yollara d\u00fc\u015fm\u00fc\u015f, dere kenar\u0131nda k\u00f6yl\u00fc kad\u0131nlarla \u00e7ama\u015f\u0131rlar\u0131 bir g\u00fczel y\u0131kam\u0131\u015f,\u00a0 k\u00f6yl\u00fc kad\u0131nlar gittikten sonra\u00a0 kimse yok nas\u0131lsa burada diye ke\u00e7i elbiselerini \u00e7\u0131karm\u0131\u015f, d\u00fcnya g\u00fczeli bir k\u0131z olmu\u015f, derenin g\u00fczel sular\u0131na kendini b\u0131rak\u0131vermi\u015f, mutlu bir \u015fekilde\u00a0 y\u0131kanmaya ba\u015flam\u0131\u015f ve,<\/strong><\/p>\n<p><a href=\"http:\/\/imamkoy.com\/wp-content\/uploads\/2021\/11\/woman-4661765_960_720-1.jpg\"><img loading=\"lazy\" decoding=\"async\" class=\"aligncenter  wp-image-6357\" src=\"http:\/\/imamkoy.com\/wp-content\/uploads\/2021\/11\/woman-4661765_960_720-1.jpg\" alt=\"\" width=\"638\" height=\"425\" srcset=\"http:\/\/imamkoy.com\/wp-content\/uploads\/2021\/11\/woman-4661765_960_720-1.jpg 960w, http:\/\/imamkoy.com\/wp-content\/uploads\/2021\/11\/woman-4661765_960_720-1-300x200.jpg 300w, http:\/\/imamkoy.com\/wp-content\/uploads\/2021\/11\/woman-4661765_960_720-1-768x512.jpg 768w\" sizes=\"auto, (max-width: 638px) 100vw, 638px\" \/><\/a><\/p>\n<p><strong>\u00a0Oradan o s\u0131rada\u00a0 at\u0131yla\u00a0 ge\u00e7mekte olan beyin o\u011flu dereye bir bakm\u0131\u015f ki ne g\u00f6rs\u00fcn, g\u00f6zlerine inanamam\u0131\u015f, d\u00fcnya g\u00fczeli bir k\u0131z derede y\u0131kan\u0131yor. <\/strong><strong style=\"font-size: inherit;\">G\u00f6remez olsun, ke\u00e7i k\u0131z\u0131na a\u015f\u0131k olmu\u015f eve gitmi\u015f \u00fcz\u00fcnt\u00fcden yemez, i\u00e7mez olmu\u015f yataklara\u00a0 d\u00fc\u015fm\u00fc\u015f, herkes duymu\u015flar beyin hasta oldu\u011funa yemekler g\u00f6t\u00fcrm\u00fc\u015fler yememi\u015f, a\u00e7 susuz yatm\u0131\u015f, kara sevdaya yakalanm\u0131\u015f derdine \u00e7are yok. Ke\u00e7i k\u0131z\u0131 Ay\u015fe&#8217;de anne ne olur\u00a0 bende beyin o\u011fluna yemek g\u00f6ndereyim demi\u015f, k\u0131z\u0131m o bey o\u011fludur. Bizim fakir yeme\u011fimizi be\u011fenmez demi\u015f, olsun demi\u015f, be yine de pi\u015firmek istiyorum.\u00a0 \u00dc\u00e7 b\u00f6r\u00fclceli tarhana \u00e7orbas\u0131 pi\u015firmi\u015f (Ayd\u0131n&#8217;da tarhanaya kuru b\u00f6r\u00fclce kat\u0131l\u0131r) annesiyle yemesi i\u00e7in beyin o\u011fluna\u00a0 g\u00f6ndermi\u015f, bey o\u011flu \u00e7orbay\u0131 b\u00fcy\u00fck bir i\u015ftahla\u00a0 i\u00e7mi\u015f, \u00e7ok be\u011fenmi\u015f bu \u00e7orbay\u0131 pi\u015firen ki\u015fiyle evlenmek istiyorum demi\u015f, anne ne yaps\u0131n o\u011fluna s\u00f6z ge\u00e7irememi\u015f gitmi\u015f, d\u00fc\u011f\u00fcn yap\u0131p\u00a0 ke\u00e7iyi gelin diye evine getirmi\u015fler, evde kap\u0131n\u0131n arkas\u0131nda bir yere ba\u011flam\u0131\u015flar.\u00a0 Gel zaman git zaman kaynana ke\u00e7iyi hi\u00e7 istememi\u015f, o\u011flunun ke\u00e7i ile evlenmesini bir t\u00fcrl\u00fc kabul edememi\u015f, ara s\u0131ra ke\u00e7iyi terlik ma\u015fa, \u0131s\u0131ran\u0131 \u015feyler f\u0131rlatm\u0131\u015f kendince s\u00fcrekli homurdan\u0131yormu\u015f, bir g\u00fcn o \u015fehirde ileri gelen bir ailenin k\u0131z\u0131 evleniyormu\u015f herkese davetiye verilmi\u015f, beyin annesine ve beye de davetiye gitmi\u015f, kay\u0131n valide de malum d\u00fc\u011f\u00fcne gelin ile gitmek istemi\u015f ama nafile kendi gitmi\u015f d\u00fc\u011f\u00fcne, kaynana gittikten sonra ke\u00e7i t\u0131ls\u0131ml\u0131 elbisesini (derisi) elbisesini \u00e7\u0131karm\u0131\u015f, d\u00fcnya g\u00fczeli bir k\u0131z olarak arkadan d\u00fc\u011f\u00fcne gitmi\u015f, b\u00fct\u00fcn d\u00fc\u011f\u00fcn ahalisi g\u00f6zlerini ondan alamam\u0131\u015f, kay\u0131nvalide de \u00f6yle yava\u015f\u00e7a k\u0131za sokulmu\u015f, k\u0131z\u0131m sen hangi k\u00f6ydensin diye sormu\u015f, k\u0131z ma\u015fa k\u00f6y\u00fcndenim demi\u015f, tekrar etmi\u015f k\u0131z\u0131m sen hangi k\u00f6ydensin diye sormu\u015f\u00a0 \u0131s\u0131ran\u0131 (f\u0131r\u0131nda veya sa\u00e7ta ekmek b\u00f6rek \u00e7evirmeye yarayan alet) k\u00f6y\u00fcndenim demi\u015f, g\u00f6zlerini bir t\u00fcrl\u00fc k\u0131zdan alam\u0131yormu\u015f, d\u00fc\u011f\u00fcn bitmi\u015f ke\u00e7i\u00a0 kay\u0131nvaliden \u00f6nce eve gelip kap\u0131 arkas\u0131na tak\u0131lm\u0131\u015f (ba\u011flanm\u0131\u015f) kaynana gelmi\u015f burnundan soluyor. O\u011flum bu ke\u00e7iyi gelin diye ba\u015f\u0131m\u0131za ge\u00e7irdin hakk\u0131m\u0131 helal etmeyece\u011fim sana demi\u015f, gece olmu\u015f herkes odas\u0131na \u00e7ekilmi\u015f gelin de ke\u00e7i k\u0131z\u0131 da kocas\u0131n\u0131n yan\u0131na usulca \u00e7\u0131km\u0131\u015f, ke\u00e7i elbisesini \u00e7\u0131karm\u0131\u015f, g\u00fczel bir k\u0131z olarak oturmu\u015f, bey han\u0131m art\u0131k bu elbiseni giymesen demi\u015f, ke\u00e7i sadece tebess\u00fcm etmi\u015f neyse gece uyumu\u015flar. Bey uyanm\u0131\u015f yava\u015f\u00e7a kalkm\u0131\u015f bu elbiseyi art\u0131k giymesin diye deriyi ate\u015fe atm\u0131\u015f,\u00a0 sabah uyanm\u0131\u015f yata\u011fa bakm\u0131\u015f ki yata\u011f\u0131n i\u00e7inde bir avu\u00e7 k\u00fcl, t\u0131ls\u0131m bozulmu\u015f k\u0131z \u00f6lm\u00fc\u015f yatakta k\u00fcl olmu\u015f, bey k\u0131z\u0131n \u00f6l\u00fcm\u00fcnden kendisini sorumlu tutmu\u015f\u00a0 birka\u00e7 y\u0131l daha ya\u015fam\u0131\u015f, \u00fcz\u00fcnt\u00fcden o da \u00f6lm\u00fc\u015f Not: Y<\/strong><strong style=\"font-size: inherit;\"><span style=\"color: #ff0000;\">ar\u0131n kap\u0131n\u0131z\u0131n \u00f6n\u00fcnden erkenden b\u00fct\u00fcn masal kahramanlar\u0131m\u0131z ge\u00e7ecekler erken uyan\u0131n\u0131z.<\/span><\/strong><\/p>\n<p style=\"text-align: justify;\">\u00a0<\/p>\n\n\n<p><\/p>\n","protected":false},"excerpt":{"rendered":"<p>MASAL: Ola\u011fan\u00fcst\u00fc \u00f6te, kahraman ve olaylara yer veren \u00f6yk\u00fclerdir. Masal halk dilinde anlat\u0131larak olu\u015fan s\u00f6zl\u00fc edebiyat \u00fcr\u00fcn\u00fcd\u00fcr. Masallarda olaylar tamamen hayal \u00fcr\u00fcn\u00fcd\u00fcr. Yer ve zaman belli de\u011fildir. Kahramanlar insan \u00fcst\u00fc \u00f6zellikler g\u00f6sterir. \u0130yiler hep iyi, k\u00f6t\u00fcler hep k\u00f6t\u00fcd\u00fcr. \u0130yiler \u00f6d\u00fcllendirilir, k\u00f6t\u00fcler cezaland\u0131r\u0131l\u0131r. Halk masallar\u0131 4 temel grupta toplan\u0131r: Hayvan masallar\u0131, ola\u011fan\u00fcst\u00fc ve ger\u00e7ek\u00e7i masallar, g\u00fcld\u00fcr\u00fcc\u00fc &hellip; <a href=\"http:\/\/imamkoy.com\/index.php\/masallar-buyuklere-cocuklara\/\" class=\"more-link\">Okumaya devam et <span class=\"screen-reader-text\">Masallar\u0131n B\u00fcy\u00fcl\u00fc D\u00fcnyas\u0131na Ho\u015f Geldiniz. Masallarla Hayal D\u00fcnyan\u0131z\u0131 Geni\u015fletin, \u0130lk Defa Duyaca\u011f\u0131n\u0131z (Tan Tan Kabac\u0131k, Ay\u0131 Masal\u0131, Ke\u00e7i K\u0131z\u0131 Ay\u015fe)<\/span><\/a><\/p>\n","protected":false},"author":1,"featured_media":0,"parent":0,"menu_order":0,"comment_status":"closed","ping_status":"open","template":"","meta":{"footnotes":""},"class_list":["post-4183","page","type-page","status-publish","hentry"],"_links":{"self":[{"href":"http:\/\/imamkoy.com\/index.php\/wp-json\/wp\/v2\/pages\/4183","targetHints":{"allow":["GET"]}}],"collection":[{"href":"http:\/\/imamkoy.com\/index.php\/wp-json\/wp\/v2\/pages"}],"about":[{"href":"http:\/\/imamkoy.com\/index.php\/wp-json\/wp\/v2\/types\/page"}],"author":[{"embeddable":true,"href":"http:\/\/imamkoy.com\/index.php\/wp-json\/wp\/v2\/users\/1"}],"replies":[{"embeddable":true,"href":"http:\/\/imamkoy.com\/index.php\/wp-json\/wp\/v2\/comments?post=4183"}],"version-history":[{"count":119,"href":"http:\/\/imamkoy.com\/index.php\/wp-json\/wp\/v2\/pages\/4183\/revisions"}],"predecessor-version":[{"id":8199,"href":"http:\/\/imamkoy.com\/index.php\/wp-json\/wp\/v2\/pages\/4183\/revisions\/8199"}],"wp:attachment":[{"href":"http:\/\/imamkoy.com\/index.php\/wp-json\/wp\/v2\/media?parent=4183"}],"curies":[{"name":"wp","href":"https:\/\/api.w.org\/{rel}","templated":true}]}}