{"id":4241,"date":"2017-03-14T08:43:49","date_gmt":"2017-03-14T08:43:49","guid":{"rendered":"http:\/\/imamkoy.com\/?page_id=4241"},"modified":"2026-05-01T07:54:04","modified_gmt":"2026-05-01T06:54:04","slug":"olumsuz-ve-olumlu-inanclar","status":"publish","type":"page","link":"http:\/\/imamkoy.com\/index.php\/olumsuz-ve-olumlu-inanclar\/","title":{"rendered":"Halk \u0130nan\u00e7lar\u0131 (Bat\u0131l \u0130nan\u00e7lar) Bayku\u015f \u00f6tmesi v.s gibi 50 \u00e7e\u015fit aaa dedi\u011finiz  neler neler"},"content":{"rendered":"<p align=\"center\"><span style=\"font-family: 'Times New Roman','serif';\"><span style=\"color: #000000; font-size: medium;\"><a href=\"http:\/\/imamkoy.com\/wp-content\/uploads\/2017\/03\/untitled.png\"><img loading=\"lazy\" decoding=\"async\" class=\"alignleft size-thumbnail wp-image-4242\" src=\"http:\/\/imamkoy.com\/wp-content\/uploads\/2017\/03\/untitled-150x150.png\" alt=\"untitled\" width=\"150\" height=\"150\" \/><\/a><strong><span style=\"color: #ff0000;\">HALK \u0130NAN\u00c7LARI (Halk\u0131n Bilim D\u0131\u015f\u0131 Olarak \u0130nand\u0131\u011f\u0131) \u0130nan\u00e7lar<\/span><\/strong><\/span><\/span><\/p>\n<p><strong><span style=\"line-height: 115%; font-family: 'Times New Roman','serif'; font-size: 12pt;\"><span style=\"color: #000000;\">Halk taraf\u0131ndan bilinen ve yayg\u0131n olarak inan\u0131lan, inan\u00e7lar ki\u015filere g\u00f6re farkl\u0131 farkl\u0131 anlat\u0131lsa bile y\u00f6re insanlar\u0131 taraf\u0131ndan ortak\u00e7a bilinmektedir. Buna baz\u0131 ki\u015filer bat\u0131l inan\u00e7 derler. Ama yine \u00e7o\u011funlu\u011fumuz inan\u0131r. Bilimle, teknolojiyle i\u00e7 i\u00e7e olunsa da bat\u0131l inan\u00e7lar yakam\u0131z\u0131 b\u0131rakmad\u0131 m\u0131 b\u0131rakm\u0131yor. Olmaz \u00f6yle \u015fey desek de yine de acaba deriz. uygular\u0131z. \u00a0\u0130\u015fte onlardan baz\u0131lar\u0131;<\/span><\/span><\/strong><\/p>\n<p><strong>1. Evde bayku\u015fun gece \u00f6tmesi evden birisinin \u00f6lece\u011fine i\u015faret olarak kabul edilir. (Genelde ku\u015f zaten \u00f6yle \u00f6ter)<\/strong><\/p>\n<p><strong>2. Dolu ya\u011fd\u0131\u011f\u0131 zaman dolunun ya\u011fmas\u0131n\u0131 durdurmak i\u00e7in dolu tanesini b\u0131\u00e7akla kesilir\u00a0\u00a0ya\u011fmas\u0131 durdurulur.\u00a0<\/strong><\/p>\n<p><strong>3. Elden b\u0131\u00e7ak al\u0131nmaz al\u0131n\u0131rsa alan ki\u015fiyle kavga edilece\u011fine (b\u0131\u00e7ak Kavga olarak de\u011ferlendirilir.)<\/strong><\/p>\n<p><strong>4. K\u0131rlang\u0131\u00e7 ku\u015flar\u0131n\u0131n yuvas\u0131n\u0131\u00a0\u00a0bozan ki\u015finin y\u00fczlerinde \u00e7il \u00e7\u0131kaca\u011f\u0131na inan\u0131l\u0131r.<\/strong><\/p>\n<p><strong>5. Gece evden karal\u0131 tencere (haran\u0131) veya kazan \u00e7\u0131kmaz \u00e7\u0131karsa iyi olmaz.<\/strong><\/p>\n<p><strong>6. Gece ac\u0131 biber de evden \u00e7\u0131kmaz \u00e7\u0131karsa \u00a0ac\u0131 bir olay ya\u015fanaca\u011f\u0131na<\/strong><\/p>\n<p><strong>7. \u00dc\u00e7 hafta Cumartesi g\u00fcn\u00fc ayn\u0131 ki\u015finin \u00e7ama\u015f\u0131r\u0131 y\u0131kan\u0131rsa bu ki\u015finin \u00f6lece\u011fine inan\u0131l\u0131r.<\/strong><\/p>\n<p><strong>8. Gece \u00f6r\u00fcmcek yuvas\u0131 bozulmaz. Bozulursa kendi yuvas\u0131n\u0131n da\u011f\u0131laca\u011f\u0131na<\/strong><\/p>\n<p><strong>9. Hava karard\u0131ktan sonra evden d\u0131\u015far\u0131 s\u00fct yo\u011furt verilmez. S\u00fct veren ine\u011fin huysuzla\u015faca\u011f\u0131na veya hastalanaca\u011f\u0131na inan\u0131l\u0131r. Verilirse bile \u00fczerine ye\u015fil yaprak konur. Nazar engellenir.<\/strong><\/p>\n<p><strong>10. Lohusa ki\u015fi k\u0131rk (k\u0131rk) g\u00fcn evden \u00e7\u0131kmas\u0131 iyi olmaz. k\u0131rk basar.<\/strong><\/p>\n<p><strong><span style=\"color: #333399;\">11. \u00a0<\/span><\/strong><strong>\u00d6len ki\u015finin \u00fczerine b\u0131\u00e7ak konulur.<\/strong><strong>Mezar ta\u015f\u0131 okumak haf\u0131zay\u0131 zay\u0131flat\u0131r.<\/strong><\/p>\n<p><strong>12. K\u00f6pe\u011fin ulumas\u0131 iyi yorumlanmaz. K\u00f6t\u00fc bir olay olacak diye yorumlan\u0131r. Hatta kendi ba\u015f\u0131n\u0131 ye diye s\u00f6ylenilir.<\/strong><\/p>\n<p><strong>13. Cuma g\u00fcn\u00fc \u00e7ama\u015f\u0131r y\u0131kanmaz y\u0131kan\u0131rsa \u00f6\u011fleye kadar y\u0131kanmas\u0131 laz\u0131m cuma vaktinden \u00f6nce belki namaza temiz gidilsin diye yap\u0131lan bir inan\u00e7t\u0131r.<\/strong><\/p>\n<p><strong>14. <\/strong><strong>Mahallede cenaze var iken ev s\u00fcp\u00fcr\u00fclmez. Ev halk\u0131ndan birisinin \u00f6lece\u011fi\u00a0\u00a0(sayg\u0131dan oldu\u011fu) d\u00fc\u015f\u00fcn\u00fclmektedir.<\/strong><\/p>\n<p><strong>15. Ay tutulmas\u0131nda herkes haberdar olsun diye teneke \u00e7al\u0131n\u0131r silah at\u0131l\u0131r\u00a0 halk olay\u0131 g\u00f6r\u00fcr dua eder. Dua ile ay tutulmas\u0131n\u0131n engellendi\u011fi d\u00fc\u015f\u00fcn\u00fcl\u00fcr.<\/strong><\/p>\n<p><strong>16. Boyu \u00e7ok uzayan gen\u00e7ler i\u00e7in duvarda bir yere \u00e7ivi \u00e7ak\u0131larak boy uzamas\u0131 durdurulur.<\/strong><\/p>\n<p><strong>17. Gelin yeni evine gelince duvara \u00e7ivi \u00e7ak\u0131l\u0131r. Geldi\u011fi yere \u00e7ivi gibi \u00e7ak\u0131l\u0131p kals\u0131n sad\u0131k olsun diye<\/strong><\/p>\n<p><b>18. Pinar a\u011fac\u0131n\u0131n meyvelar\u0131n\u0131n \u00e7ok olmas\u0131n\u0131n k\u0131\u015f\u0131n \u00e7ok sert ge\u00e7ece\u011fine (meteoroloji olmad\u0131\u011f\u0131 )zamanlar<\/b><\/p>\n<p><strong>19. Sirkenin keskin olmas\u0131 i\u00e7in kurarken kavga yap\u0131l\u0131r keskin olsun diye<\/strong><\/p>\n<p><strong>20. S\u0131cak kaynayan su topra\u011fa d\u00f6k\u00fclmez ( Herhalde i\u00e7erde ya\u015fayan kar\u0131ncalar i\u00e7in olabilir)<\/strong><\/p>\n<p><strong>21. Kumru ku\u015funun etinin insan eti olaca\u011f\u0131 inanc\u0131<\/strong><\/p>\n<p><strong>22. Tav\u015fan\u0131n\u00a0 ve ev ku\u015flar\u0131n\u0131n beslemenin u\u011fursuzluk getirece\u011fine<\/strong><\/p>\n<p><strong>23. Hamile bayan\u0131n bal\u0131k yemesinin \u00e7ocu\u011fun a\u011fz\u0131n\u0131n bal\u0131k gibi olaca\u011f\u0131na\u00a0<\/strong><\/p>\n<p><strong>24. G\u00f6z\u00fcnde arpac\u0131k \u00e7\u0131kan ki\u015fiye nar a\u011fac\u0131 ba\u011f\u0131\u015flan\u0131rsa arpac\u0131k\u011f\u0131n ge\u00e7ece\u011fine<\/strong><\/p>\n<p><strong>25. G\u00f6z\u00fcnde arpac\u0131k \u00e7\u0131kan ki\u015finin tavuk yala\u011f\u0131ndaki (Su konulan kap) su ile y\u0131kan\u0131rsa ge\u00e7ece\u011fine<\/strong><\/p>\n<p><strong>26. Ocaktaki ate\u015fin sesli yanmas\u0131 hakk\u0131nda dedikodusun yap\u0131ld\u0131\u011f\u0131n\u0131<\/strong><\/p>\n<p><strong>27. Kulak \u00e7\u0131nlamas\u0131 birisinin seni and\u0131\u011f\u0131na<\/strong><\/p>\n<p><strong>28. G\u00f6z seyirmesi sa\u011f g\u00f6z ise misafir gelece\u011fine sol g\u00f6z ise k\u00f6t\u00fc bir \u015fey olaca\u011f\u0131na<\/strong><\/p>\n<p><strong>29. Karabiber yutan hamile bayan\u0131n \u00e7ocu\u011funda ben&#8217;in olaca\u011f\u0131na<\/strong><\/p>\n<p><strong>30. Poyraz r\u00fczgar\u0131n\u0131n esmesinde sonra hava yak\u0131c\u0131 s\u0131cak olaca\u011f\u0131na\u00a0<\/strong><\/p>\n<p><strong>31.Hamile bayan\u0131n\u00a0 a\u011fa\u00e7tan meyveyi kendi eliyle a\u011fa\u00e7tan kopar\u0131p yerse a\u011fac\u0131n kuruyaca\u011f\u0131na<\/strong><\/p>\n<p><strong>32. Hamile bayan\u0131n meyvesiz a\u011faca sar\u0131l\u0131nca a\u011fac\u0131n tekrar meyve vermeye ba\u015flayaca\u011f\u0131na<\/strong><\/p>\n<p><strong>33. \u00dczerimizde s\u00f6k\u00fck veya y\u0131rt\u0131k d\u00fc\u011fmesi kopuk \u00a0olan elbiseyi \u00fczerimizden \u00e7\u0131karmadan dikerse diken veya kendisi a\u011f\u0131z\u0131na \u00e7\u00f6p al\u0131r \u00fczerine iftira gelmesin diye<\/strong><\/p>\n<p><strong>34. Gece t\u0131rnak kesilmez. \u0130nan\u00e7 (\u00c7\u00fcnk\u00fc eskiden mum \u0131\u015f\u0131\u011f\u0131nda veya gaz lambas\u0131 \u00f6n\u00fcnde makasla veya b\u0131\u00e7akla kesilirmi\u015f beki ba\u015fka bir yer kesilir diye inan\u00e7 olmu\u015f)\u00a0<\/strong><\/p>\n<p><strong>35. Sabun isteyene sabun elinin tersi ile verilir.<\/strong><\/p>\n<p><strong>36. Yatan \u00e7ocu\u011fun \u00fczeri atlanmaz (\u00c7ocu\u011fun boyu k\u00fc\u00e7\u00fck kal\u0131r)<\/strong><\/p>\n<p><strong>37. Cuma ak\u015fam\u0131 so\u011fan sar\u0131msak yenilmez. (ertesi g\u00fcn cuma namaz\u0131nda toplulukta kokmas?n diye olabilir.)<\/strong><\/p>\n<p><strong>38.Gece \u0131sl\u0131k \u00e7al\u0131nmaz. (\u00c7al\u0131nca \u015feytan \u00e7a\u011fr\u0131l\u0131r.)<\/strong><\/p>\n<p><a href=\"http:\/\/imamkoy.com\/wp-content\/uploads\/2019\/12\/untitled.png\"><img loading=\"lazy\" decoding=\"async\" class=\"aligncenter wp-image-5369 \" src=\"http:\/\/imamkoy.com\/wp-content\/uploads\/2019\/12\/untitled.png\" alt=\"\" width=\"316\" height=\"228\" \/><\/a><\/p>\n<p>39. <strong>Gece sak\u0131z \u00e7i\u011fnenmez. \u00c7i\u011fnenirse \u00f6l\u00fc eti \u00e7i\u011fnenir.<\/strong><\/p>\n<p><strong>40. K\u00f6t\u00fc hastal\u0131klardan bahsederken buralardan \u0131rak denir.<\/strong><\/p>\n<p>41. <strong>K\u00f6t\u00fc bir \u015feyden bahsederken \u015feytan kula\u011f\u0131na kur\u015fun der tahtaya veya duvara \u00fc\u00e7 defa vurulur<\/strong>. Uzak olsun diye<\/p>\n<p><strong>42. Tabaktaki yeme\u011fi s\u0131y\u0131r\u0131p (temizleyen) yiyen gencin d\u00fc\u011f\u00fcn\u00fcnde kar ya\u011faca\u011f\u0131na<\/strong><\/p>\n<p>43. <strong>Tuz d\u00f6ken ki\u015fi tuzu kirpi\u011fi ile tek tek toplayaca\u011f\u0131na (belki israf olmas\u0131n) diye olabilir.<\/strong><\/p>\n<p><a href=\"http:\/\/imamkoy.com\/wp-content\/uploads\/2019\/12\/9761434-728xauto.jpg\"><img loading=\"lazy\" decoding=\"async\" class=\"aligncenter  wp-image-5380\" src=\"http:\/\/imamkoy.com\/wp-content\/uploads\/2019\/12\/9761434-728xauto.jpg\" alt=\"\" width=\"357\" height=\"250\" srcset=\"http:\/\/imamkoy.com\/wp-content\/uploads\/2019\/12\/9761434-728xauto.jpg 323w, http:\/\/imamkoy.com\/wp-content\/uploads\/2019\/12\/9761434-728xauto-300x210.jpg 300w\" sizes=\"auto, (max-width: 357px) 100vw, 357px\" \/>S\u00fct G\u00fcne\u015f batt\u0131ktan sonra b\u00f6yle \u00fczeri ye\u015fil yaprakl\u0131 verilir.<\/a><\/p>\n<p>44. Gece inekten sa\u011f\u0131lan s\u00fct d\u0131\u015far\u0131 \u00e7\u0131kmaz. \u0130ne\u011fin nazara gelip memelerinin \u00e7atlayaca\u011f\u0131 inan\u0131l\u0131r. S\u00fct verilirse de \u00fczerine ye\u015fil yaprak konur.<\/p>\n<p>45. Gece evden ac\u0131 biber \u00e7\u0131kmaz<\/p>\n<ol>\n<li>DEVAM&#8230;&#8230;.<\/li>\n<\/ol>\n<p><strong><span style=\"color: #333399;\">\u0130nan\u0131p inanmamak kendi takdirimize\u00a0 o g\u00fcn\u00fcn \u015fartlar\u0131nda b\u00f6yleymi\u015f g\u00fcn\u00fcm\u00fcze\u00a0\u00a0 kadar\u00a0 gelmi\u015f olan inan\u00e7lar.\u00a0\u00a0\u00a0\u00a0\u00a0\u00a0\u00a0\u00a0\u00a0\u00a0 <\/span><\/strong><\/p>\n<p><strong><span style=\"color: #333399;\">Derleyen : Nermin Karabulut\u00a0\u00a0\u00a0 mail: nkarabulut@adu.edu.tr<\/span><\/strong><\/p>\n<p><a href=\"http:\/\/imamkoy.com\/wp-content\/uploads\/2017\/03\/images.jpg\"><img loading=\"lazy\" decoding=\"async\" class=\"alignleft size-thumbnail wp-image-4244\" src=\"http:\/\/imamkoy.com\/wp-content\/uploads\/2017\/03\/images-150x113.jpg\" alt=\"images\" width=\"150\" height=\"113\" \/><\/a><a href=\"http:\/\/imamkoy.com\/wp-content\/uploads\/2017\/03\/untitled-4.png\"><img loading=\"lazy\" decoding=\"async\" class=\"alignleft wp-image-4248\" src=\"http:\/\/imamkoy.com\/wp-content\/uploads\/2017\/03\/untitled-4-150x150.png\" alt=\"untitled 4\" width=\"112\" height=\"112\" \/><\/a><\/p>\n<p><a href=\"http:\/\/imamkoy.com\/wp-content\/uploads\/2017\/03\/imagesUWSCYTJD-e1489480354985.jpg\"><img loading=\"lazy\" decoding=\"async\" class=\"alignleft  wp-image-4251\" src=\"http:\/\/imamkoy.com\/wp-content\/uploads\/2017\/03\/imagesUWSCYTJD-e1489480354985-150x150.jpg\" alt=\"imagesUWSCYTJD\" width=\"117\" height=\"117\" \/><\/a><\/p>\n","protected":false},"excerpt":{"rendered":"<p>HALK \u0130NAN\u00c7LARI (Halk\u0131n Bilim D\u0131\u015f\u0131 Olarak \u0130nand\u0131\u011f\u0131) \u0130nan\u00e7lar Halk taraf\u0131ndan bilinen ve yayg\u0131n olarak inan\u0131lan, inan\u00e7lar ki\u015filere g\u00f6re farkl\u0131 farkl\u0131 anlat\u0131lsa bile y\u00f6re insanlar\u0131 taraf\u0131ndan ortak\u00e7a bilinmektedir. Buna baz\u0131 ki\u015filer bat\u0131l inan\u00e7 derler. Ama yine \u00e7o\u011funlu\u011fumuz inan\u0131r. Bilimle, teknolojiyle i\u00e7 i\u00e7e olunsa da bat\u0131l inan\u00e7lar yakam\u0131z\u0131 b\u0131rakmad\u0131 m\u0131 b\u0131rakm\u0131yor. Olmaz \u00f6yle \u015fey desek de yine &hellip; <a href=\"http:\/\/imamkoy.com\/index.php\/olumsuz-ve-olumlu-inanclar\/\" class=\"more-link\">Okumaya devam et <span class=\"screen-reader-text\">Halk \u0130nan\u00e7lar\u0131 (Bat\u0131l \u0130nan\u00e7lar) Bayku\u015f \u00f6tmesi v.s gibi 50 \u00e7e\u015fit aaa dedi\u011finiz  neler neler<\/span><\/a><\/p>\n","protected":false},"author":1,"featured_media":0,"parent":0,"menu_order":0,"comment_status":"open","ping_status":"open","template":"","meta":{"footnotes":""},"class_list":["post-4241","page","type-page","status-publish","hentry"],"_links":{"self":[{"href":"http:\/\/imamkoy.com\/index.php\/wp-json\/wp\/v2\/pages\/4241","targetHints":{"allow":["GET"]}}],"collection":[{"href":"http:\/\/imamkoy.com\/index.php\/wp-json\/wp\/v2\/pages"}],"about":[{"href":"http:\/\/imamkoy.com\/index.php\/wp-json\/wp\/v2\/types\/page"}],"author":[{"embeddable":true,"href":"http:\/\/imamkoy.com\/index.php\/wp-json\/wp\/v2\/users\/1"}],"replies":[{"embeddable":true,"href":"http:\/\/imamkoy.com\/index.php\/wp-json\/wp\/v2\/comments?post=4241"}],"version-history":[{"count":53,"href":"http:\/\/imamkoy.com\/index.php\/wp-json\/wp\/v2\/pages\/4241\/revisions"}],"predecessor-version":[{"id":6790,"href":"http:\/\/imamkoy.com\/index.php\/wp-json\/wp\/v2\/pages\/4241\/revisions\/6790"}],"wp:attachment":[{"href":"http:\/\/imamkoy.com\/index.php\/wp-json\/wp\/v2\/media?parent=4241"}],"curies":[{"name":"wp","href":"https:\/\/api.w.org\/{rel}","templated":true}]}}