{"id":438,"date":"2011-09-30T06:41:53","date_gmt":"2011-09-30T06:41:53","guid":{"rendered":"http:\/\/imamkoy.com\/?page_id=438"},"modified":"2026-04-05T09:11:08","modified_gmt":"2026-04-05T08:11:08","slug":"site-kurucusu-ve-hazirlayan","status":"publish","type":"page","link":"http:\/\/imamkoy.com\/index.php\/site-kurucusu-ve-hazirlayan\/","title":{"rendered":"\u0130mamk\u00f6y Tan\u0131t\u0131m Web Sitesi Kurucusu, Y\u00f6neticisi, Ara\u015ft\u0131rmac\u0131s\u0131, Haz\u0131rlayan ve Sunan: Nermin KARABULUT"},"content":{"rendered":"<p><span style=\"color: #ff0000;\"><strong><span style=\"font-size: small;\"><span style=\"font-family: Times New Roman;\"> <a href=\"http:\/\/imamkoy.com\/wp-content\/uploads\/2025\/03\/HPIM1218.jpg\"><img loading=\"lazy\" decoding=\"async\" class=\"alignleft size-full wp-image-9690\" src=\"http:\/\/imamkoy.com\/wp-content\/uploads\/2025\/03\/HPIM1218.jpg\" alt=\"\" width=\"357\" height=\"416\" srcset=\"http:\/\/imamkoy.com\/wp-content\/uploads\/2025\/03\/HPIM1218.jpg 357w, http:\/\/imamkoy.com\/wp-content\/uploads\/2025\/03\/HPIM1218-257x300.jpg 257w\" sizes=\"auto, (max-width: 357px) 100vw, 357px\" \/><\/a><\/span><\/span><\/strong><\/span><\/p>\n<p><span style=\"color: #000000;\"><strong><span style=\"color: #ff0000;\">Nermin KARABULUT<\/span> Kimdir? <\/strong><\/span><b>Do\u011fma b\u00fcy\u00fcme \u0130mamk\u00f6yl\u00fc&#8217;y\u00fcm. E\u011fitim-\u00f6\u011fretim hayatim\u00a0 \u0130mamk\u00f6y ilk\u00f6\u011fretim Okulu&#8217;nda ba\u015flad\u0131. Sonra\u00a0 Ayd\u0131n Efeler Ortaokulu, Ayd\u0131n Ticaret lisesinde lise e\u011fitimimi tamamlad\u0131m. Anadolu \u00dcniversitesi i\u015fletme Fak\u00fcltesi, Y\u00f6netim ve Organizasyon B\u00f6l\u00fcm\u00fcnde lisans e\u011fitimimi tamamlad\u0131m. A\u015fa\u011f\u0131daki bir\u00e7ok\u00a0 sertifika programlar\u0131nda e\u011fitim\u00a0 alarak,\u00a0 a\u015fa\u011f\u0131daki b\u00f6l\u00fcmlerden sertifika ald\u0131m.<\/b><\/p>\n<p><b>\u00a0<\/b><strong style=\"font-weight: bold;\">Anadolu \u00fcniversitesi 2017 G\u00fcz- Bahar d\u00f6nemi e -Sertifika program\u0131 Y\u00f6netici Asistanl\u0131\u011f\u0131 program\u0131<\/strong><b>\u00a0 sertifika alarak ba\u015far\u0131 belgesi elde ettim.<\/b><\/p>\n<p><strong>\u0130stanbul \u0130\u015fletme Enstit\u00fcs\u00fc Etkili \u0130leti\u015fim Stratejileri Sertifika Program\u0131 uzaktan e\u011fitim S\u0131navda ba\u015far\u0131 belgesi<\/strong><\/p>\n<p><b>\u0130stanbul<\/b><strong>\u00a0i\u015fletme Enstit\u00fcs\u00fc<\/strong> <strong>i\u015f Hayat\u0131nda Yaz\u0131\u015fma Teknikleri sertifika program\u0131 uzaktan e\u011fitim s\u0131navda ba\u015far\u0131 belgesi<\/strong><\/p>\n<p><strong>Ayd\u0131n Adnan Menderes \u00dcniversitesi &#8220;Kariyer Y\u00f6netimi&#8221; e\u011fitimi sertifika Ayd\u0131n program\u0131 ba\u015far\u0131 belgesi<\/strong><\/p>\n<p><strong>Ayd\u0131n Adnan Menderes\u00a0 \u00dcniversitesi &#8220;Giri\u015fimcilik&#8221; E\u011fitimi Sertifika program\u0131 ba\u015far\u0131 belgesi<\/strong><\/p>\n<p><span style=\"color: #800000;\"><strong>\u00c7ALI\u015eMA HAYATIM<\/strong><\/span><\/p>\n<p><span style=\"color: #000000;\"><span style=\"font-family: Symbol; font-size: small;\">\u00b7<\/span>\u00a0 \u00a0 <strong>40 (g\u00fcn )gibi ge\u00e7ici bir s\u00fcre k\u00f6y k\u00e2tipli\u011fi<\/strong><\/span><\/p>\n<p><span style=\"color: #000000;\"><span style=\"font-family: Symbol; font-size: small;\">\u00b7<\/span> \u00a0 <strong>Ayd\u0131n \u0130ncirliova Buca\u011f\u0131 \u0130kizdere k\u00f6y\u00fc vekil \u00f6\u011fretmenlik bir d\u00f6nem<\/strong><\/span><\/p>\n<p style=\"text-align: justify;\"><span style=\"color: #000000;\"><span style=\"font-family: Symbol; font-size: small;\">\u00b7<\/span> \u00a0<strong>Halk E\u011fitim M\u00fcd\u00fcrl\u00fc\u011f\u00fc Usta \u00d6\u011fretici kadrosunda Ayd\u0131n Merkez Kenker k\u00f6y\u00fc bayanlara okuma yazma kursu\u00a0 verdim.<\/strong><\/span><\/p>\n<p><span style=\"color: #000000;\"><span style=\"font-family: Symbol; font-size: small;\">\u00b7<\/span> \u00a0<strong>1985 y\u0131l\u0131nda Ayd\u0131n TEDA\u015e&#8217;da \u00fc\u00e7 ay s\u00fcre ile ge\u00e7ici olarak \u00e7al\u0131\u015ft\u0131m.<\/strong><\/span><\/p>\n<p><span style=\"color: #000000;\"><span style=\"font-family: Symbol; font-size: small;\">\u00b7<\/span> \u00a0<strong>1991-1992 y\u0131llar\u0131 aras\u0131 Adalet Bakanl\u0131\u011f\u0131n\u0131n Ceza Tevkif Evleri Ayd\u0131n E Tipi\u00a0\u00a0\u00a0 Cezaevi,<\/strong><\/span><span style=\"color: #000000;\"><span style=\"font-family: Symbol; font-size: small;\">\u00b7<\/span>\u00a0 \u00a0\u00a0<strong> \u00a0\u00a0\u0130\u015f Yurdu ambar memurlu\u011funda g\u00f6revli,<\/strong><\/span><span style=\"color: #000000; font-size: inherit;\">\u00a0<\/span><strong style=\"color: #000000; font-size: inherit;\">1992-1996 y\u0131llar\u0131 aras\u0131 Adalet Bakanl\u0131\u011f\u0131n\u0131n Ceza Tevkif Evleri Ayd\u0131n E Tipi Cezaevi santral memurlu\u011fu, <span style=\"font-family: Times New Roman;\"><span style=\"font-size: small;\">\u00a0<\/span><\/span><\/strong><\/p>\n<p><span style=\"color: #000000;\"><span style=\"font-family: Symbol; font-size: small;\">\u00b7<\/span> \u00a0 <strong>1996-1999 Ayd\u0131n Cumhuriyet Ba\u015fsavc\u0131l\u0131\u011f\u0131 Ba\u015fsavc\u0131l\u0131k \u00f6zel kalem ve santral ve Fax memurlu\u011fu <\/strong><\/span><\/p>\n<p style=\"text-align: justify;\"><span style=\"color: #000000;\"><span style=\"font-family: Symbol; font-size: small;\">\u00b7<\/span> <strong>AD\u00dc Fen Edebiyat Fak\u00fcltesi B\u00f6l\u00fcmler sekreterli\u011fi, 1999-2005 y\u0131llar\u0131 aras\u0131 Sosyal ve Fen B\u00f6l\u00fcmler sekreterli\u011fi,(Tarih, Psikoloji, TDE, ARK, Bat\u0131 Dilleri Ed. Kimya, Fizik, Felsefe, Matematik, Sosyoloji, Biyoloji, Sanat Tarihi ) bu g\u00f6revle beraber 2002-2006 y\u0131llar\u0131 aras\u0131 Fak\u00fclte K\u00fct\u00fcphane g\u00f6revlisi <\/strong><\/span><\/p>\n<p><span style=\"color: #000000;\"><span style=\"font-family: Symbol; font-size: small;\">\u00b7<\/span> \u00a0<strong>2005 y\u0131ll\u0131nda 6 (alt\u0131) Ay Dekan Sekreterli\u011fi, <\/strong><\/span><\/p>\n<p><span style=\"color: #000000;\"><span style=\"font-family: Symbol; font-size: small;\">\u00b7<\/span> \u00a0<strong>2007-2010 y\u0131llar\u0131 aras\u0131nda Bat\u0131 Dilleri, Sanat Tarihi, Felsefe, Psikoloji B\u00f6l\u00fcmler sekreterli\u011fi<\/strong><\/span><\/p>\n<p><span style=\"color: #000000;\"><span style=\"font-family: Symbol; font-size: small;\">\u00b7<\/span> \u00a0<strong>2011 y\u0131l\u0131nda Tarih, Arkeoloji, T\u00fcrk Dili Edebiyat\u0131 B\u00f6l\u00fcmler sekreterlikleri <\/strong><\/span><\/p>\n<p><strong>\u00a0 \u00a02013-2014 y\u0131llar\u0131 aras\u0131nda Fen-Edebiyat Fak\u00fcltesi Yaz\u0131 i\u015fleri g\u00f6revi ile beraberinde\u00a0 Matematik, Sosyoloji ve Psikoloji B\u00f6l\u00fcm sekreterlikleri\u00a0<\/strong><\/p>\n<p><strong>2015-2019 y\u0131llar\u0131 aras\u0131nda Felsefe, TDE, Sanat Tarihi, Psikoloji, Sosyoloji B\u00f6l\u00fcm Sekreterlikleri<\/strong><\/p>\n<p><strong>\u015eu anda Adnan Menderes \u00dcniversitesi T\u0131p Fak\u00fcltesinde \u00e7al\u0131\u015fmaktay\u0131m.\u00a0<\/strong><\/p>\n<p><strong><span style=\"font-size: small;\"><span style=\"font-family: Times New Roman;\"><span style=\"color: #000000;\">\u00a0\u00a0 <\/span><\/span><\/span><span style=\"color: #000000;\">Siteyi kurma amac\u0131m g\u00fczel k\u00f6y\u00fcm\u00fcz\u00fcn do\u011fal g\u00fczelliklerini, k\u00fclt\u00fcrlerini, yeti\u015ftirdiklerini, T\u00fcrkiye&#8217;de ve D\u00fcnyada tan\u0131tmak, yeni nesillere aktarmakt\u0131r.<\/span><\/strong><\/p>\n<p style=\"text-align: justify;\"><strong><span style=\"color: #000000;\">Yine bu site sayesinde k\u00f6y\u00fcm\u00fcz\u00fcn sorunlar\u0131n\u0131 ve ihtiya\u00e7lar\u0131n\u0131 g\u00f6r\u00fc\u015f al\u0131\u015f veri\u015finde bulunarak k\u00f6y\u00fcm\u00fcze daha g\u00fczel hizmetlerin gelebilmesi i\u00e7in \u00e7al\u0131\u015fma ortam\u0131 olu\u015fturarak birlikte ba\u015farmakt\u0131r.<\/span><\/strong><\/p>\n<p style=\"text-align: justify;\"><span style=\"color: #000000;\"><span style=\"color: #000000;\"><b>\u00a0<\/b><\/span><span style=\"color: #800000;\"><span style=\"color: #800000;\"><b>\u00a0<\/b><\/span><span style=\"color: #000080;\"><span style=\"color: #000080;\"><b>\u00a0\u00a0<\/b><\/span><span style=\"color: #000000;\"><span style=\"color: #000000;\"><b> Site i\u00e7eresinde bulunan\u00a0\u00a0k\u00f6y\u00fcn tarih\u00e7esi ve k\u00f6y\u00fcn ge\u00e7mi\u015fi hakk\u0131ndaki\u00a0 bilgilerde yard\u0131mlar\u0131ndan dolay\u0131 babam Durmu\u015f Karabulut&#8217;a\u00a0\u00a0sonsuz te\u015fekk\u00fcr ederim.<\/b><\/span><\/span><\/span><\/span><\/span><\/p>\n<p style=\"text-align: justify;\"><strong><span style=\"color: #000000;\"><span style=\"color: #800000;\"><span style=\"color: #000080;\"><span style=\"color: #000000;\">\u00a0\u00a0\u00a0\u00a0 \u0130mamk\u00f6yl\u00fc olarak payla\u015fmak istedi\u011finiz bilgiler\u00a0 resimler varsa a\u015fa\u011f\u0131daki mail adreslerine g\u00f6nderebilirsiniz.<\/span><\/span><\/span><\/span><\/strong><\/p>\n<p><span style=\"color: #000000;\"><strong>\u0130leti\u015fim Adresi\u00a0<\/strong><\/span><\/p>\n<p><strong>FACEBOOK<\/strong> <strong><span style=\"color: #000000;\"><span style=\"color: #3366ff;\">ye\u015fil i<a href=\"mailto:?mamk\u00f6y@facebook.com\"><span style=\"color: #3366ff;\">mamkoy@facebook.com<\/span><\/a><\/span><\/span><\/strong><\/p>\n<p><strong><span style=\"color: #000000;\"><span style=\"color: #3366ff;\">\u00a0 \u00a0 \u00a0 \u00a0 e mail :nkarabulut@adu.edu tr.<\/span><\/span><\/strong><\/p>\n<p><strong><span style=\"color: #000000;\"><span style=\"color: #3366ff;\">\u00a0\u00a0\u00a0\u00a0\u00a0\u00a0\u00a0<\/span><\/span><\/strong><strong><span style=\"color: #000000;\"><span style=\"color: #3366ff;\">\u00a0\u00a0:<a href=\"mailto:nermin124@hotmail.com\">nermin124@hotmail.com<\/a><\/span><\/span><\/strong><\/p>\n<p>Be\u011fenilerinizi bekliyorum. Ho\u015f\u00e7akal\u0131n sa\u011fl\u0131kl\u0131 kal\u0131n<\/p>\n<p><strong><span style=\"color: #000000;\"><span style=\"color: #3366ff;\">\u00a0\u00a0\u00a0\u00a0\u00a0\u00a0\u00a0 <\/span><\/span><\/strong><\/p>\n<p><strong><span style=\"color: #000000;\"><span style=\"color: #3366ff;\">\u00a0\u00a0\u00a0\u00a0\u00a0\u00a0\u00a0 <\/span><\/span><\/strong><\/p>\n","protected":false},"excerpt":{"rendered":"<p>Nermin KARABULUT Kimdir? Do\u011fma b\u00fcy\u00fcme \u0130mamk\u00f6yl\u00fc&#8217;y\u00fcm. E\u011fitim-\u00f6\u011fretim hayatim\u00a0 \u0130mamk\u00f6y ilk\u00f6\u011fretim Okulu&#8217;nda ba\u015flad\u0131. Sonra\u00a0 Ayd\u0131n Efeler Ortaokulu, Ayd\u0131n Ticaret lisesinde lise e\u011fitimimi tamamlad\u0131m. Anadolu \u00dcniversitesi i\u015fletme Fak\u00fcltesi, Y\u00f6netim ve Organizasyon B\u00f6l\u00fcm\u00fcnde lisans e\u011fitimimi tamamlad\u0131m. A\u015fa\u011f\u0131daki bir\u00e7ok\u00a0 sertifika programlar\u0131nda e\u011fitim\u00a0 alarak,\u00a0 a\u015fa\u011f\u0131daki b\u00f6l\u00fcmlerden sertifika ald\u0131m. \u00a0Anadolu \u00fcniversitesi 2017 G\u00fcz- Bahar d\u00f6nemi e -Sertifika program\u0131 Y\u00f6netici Asistanl\u0131\u011f\u0131 program\u0131\u00a0 &hellip; <a href=\"http:\/\/imamkoy.com\/index.php\/site-kurucusu-ve-hazirlayan\/\" class=\"more-link\">Okumaya devam et <span class=\"screen-reader-text\">\u0130mamk\u00f6y Tan\u0131t\u0131m Web Sitesi Kurucusu, Y\u00f6neticisi, Ara\u015ft\u0131rmac\u0131s\u0131, Haz\u0131rlayan ve Sunan: Nermin KARABULUT<\/span><\/a><\/p>\n","protected":false},"author":1,"featured_media":0,"parent":0,"menu_order":0,"comment_status":"open","ping_status":"open","template":"","meta":{"footnotes":""},"class_list":["post-438","page","type-page","status-publish","hentry"],"_links":{"self":[{"href":"http:\/\/imamkoy.com\/index.php\/wp-json\/wp\/v2\/pages\/438","targetHints":{"allow":["GET"]}}],"collection":[{"href":"http:\/\/imamkoy.com\/index.php\/wp-json\/wp\/v2\/pages"}],"about":[{"href":"http:\/\/imamkoy.com\/index.php\/wp-json\/wp\/v2\/types\/page"}],"author":[{"embeddable":true,"href":"http:\/\/imamkoy.com\/index.php\/wp-json\/wp\/v2\/users\/1"}],"replies":[{"embeddable":true,"href":"http:\/\/imamkoy.com\/index.php\/wp-json\/wp\/v2\/comments?post=438"}],"version-history":[{"count":83,"href":"http:\/\/imamkoy.com\/index.php\/wp-json\/wp\/v2\/pages\/438\/revisions"}],"predecessor-version":[{"id":9692,"href":"http:\/\/imamkoy.com\/index.php\/wp-json\/wp\/v2\/pages\/438\/revisions\/9692"}],"wp:attachment":[{"href":"http:\/\/imamkoy.com\/index.php\/wp-json\/wp\/v2\/media?parent=438"}],"curies":[{"name":"wp","href":"https:\/\/api.w.org\/{rel}","templated":true}]}}