{"id":4405,"date":"2018-08-03T13:05:13","date_gmt":"2018-08-03T13:05:13","guid":{"rendered":"http:\/\/imamkoy.com\/?page_id=4405"},"modified":"2026-05-09T13:39:15","modified_gmt":"2026-05-09T12:39:15","slug":"imamkoy-ilicasi-ve-mesire-alani-yeni-resimlerle","status":"publish","type":"page","link":"http:\/\/imamkoy.com\/index.php\/imamkoy-ilicasi-ve-mesire-alani-yeni-resimlerle\/","title":{"rendered":"Eski Ad\u0131 \u0130mamk\u00f6y Il\u0131cas\u0131, Yeni Ad\u0131  Do\u011fa  Oteli  ve Restorant ve Bungalov evleri  Otel Fiyat\u0131, Nas\u0131l Gidilir, Yiyecek \u0130\u00e7ecek  listesi Hz: Nermin Karabulut"},"content":{"rendered":"<p><strong>&nbsp;<\/strong><strong style=\"font-size: revert;\"><a href=\"http:\/\/imamkoy.com\/wp-content\/uploads\/2024\/04\/otel12-scaled.jpg\"><img loading=\"lazy\" decoding=\"async\" class=\"aligncenter size-full wp-image-9317\" src=\"http:\/\/imamkoy.com\/wp-content\/uploads\/2024\/04\/otel12-scaled.jpg\" alt=\"\" width=\"2560\" height=\"1152\" srcset=\"http:\/\/imamkoy.com\/wp-content\/uploads\/2024\/04\/otel12-scaled.jpg 2560w, http:\/\/imamkoy.com\/wp-content\/uploads\/2024\/04\/otel12-300x135.jpg 300w, http:\/\/imamkoy.com\/wp-content\/uploads\/2024\/04\/otel12-1024x461.jpg 1024w, http:\/\/imamkoy.com\/wp-content\/uploads\/2024\/04\/otel12-768x346.jpg 768w, http:\/\/imamkoy.com\/wp-content\/uploads\/2024\/04\/otel12-1536x691.jpg 1536w, http:\/\/imamkoy.com\/wp-content\/uploads\/2024\/04\/otel12-2048x922.jpg 2048w\" sizes=\"auto, (max-width: 2560px) 100vw, 2560px\" \/><\/a> <\/strong><\/p>\n<p><strong style=\"font-size: revert;\">\u0130mamk\u00f6y Il\u0131cas\u0131 Roma ve Bizans d\u00f6neminden \u00e7ok \u00f6nemli eserlerin var oldu\u011fu bir yerdir.&nbsp; Il\u0131ca olarak kullan\u0131lan \u015fifal\u0131&nbsp; k\u00fck\u00fcrtl\u00fc suyunun i\u00e7erisinde \u00e7e\u015fitli yararl\u0131 mineraller bulunmaktad\u0131r ve kad\u0131n hastal\u0131klar\u0131, cilt hastal\u0131klar\u0131 ba\u011f\u0131rsak hastal\u0131klar\u0131 gibi bir\u00e7ok hastal\u0131\u011fa iyi gelmektedir.<\/strong><\/p>\n<p><strong>\u0130mamk\u00f6y Do\u011fa Oteli imamk\u00f6y eski \u0131l\u0131ca olan alan d\u00fczenleme yap\u0131larak otel ve Bungolog odalar yap\u0131lm\u0131\u015ft\u0131r. Otel ve restoran adres olarak \u0130mamk\u00f6y&#8217;\u00fcn 1 km kuzeyinde da\u011f ete\u011finde , \u0130mamk\u00f6y \u00e7ay\u0131 (dere) kenar\u0131nda, ye\u015fillikler aras\u0131nda bir\u00e7ok a\u011fa\u00e7lar\u0131n moza\u011finden olu\u015fan, b\u00fcy\u00fck kavak a\u011fa\u00e7lar\u0131, zeytin, \u00e7am a\u011fa\u00e7lar\u0131 ile kapl\u0131 tepelerin aras\u0131ndad\u0131r. \u015eehir&nbsp; merkezinin g\u00fcr\u00fclt\u00fcs\u00fcnden farkl\u0131 olarak, de\u011fi\u015fik ku\u015f sesi, dere \u015f\u0131r\u0131lt\u0131s\u0131 (\u0130mamk\u00f6y \u00e7ay\u0131), yaprak h\u0131\u015f\u0131lt\u0131lar\u0131 aras\u0131nda yeme\u011finizi yiyip, \u00e7ay ve kahvenizi yudumlayaca\u011f\u0131n\u0131z bir yerdir.&nbsp; Yollar\u0131 asfalt ve d\u00fczg\u00fcnd\u00fcr. Huzurun adresidir. Benden s\u00f6ylemesi<\/strong><\/p>\n<p><a href=\"http:\/\/imamkoy.com\/wp-content\/uploads\/2024\/04\/otel18-scaled.jpg\"><img loading=\"lazy\" decoding=\"async\" class=\"aligncenter size-full wp-image-9324\" src=\"http:\/\/imamkoy.com\/wp-content\/uploads\/2024\/04\/otel18-scaled.jpg\" alt=\"\" width=\"2560\" height=\"1152\" srcset=\"http:\/\/imamkoy.com\/wp-content\/uploads\/2024\/04\/otel18-scaled.jpg 2560w, http:\/\/imamkoy.com\/wp-content\/uploads\/2024\/04\/otel18-300x135.jpg 300w, http:\/\/imamkoy.com\/wp-content\/uploads\/2024\/04\/otel18-1024x461.jpg 1024w, http:\/\/imamkoy.com\/wp-content\/uploads\/2024\/04\/otel18-768x346.jpg 768w, http:\/\/imamkoy.com\/wp-content\/uploads\/2024\/04\/otel18-1536x691.jpg 1536w, http:\/\/imamkoy.com\/wp-content\/uploads\/2024\/04\/otel18-2048x922.jpg 2048w\" sizes=\"auto, (max-width: 2560px) 100vw, 2560px\" \/><\/a><\/p>\n<p><strong>DO\u011eA OTEL\u0130 ve RESTORANT \/\u0130MAMK\u00d6Y<\/strong><\/p>\n<p style=\"text-align: justify;\"><b>Yeni Il\u0131ca (Mesire alan\u0131) Eski Il\u0131ca&#8217;n\u0131n suyunun bir kolu da buradan akmaktad\u0131r. \u015eu anda eskiden yap\u0131lan odalar y\u0131k\u0131lm\u0131\u015f,&nbsp; Dere kenar\u0131nda bungolow&nbsp; odalar yap\u0131lm\u0131\u015ft\u0131r. \u0130mamk\u00f6y kapl\u0131cas\u0131 termal otel olarak da kullan\u0131labilir.&nbsp; Suyu k\u00fck\u00fcrtl\u00fcd\u00fcr. Bir\u00e7ok derde devad\u0131r. \u0130mamk\u00f6y kapl\u0131cas\u0131n\u0131n suyu i\u00e7ilir. \u0130\u00e7ildi\u011finde ba\u011f\u0131rsaklar\u0131n iyile\u015fmesini sa\u011flar. \u0130mamk\u00f6y kapl\u0131cas\u0131n\u0131n suyu 36 derecedir. \u0130mamk\u00f6y kapl\u0131cas\u0131 Ayd\u0131n \u0130li Efeler mahallesi&nbsp; s\u0131n\u0131rlar\u0131 i\u00e7inde yer al\u0131r. Kapl\u0131ca -Otel mesire alan\u0131 \u0130mamk\u00f6y\u2019e uzakl\u0131\u011f\u0131 1 kilometredir. Ayd\u0131n merkez uzakl\u0131\u011f\u0131 ise 6-7 kilometredir. Farkl\u0131 g\u00f6r\u00fcn\u00fcm i\u00e7in g\u00f6r\u00fclmeye de\u011fer. Hz: N. Karabulut<\/b><\/p>\n<p><a href=\"http:\/\/imamkoy.com\/wp-content\/uploads\/2024\/04\/otel2-scaled.jpg\"><img loading=\"lazy\" decoding=\"async\" class=\"aligncenter size-large wp-image-9309\" src=\"http:\/\/imamkoy.com\/wp-content\/uploads\/2024\/04\/otel2-1024x461.jpg\" alt=\"\" width=\"660\" height=\"297\" srcset=\"http:\/\/imamkoy.com\/wp-content\/uploads\/2024\/04\/otel2-1024x461.jpg 1024w, http:\/\/imamkoy.com\/wp-content\/uploads\/2024\/04\/otel2-300x135.jpg 300w, http:\/\/imamkoy.com\/wp-content\/uploads\/2024\/04\/otel2-768x346.jpg 768w, http:\/\/imamkoy.com\/wp-content\/uploads\/2024\/04\/otel2-1536x691.jpg 1536w, http:\/\/imamkoy.com\/wp-content\/uploads\/2024\/04\/otel2-2048x922.jpg 2048w\" sizes=\"auto, (max-width: 660px) 100vw, 660px\" \/><\/a><\/p>\n<p style=\"text-align: justify;\"><strong>&nbsp;<\/strong><strong style=\"font-size: revert;\">&nbsp; &nbsp; &nbsp; &nbsp; &nbsp; <a href=\"http:\/\/imamkoy.com\/wp-content\/uploads\/2024\/04\/otel13-scaled.jpg\"><img loading=\"lazy\" decoding=\"async\" class=\"aligncenter size-full wp-image-9357\" src=\"http:\/\/imamkoy.com\/wp-content\/uploads\/2024\/04\/otel13-scaled.jpg\" alt=\"\" width=\"2560\" height=\"1152\" srcset=\"http:\/\/imamkoy.com\/wp-content\/uploads\/2024\/04\/otel13-scaled.jpg 2560w, http:\/\/imamkoy.com\/wp-content\/uploads\/2024\/04\/otel13-300x135.jpg 300w, http:\/\/imamkoy.com\/wp-content\/uploads\/2024\/04\/otel13-1024x461.jpg 1024w, http:\/\/imamkoy.com\/wp-content\/uploads\/2024\/04\/otel13-768x346.jpg 768w, http:\/\/imamkoy.com\/wp-content\/uploads\/2024\/04\/otel13-1536x691.jpg 1536w, http:\/\/imamkoy.com\/wp-content\/uploads\/2024\/04\/otel13-2048x922.jpg 2048w\" sizes=\"auto, (max-width: 2560px) 100vw, 2560px\" \/><\/a><\/strong><a href=\"http:\/\/imamkoy.com\/wp-content\/uploads\/2024\/03\/otel3-scaled.jpg\"><img loading=\"lazy\" decoding=\"async\" class=\"aligncenter size-large wp-image-9252\" src=\"http:\/\/imamkoy.com\/wp-content\/uploads\/2024\/03\/otel3-1024x461.jpg\" alt=\"\" width=\"660\" height=\"297\" srcset=\"http:\/\/imamkoy.com\/wp-content\/uploads\/2024\/03\/otel3-1024x461.jpg 1024w, http:\/\/imamkoy.com\/wp-content\/uploads\/2024\/03\/otel3-300x135.jpg 300w, http:\/\/imamkoy.com\/wp-content\/uploads\/2024\/03\/otel3-768x346.jpg 768w, http:\/\/imamkoy.com\/wp-content\/uploads\/2024\/03\/otel3-1536x691.jpg 1536w, http:\/\/imamkoy.com\/wp-content\/uploads\/2024\/03\/otel3-2048x922.jpg 2048w\" sizes=\"auto, (max-width: 660px) 100vw, 660px\" \/><\/a><\/p>\n<p><a href=\"http:\/\/imamkoy.com\/wp-content\/uploads\/2024\/04\/otel11-scaled.jpg\"><img loading=\"lazy\" decoding=\"async\" class=\"aligncenter size-full wp-image-9334\" src=\"http:\/\/imamkoy.com\/wp-content\/uploads\/2024\/04\/otel11-scaled.jpg\" alt=\"\" width=\"2560\" height=\"1152\" srcset=\"http:\/\/imamkoy.com\/wp-content\/uploads\/2024\/04\/otel11-scaled.jpg 2560w, http:\/\/imamkoy.com\/wp-content\/uploads\/2024\/04\/otel11-300x135.jpg 300w, http:\/\/imamkoy.com\/wp-content\/uploads\/2024\/04\/otel11-1024x461.jpg 1024w, http:\/\/imamkoy.com\/wp-content\/uploads\/2024\/04\/otel11-768x346.jpg 768w, http:\/\/imamkoy.com\/wp-content\/uploads\/2024\/04\/otel11-1536x691.jpg 1536w, http:\/\/imamkoy.com\/wp-content\/uploads\/2024\/04\/otel11-2048x922.jpg 2048w\" sizes=\"auto, (max-width: 2560px) 100vw, 2560px\" \/><\/a><\/p>\n<p><img loading=\"lazy\" decoding=\"async\" class=\"aligncenter size-full wp-image-9336\" src=\"http:\/\/imamkoy.com\/wp-content\/uploads\/2024\/04\/0tel9-scaled.jpg\" alt=\"\" width=\"2560\" height=\"1152\" srcset=\"http:\/\/imamkoy.com\/wp-content\/uploads\/2024\/04\/0tel9-scaled.jpg 2560w, http:\/\/imamkoy.com\/wp-content\/uploads\/2024\/04\/0tel9-300x135.jpg 300w, http:\/\/imamkoy.com\/wp-content\/uploads\/2024\/04\/0tel9-1024x461.jpg 1024w, http:\/\/imamkoy.com\/wp-content\/uploads\/2024\/04\/0tel9-768x346.jpg 768w, http:\/\/imamkoy.com\/wp-content\/uploads\/2024\/04\/0tel9-1536x691.jpg 1536w, http:\/\/imamkoy.com\/wp-content\/uploads\/2024\/04\/0tel9-2048x922.jpg 2048w\" sizes=\"auto, (max-width: 2560px) 100vw, 2560px\" \/><\/p>\n<h6><span style=\"color: #ff0000;\"><strong>PEK\u0130 DO\u011eA OTEL\u0130N AYDIN MERKEZE&nbsp; UZAKLI\u011eI NE KADAR?<\/strong><\/span><\/h6>\n<p><strong>&nbsp;\u0130mamk\u00f6y, Ayd\u0131n merkeze yakla\u015f\u0131k 15-20 dakika uzakl\u0131kta olan, \u0130mamk\u00f6y\u2019de bulunan Do\u011fa Otel\u2019e ula\u015f\u0131m&nbsp; kolayd\u0131r. \u015eehir merkezinden \u0130mamk\u00f6y\u2019e giden yar\u0131m saatte bir kalkan Zafer meydan\u0131, Bal\u0131k pazar\u0131, Egemenlik Bulvar\u0131 eski sanayi G\u00fczerg\u00e2hlar\u0131 olan&nbsp; \u0130mamk\u00f6y- Kocag\u00fcr minib\u00fcsler arac\u0131l\u0131\u011f\u0131yla Do\u011fa Otel\u2019e ula\u015fabilirsiniz. D\u00f6n\u00fc\u015f Yolu i\u00e7in minib\u00fcsler ayn\u0131 yolu takip eder. \u0130mamk\u00f6y\u2019\u00fcn meydan\u0131ndan Do\u011fa Otel\u2019e ise yakla\u015f\u0131k 15 dakika Do\u011fa i\u00e7erisinde y\u00fcr\u00fcyerek de ula\u015fabilirsiniz. Y\u00fcr\u00fcmek istemeyenler i\u00e7inse \u00f6zel ara\u00e7la gelinmesi tavsiye ediliyor. G\u00fcn\u00fc birlik ve k\u0131sa tatillerde kafa dinleyece\u011finiz bir yerdir. Sonbahar ve \u0130lkbahar tatili i\u00e7in \u00e7ok uygundur. Tatil denilince genelde akla deniz gelir. Do\u011fa turizmi temiz k\u0131r havas\u0131 solumak isterseniz<\/strong> buyurun<strong> \u0130mamk\u00f6y Do\u011fa otele Haz\u0131rlayan : Nermin KARABULUT<\/strong><\/p>\n<p><strong>Efeler Do\u011fa Otel ve Restoran ileti\u015fim&nbsp; telefonu: 0 256 340 02 56<\/strong><\/p>\n<p><a href=\"http:\/\/imamkoy.com\/wp-content\/uploads\/2024\/04\/otelyyyy-scaled.jpg\"><img loading=\"lazy\" decoding=\"async\" class=\"aligncenter size-full wp-image-9362\" src=\"http:\/\/imamkoy.com\/wp-content\/uploads\/2024\/04\/otelyyyy-scaled.jpg\" alt=\"\" width=\"2560\" height=\"1152\" srcset=\"http:\/\/imamkoy.com\/wp-content\/uploads\/2024\/04\/otelyyyy-scaled.jpg 2560w, http:\/\/imamkoy.com\/wp-content\/uploads\/2024\/04\/otelyyyy-300x135.jpg 300w, http:\/\/imamkoy.com\/wp-content\/uploads\/2024\/04\/otelyyyy-1024x461.jpg 1024w, http:\/\/imamkoy.com\/wp-content\/uploads\/2024\/04\/otelyyyy-768x346.jpg 768w, http:\/\/imamkoy.com\/wp-content\/uploads\/2024\/04\/otelyyyy-1536x691.jpg 1536w, http:\/\/imamkoy.com\/wp-content\/uploads\/2024\/04\/otelyyyy-2048x922.jpg 2048w\" sizes=\"auto, (max-width: 2560px) 100vw, 2560px\" \/><\/a><\/p>\n<h3><a href=\"http:\/\/imamkoy.com\/wp-content\/uploads\/2024\/04\/otel14-scaled.jpg\"><img loading=\"lazy\" decoding=\"async\" class=\"aligncenter size-full wp-image-9377\" src=\"http:\/\/imamkoy.com\/wp-content\/uploads\/2024\/04\/otel14-scaled.jpg\" alt=\"\" width=\"2560\" height=\"1152\" srcset=\"http:\/\/imamkoy.com\/wp-content\/uploads\/2024\/04\/otel14-scaled.jpg 2560w, http:\/\/imamkoy.com\/wp-content\/uploads\/2024\/04\/otel14-300x135.jpg 300w, http:\/\/imamkoy.com\/wp-content\/uploads\/2024\/04\/otel14-1024x461.jpg 1024w, http:\/\/imamkoy.com\/wp-content\/uploads\/2024\/04\/otel14-768x346.jpg 768w, http:\/\/imamkoy.com\/wp-content\/uploads\/2024\/04\/otel14-1536x691.jpg 1536w, http:\/\/imamkoy.com\/wp-content\/uploads\/2024\/04\/otel14-2048x922.jpg 2048w\" sizes=\"auto, (max-width: 2560px) 100vw, 2560px\" \/><\/a><\/h3>\n<h3>\u0130mamk\u00f6y Do\u011fa Otel ve Restorant&#8217;\u0131n <a class=\"tag-link\" title=\"Son dakika fiyat haberleri\" href=\"https:\/\/yenisokegazetesi.com\/haberleri\/fiyat\" target=\"_blank\" rel=\"noopener\">fiyat<\/a>&nbsp;listesi \u015fu \u015fekilde:<\/h3>\n<p><a href=\"http:\/\/imamkoy.com\/wp-content\/uploads\/2024\/04\/yatak-scaled.jpg\"><img loading=\"lazy\" decoding=\"async\" class=\"aligncenter size-full wp-image-9397\" src=\"http:\/\/imamkoy.com\/wp-content\/uploads\/2024\/04\/yatak-scaled.jpg\" alt=\"\" width=\"2560\" height=\"1152\" srcset=\"http:\/\/imamkoy.com\/wp-content\/uploads\/2024\/04\/yatak-scaled.jpg 2560w, http:\/\/imamkoy.com\/wp-content\/uploads\/2024\/04\/yatak-300x135.jpg 300w, http:\/\/imamkoy.com\/wp-content\/uploads\/2024\/04\/yatak-1024x461.jpg 1024w, http:\/\/imamkoy.com\/wp-content\/uploads\/2024\/04\/yatak-768x346.jpg 768w, http:\/\/imamkoy.com\/wp-content\/uploads\/2024\/04\/yatak-1536x691.jpg 1536w, http:\/\/imamkoy.com\/wp-content\/uploads\/2024\/04\/yatak-2048x922.jpg 2048w\" sizes=\"auto, (max-width: 2560px) 100vw, 2560px\" \/><\/a><\/p>\n<p><strong><span style=\"color: #993300;\">\u0130MAMK\u00d6Y DO\u011eA OTEL Ve RESTORANT<\/span><\/strong><\/p>\n<p>Standart tek ki\u015filik: bin 200 TL (Kahvalt\u0131 KDV dahil)<br \/>\nStandart \u00e7ift ki\u015filk: bin 600 TL (Kahvalt\u0131 KDV dahil)<br \/>\nStandart \u00fc\u00e7 ki\u015filik: iki bin 200 TL (Kahvalt\u0131 KDV dahil)<\/p>\n<p>V\u0130P oda fiyat listesi:<\/p>\n<p>Executive oda tek fiyat: bin 600 TL (Kahvalt\u0131 KDV dahil)<br \/>\nExecutive oda \u00e7ift ki\u015fi fiyat\u0131: 2 bin 200 TL (Kahvalt\u0131 KDV dahil)<\/p>\n<p>Tiny House oda fiyatlar\u0131:<\/p>\n<p>Tiny House tek ki\u015filik oda fiyat\u0131: bin TL (Kahvalt\u0131 KDV dahil)<br \/>\nTiny House \u00e7ift ki\u015filik oda fiyat\u0131: bin 400 TL (Kahvalt\u0131 KDV dahil)<br \/>\nTiny House \u00fc\u00e7 ki\u015filik oda fiyat\u0131: 2 bin TL (Kahvalt\u0131&nbsp;KDV&nbsp;dahil)<\/p>\n<p>\u0130mamk\u00f6y Do\u011fa Otelde Biri s\u00fcit 7 odas\u0131 ve 8 adet de tiny house tabir edilen prefabrik oda bulunmaktad\u0131r. Otel <span style=\"font-size: revert;\">Fiyatlar\u0131 G\u00fcncel de\u011fildir. 25 Ekim 2023 fiyatlar\u0131<\/span><\/p>\n<p><a href=\"http:\/\/imamkoy.com\/wp-content\/uploads\/2024\/04\/menu-scaled.jpg\"><img loading=\"lazy\" decoding=\"async\" class=\"aligncenter size-full wp-image-9395\" src=\"http:\/\/imamkoy.com\/wp-content\/uploads\/2024\/04\/menu-scaled.jpg\" alt=\"\" width=\"2560\" height=\"1295\"><\/a><\/p>\n<p><strong>\u0130MAMK\u00d6Y DO\u011eA OTEL Y\u0130YECEK ve \u0130\u00c7ECEK F\u0130YAT&nbsp; L\u0130STES\u0130<\/strong><\/p>\n<p><a href=\"http:\/\/imamkoy.com\/wp-content\/uploads\/2024\/03\/otel-fiyatlari-scaled.jpg\"><img loading=\"lazy\" decoding=\"async\" class=\"alignnone wp-image-9274 size-full\" src=\"http:\/\/imamkoy.com\/wp-content\/uploads\/2024\/03\/otel-fiyatlari-scaled.jpg\" alt=\"\" width=\"2560\" height=\"1152\" srcset=\"http:\/\/imamkoy.com\/wp-content\/uploads\/2024\/03\/otel-fiyatlari-scaled.jpg 2560w, http:\/\/imamkoy.com\/wp-content\/uploads\/2024\/03\/otel-fiyatlari-300x135.jpg 300w, http:\/\/imamkoy.com\/wp-content\/uploads\/2024\/03\/otel-fiyatlari-1024x461.jpg 1024w, http:\/\/imamkoy.com\/wp-content\/uploads\/2024\/03\/otel-fiyatlari-768x346.jpg 768w, http:\/\/imamkoy.com\/wp-content\/uploads\/2024\/03\/otel-fiyatlari-1536x691.jpg 1536w, http:\/\/imamkoy.com\/wp-content\/uploads\/2024\/03\/otel-fiyatlari-2048x922.jpg 2048w\" sizes=\"auto, (max-width: 2560px) 100vw, 2560px\" \/><\/a><\/p>\n<p>Alternatif bir tatil olana\u011f\u0131 sunmak i\u00e7in yap\u0131m\u0131 tamamlanan Do\u011fa Otel ve Restaurant\u2019\u0131n i\u00e7erisinde 7 adet normal odan\u0131n yan\u0131 s\u0131ra 8 adet de tiny house olarak tabir edilen karavan tipi odalar var. Bir gece konaklama \u00fccreti iki ki\u015fi i\u00e7in 1400\u20ba tek ki\u015fi kalacaksan\u0131z 1000 tl<\/p>\n<p>Restaurant k\u0131sm\u0131 ise olduk\u00e7a \u00e7e\u015fitli bir men\u00fcye sahip, kahvalt\u0131 se\u00e7ene\u011fi de vard\u0131r.<\/p>\n<p>Buyrun gelin sayfam\u0131z\u0131 be\u011fenmeyi unutmuyoruz. \ud83d\ude42<\/p>\n","protected":false},"excerpt":{"rendered":"<p>&nbsp; \u0130mamk\u00f6y Il\u0131cas\u0131 Roma ve Bizans d\u00f6neminden \u00e7ok \u00f6nemli eserlerin var oldu\u011fu bir yerdir.&nbsp; Il\u0131ca olarak kullan\u0131lan \u015fifal\u0131&nbsp; k\u00fck\u00fcrtl\u00fc suyunun i\u00e7erisinde \u00e7e\u015fitli yararl\u0131 mineraller bulunmaktad\u0131r ve kad\u0131n hastal\u0131klar\u0131, cilt hastal\u0131klar\u0131 ba\u011f\u0131rsak hastal\u0131klar\u0131 gibi bir\u00e7ok hastal\u0131\u011fa iyi gelmektedir. \u0130mamk\u00f6y Do\u011fa Oteli imamk\u00f6y eski \u0131l\u0131ca olan alan d\u00fczenleme yap\u0131larak otel ve Bungolog odalar yap\u0131lm\u0131\u015ft\u0131r. Otel ve restoran &hellip; <a href=\"http:\/\/imamkoy.com\/index.php\/imamkoy-ilicasi-ve-mesire-alani-yeni-resimlerle\/\" class=\"more-link\">Okumaya devam et <span class=\"screen-reader-text\">Eski Ad\u0131 \u0130mamk\u00f6y Il\u0131cas\u0131, Yeni Ad\u0131  Do\u011fa  Oteli  ve Restorant ve Bungalov evleri  Otel Fiyat\u0131, Nas\u0131l Gidilir, Yiyecek \u0130\u00e7ecek  listesi Hz: Nermin Karabulut<\/span><\/a><\/p>\n","protected":false},"author":1,"featured_media":0,"parent":0,"menu_order":0,"comment_status":"open","ping_status":"open","template":"","meta":{"footnotes":""},"class_list":["post-4405","page","type-page","status-publish","hentry"],"_links":{"self":[{"href":"http:\/\/imamkoy.com\/index.php\/wp-json\/wp\/v2\/pages\/4405","targetHints":{"allow":["GET"]}}],"collection":[{"href":"http:\/\/imamkoy.com\/index.php\/wp-json\/wp\/v2\/pages"}],"about":[{"href":"http:\/\/imamkoy.com\/index.php\/wp-json\/wp\/v2\/types\/page"}],"author":[{"embeddable":true,"href":"http:\/\/imamkoy.com\/index.php\/wp-json\/wp\/v2\/users\/1"}],"replies":[{"embeddable":true,"href":"http:\/\/imamkoy.com\/index.php\/wp-json\/wp\/v2\/comments?post=4405"}],"version-history":[{"count":198,"href":"http:\/\/imamkoy.com\/index.php\/wp-json\/wp\/v2\/pages\/4405\/revisions"}],"predecessor-version":[{"id":9633,"href":"http:\/\/imamkoy.com\/index.php\/wp-json\/wp\/v2\/pages\/4405\/revisions\/9633"}],"wp:attachment":[{"href":"http:\/\/imamkoy.com\/index.php\/wp-json\/wp\/v2\/media?parent=4405"}],"curies":[{"name":"wp","href":"https:\/\/api.w.org\/{rel}","templated":true}]}}