{"id":464,"date":"2011-10-03T07:44:26","date_gmt":"2011-10-03T07:44:26","guid":{"rendered":"http:\/\/imamkoy.com\/?page_id=464"},"modified":"2026-02-26T19:59:12","modified_gmt":"2026-02-26T18:59:12","slug":"koyumuzun-daglari-ve-merasi","status":"publish","type":"page","link":"http:\/\/imamkoy.com\/index.php\/koyumuzun-daglari-ve-merasi\/","title":{"rendered":"\u0130mamk\u00f6y&#8217;\u00fcn Da\u011flar\u0131 ve Meras\u0131"},"content":{"rendered":"<p><img loading=\"lazy\" decoding=\"async\" title=\"APDC0096\" src=\"http:\/\/imamkoy.com\/wp-content\/uploads\/2011\/09\/APDC0096-1024x401.jpg\" alt=\"\" width=\"584\" height=\"228\" \/><\/p>\n<p style=\"text-align: justify;\"><span style=\"font-size: small;\"><span style=\"color: #000000;\"><strong>K\u00f6y\u00fcm\u00fcz\u00fcn da\u011flar\u0131 kuzey bat\u0131da k\u00f6yl\u00fc taraf\u0131ndan seke olarak bilinen da\u011f bulunmaktad\u0131r. Seke sarp bir da\u011f gibi g\u00f6z\u00fckse de \u00fcst\u00fc tamamen d\u00fcz ve \u00fczeri\u00a0 zeytin a\u011fa\u00e7lar\u0131 ile kapl\u0131d\u0131r.<\/strong><\/span><\/span><\/p>\n<p><strong><span style=\"font-size: small;\"><span style=\"color: #000000;\">Sekenin farkl\u0131 boyuttan g\u00f6r\u00fcn\u00fcm\u00fc<\/span><\/span><\/strong><\/p>\n<p><span style=\"font-size: small;\"><span style=\"color: #000000;\"><a href=\"http:\/\/imamkoy.com\/wp-content\/uploads\/2011\/10\/APDC0963.jpg\"><img loading=\"lazy\" decoding=\"async\" class=\"aligncenter size-large wp-image-1184\" title=\"APDC0963\" src=\"http:\/\/imamkoy.com\/wp-content\/uploads\/2011\/10\/APDC0963-1024x451.jpg\" alt=\"\" width=\"584\" height=\"257\" srcset=\"http:\/\/imamkoy.com\/wp-content\/uploads\/2011\/10\/APDC0963-1024x451.jpg 1024w, http:\/\/imamkoy.com\/wp-content\/uploads\/2011\/10\/APDC0963-300x132.jpg 300w, http:\/\/imamkoy.com\/wp-content\/uploads\/2011\/10\/APDC0963-500x220.jpg 500w\" sizes=\"auto, (max-width: 584px) 100vw, 584px\" \/><\/a><\/span><\/span><\/p>\n<p><span style=\"color: #000000;\"><strong><span style=\"font-size: small;\">Seke&#8217;nin \u00c7ayy\u00fcz\u00fc mahallesinden g\u00f6r\u00fcn\u00fcm\u00fc<\/span><\/strong><\/span><\/p>\n<p><span style=\"font-size: small;\"><span style=\"color: #000000;\"><a href=\"http:\/\/imamkoy.com\/wp-content\/uploads\/2011\/10\/APDC04891.jpg\"><img loading=\"lazy\" decoding=\"async\" class=\"aligncenter size-large wp-image-516\" title=\"APDC0489\" src=\"http:\/\/imamkoy.com\/wp-content\/uploads\/2011\/10\/APDC04891-1024x664.jpg\" alt=\"\" width=\"584\" height=\"378\" srcset=\"http:\/\/imamkoy.com\/wp-content\/uploads\/2011\/10\/APDC04891-1024x664.jpg 1024w, http:\/\/imamkoy.com\/wp-content\/uploads\/2011\/10\/APDC04891-300x194.jpg 300w, http:\/\/imamkoy.com\/wp-content\/uploads\/2011\/10\/APDC04891-462x300.jpg 462w\" sizes=\"auto, (max-width: 584px) 100vw, 584px\" \/><\/a><\/span><\/span><\/p>\n<p><span style=\"font-size: small;\"><span style=\"color: #000000;\"><img loading=\"lazy\" decoding=\"async\" title=\"APDC0627\" src=\"http:\/\/imamkoy.com\/wp-content\/uploads\/2011\/09\/APDC0627-1024x510.jpg\" alt=\"\" width=\"584\" height=\"290\" \/><\/span><\/span><\/p>\n<p><strong><span style=\"font-size: small;\"><span style=\"color: #000000;\">\u0130MAMK\u00d6Y DA\u011eLARINDAN SAHIS \u0130SM\u0130YLE ANILAN\u00a0 KAD\u0130RO\u011eLU DA\u011eI<\/span><\/span><\/strong><\/p>\n<p style=\"text-align: justify;\"><span style=\"font-size: small;\"><span style=\"color: #000000;\"><strong>Kuzey do\u011fuda bulunan Kadir o\u011flunun da\u011f\u0131, seke kadar \u00e7ok y\u00fcksek de\u011fildir \u00fcst\u00fc d\u00fczl\u00fckt\u00fcr. A\u011fa\u00e7 bulunmamaktad\u0131r. Bu da\u011fa biti\u015fik olan \u00dcmmet Y\u00f6r\u00fck&#8217;\u00fcn da\u011f\u0131 bulunmaktad\u0131r<\/strong>.<\/span><\/span><\/p>\n<p><a href=\"http:\/\/imamkoy.com\/wp-content\/uploads\/2011\/10\/DSCF30821.jpg\"><img loading=\"lazy\" decoding=\"async\" class=\"aligncenter  wp-image-476\" title=\"DSCF3082\" src=\"http:\/\/imamkoy.com\/wp-content\/uploads\/2011\/10\/DSCF30821-1024x509.jpg\" alt=\"\" width=\"642\" height=\"319\" srcset=\"http:\/\/imamkoy.com\/wp-content\/uploads\/2011\/10\/DSCF30821-1024x509.jpg 1024w, http:\/\/imamkoy.com\/wp-content\/uploads\/2011\/10\/DSCF30821-300x149.jpg 300w, http:\/\/imamkoy.com\/wp-content\/uploads\/2011\/10\/DSCF30821-500x248.jpg 500w\" sizes=\"auto, (max-width: 642px) 100vw, 642px\" \/><\/a><\/p>\n<p><strong><span style=\"color: black;\">K\u00f6y\u00fcm\u00fcz\u00fcn Da\u011flar\u0131ndan birisi<\/span><\/strong><\/p>\n<p><b><span style=\"color: black;\">Genelde bu tepelere \u00e7\u0131kmak\u00a0 zor gibi g\u00f6z\u00fckse de \u00fczerleri d\u00fczl\u00fck ve a\u011fa\u00e7l\u0131k verimli arazilerdir.<\/span><\/b><\/p>\n<p><b><span style=\"color: black;\">Mera olarak kuru dere kullan\u0131l\u0131r. 1989 y\u0131l\u0131nda yang\u0131n ge\u00e7irmi\u015ftir. \u00c7ok \u00e7am a\u011fac\u0131 yanm\u0131\u015ft\u0131r. 2020 y\u0131l\u0131nda \u0131l\u0131ca mevkiinde \u00e7\u0131kan yang\u0131ndan \u00e7ok zeytin a\u011fac\u0131 ve ormanl\u0131k alan yok olmu\u015ftur. Kuru dere yine yanm\u0131\u015ft\u0131r.<\/span><\/b><\/p>\n<p><strong>\u00a0<\/strong><strong><span style=\"font-family: 'Arial Black',sans-serif; color: black;\">\u00a0<\/span><\/strong><strong>\u00a0<span style=\"font-family: Arial Black; color: #000000; font-size: small;\">\u00a0<\/span><span style=\"font-family: Arial Black; color: #000000; font-size: small;\"><a href=\"http:\/\/imamkoy.com\/wp-content\/uploads\/2011\/10\/APDC08442.jpg\"><img loading=\"lazy\" decoding=\"async\" class=\"aligncenter size-large wp-image-833\" title=\"APDC0844\" src=\"http:\/\/imamkoy.com\/wp-content\/uploads\/2011\/10\/APDC08442-1024x758.jpg\" alt=\"\" width=\"584\" height=\"432\" srcset=\"http:\/\/imamkoy.com\/wp-content\/uploads\/2011\/10\/APDC08442-1024x758.jpg 1024w, http:\/\/imamkoy.com\/wp-content\/uploads\/2011\/10\/APDC08442-300x222.jpg 300w, http:\/\/imamkoy.com\/wp-content\/uploads\/2011\/10\/APDC08442-404x300.jpg 404w\" sizes=\"auto, (max-width: 584px) 100vw, 584px\" \/><\/a><\/span><\/strong><\/p>\n<p><span style=\"font-family: Arial Black; color: #000000; font-size: small;\">Kuru Dere Giri\u015fi<\/span><\/p>\n<p><span style=\"font-family: Arial Black; color: #000000; font-size: small;\"><a href=\"http:\/\/imamkoy.com\/wp-content\/uploads\/2011\/10\/PICT1479.jpg\"><img loading=\"lazy\" decoding=\"async\" class=\"aligncenter size-large wp-image-482\" title=\"PICT1479\" src=\"http:\/\/imamkoy.com\/wp-content\/uploads\/2011\/10\/PICT1479-1024x442.jpg\" alt=\"\" width=\"584\" height=\"252\" srcset=\"http:\/\/imamkoy.com\/wp-content\/uploads\/2011\/10\/PICT1479-1024x442.jpg 1024w, http:\/\/imamkoy.com\/wp-content\/uploads\/2011\/10\/PICT1479-300x129.jpg 300w, http:\/\/imamkoy.com\/wp-content\/uploads\/2011\/10\/PICT1479-500x216.jpg 500w\" sizes=\"auto, (max-width: 584px) 100vw, 584px\" \/><\/a><\/span><strong>Da\u011flar\u0131m\u0131z Il\u0131ca Yolu<\/strong><\/p>\n<p><a href=\"http:\/\/imamkoy.com\/wp-content\/uploads\/2011\/10\/APDC0357.jpg\"><img loading=\"lazy\" decoding=\"async\" class=\"aligncenter size-large wp-image-518\" title=\"APDC0357\" src=\"http:\/\/imamkoy.com\/wp-content\/uploads\/2011\/10\/APDC0357-1024x684.jpg\" alt=\"\" width=\"584\" height=\"390\" srcset=\"http:\/\/imamkoy.com\/wp-content\/uploads\/2011\/10\/APDC0357-1024x684.jpg 1024w, http:\/\/imamkoy.com\/wp-content\/uploads\/2011\/10\/APDC0357-300x200.jpg 300w, http:\/\/imamkoy.com\/wp-content\/uploads\/2011\/10\/APDC0357-448x300.jpg 448w\" sizes=\"auto, (max-width: 584px) 100vw, 584px\" \/><\/a><\/p>\n<p><strong>\u00a0Durmu\u015f Karabulut ve \u00dcmmet Y\u00f6r\u00fck Da\u011f\u0131<\/strong><\/p>\n<p><a href=\"http:\/\/imamkoy.com\/wp-content\/uploads\/2011\/10\/APDC0966.jpg\"><img loading=\"lazy\" decoding=\"async\" class=\"aligncenter size-large wp-image-1283\" title=\"APDC0966\" src=\"http:\/\/imamkoy.com\/wp-content\/uploads\/2011\/10\/APDC0966-1024x630.jpg\" alt=\"\" width=\"584\" height=\"359\" srcset=\"http:\/\/imamkoy.com\/wp-content\/uploads\/2011\/10\/APDC0966-1024x630.jpg 1024w, http:\/\/imamkoy.com\/wp-content\/uploads\/2011\/10\/APDC0966-300x184.jpg 300w, http:\/\/imamkoy.com\/wp-content\/uploads\/2011\/10\/APDC0966-487x300.jpg 487w\" sizes=\"auto, (max-width: 584px) 100vw, 584px\" \/><\/a><\/p>\n<p><strong>\u00a0SEKE : <span style=\"color: #800000;\">Seke yamac\u0131nda olan bazen de sekeye \u00e7\u0131kmak i\u00e7in kullan\u0131lan \u0130smet tarla daha \u00f6nce Ayd\u0131n&#8217;dan Bakkal Kamil&#8217;in imi\u015f, Ka\u015f\u0131kara akasya kahvenin, \u015fimdi sahibi Mustafa ATAY&#8217;d\u0131r.<\/span><\/strong><\/p>\n<p><a href=\"http:\/\/imamkoy.com\/wp-content\/uploads\/2011\/10\/APDC10991.jpg\"><img loading=\"lazy\" decoding=\"async\" class=\"aligncenter size-large wp-image-1463\" title=\"APDC1099\" src=\"http:\/\/imamkoy.com\/wp-content\/uploads\/2011\/10\/APDC10991-1024x602.jpg\" alt=\"\" width=\"584\" height=\"343\" srcset=\"http:\/\/imamkoy.com\/wp-content\/uploads\/2011\/10\/APDC10991-1024x602.jpg 1024w, http:\/\/imamkoy.com\/wp-content\/uploads\/2011\/10\/APDC10991-300x176.jpg 300w, http:\/\/imamkoy.com\/wp-content\/uploads\/2011\/10\/APDC10991-500x294.jpg 500w\" sizes=\"auto, (max-width: 584px) 100vw, 584px\" \/><\/a><\/p>\n<p><strong><span style=\"color: #000000;\">Il\u0131ca\u00a0 yolu da\u011flardan g\u00f6r\u00fcn\u00fcm<\/span><\/strong><\/p>\n","protected":false},"excerpt":{"rendered":"<p>K\u00f6y\u00fcm\u00fcz\u00fcn da\u011flar\u0131 kuzey bat\u0131da k\u00f6yl\u00fc taraf\u0131ndan seke olarak bilinen da\u011f bulunmaktad\u0131r. Seke sarp bir da\u011f gibi g\u00f6z\u00fckse de \u00fcst\u00fc tamamen d\u00fcz ve \u00fczeri\u00a0 zeytin a\u011fa\u00e7lar\u0131 ile kapl\u0131d\u0131r. Sekenin farkl\u0131 boyuttan g\u00f6r\u00fcn\u00fcm\u00fc Seke&#8217;nin \u00c7ayy\u00fcz\u00fc mahallesinden g\u00f6r\u00fcn\u00fcm\u00fc \u0130MAMK\u00d6Y DA\u011eLARINDAN SAHIS \u0130SM\u0130YLE ANILAN\u00a0 KAD\u0130RO\u011eLU DA\u011eI Kuzey do\u011fuda bulunan Kadir o\u011flunun da\u011f\u0131, seke kadar \u00e7ok y\u00fcksek de\u011fildir \u00fcst\u00fc d\u00fczl\u00fckt\u00fcr. &hellip; <a href=\"http:\/\/imamkoy.com\/index.php\/koyumuzun-daglari-ve-merasi\/\" class=\"more-link\">Okumaya devam et <span class=\"screen-reader-text\">\u0130mamk\u00f6y&#8217;\u00fcn Da\u011flar\u0131 ve Meras\u0131<\/span><\/a><\/p>\n","protected":false},"author":1,"featured_media":0,"parent":0,"menu_order":0,"comment_status":"open","ping_status":"open","template":"","meta":{"footnotes":""},"class_list":["post-464","page","type-page","status-publish","hentry"],"_links":{"self":[{"href":"http:\/\/imamkoy.com\/index.php\/wp-json\/wp\/v2\/pages\/464","targetHints":{"allow":["GET"]}}],"collection":[{"href":"http:\/\/imamkoy.com\/index.php\/wp-json\/wp\/v2\/pages"}],"about":[{"href":"http:\/\/imamkoy.com\/index.php\/wp-json\/wp\/v2\/types\/page"}],"author":[{"embeddable":true,"href":"http:\/\/imamkoy.com\/index.php\/wp-json\/wp\/v2\/users\/1"}],"replies":[{"embeddable":true,"href":"http:\/\/imamkoy.com\/index.php\/wp-json\/wp\/v2\/comments?post=464"}],"version-history":[{"count":55,"href":"http:\/\/imamkoy.com\/index.php\/wp-json\/wp\/v2\/pages\/464\/revisions"}],"predecessor-version":[{"id":10025,"href":"http:\/\/imamkoy.com\/index.php\/wp-json\/wp\/v2\/pages\/464\/revisions\/10025"}],"wp:attachment":[{"href":"http:\/\/imamkoy.com\/index.php\/wp-json\/wp\/v2\/media?parent=464"}],"curies":[{"name":"wp","href":"https:\/\/api.w.org\/{rel}","templated":true}]}}