{"id":5664,"date":"2020-10-15T14:46:09","date_gmt":"2020-10-15T13:46:09","guid":{"rendered":"http:\/\/imamkoy.com\/?page_id=5664"},"modified":"2026-04-04T18:04:01","modified_gmt":"2026-04-04T17:04:01","slug":"dogal-evde-zeytinyagli-sabun-yapilisi","status":"publish","type":"page","link":"http:\/\/imamkoy.com\/index.php\/dogal-evde-zeytinyagli-sabun-yapilisi\/","title":{"rendered":"\u0130mamk\u00f6y Evde Do\u011fal  Zeytinya\u011fl\u0131 Sabun Yap\u0131l\u0131\u015f\u0131 Hz: Nermin KARABULUT"},"content":{"rendered":"<p><a href=\"http:\/\/imamkoy.com\/wp-content\/uploads\/2020\/10\/20191103_174401-4.jpg\"><img loading=\"lazy\" decoding=\"async\" class=\"aligncenter size-full wp-image-5696\" src=\"http:\/\/imamkoy.com\/wp-content\/uploads\/2020\/10\/20191103_174401-4.jpg\" alt=\"\" width=\"1374\" height=\"777\" srcset=\"http:\/\/imamkoy.com\/wp-content\/uploads\/2020\/10\/20191103_174401-4.jpg 1374w, http:\/\/imamkoy.com\/wp-content\/uploads\/2020\/10\/20191103_174401-4-300x170.jpg 300w, http:\/\/imamkoy.com\/wp-content\/uploads\/2020\/10\/20191103_174401-4-1024x579.jpg 1024w, http:\/\/imamkoy.com\/wp-content\/uploads\/2020\/10\/20191103_174401-4-768x434.jpg 768w\" sizes=\"auto, (max-width: 1374px) 100vw, 1374px\" \/><\/a><\/p>\n<p><strong>Sabun yap\u0131m\u0131 i\u00e7in iyi yemeklerde kulland\u0131\u011f\u0131m\u0131z yeni yap\u0131lm\u0131\u015f zeytinya\u011f\u0131n\u0131 kullanmay\u0131z. \u00c7\u00fcnk\u00fc iyi zeytin ya\u011f\u0131 \u00e7ok pahal\u0131, sabun i\u00e7in \u00f6nceki y\u0131llardan kullanmak i\u00e7in stoklad\u0131\u011f\u0131m\u0131z yenisi yap\u0131l\u0131nca kullanmad\u0131\u011f\u0131m\u0131z biraz incelen eskimi\u015f zeytinya\u011flar\u0131, yemeklerde ho\u015f olmayan zeytinya\u011flar\u0131 ayr\u0131ca&nbsp;&nbsp;bidonlar\u0131n\u0131n ve \u015fi\u015felerinin diplerinde az kalan zeytinya\u011flar\u0131 kullan\u0131l\u0131r. Zaman olarak serin olan aylarda yap\u0131l\u0131r Sonbahar, \u0130lkbahar, K\u0131\u015f mevsiminde yap\u0131l\u0131r s\u0131cakta sabun hamurumuz donmaz s\u0131v\u0131 kal\u0131r.<\/strong><\/p>\n<p><strong><span style=\"color: #ff0000;\">Zeytin Ya\u011f\u0131 Sabunu Yapmak \u0130\u00e7in Malzemeler:<\/span><\/strong><\/p>\n<p><strong>B\u00fcy\u00fck bir bidon veya kazan (teneke) d\u00f6kmek i\u00e7in ayarlanan yer kostik , zeytin ya\u011f\u0131 odun b\u00fcy\u00fck bir ma\u015frafa v.b<\/strong><\/p>\n<p><a href=\"http:\/\/imamkoy.com\/wp-content\/uploads\/2020\/10\/20191101_154530-1-scaled.jpg\"><img loading=\"lazy\" decoding=\"async\" class=\"wp-image-5706 alignleft\" src=\"http:\/\/imamkoy.com\/wp-content\/uploads\/2020\/10\/20191101_154530-1-scaled.jpg\" alt=\"\" width=\"186\" height=\"330\" srcset=\"http:\/\/imamkoy.com\/wp-content\/uploads\/2020\/10\/20191101_154530-1-scaled.jpg 1440w, http:\/\/imamkoy.com\/wp-content\/uploads\/2020\/10\/20191101_154530-1-169x300.jpg 169w, http:\/\/imamkoy.com\/wp-content\/uploads\/2020\/10\/20191101_154530-1-576x1024.jpg 576w, http:\/\/imamkoy.com\/wp-content\/uploads\/2020\/10\/20191101_154530-1-768x1365.jpg 768w, http:\/\/imamkoy.com\/wp-content\/uploads\/2020\/10\/20191101_154530-1-864x1536.jpg 864w, http:\/\/imamkoy.com\/wp-content\/uploads\/2020\/10\/20191101_154530-1-1152x2048.jpg 1152w\" sizes=\"auto, (max-width: 186px) 100vw, 186px\" \/><\/a><\/p>\n<p><strong>Do\u011fal zeytinya\u011fl\u0131 k\u00f6y Sabun genelde k\u00f6y evlerinde &nbsp;ve arazili topraklarda yap\u0131ld\u0131\u011f\u0131 i\u00e7in odun ate\u015fi kullan\u0131l\u0131r. Kazana eldeki ya\u011fa g\u00f6re su konur odun ate\u015fi ile kazan\u0131n alt\u0131 ate\u015flenir. Sonra su \u0131s\u0131n\u0131nca veya kaynamaya yak\u0131n zeytin ya\u011f\u0131 ilave edilir. Az ate\u015fte kaynat\u0131l\u0131r. belirli k\u0131vama gelince ba\u015fka bir yerde eritti\u011fimiz kostik az az ilave edilir, yava\u015f yava\u015f pi\u015firilir. Kostik kat\u0131ld\u0131ktan sonra bu kesmik kesmik olur sabuna d\u00f6n\u00fc\u015f\u00fcr. Kesilme i\u015fleri ya\u011f asit kostik baz oldu\u011fundan dolay\u0131 olur.<\/strong><\/p>\n<p><a href=\"http:\/\/imamkoy.com\/wp-content\/uploads\/2020\/10\/20191101_161633.jpg\"><strong>D\u00fcz bir zeminde sabun hamurunun d\u00f6k\u00fcld\u00fc\u011f\u00fc yer<\/strong><img loading=\"lazy\" decoding=\"async\" class=\"wp-image-5709 alignright\" src=\"http:\/\/imamkoy.com\/wp-content\/uploads\/2020\/10\/20191101_161633.jpg\" alt=\"\" width=\"412\" height=\"314\" srcset=\"http:\/\/imamkoy.com\/wp-content\/uploads\/2020\/10\/20191101_161633.jpg 1413w, http:\/\/imamkoy.com\/wp-content\/uploads\/2020\/10\/20191101_161633-300x229.jpg 300w, http:\/\/imamkoy.com\/wp-content\/uploads\/2020\/10\/20191101_161633-1024x781.jpg 1024w, http:\/\/imamkoy.com\/wp-content\/uploads\/2020\/10\/20191101_161633-768x585.jpg 768w\" sizes=\"auto, (max-width: 412px) 100vw, 412px\" \/><\/a><\/p>\n<p><strong>Kazanda kalan su sodal\u0131 sudur ev temizli\u011finde kullan\u0131l\u0131r.<\/strong><\/p>\n\n\n<p><\/p>\n\n\n\n<p><\/p>\n\n\n<p><strong><span style=\"color: #ff0000;\">AYAK YA\u011eI (Ayakta S\u0131k\u0131lan) Zeytinya\u011f\u0131<\/span><\/strong><\/p>\n<p><strong>Akrabam Mehmet I\u015eIK&#8217;tan (Rahmetli)\u00a0 Zeytin ya\u011f\u0131 yapmak i\u00e7in, ay\u0131nga\u00e7 (Zakku\u00f6 a\u011fac\u0131) &#8216;tan kenarlar\u0131 \u00e7it ile \u00f6r\u00fclerek bir havuz olu\u015fturulur.\u00a0 Bu \u00f6r\u00fclen \u00e7it i\u00e7erisine \u00e7uvallara doldurdu\u011fumuz zeytinler d\u00f6k\u00fclerek, \u00fcst\u00fc kapat\u0131l\u0131r. Birka\u00e7 hafta sonra kabuklar\u0131 incelen zeytinler\u00a0 ya\u011f s\u0131kmak i\u00e7in yap\u0131lan teknelerde ayakta s\u0131k\u0131l\u0131rm\u0131\u015f, kat\u0131ks\u0131z do\u011fal zeytin ya\u011f\u0131 evde edilirmi\u015f, kalan posal\u0131 ya\u011f da sabun olurmu\u015f.\u00a0 Bu posal\u0131 ya\u011f i\u00e7ine kostik kat\u0131larak kazanda kaynat\u0131l\u0131rm\u0131\u015f. Sabunlar kesik oluncaya kadar bekletilir i\u00e7ine defne yapra\u011f\u0131, iti\u015fah yapra\u011f\u0131 at\u0131larak kokulu sabun yap\u0131l\u0131rm\u0131\u015f, teknelere d\u00f6k\u00fcl\u00fcr sonra b\u0131\u00e7akla kal\u0131p kal\u0131p kesilerek kolilere yerle\u015ftirilir veya selelere konurmu\u015f, evde kullan\u0131l\u0131r,\u00a0 fazlas\u0131\u00a0 da sat\u0131l\u0131r gelir evde edilirmi\u015f,<\/strong><\/p>\n<p><a href=\"http:\/\/imamkoy.com\/wp-content\/uploads\/2024\/10\/1-ayak-yagi.jpg\"><img loading=\"lazy\" decoding=\"async\" class=\"size-full wp-image-9607 alignleft\" src=\"http:\/\/imamkoy.com\/wp-content\/uploads\/2024\/10\/1-ayak-yagi.jpg\" alt=\"\" width=\"480\" height=\"420\" srcset=\"http:\/\/imamkoy.com\/wp-content\/uploads\/2024\/10\/1-ayak-yagi.jpg 480w, http:\/\/imamkoy.com\/wp-content\/uploads\/2024\/10\/1-ayak-yagi-300x263.jpg 300w\" sizes=\"auto, (max-width: 480px) 100vw, 480px\" \/><\/a><\/p>\n<\/p>\n<p><strong><span style=\"color: #ff0000;\">Ayakla S\u0131k\u0131lan Zeytinya\u011f\u0131 2<\/span><\/strong><\/p>\n\n\n<h2 class=\"wp-block-heading\"><\/h2>\n\n\n\n<p><\/p>\n\n\n<p>Ayd\u0131n ve y\u00f6resinde s\u0131k\u0131lan Ayak Ya\u011f\u0131 Ayd\u0131n ve y\u00f6resinde zeytinler\u00a0 \u00f6zel tekneyle b\u00f6yle\u00a0 s\u0131k\u0131l\u0131r. Pekmez yapaca\u011f\u0131m\u0131z \u00fcz\u00fcmler de bu \u015fekilde s\u0131k\u0131l\u0131r. Bu ya\u011f\u0131n \u00e7ok \u00f6zel bir kokusu olur tazecik, Kesik, Kara\u00e7otlu peynir ya\u011flamas\u0131 yap\u0131l\u0131r. Hatta incir de bu taze ya\u011fa banarak yenir. Deneyebilirsiniz.<\/p>\n\n\n<p><\/p>\n","protected":false},"excerpt":{"rendered":"<p>Sabun yap\u0131m\u0131 i\u00e7in iyi yemeklerde kulland\u0131\u011f\u0131m\u0131z yeni yap\u0131lm\u0131\u015f zeytinya\u011f\u0131n\u0131 kullanmay\u0131z. \u00c7\u00fcnk\u00fc iyi zeytin ya\u011f\u0131 \u00e7ok pahal\u0131, sabun i\u00e7in \u00f6nceki y\u0131llardan kullanmak i\u00e7in stoklad\u0131\u011f\u0131m\u0131z yenisi yap\u0131l\u0131nca kullanmad\u0131\u011f\u0131m\u0131z biraz incelen eskimi\u015f zeytinya\u011flar\u0131, yemeklerde ho\u015f olmayan zeytinya\u011flar\u0131 ayr\u0131ca&nbsp;&nbsp;bidonlar\u0131n\u0131n ve \u015fi\u015felerinin diplerinde az kalan zeytinya\u011flar\u0131 kullan\u0131l\u0131r. Zaman olarak serin olan aylarda yap\u0131l\u0131r Sonbahar, \u0130lkbahar, K\u0131\u015f mevsiminde yap\u0131l\u0131r s\u0131cakta sabun &hellip; <a href=\"http:\/\/imamkoy.com\/index.php\/dogal-evde-zeytinyagli-sabun-yapilisi\/\" class=\"more-link\">Okumaya devam et <span class=\"screen-reader-text\">\u0130mamk\u00f6y Evde Do\u011fal  Zeytinya\u011fl\u0131 Sabun Yap\u0131l\u0131\u015f\u0131 Hz: Nermin KARABULUT<\/span><\/a><\/p>\n","protected":false},"author":1,"featured_media":0,"parent":0,"menu_order":0,"comment_status":"closed","ping_status":"closed","template":"","meta":{"footnotes":""},"class_list":["post-5664","page","type-page","status-publish","hentry"],"_links":{"self":[{"href":"http:\/\/imamkoy.com\/index.php\/wp-json\/wp\/v2\/pages\/5664","targetHints":{"allow":["GET"]}}],"collection":[{"href":"http:\/\/imamkoy.com\/index.php\/wp-json\/wp\/v2\/pages"}],"about":[{"href":"http:\/\/imamkoy.com\/index.php\/wp-json\/wp\/v2\/types\/page"}],"author":[{"embeddable":true,"href":"http:\/\/imamkoy.com\/index.php\/wp-json\/wp\/v2\/users\/1"}],"replies":[{"embeddable":true,"href":"http:\/\/imamkoy.com\/index.php\/wp-json\/wp\/v2\/comments?post=5664"}],"version-history":[{"count":28,"href":"http:\/\/imamkoy.com\/index.php\/wp-json\/wp\/v2\/pages\/5664\/revisions"}],"predecessor-version":[{"id":9956,"href":"http:\/\/imamkoy.com\/index.php\/wp-json\/wp\/v2\/pages\/5664\/revisions\/9956"}],"wp:attachment":[{"href":"http:\/\/imamkoy.com\/index.php\/wp-json\/wp\/v2\/media?parent=5664"}],"curies":[{"name":"wp","href":"https:\/\/api.w.org\/{rel}","templated":true}]}}