{"id":6991,"date":"2022-02-08T07:48:57","date_gmt":"2022-02-08T06:48:57","guid":{"rendered":"http:\/\/imamkoy.com\/?page_id=6991"},"modified":"2026-02-25T09:32:57","modified_gmt":"2026-02-25T08:32:57","slug":"cete-emir-ayse-farkli-dillerde","status":"publish","type":"page","link":"http:\/\/imamkoy.com\/index.php\/cete-emir-ayse-farkli-dillerde\/","title":{"rendered":"\u00c7ETE EM\u0130R AY\u015eE (Farkl\u0131 Dillerde \u0130ng. Alm. Fr.)"},"content":{"rendered":"<p><a href=\"http:\/\/imamkoy.com\/wp-content\/uploads\/2011\/08\/timthumb.jpg\"><img loading=\"lazy\" decoding=\"async\" class=\"aligncenter size-full wp-image-4052\" src=\"http:\/\/imamkoy.com\/wp-content\/uploads\/2011\/08\/timthumb.jpg\" alt=\"\" width=\"332\" height=\"250\" srcset=\"http:\/\/imamkoy.com\/wp-content\/uploads\/2011\/08\/timthumb.jpg 332w, http:\/\/imamkoy.com\/wp-content\/uploads\/2011\/08\/timthumb-300x226.jpg 300w\" sizes=\"auto, (max-width: 332px) 100vw, 332px\" \/><\/a><\/p>\n<p><strong><span style=\"color: #ff0000;\">\u00c7ETE EM\u0130R AY\u015eE EFE (\u0130ng)\u00a0<\/span><\/strong><\/p>\n<p><span style=\"color: #ff0000;\"><strong><span class=\"Y2IQFc\" lang=\"en\">Who is life Story ?<\/span><\/strong><\/span><\/p>\n<p><strong>Efe Ay\u015fe was born in Ayd\u0131n Merkez \u0130mamk\u00f6y in 1894. He comes from the clan of gangs. He spent his childhood and youth in \u0130mamk\u00f6y. His father&#8217;s name is Mustafa. In 1910, she married a person named Mustafa, registered to the population of Kayac\u0131k Village, and they had two daughters from this marriage.<\/strong><\/p>\n<p><strong>His wife, Mustafa, was drafted into the \u00c7anakkale Front in 1915 and was martyred on this front. Efe Ay\u015fe moved back to \u0130mamk\u00f6y after her husband was martyred. Those who know the gang Emir Ay\u015fe from our village are telling. She is said to be a tall blond beautiful woman. He hangs his rifle on his back and goes wherever he goes. It is said that he is a brave and brave person.<\/strong><\/p>\n<p><strong>After the Greeks captured \u0130mamk\u00f6y during the Ayd\u0131n\u0131 occupation in 1919, he took up arms and joined the Sancaktar Ali Efe group in Umurlu. Together with \u00c7iftlikli K\u00fcbra and Ay\u015fe \u00c7avu\u015f in the same group, he first fought the enemy on the hills of Kepez, then took part in the Ayd\u0131n Front. He returned to his village after the enemy was driven out of Ayd\u0131n for the first time. N. Karabulut<\/strong><\/p>\n<p><strong>She says, &#8220;I have two memories from those days. One is the war I fought with my womanhood, and the other is the Medal of Independence that the late Atat\u00fcrk wore on my chest.&#8221;<\/strong><\/p>\n<p><strong>For the first time in Anatolia, a woman was given the title of efe by the heroic gang Emir Ayseyi, who took part in the national struggle. The gang Emir Ay\u015fe valiant is a female efe who is famous for her reckless patriotism.<\/strong><\/p>\n<p><a href=\"http:\/\/imamkoy.com\/wp-content\/uploads\/2019\/10\/FB_IMG_1567863875168-1.jpg\"><img loading=\"lazy\" decoding=\"async\" class=\"aligncenter size-full wp-image-5092\" src=\"http:\/\/imamkoy.com\/wp-content\/uploads\/2019\/10\/FB_IMG_1567863875168-1.jpg\" alt=\"\" width=\"609\" height=\"351\" srcset=\"http:\/\/imamkoy.com\/wp-content\/uploads\/2019\/10\/FB_IMG_1567863875168-1.jpg 609w, http:\/\/imamkoy.com\/wp-content\/uploads\/2019\/10\/FB_IMG_1567863875168-1-300x173.jpg 300w\" sizes=\"auto, (max-width: 609px) 100vw, 609px\" \/><\/a><\/p>\n<p><strong><span style=\"color: #ff0000;\">\u00c7ETE EM\u0130R AY\u015eE EFE (Almanca)<\/span><\/strong><\/p>\n<p><strong>Efe Ay\u015fe wurde 1894 in Ayd\u0131n Merkez \u0130mamk\u00f6y geboren. Er kommt aus dem Clan der Gangs. Er verbrachte seine Kindheit und Jugend in \u0130mamk\u00f6y. Sein Vater hei\u00dft Mustafa. 1910 heiratete sie eine Person namens Mustafa, die in der<\/strong><\/p>\n<p><strong>Bev\u00f6lkerung des Dorfes Kayac\u0131k registriert war, und sie hatten zwei T\u00f6chter aus dieser Ehe.<\/strong><\/p>\n<p><strong>Seine Frau Mustafa wurde 1915 in die \u00c7anakkale-Front eingezogen und erlitt an dieser Front den M\u00e4rtyrertod. Efe Ay\u015fe zog nach dem Martyrium ihres Mannes zur\u00fcck nach \u0130mamk\u00f6y. Diejenigen, die die Bande Emir Ay\u015fe aus unserem Dorf kennen, erz\u00e4hlen. Sie soll eine gro\u00dfe, blonde, sch\u00f6ne Frau sein. Es wird gesagt, dass er ein mutiger und mutiger Mensch ist, der sein Gewehr auf den R\u00fccken h\u00e4ngt und geht, wohin er geht.Nachdem die Griechen \u0130mamk\u00f6y w\u00e4hrend der Ayd\u0131n\u0131-Besatzung 1919 erobert hatten, griff er zu den Waffen und schloss sich der Sancaktar Ali Efe-Gruppe in Umurlu an. Zusammen mit \u00c7iftlikli K\u00fcbra und Ay\u015fe \u00c7avu\u015f in derselben Gruppe k\u00e4mpfte er zuerst gegen den Feind auf den H\u00fcgeln von Kepez und nahm dann an der Ayd\u0131n-Front teil. Er kehrte in sein Dorf zur\u00fcck, nachdem der Feind zum ersten Mal aus Ayd\u0131n vertrieben worden war. N. Karabulut<\/strong><\/p>\n<p><a href=\"http:\/\/imamkoy.com\/wp-content\/uploads\/2020\/06\/Efe-Kopya-2.jpg\"><img loading=\"lazy\" decoding=\"async\" class=\"aligncenter size-full wp-image-5617\" src=\"http:\/\/imamkoy.com\/wp-content\/uploads\/2020\/06\/Efe-Kopya-2.jpg\" alt=\"\" width=\"454\" height=\"468\" srcset=\"http:\/\/imamkoy.com\/wp-content\/uploads\/2020\/06\/Efe-Kopya-2.jpg 454w, http:\/\/imamkoy.com\/wp-content\/uploads\/2020\/06\/Efe-Kopya-2-291x300.jpg 291w\" sizes=\"auto, (max-width: 454px) 100vw, 454px\" \/><\/a><\/p>\n<p><strong><span style=\"color: #ff0000;\">\u00c7ETE EM\u0130R AY\u015eE EFE (Frans\u0131zca)<\/span><\/strong><\/p>\n<pre id=\"tw-target-text\" class=\"tw-data-text tw-text-large tw-ta\" dir=\"ltr\" data-placeholder=\"\u00c7eviri\"><strong>Efe Ay\u015fe est n\u00e9 \u00e0 Ayd\u0131n Merkez \u0130mamk\u00f6y en 1894. Il vient du clan des gangs. Il a pass\u00e9 son enfance et sa jeunesse \u00e0 \u0130mamk\u00f6y. Le nom de son p\u00e8re est Mustafa. En 1910, elle \u00e9pousa une personne nomm\u00e9e Mustafa, inscrite \u00e0 la population du village de Kayac\u0131k, et ils eurent deux filles de ce mariage.<\/strong><\/pre>\n<p><strong>Sa femme, Mustafa, a \u00e9t\u00e9 enr\u00f4l\u00e9e dans le front de \u00c7anakkale en 1915 et a \u00e9t\u00e9 martyris\u00e9e sur ce front. Efe Ay\u015fe est retourn\u00e9e \u00e0 \u0130mamk\u00f6y apr\u00e8s le martyre de son mari. Ceux qui connaissent le gang Emir Ay\u015fe de notre village le disent. On dit qu&#8217;elle est une grande belle femme blonde. On dit que c&#8217;est une personne courageuse et courageuse qui accroche son fusil sur son dos et va o\u00f9 il va.<\/strong><\/p>\n<p><strong>Apr\u00e8s que les Grecs aient captur\u00e9 \u0130mamk\u00f6y pendant l&#8217;occupation d&#8217;Ayd\u0131n\u0131 en 1919, il prit les armes et rejoignit le groupe Sancaktar Ali Efe \u00e0 Umurlu. Avec \u00c7iftlikli K\u00fcbra et Ay\u015fe \u00c7avu\u015f dans le m\u00eame groupe, il a d&#8217;abord combattu l&#8217;ennemi sur les collines de Kepez, puis a particip\u00e9 au front d&#8217;Ayd\u0131n. Il est retourn\u00e9 dans son village apr\u00e8s que l&#8217;ennemi ait \u00e9t\u00e9 chass\u00e9 d&#8217;Ayd\u0131n pour la premi\u00e8re fois.<\/strong><\/p>\n<p><strong>Elle dit: &#8220;J&#8217;ai deux souvenirs de ces jours. L&#8217;un est la guerre que j&#8217;ai men\u00e9e avec ma f\u00e9minit\u00e9, et l&#8217;autre est la m\u00e9daille de l&#8217;ind\u00e9pendance que feu Atat\u00fcrk portait sur ma poitrine.&#8221; N. Karabulut<\/strong><\/p>\n<p><a href=\"http:\/\/imamkoy.com\/wp-content\/uploads\/2011\/08\/APDC31761.jpg\"><img loading=\"lazy\" decoding=\"async\" class=\"aligncenter size-full wp-image-3768\" src=\"http:\/\/imamkoy.com\/wp-content\/uploads\/2011\/08\/APDC31761.jpg\" alt=\"\" width=\"650\" height=\"427\" srcset=\"http:\/\/imamkoy.com\/wp-content\/uploads\/2011\/08\/APDC31761.jpg 650w, http:\/\/imamkoy.com\/wp-content\/uploads\/2011\/08\/APDC31761-300x197.jpg 300w, http:\/\/imamkoy.com\/wp-content\/uploads\/2011\/08\/APDC31761-456x300.jpg 456w\" sizes=\"auto, (max-width: 650px) 100vw, 650px\" \/><\/a><\/p>\n<p><a href=\"http:\/\/imamkoy.com\/wp-content\/uploads\/2011\/10\/APDC0885.jpg\"><span class=\"Y2IQFc\">EFE AY\u015eE (1894-1967)(t\u0101 l\u00e1iz\u00ec y\u012b m\u01ce m\u00f9) Efe Ay\u015fe y\u00fa 1894 ni\u00e1n ch\u016bsh\u0113ng z\u00e0i Ayd\u0131n Merkez \u0130mamk\u00f6y. T\u0101 l\u00e1iz\u00ec b\u0101ngp\u00e0i. T\u0101 z\u00e0i y\u012b m\u01ce m\u01d4 k\u0113 y\u012b d\u00f9gu\u00f2le t\u0101 de t\u00f3ngni\u00e1n h\u00e9 q\u012bngni\u00e1n sh\u00edd\u00e0i. T\u0101 f\u00f9q\u012bn de m\u00edngz\u00ec sh\u00ec m\u00f9 s\u012b t\u01ce f\u01ce. 1910 Ni\u00e1n, t\u0101 ji\u00e0 g\u011bile y\u012bg\u00e8 m\u00edng ji\u00e0o m\u00f9 s\u012b t\u01ce f\u01ce de r\u00e9n, g\u0101i r\u00e9n d\u0113ngj\u00ec z\u00e0i k\u01ce y\u00e0 c\u00ed k\u00e8 c\u016bn de r\u00e9nk\u01d2u zh\u014dng, t\u0101men c\u00f3ng zh\u00e8 du\u00e0n h\u016bny\u012bn zh\u014dng sh\u0113ngle li\u01ceng g\u00e8 n\u01da&#8217;\u00e9r. T\u0101 de q\u012bzi m\u00f9 s\u012b t\u01ce f\u01ce y\u00fa 1915 ni\u00e1n z\u00e0i qi\u00e0 n\u00e0 k\u01ce l\u00e1i qi\u00e1nxi\u00e0n b\u00e8i zh\u0113ngzh\u00e0o r\u00f9w\u01d4, b\u00ecng z\u00e0i g\u0101i qi\u00e1nxi\u00e0n x\u00f9nd\u00e0o. Efe Ay\u015fe z\u00e0i t\u0101 de zh\u00e0ngf\u016b x\u00f9nd\u00e0o h\u00f2u b\u0101n hu\u00edle \u0130mamk\u00f6y. N\u00e0xi\u0113 r\u00e8nsh\u00ed w\u01d2men c\u016bnl\u01d0 de \u0101i m\u01d0&#8217;\u011br\u00b7\u00e0i s\u00e8 (Emir Ay\u015fe) b\u0101ngp\u00e0i de r\u00e9n d\u014du z\u00e0i shu\u014d. J\u00f9shu\u014d t\u0101 sh\u00ec y\u012bg\u00e8 g\u0101od\u00e0 de j\u012bnf\u01ce m\u011bin\u01da. J\u00f9shu\u014d, t\u0101 sh\u00ec y\u012bg\u00e8 y\u01d2ngg\u01cen \u00e9r y\u01d2ngg\u01cen de r\u00e9n, b\u01ce b\u00f9qi\u0101ng gu\u00e0 z\u00e0i b\u00e8i sh\u00e0ng, z\u01d2u d\u00e0o n\u01cel\u01d0 ji\u00f9 z\u01d2u d\u00e0o n\u01cel\u01d0. 1919 Ni\u00e1n, x\u012bl\u00e0 r\u00e9n z\u00e0i Ayd\u0131n\u0131 zh\u00e0nl\u01d0ng q\u00edji\u0101n zh\u00e0nl\u01d0ngle \u0130mamk\u00f6y, t\u0101 n\u00e1 q\u01d0 w\u01d4q\u00ec ji\u0101r\u00f9le Umurlu de Sancaktar Ali Efe z\u01d4zh\u012b. T\u0101 y\u01d4 \u00c7iftlikli K\u00fcbra h\u00e9 Ay\u015fe \u00c7avu\u015f t\u00f3ng z\u01d4, sh\u01d2uxi\u0101n z\u00e0i Kepez sh\u0101nsh\u00e0ng y\u01d4 d\u00edr\u00e9n zu\u00f2zh\u00e0n, r\u00e1nh\u00f2u c\u0101nji\u0101le Ayd\u0131n Front. Z\u00e0i d\u00edr\u00e9n d\u00ec y\u012b c\u00ec b\u00e8i g\u01cen ch\u016b \u00e0i d\u0113ng zh\u012bh\u00f2u, t\u0101 hu\u00ed d\u00e0ole z\u00ecj\u01d0 de c\u016bnzhu\u0101ng.<\/span><img loading=\"lazy\" decoding=\"async\" class=\"aligncenter size-full wp-image-1001\" src=\"http:\/\/imamkoy.com\/wp-content\/uploads\/2011\/10\/APDC0885.jpg\" alt=\"\" width=\"1901\" height=\"1426\" \/><\/a><\/p>\n\n\n<p>MEZAR ing :(Grave) Almanca (Grab) Frans\u0131zca (Tombe)<\/p>\n\n\n\n<pre id=\"tw-target-text\" class=\"wp-block-preformatted\"><\/pre>\n\n\n\n<pre id=\"tw-target-text\" class=\"wp-block-preformatted\"><\/pre>\n\n\n\n<pre id=\"tw-target-text\" class=\"wp-block-preformatted\"><\/pre>\n\n\n\n<p><\/p>\n","protected":false},"excerpt":{"rendered":"<p>\u00c7ETE EM\u0130R AY\u015eE EFE (\u0130ng)\u00a0 Who is life Story ? Efe Ay\u015fe was born in Ayd\u0131n Merkez \u0130mamk\u00f6y in 1894. He comes from the clan of gangs. He spent his childhood and youth in \u0130mamk\u00f6y. His father&#8217;s name is Mustafa. In 1910, she married a person named Mustafa, registered to the population of Kayac\u0131k Village, &hellip; <a href=\"http:\/\/imamkoy.com\/index.php\/cete-emir-ayse-farkli-dillerde\/\" class=\"more-link\">Okumaya devam et <span class=\"screen-reader-text\">\u00c7ETE EM\u0130R AY\u015eE (Farkl\u0131 Dillerde \u0130ng. Alm. Fr.)<\/span><\/a><\/p>\n","protected":false},"author":1,"featured_media":0,"parent":0,"menu_order":0,"comment_status":"closed","ping_status":"closed","template":"","meta":{"footnotes":""},"class_list":["post-6991","page","type-page","status-publish","hentry"],"_links":{"self":[{"href":"http:\/\/imamkoy.com\/index.php\/wp-json\/wp\/v2\/pages\/6991","targetHints":{"allow":["GET"]}}],"collection":[{"href":"http:\/\/imamkoy.com\/index.php\/wp-json\/wp\/v2\/pages"}],"about":[{"href":"http:\/\/imamkoy.com\/index.php\/wp-json\/wp\/v2\/types\/page"}],"author":[{"embeddable":true,"href":"http:\/\/imamkoy.com\/index.php\/wp-json\/wp\/v2\/users\/1"}],"replies":[{"embeddable":true,"href":"http:\/\/imamkoy.com\/index.php\/wp-json\/wp\/v2\/comments?post=6991"}],"version-history":[{"count":20,"href":"http:\/\/imamkoy.com\/index.php\/wp-json\/wp\/v2\/pages\/6991\/revisions"}],"predecessor-version":[{"id":8410,"href":"http:\/\/imamkoy.com\/index.php\/wp-json\/wp\/v2\/pages\/6991\/revisions\/8410"}],"wp:attachment":[{"href":"http:\/\/imamkoy.com\/index.php\/wp-json\/wp\/v2\/media?parent=6991"}],"curies":[{"name":"wp","href":"https:\/\/api.w.org\/{rel}","templated":true}]}}