{"id":7128,"date":"2022-04-01T07:51:16","date_gmt":"2022-04-01T06:51:16","guid":{"rendered":"http:\/\/imamkoy.com\/?page_id=7128"},"modified":"2026-02-25T09:26:57","modified_gmt":"2026-02-25T08:26:57","slug":"aydin-imamkoyde-acilan-kurslar","status":"publish","type":"page","link":"http:\/\/imamkoy.com\/index.php\/aydin-imamkoyde-acilan-kurslar\/","title":{"rendered":"Ayd\u0131n \u0130mamk\u00f6y&#8217;de A\u00e7\u0131lan eski diki\u015f nak\u0131\u015f   Kurslar\u0131"},"content":{"rendered":"<p><a href=\"http:\/\/imamkoy.com\/wp-content\/uploads\/2022\/04\/kocagur.jpg\"><img loading=\"lazy\" decoding=\"async\" class=\"alignnone  wp-image-7158\" src=\"http:\/\/imamkoy.com\/wp-content\/uploads\/2022\/04\/kocagur-300x171.jpg\" alt=\"\" width=\"588\" height=\"335\" srcset=\"http:\/\/imamkoy.com\/wp-content\/uploads\/2022\/04\/kocagur-300x171.jpg 300w, http:\/\/imamkoy.com\/wp-content\/uploads\/2022\/04\/kocagur.jpg 600w\" sizes=\"auto, (max-width: 588px) 100vw, 588px\" \/><\/a><\/p>\n\n\n<p>\u0130mamk\u00f6y&#8217;de diki\u015f nak\u0131\u015f kursu 1969-1970 y\u0131llar\u0131nda Kocag\u00fcr ve 1970-1971 e\u011fitim \u00f6\u011fretim y\u0131l\u0131nda \u0130mamk\u00f6y&#8217;de a\u00e7\u0131ld\u0131. Belirli aral\u0131klarla tekrarlanarak birka\u00e7 defa daha a\u00e7\u0131ld\u0131. Kurslarda k\u00f6ydeki bayanlar\u0131m\u0131z ve gen\u00e7 k\u0131zlar\u0131m\u0131z diki\u015f nak\u0131\u015f \u00f6\u011frenerek kendi ihtiya\u00e7lar\u0131n\u0131, kar\u015f\u0131lad\u0131lar. \u00c7eyizlerini yapt\u0131lar yatak \u00f6rt\u00fcleri mutfak tak\u0131mlar\u0131 gibi, terzili\u011fi profesyonelce yap\u0131p, para kazanarak maddi olarak aile b\u00fct\u00e7esine katk\u0131 sa\u011flayanlar bile olmu\u015ftur. Bu ki\u015filer Semiha \u0130\u00e7\u00f6zl\u00fc ve Neval K\u0131z\u0131l&#8217;d\u0131r. Di\u011fer kursiyerler evleninceye kadar yapm\u0131\u015flard\u0131r. Sonra yapt\u0131lar m\u0131? bilmiyorum. Sergi a\u00e7\u0131l\u0131\u015f\u0131na protokolden, 1970 y\u0131l\u0131 Ayd\u0131n valisi Turgut E\u011filmez, \u00d6\u011fretmen Seviye M\u0131zrak, Enstit\u00fc M\u00fcd\u00fcr\u00fc Mualla Aky\u00fcz, Milli E\u011fitim M\u00fcd\u00fcr\u00fc Ali Demiralp sergi a\u00e7\u0131l\u0131\u015f\u0131na kat\u0131lm\u0131\u015ft\u0131r.&nbsp;<\/p>\n\n\n<p><a href=\"http:\/\/imamkoy.com\/wp-content\/uploads\/2022\/04\/kurs.jpg\"><img loading=\"lazy\" decoding=\"async\" class=\"alignnone  wp-image-7161\" src=\"http:\/\/imamkoy.com\/wp-content\/uploads\/2022\/04\/kurs-300x149.jpg\" alt=\"\" width=\"480\" height=\"238\" srcset=\"http:\/\/imamkoy.com\/wp-content\/uploads\/2022\/04\/kurs-300x149.jpg 300w, http:\/\/imamkoy.com\/wp-content\/uploads\/2022\/04\/kurs.jpg 594w\" sizes=\"auto, (max-width: 480px) 100vw, 480px\" \/><\/a><\/p>\n\n\n<p>\u0130mamk\u00f6y Diki\u015f Nak\u0131\u015f Kursu<\/p>\n\n\n\n<p>Kursun mekan olarak a\u00e7\u0131ld\u0131\u011f\u0131 yerler : Kocag\u00fcr K\u00f6y\u00fc, bakkal Necati&#8217;nin d\u00fckkan\u0131n\u0131n yan\u0131ndaki halay ev  Cami ile k\u00f6y odas\u0131n\u0131n aras\u0131ndaki yer (iki odal\u0131)yerle e\u011fitimlerini s\u00fcrd\u00fcrm\u00fc\u015flerdir.<\/p>\n\n\n\n<figure class=\"wp-block-image is-resized is-style-default\"><a href=\"http:\/\/imamkoy.com\/wp-content\/uploads\/2022\/10\/281133856_4559806097454376_3820633108760231875_n.jpg\"><img loading=\"lazy\" decoding=\"async\" src=\"http:\/\/imamkoy.com\/wp-content\/uploads\/2022\/10\/281133856_4559806097454376_3820633108760231875_n-300x196.jpg\" alt=\"\" class=\"wp-image-7498\" width=\"672\" height=\"439\" srcset=\"http:\/\/imamkoy.com\/wp-content\/uploads\/2022\/10\/281133856_4559806097454376_3820633108760231875_n-300x196.jpg 300w, http:\/\/imamkoy.com\/wp-content\/uploads\/2022\/10\/281133856_4559806097454376_3820633108760231875_n-768x501.jpg 768w, http:\/\/imamkoy.com\/wp-content\/uploads\/2022\/10\/281133856_4559806097454376_3820633108760231875_n.jpg 828w\" sizes=\"auto, (max-width: 672px) 100vw, 672px\" \/><\/a><\/figure>\n\n\n<p><a href=\"http:\/\/imamkoy.com\/wp-content\/uploads\/2024\/01\/kurs3.jpg\"><img loading=\"lazy\" decoding=\"async\" class=\"aligncenter  wp-image-9140\" src=\"http:\/\/imamkoy.com\/wp-content\/uploads\/2024\/01\/kurs3.jpg\" alt=\"\" width=\"413\" height=\"413\" srcset=\"http:\/\/imamkoy.com\/wp-content\/uploads\/2024\/01\/kurs3.jpg 206w, http:\/\/imamkoy.com\/wp-content\/uploads\/2024\/01\/kurs3-150x150.jpg 150w\" sizes=\"auto, (max-width: 413px) 100vw, 413px\" \/><\/a><\/p>\n\n<p><a href=\"http:\/\/imamkoy.com\/wp-content\/uploads\/2024\/01\/kurs4.jpg\"><img loading=\"lazy\" decoding=\"async\" class=\"aligncenter  wp-image-9143\" src=\"http:\/\/imamkoy.com\/wp-content\/uploads\/2024\/01\/kurs4.jpg\" alt=\"\" width=\"420\" height=\"420\" srcset=\"http:\/\/imamkoy.com\/wp-content\/uploads\/2024\/01\/kurs4.jpg 206w, http:\/\/imamkoy.com\/wp-content\/uploads\/2024\/01\/kurs4-150x150.jpg 150w\" sizes=\"auto, (max-width: 420px) 100vw, 420px\" \/><\/a><\/p>","protected":false},"excerpt":{"rendered":"<p>\u0130mamk\u00f6y&#8217;de diki\u015f nak\u0131\u015f kursu 1969-1970 y\u0131llar\u0131nda Kocag\u00fcr ve 1970-1971 e\u011fitim \u00f6\u011fretim y\u0131l\u0131nda \u0130mamk\u00f6y&#8217;de a\u00e7\u0131ld\u0131. Belirli aral\u0131klarla tekrarlanarak birka\u00e7 defa daha a\u00e7\u0131ld\u0131. Kurslarda k\u00f6ydeki bayanlar\u0131m\u0131z ve gen\u00e7 k\u0131zlar\u0131m\u0131z diki\u015f nak\u0131\u015f \u00f6\u011frenerek kendi ihtiya\u00e7lar\u0131n\u0131, kar\u015f\u0131lad\u0131lar. \u00c7eyizlerini yapt\u0131lar yatak \u00f6rt\u00fcleri mutfak tak\u0131mlar\u0131 gibi, terzili\u011fi profesyonelce yap\u0131p, para kazanarak maddi olarak aile b\u00fct\u00e7esine katk\u0131 sa\u011flayanlar bile olmu\u015ftur. Bu ki\u015filer &hellip; <a href=\"http:\/\/imamkoy.com\/index.php\/aydin-imamkoyde-acilan-kurslar\/\" class=\"more-link\">Okumaya devam et <span class=\"screen-reader-text\">Ayd\u0131n \u0130mamk\u00f6y&#8217;de A\u00e7\u0131lan eski diki\u015f nak\u0131\u015f   Kurslar\u0131<\/span><\/a><\/p>\n","protected":false},"author":1,"featured_media":0,"parent":0,"menu_order":0,"comment_status":"closed","ping_status":"closed","template":"","meta":{"footnotes":""},"class_list":["post-7128","page","type-page","status-publish","hentry"],"_links":{"self":[{"href":"http:\/\/imamkoy.com\/index.php\/wp-json\/wp\/v2\/pages\/7128","targetHints":{"allow":["GET"]}}],"collection":[{"href":"http:\/\/imamkoy.com\/index.php\/wp-json\/wp\/v2\/pages"}],"about":[{"href":"http:\/\/imamkoy.com\/index.php\/wp-json\/wp\/v2\/types\/page"}],"author":[{"embeddable":true,"href":"http:\/\/imamkoy.com\/index.php\/wp-json\/wp\/v2\/users\/1"}],"replies":[{"embeddable":true,"href":"http:\/\/imamkoy.com\/index.php\/wp-json\/wp\/v2\/comments?post=7128"}],"version-history":[{"count":14,"href":"http:\/\/imamkoy.com\/index.php\/wp-json\/wp\/v2\/pages\/7128\/revisions"}],"predecessor-version":[{"id":10017,"href":"http:\/\/imamkoy.com\/index.php\/wp-json\/wp\/v2\/pages\/7128\/revisions\/10017"}],"wp:attachment":[{"href":"http:\/\/imamkoy.com\/index.php\/wp-json\/wp\/v2\/media?parent=7128"}],"curies":[{"name":"wp","href":"https:\/\/api.w.org\/{rel}","templated":true}]}}