{"id":900,"date":"2011-10-31T07:27:41","date_gmt":"2011-10-31T07:27:41","guid":{"rendered":"http:\/\/imamkoy.com\/?page_id=900"},"modified":"2026-02-25T16:49:47","modified_gmt":"2026-02-25T15:49:47","slug":"imamkoy-golcuk-mahallesi-ve-komsu-koylerimiz","status":"publish","type":"page","link":"http:\/\/imamkoy.com\/index.php\/imamkoy-golcuk-mahallesi-ve-komsu-koylerimiz\/","title":{"rendered":"\u0130mamk\u00f6y G\u00f6lc\u00fck Mahallesi ve Kom\u015eu K\u00f6ylerimiz (P\u0131nardere, Kocag\u00fcr, Kumkahve, Y\u0131lmazk\u00f6y)"},"content":{"rendered":"<p style=\"text-align: justify;\">\u00a0<a href=\"http:\/\/imamkoy.com\/wp-content\/uploads\/2011\/10\/SUNP00141.jpg\"><img loading=\"lazy\" decoding=\"async\" class=\"aligncenter size-large wp-image-922\" title=\"SUNP0014\" src=\"http:\/\/imamkoy.com\/wp-content\/uploads\/2011\/10\/SUNP00141-1024x627.jpg\" alt=\"\" width=\"584\" height=\"357\" srcset=\"http:\/\/imamkoy.com\/wp-content\/uploads\/2011\/10\/SUNP00141-1024x627.jpg 1024w, http:\/\/imamkoy.com\/wp-content\/uploads\/2011\/10\/SUNP00141-300x183.jpg 300w, http:\/\/imamkoy.com\/wp-content\/uploads\/2011\/10\/SUNP00141-489x300.jpg 489w\" sizes=\"auto, (max-width: 584px) 100vw, 584px\" \/><\/a><\/p>\n<p style=\"text-align: justify;\"><strong><span style=\"color: #ff0000;\">\u0130mamk\u00f6y G\u00f6lc\u00fck<\/span> <span style=\"color: #ff0000;\">Mahallesi<\/span> 1970 y\u0131llar\u0131nda da\u011f eteklerinde yer alan G\u00f6lc\u00fck k\u00f6y\u00fcn\u00fcn heyelan sonucu kaymas\u0131yla olu\u015fturulmu\u015ftur. Devlet taraf\u0131ndan \u0130mamk\u00f6y s\u0131n\u0131rlar\u0131 i\u00e7inde bulunan b\u00fcy\u00fck incir bah\u00e7esi bu k\u00f6ye yeni yerle\u015fim yeri olarak verilmi\u015ftir. Ayr\u0131ca konutlar\u0131 hasar g\u00f6ren k\u00f6yl\u00fclere devlet taraf\u0131ndan iki oda bir salon olarak\u00a0 bah\u00e7eli k\u00fc\u00e7\u00fck evler yapt\u0131r\u0131lm\u0131\u015ft\u0131r. Daha sonralar\u0131 ise k\u00f6yl\u00fcler taraf\u0131ndan yap\u0131lan yeni binalarla bir\u00e7ok k\u00f6yden daha b\u00fcy\u00fck bir yerle\u015fim yeri haline gelmi\u015ftir. Hen\u00fcz muhtarl\u0131k olamayan \u0130mamk\u00f6y&#8217;\u00fcn G\u00f6lc\u00fck Mahallesi y\u00f6netimde azalar yoluyla temsil edilmektedir.<\/strong> <a href=\"http:\/\/imamkoy.com\/wp-content\/uploads\/2011\/10\/PICT1440.jpg\"><img loading=\"lazy\" decoding=\"async\" class=\"aligncenter size-large wp-image-916\" title=\"PICT1440\" src=\"http:\/\/imamkoy.com\/wp-content\/uploads\/2011\/10\/PICT1440-1024x650.jpg\" alt=\"\" width=\"584\" height=\"370\" srcset=\"http:\/\/imamkoy.com\/wp-content\/uploads\/2011\/10\/PICT1440-1024x650.jpg 1024w, http:\/\/imamkoy.com\/wp-content\/uploads\/2011\/10\/PICT1440-300x190.jpg 300w, http:\/\/imamkoy.com\/wp-content\/uploads\/2011\/10\/PICT1440-472x300.jpg 472w\" sizes=\"auto, (max-width: 584px) 100vw, 584px\" \/><\/a><\/p>\n<p><strong>G\u00f6lc\u00fck Mahallesinin d\u00fczenli planl\u0131 sokaklar\u0131ndan bir kesit<\/strong><\/p>\n<p><a href=\"http:\/\/imamkoy.com\/wp-content\/uploads\/2011\/10\/SUNP00211.jpg\"><img loading=\"lazy\" decoding=\"async\" class=\"aligncenter size-large wp-image-927\" title=\"SUNP0021\" src=\"http:\/\/imamkoy.com\/wp-content\/uploads\/2011\/10\/SUNP00211-1024x704.jpg\" alt=\"\" width=\"584\" height=\"401\" srcset=\"http:\/\/imamkoy.com\/wp-content\/uploads\/2011\/10\/SUNP00211-1024x704.jpg 1024w, http:\/\/imamkoy.com\/wp-content\/uploads\/2011\/10\/SUNP00211-300x206.jpg 300w, http:\/\/imamkoy.com\/wp-content\/uploads\/2011\/10\/SUNP00211-436x300.jpg 436w\" sizes=\"auto, (max-width: 584px) 100vw, 584px\" \/><\/a><\/p>\n<p><strong>G\u00f6lc\u00fck Mahallesinde \u0130lk\u00f6\u011fretim okulu vard\u0131r. Fakat \u00f6\u011frenci okutulmamaktad\u0131r. Ta\u015f\u0131mal\u0131 y\u00f6ntemle \u00f6\u011frenciler \u0130mamk\u00f6y veya Ayd\u0131nda \u00f6\u011frenciler e\u011fitim g\u00f6rmektedirler.<\/strong><\/p>\n<p><strong>Camisi vard\u0131r. \u0130mam mevcuttur.<\/strong><\/p>\n<p><strong>Evlerde \u015febeke suyu mevcuttur. Ayr\u0131ca sokak \u00e7e\u015fmelerinden pa\u015fa yaylas\u0131ndan gelen iyi su akmaktad\u0131r.<\/strong><\/p>\n<p><a href=\"http:\/\/imamkoy.com\/wp-content\/uploads\/2011\/10\/PICT1619.jpg\"><img loading=\"lazy\" decoding=\"async\" class=\"aligncenter size-large wp-image-1087\" title=\"PICT1619\" src=\"http:\/\/imamkoy.com\/wp-content\/uploads\/2011\/10\/PICT1619-1024x564.jpg\" alt=\"\" width=\"584\" height=\"321\" srcset=\"http:\/\/imamkoy.com\/wp-content\/uploads\/2011\/10\/PICT1619-1024x564.jpg 1024w, http:\/\/imamkoy.com\/wp-content\/uploads\/2011\/10\/PICT1619-300x165.jpg 300w, http:\/\/imamkoy.com\/wp-content\/uploads\/2011\/10\/PICT1619-500x275.jpg 500w\" sizes=\"auto, (max-width: 584px) 100vw, 584px\" \/><\/a><\/p>\n<p><span style=\"color: #000000;\"><strong>G\u00f6lc\u00fck yukar? mahalle<\/strong><\/span><\/p>\n<p><span style=\"color: #ff0000;\"><strong>KOCAG\u00dcR K\u00d6Y\u00dc<\/strong><\/span><\/p>\n<p><span style=\"color: #000000;\"><strong><a href=\"http:\/\/imamkoy.com\/wp-content\/uploads\/2011\/10\/APDC0400.jpg\"><img loading=\"lazy\" decoding=\"async\" class=\"aligncenter size-large wp-image-1137\" title=\"APDC0400\" src=\"http:\/\/imamkoy.com\/wp-content\/uploads\/2011\/10\/APDC0400-1024x674.jpg\" alt=\"\" width=\"584\" height=\"384\" srcset=\"http:\/\/imamkoy.com\/wp-content\/uploads\/2011\/10\/APDC0400-1024x674.jpg 1024w, http:\/\/imamkoy.com\/wp-content\/uploads\/2011\/10\/APDC0400-300x197.jpg 300w, http:\/\/imamkoy.com\/wp-content\/uploads\/2011\/10\/APDC0400-455x300.jpg 455w\" sizes=\"auto, (max-width: 584px) 100vw, 584px\" \/><\/a><\/strong><\/span><\/p>\n<p style=\"text-align: justify;\"><strong>K\u00f6y\u00fcn ad\u0131\u00a0 \u00e7ok eskiden, bu k\u00f6y \u00e7ok b\u00fcy\u00fck bir g\u00fcrl\u00fck ormanm\u0131\u015f, k\u00f6y\u00fcn ad\u0131 bu \u015fekilde buraya gelen yerel halk taraf\u0131nda kocag\u00fcr olarak koyulup bu g\u00fcne kadar da kocag\u00fcr olarak gelmi\u015ftir. <\/strong><\/p>\n<p style=\"text-align: justify;\"><strong>Muhtarl\u0131kla y\u00f6netilir. 2004 y\u0131l\u0131nda muhtar olarak Necdet Alt\u0131nta\u015f se\u00e7ilmi\u015ftir. N\u00fcf\u00fcs\u00fc 2000 y\u0131l\u0131nda 1139&#8242; dur. Yolu asfaltt\u0131r. \u015febeke suyu vard\u0131r. elektrik vard\u0131r. Sa\u011fl\u0131k evi vard\u0131r.\u00a0\u00a0K\u00f6yde (sekiz) s\u0131n\u0131fa kadar ilk\u00f6\u011fretim devam eder. <\/strong><\/p>\n<p style=\"text-align: justify;\"><a href=\"http:\/\/imamkoy.com\/wp-content\/uploads\/2011\/10\/APDC08913.jpg\"><img loading=\"lazy\" decoding=\"async\" class=\"aligncenter size-large wp-image-1275\" title=\"APDC0891\" src=\"http:\/\/imamkoy.com\/wp-content\/uploads\/2011\/10\/APDC08913-1024x617.jpg\" alt=\"\" width=\"584\" height=\"351\" srcset=\"http:\/\/imamkoy.com\/wp-content\/uploads\/2011\/10\/APDC08913-1024x617.jpg 1024w, http:\/\/imamkoy.com\/wp-content\/uploads\/2011\/10\/APDC08913-300x180.jpg 300w, http:\/\/imamkoy.com\/wp-content\/uploads\/2011\/10\/APDC08913-497x300.jpg 497w\" sizes=\"auto, (max-width: 584px) 100vw, 584px\" \/><\/a><\/p>\n<p><a href=\"http:\/\/imamkoy.com\/wp-content\/uploads\/2011\/10\/APDC0892.jpg\"><img loading=\"lazy\" decoding=\"async\" class=\"aligncenter size-large wp-image-1142\" title=\"APDC0892\" src=\"http:\/\/imamkoy.com\/wp-content\/uploads\/2011\/10\/APDC0892-1024x569.jpg\" alt=\"\" width=\"584\" height=\"324\" srcset=\"http:\/\/imamkoy.com\/wp-content\/uploads\/2011\/10\/APDC0892-1024x569.jpg 1024w, http:\/\/imamkoy.com\/wp-content\/uploads\/2011\/10\/APDC0892-300x166.jpg 300w, http:\/\/imamkoy.com\/wp-content\/uploads\/2011\/10\/APDC0892-500x277.jpg 500w\" sizes=\"auto, (max-width: 584px) 100vw, 584px\" \/><\/a><\/p>\n<p><strong>Kocag\u00fcr ?lkokulu<\/strong><\/p>\n<p><a href=\"http:\/\/imamkoy.com\/wp-content\/uploads\/2011\/10\/APDC0895.jpg\"><img loading=\"lazy\" decoding=\"async\" class=\"aligncenter size-large wp-image-1277\" title=\"APDC0895\" src=\"http:\/\/imamkoy.com\/wp-content\/uploads\/2011\/10\/APDC0895-1024x644.jpg\" alt=\"\" width=\"584\" height=\"367\" srcset=\"http:\/\/imamkoy.com\/wp-content\/uploads\/2011\/10\/APDC0895-1024x644.jpg 1024w, http:\/\/imamkoy.com\/wp-content\/uploads\/2011\/10\/APDC0895-300x188.jpg 300w, http:\/\/imamkoy.com\/wp-content\/uploads\/2011\/10\/APDC0895-476x300.jpg 476w\" sizes=\"auto, (max-width: 584px) 100vw, 584px\" \/><\/a><\/p>\n<p><strong><span style=\"color: #993300;\">KOCAG\u00dcR K\u00d6Y\u00dc DS? KANALI ve KANAL YOLU<\/span><\/strong><\/p>\n<p><strong><span style=\"color: #993300;\"><a href=\"http:\/\/imamkoy.com\/wp-content\/uploads\/2011\/10\/APDC0471.jpg\"><img loading=\"lazy\" decoding=\"async\" class=\"aligncenter size-large wp-image-1677\" title=\"APDC0471\" src=\"http:\/\/imamkoy.com\/wp-content\/uploads\/2011\/10\/APDC0471-1024x658.jpg\" alt=\"\" width=\"584\" height=\"375\" srcset=\"http:\/\/imamkoy.com\/wp-content\/uploads\/2011\/10\/APDC0471-1024x658.jpg 1024w, http:\/\/imamkoy.com\/wp-content\/uploads\/2011\/10\/APDC0471-300x193.jpg 300w, http:\/\/imamkoy.com\/wp-content\/uploads\/2011\/10\/APDC0471-466x300.jpg 466w\" sizes=\"auto, (max-width: 584px) 100vw, 584px\" \/><\/a><\/span><\/strong><\/p>\n<p><span style=\"color: #ff0000;\"><strong>PINARD<strong><span style=\"color: #ff0000;\">ERE<\/span><\/strong><a title=\"APDC2173\" href=\"http:\/\/imamkoy.com\/wp-content\/uploads\/2011\/10\/APDC2173.jpg\"><img loading=\"lazy\" decoding=\"async\" title=\"APDC2173\" src=\"http:\/\/imamkoy.com\/wp-content\/uploads\/2011\/10\/APDC2173.jpg\" alt=\"\" width=\"650\" height=\"408\" \/><\/a><\/strong><\/span><\/p>\n<p style=\"text-align: justify;\">\u00a0<span style=\"color: #ff0000;\"><strong>\u00a0<\/strong><\/span><b>K\u00f6y\u00fcn ilk yerle\u015fim yeri\u00a0 p\u0131nar\u0131n ba\u015f\u0131 olmu\u015ftur. Kurulu\u015f yeri dere i\u00e7indedir. Bundan dolay\u0131 P\u0131nar dere ismini alm\u0131\u015ft\u0131r. P\u0131nar dere \u015fu anda \u00fc\u00e7e ayr\u0131lm\u0131\u015f durumdad\u0131r. P\u0131\u0131nar\u0131n ba\u015f\u0131ndaki evler eski yap\u0131lard\u0131r, yeni evler azd\u0131r. Meneyi\u015f bo\u011faz\u0131 \u0130mamk\u00f6y&#8217;e \u00e7ok yak\u0131n olan P\u0131narderenin bu mahallesi, 0n veya \u00a0oniki evden olu\u015fmu\u015ftur.\u00a0\u00a0Baz\u0131 yerle\u015fim birimleri ana asfalt alt\u0131ndaki\u00a0\u00a0Koru kuyu ba\u015f\u0131\u00a0 mevkiinde kurulmu\u015ftur. P\u0131nardereli k\u00f6yl\u00fcler orada bulunan arazilerine daha d\u00fczenli ve planl\u0131 evler yaparak b\u00fcy\u00fck mahalleler yapm\u0131\u015flard\u0131r.\u00a0\u00a0P\u0131nardere, Meneyi\u015f Bo\u011faz\u0131 ve Koru kuyu mahallesi tek muhtarl\u0131kla y\u00f6netilir. E\u011fitim ta\u015f\u0131mal\u0131 e\u011fitimdir.<\/b><\/p>\n<p><a href=\"http:\/\/imamkoy.com\/wp-content\/uploads\/2011\/10\/Kumkahve11.jpg\"><img loading=\"lazy\" decoding=\"async\" class=\"alignnone size-full wp-image-1628\" title=\"Kumkahve1\" src=\"http:\/\/imamkoy.com\/wp-content\/uploads\/2011\/10\/Kumkahve11.jpg\" alt=\"\" width=\"611\" height=\"428\" srcset=\"http:\/\/imamkoy.com\/wp-content\/uploads\/2011\/10\/Kumkahve11.jpg 611w, http:\/\/imamkoy.com\/wp-content\/uploads\/2011\/10\/Kumkahve11-300x210.jpg 300w, http:\/\/imamkoy.com\/wp-content\/uploads\/2011\/10\/Kumkahve11-428x300.jpg 428w\" sizes=\"auto, (max-width: 611px) 100vw, 611px\" \/><\/a><\/p>\n<p><strong><span style=\"color: #ff0000;\">\u00a0YILMAZK\u00d6Y<\/span><\/strong><\/p>\n<p style=\"text-align: justify;\"><span style=\"color: #000000;\"><b style=\"color: #000000;\">\u0130mamk\u00f6y&#8217;\u00fcn kuzey bat\u0131s\u0131ndad\u0131r.\u00a0 \u015eimdiki ad\u0131 Y\u0131lmaz K\u00f6y\u00a0 yak\u0131n zamanda ve Cumhuriyet kurulmadan \u00f6nce <\/b><span style=\"color: #000000;\"><b>n\u00fcfus<\/b><\/span><b style=\"color: #000000;\"> yo\u011funlu\u011funun az olmas\u0131 ve hane say\u0131s\u0131n\u0131n azl\u0131\u011f\u0131nndan dolay\u0131 \u0130mamk\u00f6y&#8217;\u00fcn bir mahallesi olarak ge\u00e7iyormu\u015f yani k\u00f6y\u00fcm\u00fcze ba\u011fl\u0131ym\u0131\u015f, edindi\u011fim bilgilere g\u00f6re PTT postalar\u0131 \u00f6nemli evraklar\u0131 \u0130mamk\u00f6y&#8217;e geliyormu\u015f sonra da\u011f\u0131t\u0131l\u0131yormu\u015f, daha sonra n\u00fcfus art\u0131<\/b><\/span><span style=\"color: #000000;\"><strong>nca Y\u0131lmaz k\u00f6y ad\u0131nda kendi k\u00f6ylerine kurmu\u015flar. \u00d6\u011frendi\u011fim bilgiler bunlar<\/strong><\/span><\/p>\n","protected":false},"excerpt":{"rendered":"<p>\u00a0 \u0130mamk\u00f6y G\u00f6lc\u00fck Mahallesi 1970 y\u0131llar\u0131nda da\u011f eteklerinde yer alan G\u00f6lc\u00fck k\u00f6y\u00fcn\u00fcn heyelan sonucu kaymas\u0131yla olu\u015fturulmu\u015ftur. Devlet taraf\u0131ndan \u0130mamk\u00f6y s\u0131n\u0131rlar\u0131 i\u00e7inde bulunan b\u00fcy\u00fck incir bah\u00e7esi bu k\u00f6ye yeni yerle\u015fim yeri olarak verilmi\u015ftir. Ayr\u0131ca konutlar\u0131 hasar g\u00f6ren k\u00f6yl\u00fclere devlet taraf\u0131ndan iki oda bir salon olarak\u00a0 bah\u00e7eli k\u00fc\u00e7\u00fck evler yapt\u0131r\u0131lm\u0131\u015ft\u0131r. Daha sonralar\u0131 ise k\u00f6yl\u00fcler taraf\u0131ndan yap\u0131lan yeni &hellip; <a href=\"http:\/\/imamkoy.com\/index.php\/imamkoy-golcuk-mahallesi-ve-komsu-koylerimiz\/\" class=\"more-link\">Okumaya devam et <span class=\"screen-reader-text\">\u0130mamk\u00f6y G\u00f6lc\u00fck Mahallesi ve Kom\u015eu K\u00f6ylerimiz (P\u0131nardere, Kocag\u00fcr, Kumkahve, Y\u0131lmazk\u00f6y)<\/span><\/a><\/p>\n","protected":false},"author":1,"featured_media":0,"parent":0,"menu_order":0,"comment_status":"open","ping_status":"open","template":"","meta":{"footnotes":""},"class_list":["post-900","page","type-page","status-publish","hentry"],"_links":{"self":[{"href":"http:\/\/imamkoy.com\/index.php\/wp-json\/wp\/v2\/pages\/900","targetHints":{"allow":["GET"]}}],"collection":[{"href":"http:\/\/imamkoy.com\/index.php\/wp-json\/wp\/v2\/pages"}],"about":[{"href":"http:\/\/imamkoy.com\/index.php\/wp-json\/wp\/v2\/types\/page"}],"author":[{"embeddable":true,"href":"http:\/\/imamkoy.com\/index.php\/wp-json\/wp\/v2\/users\/1"}],"replies":[{"embeddable":true,"href":"http:\/\/imamkoy.com\/index.php\/wp-json\/wp\/v2\/comments?post=900"}],"version-history":[{"count":85,"href":"http:\/\/imamkoy.com\/index.php\/wp-json\/wp\/v2\/pages\/900\/revisions"}],"predecessor-version":[{"id":9128,"href":"http:\/\/imamkoy.com\/index.php\/wp-json\/wp\/v2\/pages\/900\/revisions\/9128"}],"wp:attachment":[{"href":"http:\/\/imamkoy.com\/index.php\/wp-json\/wp\/v2\/media?parent=900"}],"curies":[{"name":"wp","href":"https:\/\/api.w.org\/{rel}","templated":true}]}}