{"id":947,"date":"2011-10-31T09:01:22","date_gmt":"2011-10-31T09:01:22","guid":{"rendered":"http:\/\/imamkoy.com\/?page_id=947"},"modified":"2026-05-01T07:56:10","modified_gmt":"2026-05-01T06:56:10","slug":"egitim","status":"publish","type":"page","link":"http:\/\/imamkoy.com\/index.php\/egitim\/","title":{"rendered":"\u0130mamk\u00f6y \u0130lk\u00f6\u011fretim Okulu D\u00fcnden Bug\u00fcne (Tarihi ve Bug\u00fcn\u00fc)Kimler Yeti\u015fti Kimler Hz: N. Karabulut"},"content":{"rendered":"<p style=\"text-align: justify;\">\u00a0\u00a0\u00a0\u00a0\u00a0\u00a0\u00a0\u00a0\u00a0 <!-- x-tinymce\/html --><a href=\"http:\/\/imamkoy.com\/wp-content\/uploads\/2020\/09\/Atat\u00fcrk-ilkokul.jpg\"><img loading=\"lazy\" decoding=\"async\" class=\" wp-image-5683\" src=\"http:\/\/imamkoy.com\/wp-content\/uploads\/2020\/09\/Atat\u00fcrk-ilkokul.jpg\" alt=\"\" width=\"739\" height=\"441\" srcset=\"http:\/\/imamkoy.com\/wp-content\/uploads\/2020\/09\/Atat\u00fcrk-ilkokul.jpg 2561w, http:\/\/imamkoy.com\/wp-content\/uploads\/2020\/09\/Atat\u00fcrk-ilkokul-300x179.jpg 300w, http:\/\/imamkoy.com\/wp-content\/uploads\/2020\/09\/Atat\u00fcrk-ilkokul-1024x611.jpg 1024w, http:\/\/imamkoy.com\/wp-content\/uploads\/2020\/09\/Atat\u00fcrk-ilkokul-768x458.jpg 768w, http:\/\/imamkoy.com\/wp-content\/uploads\/2020\/09\/Atat\u00fcrk-ilkokul-1536x916.jpg 1536w, http:\/\/imamkoy.com\/wp-content\/uploads\/2020\/09\/Atat\u00fcrk-ilkokul-2048x1222.jpg 2048w\" sizes=\"auto, (max-width: 739px) 100vw, 739px\" \/><\/a><\/p>\n<p><!-- x-tinymce\/html --><a href=\"http:\/\/imamkoy.com\/wp-content\/uploads\/2011\/10\/24213648_dsc020331.jpg\"><img loading=\"lazy\" decoding=\"async\" class=\"aligncenter  wp-image-1365\" title=\"APDC0873\" src=\"http:\/\/imamkoy.com\/wp-content\/uploads\/2011\/10\/APDC08735-1024x172.jpg\" alt=\"\" width=\"674\" height=\"113\" srcset=\"http:\/\/imamkoy.com\/wp-content\/uploads\/2011\/10\/APDC08735-1024x172.jpg 1024w, http:\/\/imamkoy.com\/wp-content\/uploads\/2011\/10\/APDC08735-300x50.jpg 300w, http:\/\/imamkoy.com\/wp-content\/uploads\/2011\/10\/APDC08735-500x84.jpg 500w\" sizes=\"auto, (max-width: 674px) 100vw, 674px\" \/><\/a><\/p>\n<p style=\"text-align: justify;\"><span style=\"color: #ff0000;\"><strong>TAR\u0130H\u00c7E<\/strong><\/span><\/p>\n<p style=\"text-align: justify;\"><strong>\u0130mamk\u00f6y ilk\u00f6\u011fretim okulu, 1944 y\u0131l\u0131nda ba\u015flan\u0131p, iki s\u0131n\u0131f bir lojman olarak in\u015faat\u0131 tamamen k\u00f6yl\u00fcler taraf\u0131ndan imece usul\u00fc ile \u00a0yap\u0131larak 1946 y\u0131l\u0131nda e\u011fitim-\u00f6\u011fretime a\u00e7\u0131lm\u0131\u015ft\u0131r. Bu tarihten \u00f6nce ise e\u011fitim-\u00f6\u011fretim \u00e7a\u011f\u0131na gelen \u00e7ocuklar tren veya yaya olarak gittikleri Ayd\u0131n ve Umurlu&#8217;da e\u011fitim g\u00f6rm\u00fc\u015flerdir. Bu \u015fekilde e\u011fitim g\u00f6r\u00fcp doktor, \u00f6\u011fretmen ve subay olan pek \u00e7ok k\u00f6yl\u00fcm\u00fcz bulunmaktad\u0131r.<\/strong><\/p>\n<p><a href=\"http:\/\/imamkoy.com\/wp-content\/uploads\/2020\/01\/FB_IMG_1495389213014.jpg\"><img loading=\"lazy\" decoding=\"async\" class=\"aligncenter size-full wp-image-5503\" src=\"http:\/\/imamkoy.com\/wp-content\/uploads\/2020\/01\/FB_IMG_1495389213014.jpg\" alt=\"\" width=\"711\" height=\"392\" srcset=\"http:\/\/imamkoy.com\/wp-content\/uploads\/2020\/01\/FB_IMG_1495389213014.jpg 711w, http:\/\/imamkoy.com\/wp-content\/uploads\/2020\/01\/FB_IMG_1495389213014-300x165.jpg 300w\" sizes=\"auto, (max-width: 711px) 100vw, 711px\" \/>Kalabal\u0131k bir okul arkadaki ya\u015fl\u0131lar kimler ?<\/a><\/p>\n<p style=\"text-align: justify;\"><strong>\u00a0\u00a0\u00a0\u00a0\u00a0\u00a0 Tek \u00f6\u011fretmenle \u00f6\u011fretime ba\u015flayan okul, 1969 y\u0131l\u0131nda d\u00f6rt \u00f6\u011fretmen kadrosuna kavu\u015fmu\u015ftur. 1969 y\u0131l\u0131nda b\u00fcy\u00fck bir tadilat ge\u00e7irerek, yeni tip modern okul haline gelmi\u015ftir.\u00a0 Tadilat esnas\u0131nda \u00f6\u011frenciler k\u00f6y kahvelerinde e\u011fitim-\u00f6\u011fretime devam etmi\u015flerdir. Yeni tip modern okul haline gelen okulda \u00fc\u00e7 s\u0131n\u0131f, bir m\u00fcd\u00fcr odas\u0131 ve biti\u015fikte bir lojmandan meydana gelmektedir. Okul 5605 m2 &#8216;lik bir arsaya sahiptir. Okulun oturdu\u011fu alan 251 m2 dir. Okulumuzun tapusu k\u00f6y t\u00fczel ki\u015fili\u011fine aittir. Okulumuz kalorifer\u00a0 ile\u00a0\u00a0\u0131s\u0131nmaktad\u0131r.<\/strong><\/p>\n<p style=\"text-align: justify;\">\u00a0<strong>\u00a0\u00a0\u00a0\u00a0\u00a0\u00a0\u00a0\u00a0\u00a0\u00a0\u00a0\u00a0\u00a0 <\/strong><strong><span style=\"color: #333399;\">1969 y\u0131l\u0131ndaki \u00f6\u011fretmenler<\/span><\/strong><\/p>\n<p style=\"text-align: justify;\"><a href=\"http:\/\/imamkoy.com\/wp-content\/uploads\/2011\/10\/APDC02541.jpg\"><img loading=\"lazy\" decoding=\"async\" class=\"alignnone  wp-image-1369\" title=\"APDC0254\" src=\"http:\/\/imamkoy.com\/wp-content\/uploads\/2011\/10\/APDC02541-150x150.jpg\" alt=\"\" width=\"159\" height=\"159\" \/><\/a><a href=\"http:\/\/imamkoy.com\/wp-content\/uploads\/2011\/10\/APDC0258.jpg\"><img loading=\"lazy\" decoding=\"async\" class=\"alignnone  wp-image-1370\" title=\"APDC0258\" src=\"http:\/\/imamkoy.com\/wp-content\/uploads\/2011\/10\/APDC0258-150x150.jpg\" alt=\"\" width=\"163\" height=\"163\" \/><\/a><a href=\"http:\/\/imamkoy.com\/wp-content\/uploads\/2011\/10\/APDC02542.jpg\"><img loading=\"lazy\" decoding=\"async\" class=\"alignnone wp-image-1371\" title=\"APDC0254\" src=\"http:\/\/imamkoy.com\/wp-content\/uploads\/2011\/10\/APDC02542-150x150.jpg\" alt=\"\" width=\"169\" height=\"169\" \/><\/a><\/p>\n<p style=\"text-align: justify;\"><strong><span style=\"color: #333399;\">M\u00fcd\u00fcr \u015e\u00fckran K\u00dc\u00c7\u00dcKSER\u00a0\u00a0\u00a0\u00a0\u00a0 \u00d6\u011fr.Metmet B\u00d6L\u00dcK\u00a0\u00a0\u00a0\u00a0\u00a0\u00a0\u00d6\u011fr. Zeliha \u00dcZEREK <\/span><\/strong><\/p>\n<p style=\"text-align: justify;\"><strong><span style=\"color: #333399;\">GE\u00c7M\u0130\u015eTEN G\u00dcN\u00dcM\u00dcZE \u0130MAMK\u00d6Y \u0130LK\u00d6\u011eRET\u0130M OKULU \u00d6\u011eRETMENLER\u0130<\/span><\/strong><\/p>\n<p style=\"text-align: justify;\"><span style=\"color: #000000;\"><strong>Habip \u00d6\u011fretmen, \u015e\u00fckran K\u00fc\u00e7\u00fckser, Mehmet B\u00f6l\u00fck, Rahmi Y\u0131lmaz, Zeliha \u00dczerek, Emine \u00f6\u011fr, Hasan \u00d6\u011fr, \u00d6zen \u00d6\u011fr, Nuray Fidan, Adnan\u00a0 Sar\u0131b\u0131y\u0131k, \u00a0Murat Ba\u011fc\u0131k, Zehra Ba\u011f\u00e7\u0131k, Mehmet Sayar, Turgut Ceyhan, Sabret Bilmez, Ender Tokmak, Esma \u00c7eliktir.<\/strong><\/span><\/p>\n<p style=\"text-align: justify;\"><span style=\"color: #000000;\"><strong>Eksik kalan \u00f6\u011fretmen listesi okuyucular taraf\u0131ndan tamamlanmas\u0131 dileyiyle&#8230;&#8230;\u00a0<\/strong><\/span><\/p>\n<p style=\"text-align: justify;\">\u00a0\u00a0\u00a0\u00a0\u00a0<strong> \u00a0\u00a0\u00a0\u00a0\u0130<\/strong><strong>mamk\u00f6y \u0130lk\u00f6\u011fretim Okulu ilk mezunlar\u0131n\u0131 1951 y\u0131l\u0131nda vermi\u015ftir. <\/strong><strong>Okula 1985 y\u0131l\u0131nda ek olarak bir depo, bir k\u00f6m\u00fcrl\u00fck ve yeni tuvaletler yap\u0131lm\u0131\u015ft\u0131r.<\/strong><\/p>\n<p style=\"text-align: justify;\"><strong><a href=\"http:\/\/imamkoy.com\/wp-content\/uploads\/2011\/10\/APDC08752.jpg\"><img loading=\"lazy\" decoding=\"async\" class=\"aligncenter size-large wp-image-1379\" title=\"APDC0875\" src=\"http:\/\/imamkoy.com\/wp-content\/uploads\/2011\/10\/APDC08752-1024x658.jpg\" alt=\"\" width=\"584\" height=\"375\" srcset=\"http:\/\/imamkoy.com\/wp-content\/uploads\/2011\/10\/APDC08752-1024x658.jpg 1024w, http:\/\/imamkoy.com\/wp-content\/uploads\/2011\/10\/APDC08752-300x192.jpg 300w, http:\/\/imamkoy.com\/wp-content\/uploads\/2011\/10\/APDC08752-466x300.jpg 466w\" sizes=\"auto, (max-width: 584px) 100vw, 584px\" \/><\/a><\/strong><\/p>\n<p style=\"text-align: justify;\"><strong>Okula ait bir basketbol ve birde voleybol sahas\u0131 bulunmaktad\u0131r. \u0130mamk\u00f6y \u0130lk\u00f6\u011fretim Okulu&#8217;na 27.09.2011 tarihinde ilk defa ana s\u0131n\u0131f\u0131 a\u00e7\u0131lm\u0131\u015ft\u0131r. \u0130mamk\u00f6y\u00b4\u00fcnde bulunan ikinci ilkokul olan \u0130mamk\u00f6y-G\u00f6lc\u00fck ilkokulu 25.01.2013 tarihinde kapat\u0131lm\u0131\u015ft\u0131r. \u00d6\u011frencileri \u0130mamk\u00f6y \u0130lkokulu\u00b4na nakil edilmi\u015ftir.<\/strong><\/p>\n<p style=\"text-align: justify;\">\u00a0\u00a0\u00a0\u00a0\u00a0\u00a0<strong> \u00a0\u00a0\u00a0 \u015eu\u00a0 anda\u00a0\u00a0 \u0130mamk\u00f6y \u0130lkokulu\u0092nda\u00a0 Anas\u0131n\u0131f\u0131 , 1. , 2. ,\u00a0 3. ve 4.\u00a0 s\u0131n\u0131flar\u00a0 e\u011fitim\u00a0 &#8211;\u00a0 \u00f6\u011fretim\u00a0 g\u00f6rmektedir. Birle\u015ftirilmi\u015f s\u0131n\u0131fla e\u011fitim verilmektedir. 1. ve 2. s\u0131n\u0131flar birlikte , 3. ve 4. s\u0131n\u0131flar birlikte e\u011fitim-\u00f6\u011fretim g\u00f6rmektedirler.<\/strong><\/p>\n<p style=\"text-align: justify;\">\u00a0\u00a0\u00a0\u00a0\u00a0\u00a0\u00a0<strong> \u00a0\u00a0 \u00d6\u011frenciler\u00a0 \u0130mamk\u00f6y g\u00f6lc\u00fck mahallesinden\u00a0 kendi\u00a0\u00a0 imkanlar\u0131 ile\u00a0 servis tutarak\u00a0 gelmektedirler.\u00a0 \u0130mamk\u00f6y\u00a0 \u0130lkokulu\u0092&#8217;nun\u00a0\u00a0\u00a0\u00a0 5. , 6. \u00a0, 7.\u00a0 ve\u00a0 8.\u00a0 s\u0131n\u0131f\u00a0 \u00f6\u011frencileri\u00a0 ise\u00a0 \u0093 Ayd\u0131ndaki bir Ortaokula ta\u015f\u0131mal\u0131 gitmektedir.\u00a0<\/strong><\/p>\n<p style=\"text-align: justify;\">\u00a0<strong>\u00a0<\/strong><strong> \u00a0\u00a0\u00a0\u00a0\u00a0\u00a0\u00a0\u00a0\u00a0\u0130<\/strong><strong><span style=\"color: #000080;\"><span style=\"color: #000000;\">mamk\u00f6y<\/span><\/span> \u0130lk\u00f6\u011fretim Okulu&#8217;nun 3 kadrosu vard\u0131r. Bir m\u00fcd\u00fcr 1 \u00f6\u011fretmen,\u00a0 anas\u0131n\u0131f\u0131 \u00f6\u011fretmeni g\u00f6rev yapmaktad\u0131r.<\/strong><\/p>\n<p style=\"text-align: justify;\"><a href=\"http:\/\/imamkoy.com\/wp-content\/uploads\/2011\/10\/APDC1027.jpg\"><img loading=\"lazy\" decoding=\"async\" class=\"aligncenter size-large wp-image-1383\" title=\"APDC1027\" src=\"http:\/\/imamkoy.com\/wp-content\/uploads\/2011\/10\/APDC1027-1024x777.jpg\" alt=\"\" width=\"584\" height=\"443\" srcset=\"http:\/\/imamkoy.com\/wp-content\/uploads\/2011\/10\/APDC1027-1024x777.jpg 1024w, http:\/\/imamkoy.com\/wp-content\/uploads\/2011\/10\/APDC1027-300x227.jpg 300w, http:\/\/imamkoy.com\/wp-content\/uploads\/2011\/10\/APDC1027-395x300.jpg 395w\" sizes=\"auto, (max-width: 584px) 100vw, 584px\" \/><\/a><\/p>\n<p style=\"text-align: justify;\"><span style=\"color: #000000;\"><strong>\u00a0\u00a0\u00a0\u00a0\u00a0\u00a0\u00a0\u00a0\u00a0\u00a0\u00a0 \u00a0<span style=\"color: #000000;\">S\u0131n\u0131f \u00d6\u011fretmeni Esma \u00c7EL\u0130K \u00d6\u011frencilerle birlikte<\/span><\/strong><\/span><\/p>\n<p style=\"text-align: justify;\">\u00a0<span style=\"color: #000000;\"><strong><span style=\"color: #993300;\">\u00a0<\/span><\/strong><\/span>\u00a0<span style=\"color: #800000;\"><a href=\"http:\/\/imamkoy.com\/wp-content\/uploads\/2011\/10\/APDC1036.jpg\"><img loading=\"lazy\" decoding=\"async\" class=\"aligncenter size-large wp-image-1402\" title=\"APDC1036\" src=\"http:\/\/imamkoy.com\/wp-content\/uploads\/2011\/10\/APDC1036-1024x710.jpg\" alt=\"\" width=\"584\" height=\"404\" srcset=\"http:\/\/imamkoy.com\/wp-content\/uploads\/2011\/10\/APDC1036-1024x710.jpg 1024w, http:\/\/imamkoy.com\/wp-content\/uploads\/2011\/10\/APDC1036-300x208.jpg 300w, http:\/\/imamkoy.com\/wp-content\/uploads\/2011\/10\/APDC1036-432x300.jpg 432w\" sizes=\"auto, (max-width: 584px) 100vw, 584px\" \/><\/a><\/span><\/p>\n<p style=\"text-align: justify;\"><strong><span style=\"color: #ff0000;\">\u00a0\u00a0\u00a0<\/span>\u00a0<span style=\"color: #000080;\"> Okulumuzdan emekli olan Filiz \u00f6\u011fretmen \u00f6\u011frencileriyle birlikte<\/span><\/strong><\/p>\n<p style=\"text-align: justify;\">\u00a0<strong>\u00a0<\/strong><strong>\u00a0<a href=\"http:\/\/imamkoy.com\/wp-content\/uploads\/2011\/10\/APDC02545.jpg\"><img loading=\"lazy\" decoding=\"async\" class=\"aligncenter size-large wp-image-1405\" title=\"APDC0254\" src=\"http:\/\/imamkoy.com\/wp-content\/uploads\/2011\/10\/APDC02545-1024x668.jpg\" alt=\"\" width=\"584\" height=\"380\" srcset=\"http:\/\/imamkoy.com\/wp-content\/uploads\/2011\/10\/APDC02545-1024x668.jpg 1024w, http:\/\/imamkoy.com\/wp-content\/uploads\/2011\/10\/APDC02545-300x195.jpg 300w, http:\/\/imamkoy.com\/wp-content\/uploads\/2011\/10\/APDC02545-459x300.jpg 459w\" sizes=\"auto, (max-width: 584px) 100vw, 584px\" \/><\/a><\/strong><\/p>\n<p>\u00a0\u00a0\u00a0\u00a0\u00a0\u00a0\u00a0\u00a0<strong> 1972-1973 E\u011fitim \u00f6\u011fretim y\u0131l\u0131 \u00f6\u011frencileri<\/strong><\/p>\n<p><a href=\"http:\/\/imamkoy.com\/wp-content\/uploads\/2011\/10\/APDC10851.jpg\"><img loading=\"lazy\" decoding=\"async\" class=\"aligncenter size-large wp-image-1546\" title=\"APDC1085\" src=\"http:\/\/imamkoy.com\/wp-content\/uploads\/2011\/10\/APDC10851-1024x228.jpg\" alt=\"\" width=\"584\" height=\"130\" srcset=\"http:\/\/imamkoy.com\/wp-content\/uploads\/2011\/10\/APDC10851-1024x228.jpg 1024w, http:\/\/imamkoy.com\/wp-content\/uploads\/2011\/10\/APDC10851-300x66.jpg 300w, http:\/\/imamkoy.com\/wp-content\/uploads\/2011\/10\/APDC10851-500x111.jpg 500w\" sizes=\"auto, (max-width: 584px) 100vw, 584px\" \/><\/a><\/p>\n<p><strong>Okul&#8217;un Yoldan G\u00f6r\u00fcn\u00fcm\u00fc\u00a0<\/strong>\u00a0<a href=\"http:\/\/imamkoy.com\/wp-content\/uploads\/2011\/10\/APDC05182.jpg\"><img loading=\"lazy\" decoding=\"async\" class=\"aligncenter size-large wp-image-1592\" title=\"APDC0518\" src=\"http:\/\/imamkoy.com\/wp-content\/uploads\/2011\/10\/APDC05182-1024x731.jpg\" alt=\"\" width=\"584\" height=\"416\" srcset=\"http:\/\/imamkoy.com\/wp-content\/uploads\/2011\/10\/APDC05182-1024x731.jpg 1024w, http:\/\/imamkoy.com\/wp-content\/uploads\/2011\/10\/APDC05182-300x214.jpg 300w\" sizes=\"auto, (max-width: 584px) 100vw, 584px\" \/><\/a><\/p>\n<p><strong>\u00a0\u00a0\u00a0<\/strong>\u00a0<strong>\u00a0<\/strong>\u00a0\u00a0<a href=\"http:\/\/imamkoy.com\/wp-content\/uploads\/2011\/10\/APDC1084.jpg\"><img loading=\"lazy\" decoding=\"async\" class=\"aligncenter size-full wp-image-3590\" title=\"APDC1084\" src=\"http:\/\/imamkoy.com\/wp-content\/uploads\/2011\/10\/APDC1084.jpg\" alt=\"\" width=\"650\" height=\"454\" srcset=\"http:\/\/imamkoy.com\/wp-content\/uploads\/2011\/10\/APDC1084.jpg 650w, http:\/\/imamkoy.com\/wp-content\/uploads\/2011\/10\/APDC1084-300x209.jpg 300w, http:\/\/imamkoy.com\/wp-content\/uploads\/2011\/10\/APDC1084-429x300.jpg 429w\" sizes=\"auto, (max-width: 650px) 100vw, 650px\" \/><\/a> 1958 ve daha a\u015fa\u011f\u0131 do\u011fumlular resimdekiler<\/p>\n<p><a href=\"http:\/\/imamkoy.com\/wp-content\/uploads\/2011\/10\/APDC1085.jpg\"><img loading=\"lazy\" decoding=\"async\" class=\"aligncenter size-full wp-image-3651\" title=\"APDC1085\" src=\"http:\/\/imamkoy.com\/wp-content\/uploads\/2011\/10\/APDC1085.jpg\" alt=\"\" width=\"652\" height=\"412\" srcset=\"http:\/\/imamkoy.com\/wp-content\/uploads\/2011\/10\/APDC1085.jpg 652w, http:\/\/imamkoy.com\/wp-content\/uploads\/2011\/10\/APDC1085-300x189.jpg 300w, http:\/\/imamkoy.com\/wp-content\/uploads\/2011\/10\/APDC1085-474x300.jpg 474w\" sizes=\"auto, (max-width: 652px) 100vw, 652px\" \/><\/a> <span style=\"color: #993300;\">\u00a0Eski \u00d6\u011frenciler<\/span><\/p>\n<figure id=\"attachment_5498\" aria-describedby=\"caption-attachment-5498\" style=\"width: 2432px\" class=\"wp-caption aligncenter\"><a href=\"http:\/\/imamkoy.com\/wp-content\/uploads\/2020\/01\/atat\u00fcrk-okul.jpg\"><img loading=\"lazy\" decoding=\"async\" class=\"size-full wp-image-5498\" src=\"http:\/\/imamkoy.com\/wp-content\/uploads\/2020\/01\/atat\u00fcrk-okul.jpg\" alt=\"\" width=\"2432\" height=\"1677\" srcset=\"http:\/\/imamkoy.com\/wp-content\/uploads\/2020\/01\/atat\u00fcrk-okul.jpg 2432w, http:\/\/imamkoy.com\/wp-content\/uploads\/2020\/01\/atat\u00fcrk-okul-300x207.jpg 300w, http:\/\/imamkoy.com\/wp-content\/uploads\/2020\/01\/atat\u00fcrk-okul-768x530.jpg 768w, http:\/\/imamkoy.com\/wp-content\/uploads\/2020\/01\/atat\u00fcrk-okul-1024x706.jpg 1024w\" sizes=\"auto, (max-width: 2432px) 100vw, 2432px\" \/><\/a><figcaption id=\"caption-attachment-5498\" class=\"wp-caption-text\">AgfaPhoto<\/figcaption><\/figure>\n<p><a href=\"http:\/\/imamkoy.com\/wp-content\/uploads\/2020\/01\/81686358_567481377437356_722617875205980160_o.jpg\"><img loading=\"lazy\" decoding=\"async\" class=\"aligncenter size-full wp-image-5477\" src=\"http:\/\/imamkoy.com\/wp-content\/uploads\/2020\/01\/81686358_567481377437356_722617875205980160_o.jpg\" alt=\"\" width=\"714\" height=\"585\" srcset=\"http:\/\/imamkoy.com\/wp-content\/uploads\/2020\/01\/81686358_567481377437356_722617875205980160_o.jpg 714w, http:\/\/imamkoy.com\/wp-content\/uploads\/2020\/01\/81686358_567481377437356_722617875205980160_o-300x246.jpg 300w\" sizes=\"auto, (max-width: 714px) 100vw, 714px\" \/><\/a><\/p>\n<p><a href=\"http:\/\/imamkoy.com\/wp-content\/uploads\/2020\/01\/FB_IMG_1492891507741.jpg\"><img loading=\"lazy\" decoding=\"async\" class=\"aligncenter size-full wp-image-5507\" src=\"http:\/\/imamkoy.com\/wp-content\/uploads\/2020\/01\/FB_IMG_1492891507741.jpg\" alt=\"\" width=\"483\" height=\"622\" srcset=\"http:\/\/imamkoy.com\/wp-content\/uploads\/2020\/01\/FB_IMG_1492891507741.jpg 483w, http:\/\/imamkoy.com\/wp-content\/uploads\/2020\/01\/FB_IMG_1492891507741-233x300.jpg 233w\" sizes=\"auto, (max-width: 483px) 100vw, 483px\" \/><\/a><\/p>\n<p><a href=\"http:\/\/imamkoy.com\/wp-content\/uploads\/2020\/01\/FB_IMG_1492891507741.jpg\">T\u00f6ren ba\u015flamadan k\u00f6y sokaklar\u0131nda Bayrak ve Atat\u00fcrk Fotograf\u0131 \u00f6nde \u00e7ocuklar gezer sonra \u0130stiklal maa\u015f\u0131 okunur \u015fenlik kutlamalar\u0131 ba\u015flard\u0131.\u00a0<\/a><\/p>\n<p><a href=\"http:\/\/imamkoy.com\/wp-content\/uploads\/2020\/01\/FB_IMG_1492891657127.jpg\"><img loading=\"lazy\" decoding=\"async\" class=\"aligncenter size-full wp-image-5515\" src=\"http:\/\/imamkoy.com\/wp-content\/uploads\/2020\/01\/FB_IMG_1492891657127.jpg\" alt=\"\" width=\"720\" height=\"405\" srcset=\"http:\/\/imamkoy.com\/wp-content\/uploads\/2020\/01\/FB_IMG_1492891657127.jpg 720w, http:\/\/imamkoy.com\/wp-content\/uploads\/2020\/01\/FB_IMG_1492891657127-300x169.jpg 300w\" sizes=\"auto, (max-width: 720px) 100vw, 720px\" \/>Folklor ve M\u00fczik ekibi\u00a0<\/a><\/p>\n<p><a href=\"http:\/\/imamkoy.com\/wp-content\/uploads\/2020\/01\/82091998_567481080770719_1519338023760691200_o.jpg\"><img loading=\"lazy\" decoding=\"async\" class=\"aligncenter size-full wp-image-5545\" src=\"http:\/\/imamkoy.com\/wp-content\/uploads\/2020\/01\/82091998_567481080770719_1519338023760691200_o.jpg\" alt=\"\" width=\"706\" height=\"463\" srcset=\"http:\/\/imamkoy.com\/wp-content\/uploads\/2020\/01\/82091998_567481080770719_1519338023760691200_o.jpg 706w, http:\/\/imamkoy.com\/wp-content\/uploads\/2020\/01\/82091998_567481080770719_1519338023760691200_o-300x197.jpg 300w\" sizes=\"auto, (max-width: 706px) 100vw, 706px\" \/><\/a><strong><span style=\"color: #000080;\">1964-ve 1967 Do\u011fumlular<\/span><\/strong><\/p>\n<p><a href=\"http:\/\/imamkoy.com\/wp-content\/uploads\/2023\/01\/128146036_10159062725539391_6094215026717349506_n.jpg\"><img loading=\"lazy\" decoding=\"async\" class=\"alignnone  wp-image-7933\" src=\"http:\/\/imamkoy.com\/wp-content\/uploads\/2023\/01\/128146036_10159062725539391_6094215026717349506_n-225x300.jpg\" alt=\"\" width=\"335\" height=\"447\" srcset=\"http:\/\/imamkoy.com\/wp-content\/uploads\/2023\/01\/128146036_10159062725539391_6094215026717349506_n-225x300.jpg 225w, http:\/\/imamkoy.com\/wp-content\/uploads\/2023\/01\/128146036_10159062725539391_6094215026717349506_n.jpg 720w\" sizes=\"auto, (max-width: 335px) 100vw, 335px\" \/><\/a><\/p>\n<p><!-- x-tinymce\/html --><\/p>\n","protected":false},"excerpt":{"rendered":"<p>\u00a0\u00a0\u00a0\u00a0\u00a0\u00a0\u00a0\u00a0\u00a0 TAR\u0130H\u00c7E \u0130mamk\u00f6y ilk\u00f6\u011fretim okulu, 1944 y\u0131l\u0131nda ba\u015flan\u0131p, iki s\u0131n\u0131f bir lojman olarak in\u015faat\u0131 tamamen k\u00f6yl\u00fcler taraf\u0131ndan imece usul\u00fc ile \u00a0yap\u0131larak 1946 y\u0131l\u0131nda e\u011fitim-\u00f6\u011fretime a\u00e7\u0131lm\u0131\u015ft\u0131r. Bu tarihten \u00f6nce ise e\u011fitim-\u00f6\u011fretim \u00e7a\u011f\u0131na gelen \u00e7ocuklar tren veya yaya olarak gittikleri Ayd\u0131n ve Umurlu&#8217;da e\u011fitim g\u00f6rm\u00fc\u015flerdir. Bu \u015fekilde e\u011fitim g\u00f6r\u00fcp doktor, \u00f6\u011fretmen ve subay olan pek \u00e7ok k\u00f6yl\u00fcm\u00fcz &hellip; <a href=\"http:\/\/imamkoy.com\/index.php\/egitim\/\" class=\"more-link\">Okumaya devam et <span class=\"screen-reader-text\">\u0130mamk\u00f6y \u0130lk\u00f6\u011fretim Okulu D\u00fcnden Bug\u00fcne (Tarihi ve Bug\u00fcn\u00fc)Kimler Yeti\u015fti Kimler Hz: N. Karabulut<\/span><\/a><\/p>\n","protected":false},"author":1,"featured_media":0,"parent":0,"menu_order":0,"comment_status":"open","ping_status":"open","template":"","meta":{"footnotes":""},"class_list":["post-947","page","type-page","status-publish","hentry"],"_links":{"self":[{"href":"http:\/\/imamkoy.com\/index.php\/wp-json\/wp\/v2\/pages\/947","targetHints":{"allow":["GET"]}}],"collection":[{"href":"http:\/\/imamkoy.com\/index.php\/wp-json\/wp\/v2\/pages"}],"about":[{"href":"http:\/\/imamkoy.com\/index.php\/wp-json\/wp\/v2\/types\/page"}],"author":[{"embeddable":true,"href":"http:\/\/imamkoy.com\/index.php\/wp-json\/wp\/v2\/users\/1"}],"replies":[{"embeddable":true,"href":"http:\/\/imamkoy.com\/index.php\/wp-json\/wp\/v2\/comments?post=947"}],"version-history":[{"count":241,"href":"http:\/\/imamkoy.com\/index.php\/wp-json\/wp\/v2\/pages\/947\/revisions"}],"predecessor-version":[{"id":9243,"href":"http:\/\/imamkoy.com\/index.php\/wp-json\/wp\/v2\/pages\/947\/revisions\/9243"}],"wp:attachment":[{"href":"http:\/\/imamkoy.com\/index.php\/wp-json\/wp\/v2\/media?parent=947"}],"curies":[{"name":"wp","href":"https:\/\/api.w.org\/{rel}","templated":true}]}}