{"id":990,"date":"2011-10-31T14:48:21","date_gmt":"2011-10-31T14:48:21","guid":{"rendered":"http:\/\/imamkoy.com\/?page_id=990"},"modified":"2026-04-03T19:13:30","modified_gmt":"2026-04-03T18:13:30","slug":"mezarlik","status":"publish","type":"page","link":"http:\/\/imamkoy.com\/index.php\/mezarlik\/","title":{"rendered":"Sessiz Mekan \u0130mamk\u00f6y Mezarl\u0131\u011f\u0131 Ruhlar\u0131na Fatiha"},"content":{"rendered":"<p><strong>Ayd\u0131nl\u0131n\u0131n ve \u0130mamk\u00f6yl\u00fclerin Mezarl\u0131\u011f\u0131<\/strong><\/p>\n<p><strong>Euzu billahi mine\u015f\u015feyt\u00e2nirrac\u00eem. Bismillahirrahmanirrahim<\/strong><\/p>\n<div><strong>Mezarl\u0131\u011fa ziyaret ederken, mezarl\u0131k kaps\u0131ndan girildi\u011finde okunacak dua;<\/strong><strong>&#8220;Selam size ey m\u00fcsl\u00fcman ve muminlerin yurdundakiler.Bizde in\u015fallah size kavusacagiz. Allah`tan sizde de, bize de afiyet isterim&#8221;<\/strong><strong>Peygamber Efendimiz (SAV) gecenin sonuna dogru Baki mezarligina cikti\u011fi zaman bu duay\u0131 okurdu bizede bu duayi okumamizi \u00f6\u011fretiyor.<\/strong><br \/><strong>Kabir ziyaretinin 3 maksadi var;<\/strong><br \/><strong>\u00a0 -\u00d6l\u00fcm\u00fc hatirlamak<\/strong><br \/><strong>\u00a0 -\u00d6l\u00fclere selam vermek<\/strong><br \/><strong>\u00a0 -Onlarin g\u00fcnahlarinin affi ve kendi afiyetimiz icin dua etme<\/strong><\/div>\n<div>\u00a0<\/div>\n<p><strong style=\"font-size: revert;\">Mezarl\u0131ktan Ge\u00e7erken \u00d6l\u00fclere Dua Okuma<\/strong><\/p>\n<p><strong>\u0130ki hadis-i \u015ferif meali \u015f\u00f6yledir : <span style=\"font-size: small;\">&#8220;<\/span><\/strong><strong>Kabristana giren kimse, Yasin suresini okursa, o g\u00fcn \u00f6l\u00fclerin azaplar\u0131 hafifler, \u00f6l\u00fclerin say\u0131s\u0131 kadar, ona da sevap verilir. On bir ihl\u00e2s okuyup, sevab\u0131 \u00f6l\u00fclere g\u00f6nderilirse, \u00f6l\u00fclerin say\u0131s\u0131nca ona da sevap verilir.&#8221;<\/strong><\/p>\n<p><a href=\"http:\/\/imamkoy.com\/wp-content\/uploads\/2011\/10\/APDC0888.jpg\"><img loading=\"lazy\" decoding=\"async\" class=\"alignleft size-medium wp-image-1024\" title=\"APDC0888\" src=\"http:\/\/imamkoy.com\/wp-content\/uploads\/2011\/10\/APDC0888-300x232.jpg\" alt=\"\" width=\"300\" height=\"232\" srcset=\"http:\/\/imamkoy.com\/wp-content\/uploads\/2011\/10\/APDC0888-300x232.jpg 300w, http:\/\/imamkoy.com\/wp-content\/uploads\/2011\/10\/APDC0888-1024x792.jpg 1024w, http:\/\/imamkoy.com\/wp-content\/uploads\/2011\/10\/APDC0888-387x300.jpg 387w, http:\/\/imamkoy.com\/wp-content\/uploads\/2011\/10\/APDC0888.jpg 1462w\" sizes=\"auto, (max-width: 300px) 100vw, 300px\" \/><\/a><\/p>\n<p><strong>\u0130mamk\u00f6y Dedesi\u00a0 mezar\u0131n ge\u00e7mi\u015fi hakk\u0131nda kesin bir tarih yoktur. ara\u015ft\u0131rmalara g\u00f6re dedeye nur indi\u011fi ve Dedenin sarho\u015f ge\u00e7enlere ta\u015flad\u0131\u011f\u0131 s\u00f6ylenmektedir. <\/strong><\/p>\n<p><a href=\"http:\/\/imamkoy.com\/wp-content\/uploads\/2021\/07\/mezar-2-scaled.jpg\"><img loading=\"lazy\" decoding=\"async\" class=\"aligncenter size-full wp-image-6153\" src=\"http:\/\/imamkoy.com\/wp-content\/uploads\/2021\/07\/mezar-2-scaled.jpg\" alt=\"\" width=\"2560\" height=\"1440\" srcset=\"http:\/\/imamkoy.com\/wp-content\/uploads\/2021\/07\/mezar-2-scaled.jpg 2560w, http:\/\/imamkoy.com\/wp-content\/uploads\/2021\/07\/mezar-2-300x169.jpg 300w, http:\/\/imamkoy.com\/wp-content\/uploads\/2021\/07\/mezar-2-1024x576.jpg 1024w, http:\/\/imamkoy.com\/wp-content\/uploads\/2021\/07\/mezar-2-768x432.jpg 768w, http:\/\/imamkoy.com\/wp-content\/uploads\/2021\/07\/mezar-2-1536x864.jpg 1536w, http:\/\/imamkoy.com\/wp-content\/uploads\/2021\/07\/mezar-2-2048x1152.jpg 2048w\" sizes=\"auto, (max-width: 2560px) 100vw, 2560px\" \/><\/a><\/p>\n<p><strong>Kabrin yan\u0131na gelince, kabrin k\u0131ble ve ayak taraf\u0131ndan yakla\u015f\u0131p selam vermeli. Ayakta, \u00e7\u00f6melerek veya oturup, Bakara suresinin ba\u015f\u0131n\u0131 ve sonunu, Yasin-i \u015ferif, Tebareke,<\/strong> <strong>Tekas\u00fcr, ihlas ve Fatiha surelerini okuyup, \u00f6l\u00fcye hediye etmelidir.<\/strong><\/p>\n<p><span style=\"font-family: Arial Black;\"><span style=\"font-size: small;\">\u00a0<\/span><\/span>K<b>\u00f6y\u00fcm\u00fcz\u00fcn mezarl\u0131\u011f\u0131n\u0131n yeri sabittir. Hi\u00e7 de\u011fi\u015fme olmam\u0131\u015ft\u0131r. Bir\u00e7ok k\u00f6y\u00fcn mezarl\u0131\u011f\u0131ndan daha bak\u0131ml\u0131d\u0131r. Bak\u0131m\u0131n\u0131 cenaze sahipleri kendileri yapar veya yapt\u0131r\u0131rlar. (\u015eimdi Efeler belediyesi yapmaktad\u0131r.)\u00a0 K\u00f6y ana yolu \u00fcst\u00fcnde oldu\u011fundan ula\u015f\u0131m\u0131 kolayd\u0131r. \u00d6l\u00fclere her zaman ziyaret edilir dualar\u00a0 okunur.<\/b><\/p>\n<p><a href=\"http:\/\/imamkoy.com\/wp-content\/uploads\/2022\/01\/3-55.jpg\"><img loading=\"lazy\" decoding=\"async\" class=\"aligncenter size-full wp-image-6896\" src=\"http:\/\/imamkoy.com\/wp-content\/uploads\/2022\/01\/3-55.jpg\" alt=\"\" width=\"2537\" height=\"1471\" srcset=\"http:\/\/imamkoy.com\/wp-content\/uploads\/2022\/01\/3-55.jpg 2537w, http:\/\/imamkoy.com\/wp-content\/uploads\/2022\/01\/3-55-300x174.jpg 300w, http:\/\/imamkoy.com\/wp-content\/uploads\/2022\/01\/3-55-1024x594.jpg 1024w, http:\/\/imamkoy.com\/wp-content\/uploads\/2022\/01\/3-55-768x445.jpg 768w, http:\/\/imamkoy.com\/wp-content\/uploads\/2022\/01\/3-55-1536x891.jpg 1536w, http:\/\/imamkoy.com\/wp-content\/uploads\/2022\/01\/3-55-2048x1187.jpg 2048w\" sizes=\"auto, (max-width: 2537px) 100vw, 2537px\" \/><\/a><\/p>\n<p><strong>\u00a0Nur i\u00e7inde yats\u0131nlar Allah hepsine rahmet eylesin cennetleri mekan olsun mezarl\u0131k yan\u0131ndan ge\u00e7erken herkesin okuyabilece\u011fi iki duam\u0131z (Fatiha ve 3 ihlas suresi)<\/strong><\/p>\n<p><a href=\"http:\/\/imamkoy.com\/wp-content\/uploads\/2022\/02\/2-1.jpg\"><img loading=\"lazy\" decoding=\"async\" class=\"aligncenter size-full wp-image-7022\" src=\"http:\/\/imamkoy.com\/wp-content\/uploads\/2022\/02\/2-1.jpg\" alt=\"\" width=\"2560\" height=\"1920\" srcset=\"http:\/\/imamkoy.com\/wp-content\/uploads\/2022\/02\/2-1.jpg 2560w, http:\/\/imamkoy.com\/wp-content\/uploads\/2022\/02\/2-1-300x225.jpg 300w, http:\/\/imamkoy.com\/wp-content\/uploads\/2022\/02\/2-1-1024x768.jpg 1024w, http:\/\/imamkoy.com\/wp-content\/uploads\/2022\/02\/2-1-768x576.jpg 768w, http:\/\/imamkoy.com\/wp-content\/uploads\/2022\/02\/2-1-1536x1152.jpg 1536w, http:\/\/imamkoy.com\/wp-content\/uploads\/2022\/02\/2-1-2048x1536.jpg 2048w\" sizes=\"auto, (max-width: 2560px) 100vw, 2560px\" \/><\/a><\/p>\n<p><span style=\"color: #008000;\">\u00a0<span style=\"color: #339966;\"><strong>Bismillahirrahmanirrahim<\/strong><\/span><\/span><\/p>\n<p style=\"text-align: justify;\"><span style=\"color: #339966;\"><strong>Elhamd\u00fc lill\u00e2hi rabbil&#8217;alemin. Errahm\u00e2nir&#8217;rahim. M\u00e2liki yevmiddin. iyy\u00e2ke na&#8217;bud\u00fc ve iyy\u00e2ke neste&#8217;\u00een, ihdinessir\u00e2tel m\u00fcstak\u00eem. S\u0131r\u00e2tellezine en&#8217;amte aleyhim gayrilmagd\u00fbbi aleyhim ve ledd\u00e2ll\u00een.<\/strong><\/span><\/p>\n<p style=\"text-align: justify;\"><strong>\u0130hlas S\u00fbresi <\/strong><br \/><strong><span style=\"color: #008000;\">Bismillahirrahmanirrahim.<\/span><\/strong><br \/><strong><span style=\"color: #008000;\">Kul h\u00fcvallah\u00fc ehad Allah&#8217;\u00fcs-samed lem yelid ve lem y\u00fbled ve lem yek\u00fbn lehu k\u00fcf\u00fcven ehad<\/span><\/strong>.<\/p>\n<p style=\"text-align: center;\"><span style=\"color: #800000;\"><strong>AYDIN VE K\u00d6YLER\u0130NDE (\u0130mamk\u00f6y&#8217;de CENAZE EVLER\u0130N&#8217;de Yap\u0131lanlar\u00a0 \u00d6RF ve ADETLER\u00a0<\/strong><\/span><\/p>\n<p style=\"text-align: justify;\"><strong><span style=\"color: #333399;\">\u00a0 \u00a0 \u0130MAMK\u00d6YDE CENAZE T\u00d6RENLER\u0130<span style=\"color: #333300;\">\u00a0<\/span><\/span><\/strong><\/p>\n<p style=\"text-align: justify;\"><span style=\"color: #333399;\"><span style=\"color: #333300;\"><strong><span style=\"color: #000000;\">Bir insan\u0131n veya canl\u0131n\u0131n hayat\u0131n\u0131n tam ve kesin olarak sona ermesidir. <\/span><\/strong><\/span><\/span><span style=\"color: #333399;\"><span style=\"color: #333300;\"><span style=\"color: #000000;\"><span style=\"color: #000000;\"><b>\u00d6l\u00fcm hastal\u0131k, kaza veya ya\u015flanarak vadesi gelen her ki\u015fi \u00f6l\u00fcm\u00fc tadarak edebi hayata giderler. K\u00f6y\u00fcm\u00fcz&#8217;de \u00f6l\u00fcm vadesi ile \u00f6len ki\u015fi e\u011fer g\u00fcn i\u00e7inde \u00f6lm\u00fc\u015fse hemen selas\u0131 verilerek kald\u0131r\u0131l\u0131r. Ak\u015famdan \u00f6lm\u00fc\u015fse \u00f6l\u00fc gece boyunca aile bireyleri ve kom\u015fular taraf\u0131ndan sabaha kadar \u00fczerine b\u0131\u00e7ak konarak serin tutarak beklenir. Sabah <\/b><\/span><span style=\"color: #000000;\"><b>salas\u0131<\/b><\/span><span style=\"color: #000000;\"><b> verilir b\u00fct\u00fcn k\u00f6y halk\u0131 bilgisi olur. Bu esnada bayansa bayan hoca, erkekse erkek hoca taraf\u0131ndan cenaze y\u0131kan\u0131r. Camiden k\u00f6y halk\u0131n\u0131n cenazeden haberdar olmas\u0131 i\u00e7in sela verilir. A\u011fla\u015f\u0131l\u0131r a\u011f\u0131tlar yak\u0131l\u0131r. Cenaze i\u00e7in mezar\u0131n\u0131n ba\u015f\u0131na dikilecek olan \u00e7i\u00e7ek ve mendillerle donat\u0131lm\u0131\u015f bayrak haz\u0131rlan\u0131r. Cenaze evden al\u0131n\u0131r. camide namaz\u0131 k\u0131l\u0131n\u0131r. Kalabal\u0131k e\u015fli\u011finde mezarl\u0131\u011fa g\u00f6t\u00fcr\u00fcl\u00fcr. T\u0131pk\u0131 bir gelini u\u011furlar gibi son yolculu\u011funa u\u011furlan\u0131r. Namaz\u0131 k\u0131l\u0131narak yak\u0131nlar\u0131n yan\u0131ndaki\u00a0 mezara g\u00f6m\u00fcl\u00fcr. G\u00f6m\u00fclen mezar ba\u015f\u0131na\u00a0 toprak bardakta su konur inanca g\u00f6re \u00f6len susuz kalmas\u0131n diye bu konurmu\u015f,\u00a0 Sonra k\u00f6y d\u0131\u015f\u0131ndan veya hane d\u0131\u015f\u0131ndan gelenler eve taziye ziyaretine gelirler. Cenaze sahiplerinin yemek yapamamalar\u0131ndan ve d\u0131\u015far\u0131dan\u00a0 ba\u015fsa\u011fl\u0131\u011f\u0131 i\u00e7in gelen misafire de yemek yediremediklerinden kom\u015fular taraf\u0131ndan evlerinde yemek haz\u0131rlayarak getirirler.\u00a0 Yemek getirene b\u00fcy\u00fck sevap getirece\u011fi inan\u0131l\u0131r. K\u00f6y\u00fcm\u00fczde cenazelerde birlik vard\u0131r: Ac\u0131 payla\u015f\u0131l\u0131r.\u00a0\u00a0B\u00fct\u00fcn k\u00f6y halk\u0131, \u00e7evre k\u00f6ylerden ve Ayd\u0131n&#8217;dan ba\u015fsa\u011fl\u0131\u011f\u0131na gelinir. Ak\u015fam veya cenaze kalkt\u0131ktan sonra toprak mevlidi okutturulur. A\u011flan\u0131r \u00f6lenin arkas\u0131ndan iyi dilekler s\u00f6ylenir. Filan zamanda konu\u015fmu\u015ftuk, r\u00fcyamda g\u00f6rd\u00fcm, bana \u015funlar\u0131 verdi, \u00e7ok \u00e7ekti. Gen\u00e7ecik gitti gibi s\u00f6ylemler de yap\u0131l\u0131r.<\/b><\/span><\/span><\/span><\/span><\/p>\n<p style=\"text-align: justify;\"><strong>\u00dc\u00e7 g\u00fcn sonra hayr\u0131 yap\u0131l\u0131r. \u015eimdi yedi g\u00fcnde de oluyor \u00fc\u00e7 g\u00fcn hayr\u0131 yap\u0131l\u0131r. Hay\u0131r pilav tavuktan olur eskiden yufka a\u00e7\u0131p pilav aras\u0131na konur irmik helvas\u0131 da yan\u0131nda verilirdi \u015fimdi plastik kap i\u00e7eresinde \u00a0veriliyor.<\/strong><\/p>\n<figure id=\"attachment_1028\" aria-describedby=\"caption-attachment-1028\" style=\"width: 379px\" class=\"wp-caption aligncenter\"><a href=\"http:\/\/imamkoy.com\/wp-content\/uploads\/2011\/10\/APDC08852.jpg\"><img loading=\"lazy\" decoding=\"async\" class=\"wp-image-1028\" src=\"http:\/\/imamkoy.com\/wp-content\/uploads\/2011\/10\/APDC08852-300x225.jpg\" alt=\"\" width=\"379\" height=\"284\" srcset=\"http:\/\/imamkoy.com\/wp-content\/uploads\/2011\/10\/APDC08852-300x225.jpg 300w, http:\/\/imamkoy.com\/wp-content\/uploads\/2011\/10\/APDC08852-1024x768.jpg 1024w, http:\/\/imamkoy.com\/wp-content\/uploads\/2011\/10\/APDC08852-399x300.jpg 399w, http:\/\/imamkoy.com\/wp-content\/uploads\/2011\/10\/APDC08852.jpg 1901w\" sizes=\"auto, (max-width: 379px) 100vw, 379px\" \/><\/a><figcaption id=\"caption-attachment-1028\" class=\"wp-caption-text\">\u00c7ete Emir Ay\u015fe Mezar\u0131<\/figcaption><\/figure>\n<p>\u00a0\u00d6lenin arkas\u0131ndan 40 LOKMASI, 52 MEVL\u0130D\u0130<\/p>\n<p><strong style=\"font-size: revert;\">Derleyen :Nermin Karabulut<\/strong><\/p>\n<p style=\"text-align: justify;\">\u00a0<\/p>\n\n\n<p><\/p>\n","protected":false},"excerpt":{"rendered":"<p>Ayd\u0131nl\u0131n\u0131n ve \u0130mamk\u00f6yl\u00fclerin Mezarl\u0131\u011f\u0131 Euzu billahi mine\u015f\u015feyt\u00e2nirrac\u00eem. Bismillahirrahmanirrahim Mezarl\u0131\u011fa ziyaret ederken, mezarl\u0131k kaps\u0131ndan girildi\u011finde okunacak dua;&#8220;Selam size ey m\u00fcsl\u00fcman ve muminlerin yurdundakiler.Bizde in\u015fallah size kavusacagiz. Allah`tan sizde de, bize de afiyet isterim&#8221;Peygamber Efendimiz (SAV) gecenin sonuna dogru Baki mezarligina cikti\u011fi zaman bu duay\u0131 okurdu bizede bu duayi okumamizi \u00f6\u011fretiyor.Kabir ziyaretinin 3 maksadi var;\u00a0 -\u00d6l\u00fcm\u00fc hatirlamak\u00a0 &hellip; <a href=\"http:\/\/imamkoy.com\/index.php\/mezarlik\/\" class=\"more-link\">Okumaya devam et <span class=\"screen-reader-text\">Sessiz Mekan \u0130mamk\u00f6y Mezarl\u0131\u011f\u0131 Ruhlar\u0131na Fatiha<\/span><\/a><\/p>\n","protected":false},"author":1,"featured_media":0,"parent":0,"menu_order":0,"comment_status":"open","ping_status":"open","template":"","meta":{"footnotes":""},"class_list":["post-990","page","type-page","status-publish","hentry"],"_links":{"self":[{"href":"http:\/\/imamkoy.com\/index.php\/wp-json\/wp\/v2\/pages\/990","targetHints":{"allow":["GET"]}}],"collection":[{"href":"http:\/\/imamkoy.com\/index.php\/wp-json\/wp\/v2\/pages"}],"about":[{"href":"http:\/\/imamkoy.com\/index.php\/wp-json\/wp\/v2\/types\/page"}],"author":[{"embeddable":true,"href":"http:\/\/imamkoy.com\/index.php\/wp-json\/wp\/v2\/users\/1"}],"replies":[{"embeddable":true,"href":"http:\/\/imamkoy.com\/index.php\/wp-json\/wp\/v2\/comments?post=990"}],"version-history":[{"count":111,"href":"http:\/\/imamkoy.com\/index.php\/wp-json\/wp\/v2\/pages\/990\/revisions"}],"predecessor-version":[{"id":10055,"href":"http:\/\/imamkoy.com\/index.php\/wp-json\/wp\/v2\/pages\/990\/revisions\/10055"}],"wp:attachment":[{"href":"http:\/\/imamkoy.com\/index.php\/wp-json\/wp\/v2\/media?parent=990"}],"curies":[{"name":"wp","href":"https:\/\/api.w.org\/{rel}","templated":true}]}}